{"id":1748,"date":"2024-02-26T21:32:36","date_gmt":"2024-02-26T20:32:36","guid":{"rendered":"https:\/\/fatbike-de.com\/?page_id=1748"},"modified":"2024-02-26T21:32:38","modified_gmt":"2024-02-26T20:32:38","slug":"lieferung-und-verfugbarkeiten","status":"publish","type":"page","link":"https:\/\/fatbike-de.com\/index.php\/lieferung-und-verfugbarkeiten\/","title":{"rendered":"Lieferung und Verf\u00fcgbarkeiten"},"content":{"rendered":"\n<h2 class=\"wp-block-heading\"><strong>Lieferung, Versandunternehmen und Lieferzeiten<\/strong><\/h2>\n\n\n\n<h2 class=\"wp-block-heading\"><strong>Lieferung<\/strong><\/h2>\n\n\n\n<p>Online Fahrradwelt versendet mit Ausnahme von gesetzlichen Feiertagen von Montag bis Samstag. Wir versenden grunds\u00e4tzlich nur vollst\u00e4ndige Bestellungen. D.h. der Versand erfolgt in der Regel erst, wenn alle bestellten Artikel versandfertig sind. Wenn Sie eine Teillieferung w\u00fcnschen, dann nehmen Sie bitte Kontakt mit unserem Service-Team auf.<\/p>\n\n\n\n<p>Bei der Zahlungsart Vorkasse verl\u00e4ngert sich die Lieferzeit, da der Versand erst mit dem tats\u00e4chlichem Zahlungseingang beginnt.<\/p>\n\n\n\n<p>Die im Online Fahrradwelt Shop angegebene Lieferzeit ber\u00fccksichtigt die komplette Versandabwicklung sowie den Transport der Sendung zu der von Ihnen angegebenen Lieferanschrift, bei nicht lagernder Ware auch den f\u00fcr die Beschaffung der Ware erforderlichen Zeitraum. Die angegebene Lieferzeit bezieht sich auf das aktuell ausgew\u00e4hlte Lieferland. F\u00fcr Lieferungen ins Ausland w\u00e4hlen Sie bitte Ihr gew\u00fcnschtes Lieferland aus.<\/p>\n\n\n\n<h3 class=\"wp-block-heading\"><strong>Versandversprechen \u2013 garantierter Versandtag<\/strong><\/h3>\n\n\n\n<p>Werktags bis 15:00 Uhr bestellt, am selben Tag verschickt. Versprochen!<\/p>\n\n\n\n<p>Unser automatisiertes Warenlager macht\u2018s m\u00f6glich \u2013 alle Artikel mit diesem Symbol, die werktags von Montag bis Freitag jeweils bis 15:00 Uhr (MEZ) bestellt werden, versenden wir ohne Aufpreis noch am gleichen Tag! Die Zustellung erfolgt in der Regel bereits am darauf folgenden Werktag.<br>Werden die gekennzeichneten Artikel werktags nach 15:00 Uhr (MEZ), samstags, sonn- oder feiertags bestellt, ist die abgebildete Angabe zum Versandzeitpunkt zu beachten. Auch in diesen F\u00e4llen sorgen wir f\u00fcr einen beschleunigten Versand. Bestellungen mit Versandversprechen werden generell bevorzugt bearbeitet.<\/p>\n\n\n\n<p>Das Versandversprechen gilt nur f\u00fcr Bestellungen mit Lieferung nach Deutschland und nur wenn alle bestellten Produkte mit dem Symbol gekennzeichnet sind.<\/p>\n\n\n\n<h3 class=\"wp-block-heading\"><strong>Versandoption DHL Express \u2013 garantierter Zustelltag<\/strong><\/h3>\n\n\n\n<p>F\u00fcr alle mit diesem Symbol gekennzeichneten Artikel, die werktags von Montag bis Freitag jeweils bis 15:00 Uhr (MEZ) bestellt werden, bieten wir f\u00fcr ausgew\u00e4hlte Lieferl\u00e4nder die Versandoption DHL Express an. Die DHL Express Option ist grunds\u00e4tzlich aufpreispflichtig. Diese kann im Rahmen des Bestellvorgangs ausgew\u00e4hlt werden, sofern alle Artikel im Warenkorb die Express-Option bieten und an die jeweilige Lieferadresse per DHL Express versendet werden kann.<\/p>\n\n\n\n<p>Wir geben die verbleibende Restzeit f\u00fcr den Eingang der Bestellung in Stunden und Minuten genau an. Die Zustellung erfolgt innerhalb der EU in der Regel am n\u00e4chsten Werktag. Es k\u00f6nnen sich in Abh\u00e4ngigkeit von der Postleitzahl der Lieferadresse l\u00e4ngere Paketlaufzeiten ergeben. Sobald die Postleitzahl angegeben ist, wird die exakte Paketlaufzeit f\u00fcr diese Lieferadresse berechnet. Bei Anmeldung \u00fcber den Account, verwenden wir die Postleitzahl der Standard-Lieferadresse zur Berechnung der DHL Express Paketlaufzeit.<\/p>\n\n\n\n<p>Die DHL-Express Option steht aktuell nicht f\u00fcr den Versand innerhalb Deutschlands zur Verf\u00fcgung.<\/p>\n\n\n\n<h3 class=\"wp-block-heading\"><strong>Versandunternehmen<\/strong><\/h3>\n\n\n\n<p>Ihre Bestellungen werden abh\u00e4ngig vom jeweiligen Lieferland bzw. abh\u00e4ngig von der Paketgr\u00f6\u00dfe oder dem Gewicht grunds\u00e4tzlich mit Deutsche Post DHL, DPD, Hermes oder GLS versendet. F\u00fcr Sendungen innerhalb Deutschlands an private Endverbraucher nutzt Online Fahrradwelt bevorzugt die Deutsche Post DHL oder Hermes. Sperrgut-Lieferungen, wie beispielsweise komplette Fahrr\u00e4der, werden mit ausgew\u00e4hlten Speditionen versendet.<\/p>\n\n\n\n<p>F\u00fcr R\u00fccksendungen nutzen wir prim\u00e4r Deutsche Post DHL sowie Hermes. Gro\u00dfe Sperrg\u00fcter wie Fahrr\u00e4der lassen wir grunds\u00e4tzlich per Spedition bei Ihnen abholen.<\/p>\n\n\n\n<h3 class=\"wp-block-heading\"><strong>Packstationen<\/strong><\/h3>\n\n\n\n<p>Auf Wunsch verschicken wir Ihre Bestellung gern an eine der zahlreichen Deutsche Post DHL Packstationen. Falls Sie noch nicht als Packstation-Kunde registriert sind, m\u00fcssen Sie sich zuvor einmalig online unter www.dhl.de anmelden. Bitte geben Sie bei Versand an eine Packstation in der Bestellung immer die DHL-PostNummer an.<\/p>\n\n\n\n<h3 class=\"wp-block-heading\"><strong>Transportsch\u00e4den<\/strong><\/h3>\n\n\n\n<p>Sollten Sie eine Sendung in besch\u00e4digtem Zustand erhalten, dann lehnen Sie \u2013 sofern m\u00f6glich \u2013 die Annahme der Sendung ab und nehmen Sie bitte Kontakt mit unserem Service-Team auf.<\/p>\n\n\n\n<h3 class=\"wp-block-heading\"><strong>\u00c4nderungsw\u00fcnsche \/ Zusammenfassen von Bestellungen<\/strong><\/h3>\n\n\n\n<p>Das Online Fahrradwelt Service-Team wird Ihre \u00c4nderungsw\u00fcnsche erf\u00fcllen, sofern diese realisierbar sind. Die nachtr\u00e4gliche \u00c4nderung Ihrer Bestellung bzw. ein Zusammenfassen mehrerer Bestellungen ist bis zum Beginn des eigentlichen Versandprozesses m\u00f6glich. Wenn Sie innerhalb kurzer Zeit mehrere Bestellungen bei Online Fahrradwelt t\u00e4tigen, werden wir diese Bestellungen nur auf ausdr\u00fccklichen Wunsch zusammenfassen. Wir bearbeiten grunds\u00e4tzlich jede Bestellung separat.<\/p>\n","protected":false},"excerpt":{"rendered":"<p>Lieferung, Versandunternehmen und Lieferzeiten Lieferung Online Fahrradwelt versendet mit Ausnahme von gesetzlichen Feiertagen von Montag bis Samstag. Wir versenden grunds\u00e4tzlich nur vollst\u00e4ndige Bestellungen. D.h. der Versand erfolgt in der Regel erst, wenn alle bestellten Artikel versandfertig sind. Wenn Sie eine Teillieferung w\u00fcnschen, dann nehmen Sie bitte Kontakt mit unserem Service-Team auf. Bei der Zahlungsart Vorkasse verl\u00e4ngert sich die Lieferzeit, da\u2026<\/p>\n","protected":false},"author":1,"featured_media":0,"parent":0,"menu_order":0,"comment_status":"closed","ping_status":"closed","template":"","meta":{"footnotes":""},"class_list":["post-1748","page","type-page","status-publish","hentry"],"_links":{"self":[{"href":"https:\/\/fatbike-de.com\/index.php\/wp-json\/wp\/v2\/pages\/1748","targetHints":{"allow":["GET"]}}],"collection":[{"href":"https:\/\/fatbike-de.com\/index.php\/wp-json\/wp\/v2\/pages"}],"about":[{"href":"https:\/\/fatbike-de.com\/index.php\/wp-json\/wp\/v2\/types\/page"}],"author":[{"embeddable":true,"href":"https:\/\/fatbike-de.com\/index.php\/wp-json\/wp\/v2\/users\/1"}],"replies":[{"embeddable":true,"href":"https:\/\/fatbike-de.com\/index.php\/wp-json\/wp\/v2\/comments?post=1748"}],"version-history":[{"count":0,"href":"https:\/\/fatbike-de.com\/index.php\/wp-json\/wp\/v2\/pages\/1748\/revisions"}],"wp:attachment":[{"href":"https:\/\/fatbike-de.com\/index.php\/wp-json\/wp\/v2\/media?parent=1748"}],"curies":[{"name":"wp","href":"https:\/\/api.w.org\/{rel}","templated":true}]}}