{"id":10264,"date":"2024-02-27T14:50:26","date_gmt":"2024-02-27T13:50:26","guid":{"rendered":"https:\/\/fatbike-de.com\/?post_type=product&#038;p=10264"},"modified":"2024-02-27T14:51:09","modified_gmt":"2024-02-27T13:51:09","slug":"giant-revolt-advanced-2-starry-night-2022","status":"publish","type":"product","link":"https:\/\/fatbike-de.com\/index.php\/product\/giant-revolt-advanced-2-starry-night-2022\/","title":{"rendered":"Giant Revolt Advanced 2 starry night 2022"},"content":{"rendered":"<h3>Giant Revolt Advanced\u00a02 &#8211; Passt sich jedem Terrain an<\/h3>\n<p>Mit einem Gravelbike wie dem Revolt Advanced\u00a02 wird dir garantiert nie langweilig. Es gibt dir jeden Tag die M\u00f6glichkeit, neue Wege abseits des Asphalts entdecken und die Natur zu sp\u00fcren. Oder deine <a href=\"http:\/\/1-1\">Grenzen<\/a> im Training und auf Wettk\u00e4mpfen auszuloten.<\/p>\n<p>Denn daf\u00fcr ist das Revolt pr\u00e4destiniert. Schlie\u00dflich wurden auf dieser Maschine bereits Podiumspl\u00e4tze bei Gravel-Events wie dem Grinduro oder der Gravel Worlds Challenge erobert. Das neue Revolt Advanced\u00a02 basiert auf dem bew\u00e4hrten Giant Advanced Carbon Rahmen, dessen Geometrie f\u00fcr den Gravel-Einsatz optimiert wurde.<\/p>\n<p>Der tief ansetzende Hinterbau sorgt in Verbindung mit der Carbon Sattelst\u00fctze f\u00fcr sp\u00fcrbare D\u00e4mpfung am Heck. Volumin\u00f6se Reifen sind das A und O wenn es um Fahrkomfort geht. Deshalb lassen sich am Revolt Advanced\u00a02 bis zu 45 Millimeter breite Reifen montieren. Bikepacker freuen sich \u00fcber das intelligente SMS-System zur Montage von Gep\u00e4cktr\u00e4ger und weiterem Zubeh\u00f6r.<\/p>\n<h3>Giant Advanced Rahmen &#8211; Die Nummer Eins in Sachen Carbon<\/h3>\n<p>Giant Carbon Rahmen z\u00e4hlen zu den modernsten Kohlefaser-Fahrwerken auf dem Markt. Rund 25 Jahre Erfahrung sprechen f\u00fcr sich. Sie sind vielfache Testsieger in Punkto Steifigkeit, Haltbarkeit und Komfort.<\/p>\n<p>Damit du lange Freude an deinem Revolt Advanced\u00a02 hast, sorgt der X-Defender am Unterrohr f\u00fcr Schutz gegen Steinschlag. Die Ausstattung dieser Gravelmaschine ist ebenfalls vom Feinsten: Eine l\u00fcckenlose misch aus Shimano GRX RX600 u. 810\u00a0Gruppe inklusive leistungsstarker Hydraulik-Scheibenbremsen.<\/p>\n<p>Denn Mogelpackungen gibt es bei Giant nicht. Die Shimano GRX Komponenten wurden speziell f\u00fcr den Einsatz an Gravelbikes entwickelt. Schaltung und Bremsen bieten selbst unter extremen Bedingungen eine reibungslose Performance. Schlie\u00dflich geh\u00f6ren bei einer Graveltour Staub, Matsch und Abenteuer dazu.<\/p>\n<h3>Highlights<\/h3>\n<ul>\n<li>Giant Advanced Carbon Rahmen mit Carbon Gabel<\/li>\n<li>Mischung aus GRX RX600 u. 810\u00a0Komponentengruppe<\/li>\n<li>2&#215;11 Schaltung und hydraulische Scheibenbremsen<\/li>\n<li>Ultraleichter Giant Carbon-Laufradsatz, Tubeless-Ready<\/li>\n<\/ul>\n<div class=\"tw-text-center\" data-v-2a2d1a6f=\"\">\n<h2 class=\"tw-text-2xl tw-font-extrabold tw-tracking-tight tw-text-gray-900\" data-v-2a2d1a6f=\"\">Zusatzinformation<\/h2>\n<\/p><\/div>\n<div class=\"tw-my-6 tw-mx-auto tw-max-w-prose\" data-v-2a2d1a6f=\"\">\n<table data-v-2a2d1a6f=\"\">\n<colgroup data-v-2a2d1a6f=\"\">\n<col width=\"28%\" data-v-2a2d1a6f=\"\" \/>\n<col data-v-2a2d1a6f=\"\" \/><\/colgroup>\n<tbody data-v-2a2d1a6f=\"\">\n<tr class=\"tw-border-b tw-border-gray-200\" data-v-2a2d1a6f=\"\">\n<th class=\"tw-text-left tw-text-base tw-font-bold tw-pt-3 sm:tw-py-3 tw-block tw-px-0 sm:tw-table-cell\">Fahrradtyp<\/th>\n<td class=\"tw-pt-1 tw-pb-3 tw-px-0 sm:tw-py-3 sm:tw-pl-6 tw-block sm:tw-table-cell\">Gravelbike<\/td>\n<\/tr>\n<tr class=\"tw-border-b tw-border-gray-200\" data-v-2a2d1a6f=\"\">\n<th class=\"tw-text-left tw-text-base tw-font-bold tw-pt-3 sm:tw-py-3 tw-block tw-px-0 sm:tw-table-cell\">EAN<\/th>\n<td class=\"tw-pt-1 tw-pb-3 tw-px-0 sm:tw-py-3 sm:tw-pl-6 tw-block sm:tw-table-cell\">4712878760677<\/td>\n<\/tr>\n<tr class=\"tw-border-b tw-border-gray-200\" data-v-2a2d1a6f=\"\">\n<th class=\"tw-text-left tw-text-base tw-font-bold tw-pt-3 sm:tw-py-3 tw-block tw-px-0 sm:tw-table-cell\">Hersteller<\/th>\n<td class=\"tw-pt-1 tw-pb-3 tw-px-0 sm:tw-py-3 sm:tw-pl-6 tw-block sm:tw-table-cell\">Giant<\/td>\n<\/tr>\n<tr class=\"tw-border-b tw-border-gray-200\" data-v-2a2d1a6f=\"\">\n<th class=\"tw-text-left tw-text-base tw-font-bold tw-pt-3 sm:tw-py-3 tw-block tw-px-0 sm:tw-table-cell\">Farbe<\/th>\n<td class=\"tw-pt-1 tw-pb-3 tw-px-0 sm:tw-py-3 sm:tw-pl-6 tw-block sm:tw-table-cell\">starry night<\/td>\n<\/tr>\n<tr class=\"tw-border-b tw-border-gray-200\" data-v-2a2d1a6f=\"\">\n<th class=\"tw-text-left tw-text-base tw-font-bold tw-pt-3 sm:tw-py-3 tw-block tw-px-0 sm:tw-table-cell\">Modelljahr<\/th>\n<td class=\"tw-pt-1 tw-pb-3 tw-px-0 sm:tw-py-3 sm:tw-pl-6 tw-block sm:tw-table-cell\">2022<\/td>\n<\/tr>\n<tr class=\"tw-border-b tw-border-gray-200\" data-v-2a2d1a6f=\"\">\n<th class=\"tw-text-left tw-text-base tw-font-bold tw-pt-3 sm:tw-py-3 tw-block tw-px-0 sm:tw-table-cell\">Reifengr\u00f6\u00dfe<\/th>\n<td class=\"tw-pt-1 tw-pb-3 tw-px-0 sm:tw-py-3 sm:tw-pl-6 tw-block sm:tw-table-cell\">28&#8220;<\/td>\n<\/tr>\n<tr class=\"tw-border-b tw-border-gray-200\" data-v-2a2d1a6f=\"\">\n<th class=\"tw-text-left tw-text-base tw-font-bold tw-pt-3 sm:tw-py-3 tw-block tw-px-0 sm:tw-table-cell\">Rahmen<\/th>\n<td class=\"tw-pt-1 tw-pb-3 tw-px-0 sm:tw-py-3 sm:tw-pl-6 tw-block sm:tw-table-cell\">Advanced Carbon Rahmen, Flip Chip Ausfallende, 12&#215;142 mm<\/td>\n<\/tr>\n<tr class=\"tw-border-b tw-border-gray-200\" data-v-2a2d1a6f=\"\">\n<th class=\"tw-text-left tw-text-base tw-font-bold tw-pt-3 sm:tw-py-3 tw-block tw-px-0 sm:tw-table-cell\">Rahmenform<\/th>\n<td class=\"tw-pt-1 tw-pb-3 tw-px-0 sm:tw-py-3 sm:tw-pl-6 tw-block sm:tw-table-cell\">Diamant \/ klassisch<\/td>\n<\/tr>\n<tr class=\"tw-border-b tw-border-gray-200\" data-v-2a2d1a6f=\"\">\n<th class=\"tw-text-left tw-text-base tw-font-bold tw-pt-3 sm:tw-py-3 tw-block tw-px-0 sm:tw-table-cell\">Gabel<\/th>\n<td class=\"tw-pt-1 tw-pb-3 tw-px-0 sm:tw-py-3 sm:tw-pl-6 tw-block sm:tw-table-cell\">Advanced Vollcarbon Gabel, OD1 Gabelschaft, 12&#215;100 mm<\/td>\n<\/tr>\n<tr class=\"tw-border-b tw-border-gray-200\" data-v-2a2d1a6f=\"\">\n<th class=\"tw-text-left tw-text-base tw-font-bold tw-pt-3 sm:tw-py-3 tw-block tw-px-0 sm:tw-table-cell\">Anpassung &#8211; nur in Filiale<\/th>\n<td class=\"tw-pt-1 tw-pb-3 tw-px-0 sm:tw-py-3 sm:tw-pl-6 tw-block sm:tw-table-cell\">Anpassen der optimalen Sitzposition entsprechend deiner Anatomie<\/td>\n<\/tr>\n<tr class=\"tw-border-b tw-border-gray-200\" data-v-2a2d1a6f=\"\">\n<th class=\"tw-text-left tw-text-base tw-font-bold tw-pt-3 sm:tw-py-3 tw-block tw-px-0 sm:tw-table-cell\">Felgen<\/th>\n<td class=\"tw-pt-1 tw-pb-3 tw-px-0 sm:tw-py-3 sm:tw-pl-6 tw-block sm:tw-table-cell\">GIANT P-X2 Disc, Tubeless Ready<\/td>\n<\/tr>\n<tr class=\"tw-border-b tw-border-gray-200\" data-v-2a2d1a6f=\"\">\n<th class=\"tw-text-left tw-text-base tw-font-bold tw-pt-3 sm:tw-py-3 tw-block tw-px-0 sm:tw-table-cell\">Naben<\/th>\n<td class=\"tw-pt-1 tw-pb-3 tw-px-0 sm:tw-py-3 sm:tw-pl-6 tw-block sm:tw-table-cell\">GIANT P-X2 Disc<\/td>\n<\/tr>\n<tr class=\"tw-border-b tw-border-gray-200\" data-v-2a2d1a6f=\"\">\n<th class=\"tw-text-left tw-text-base tw-font-bold tw-pt-3 sm:tw-py-3 tw-block tw-px-0 sm:tw-table-cell\">Reifen<\/th>\n<td class=\"tw-pt-1 tw-pb-3 tw-px-0 sm:tw-py-3 sm:tw-pl-6 tw-block sm:tw-table-cell\">GIANT CrossCut AT1, 700x38c, Tubeless Ready, 60 TPI<\/td>\n<\/tr>\n<tr class=\"tw-border-b tw-border-gray-200\" data-v-2a2d1a6f=\"\">\n<th class=\"tw-text-left tw-text-base tw-font-bold tw-pt-3 sm:tw-py-3 tw-block tw-px-0 sm:tw-table-cell\">Schalthebel<\/th>\n<td class=\"tw-pt-1 tw-pb-3 tw-px-0 sm:tw-py-3 sm:tw-pl-6 tw-block sm:tw-table-cell\">Shimano GRX RX-600, 2-fach<\/td>\n<\/tr>\n<tr class=\"tw-border-b tw-border-gray-200\" data-v-2a2d1a6f=\"\">\n<th class=\"tw-text-left tw-text-base tw-font-bold tw-pt-3 sm:tw-py-3 tw-block tw-px-0 sm:tw-table-cell\">Umwerfer<\/th>\n<td class=\"tw-pt-1 tw-pb-3 tw-px-0 sm:tw-py-3 sm:tw-pl-6 tw-block sm:tw-table-cell\">Shimano GRX RX-810<\/td>\n<\/tr>\n<tr class=\"tw-border-b tw-border-gray-200\" data-v-2a2d1a6f=\"\">\n<th class=\"tw-text-left tw-text-base tw-font-bold tw-pt-3 sm:tw-py-3 tw-block tw-px-0 sm:tw-table-cell\">Schaltwerk<\/th>\n<td class=\"tw-pt-1 tw-pb-3 tw-px-0 sm:tw-py-3 sm:tw-pl-6 tw-block sm:tw-table-cell\">Shimano GRX RX-810, 11-fach<\/td>\n<\/tr>\n<tr class=\"tw-border-b tw-border-gray-200\" data-v-2a2d1a6f=\"\">\n<th class=\"tw-text-left tw-text-base tw-font-bold tw-pt-3 sm:tw-py-3 tw-block tw-px-0 sm:tw-table-cell\">Kurbel<\/th>\n<td class=\"tw-pt-1 tw-pb-3 tw-px-0 sm:tw-py-3 sm:tw-pl-6 tw-block sm:tw-table-cell\">FSA Omega Adventure, 48\/32T Kettenbl\u00e4tter<\/td>\n<\/tr>\n<tr class=\"tw-border-b tw-border-gray-200\" data-v-2a2d1a6f=\"\">\n<th class=\"tw-text-left tw-text-base tw-font-bold tw-pt-3 sm:tw-py-3 tw-block tw-px-0 sm:tw-table-cell\">Kassette<\/th>\n<td class=\"tw-pt-1 tw-pb-3 tw-px-0 sm:tw-py-3 sm:tw-pl-6 tw-block sm:tw-table-cell\">Shimano 105, 11-34T<\/td>\n<\/tr>\n<tr class=\"tw-border-b tw-border-gray-200\" data-v-2a2d1a6f=\"\">\n<th class=\"tw-text-left tw-text-base tw-font-bold tw-pt-3 sm:tw-py-3 tw-block tw-px-0 sm:tw-table-cell\">Kettenbl\u00e4tter<\/th>\n<td class=\"tw-pt-1 tw-pb-3 tw-px-0 sm:tw-py-3 sm:tw-pl-6 tw-block sm:tw-table-cell\">48\/32T<\/td>\n<\/tr>\n<tr class=\"tw-border-b tw-border-gray-200\" data-v-2a2d1a6f=\"\">\n<th class=\"tw-text-left tw-text-base tw-font-bold tw-pt-3 sm:tw-py-3 tw-block tw-px-0 sm:tw-table-cell\">Kette<\/th>\n<td class=\"tw-pt-1 tw-pb-3 tw-px-0 sm:tw-py-3 sm:tw-pl-6 tw-block sm:tw-table-cell\">KMC X11EL-1<\/td>\n<\/tr>\n<tr class=\"tw-border-b tw-border-gray-200\" data-v-2a2d1a6f=\"\">\n<th class=\"tw-text-left tw-text-base tw-font-bold tw-pt-3 sm:tw-py-3 tw-block tw-px-0 sm:tw-table-cell\">Bremse<\/th>\n<td class=\"tw-pt-1 tw-pb-3 tw-px-0 sm:tw-py-3 sm:tw-pl-6 tw-block sm:tw-table-cell\">Shimano BR-RX400 HRD, 160mm<\/td>\n<\/tr>\n<tr class=\"tw-border-b tw-border-gray-200\" data-v-2a2d1a6f=\"\">\n<th class=\"tw-text-left tw-text-base tw-font-bold tw-pt-3 sm:tw-py-3 tw-block tw-px-0 sm:tw-table-cell\">Bremshebel<\/th>\n<td class=\"tw-pt-1 tw-pb-3 tw-px-0 sm:tw-py-3 sm:tw-pl-6 tw-block sm:tw-table-cell\">Shimano GRX RX-600 HRD<\/td>\n<\/tr>\n<tr class=\"tw-border-b tw-border-gray-200\" data-v-2a2d1a6f=\"\">\n<th class=\"tw-text-left tw-text-base tw-font-bold tw-pt-3 sm:tw-py-3 tw-block tw-px-0 sm:tw-table-cell\">Lenker<\/th>\n<td class=\"tw-pt-1 tw-pb-3 tw-px-0 sm:tw-py-3 sm:tw-pl-6 tw-block sm:tw-table-cell\">GIANT Contact XR D-Fuse<\/td>\n<\/tr>\n<tr class=\"tw-border-b tw-border-gray-200\" data-v-2a2d1a6f=\"\">\n<th class=\"tw-text-left tw-text-base tw-font-bold tw-pt-3 sm:tw-py-3 tw-block tw-px-0 sm:tw-table-cell\">Griffe<\/th>\n<td class=\"tw-pt-1 tw-pb-3 tw-px-0 sm:tw-py-3 sm:tw-pl-6 tw-block sm:tw-table-cell\">GIANT Stratus Lite 3.0<\/td>\n<\/tr>\n<tr class=\"tw-border-b tw-border-gray-200\" data-v-2a2d1a6f=\"\">\n<th class=\"tw-text-left tw-text-base tw-font-bold tw-pt-3 sm:tw-py-3 tw-block tw-px-0 sm:tw-table-cell\">Vorbau<\/th>\n<td class=\"tw-pt-1 tw-pb-3 tw-px-0 sm:tw-py-3 sm:tw-pl-6 tw-block sm:tw-table-cell\">GIANT Contact<\/td>\n<\/tr>\n<tr class=\"tw-border-b tw-border-gray-200\" data-v-2a2d1a6f=\"\">\n<th class=\"tw-text-left tw-text-base tw-font-bold tw-pt-3 sm:tw-py-3 tw-block tw-px-0 sm:tw-table-cell\">Sattel<\/th>\n<td class=\"tw-pt-1 tw-pb-3 tw-px-0 sm:tw-py-3 sm:tw-pl-6 tw-block sm:tw-table-cell\">GIANT Approach<\/td>\n<\/tr>\n<tr class=\"tw-border-b tw-border-gray-200\" data-v-2a2d1a6f=\"\">\n<th class=\"tw-text-left tw-text-base tw-font-bold tw-pt-3 sm:tw-py-3 tw-block tw-px-0 sm:tw-table-cell\">Sattelst\u00fctze<\/th>\n<td class=\"tw-pt-1 tw-pb-3 tw-px-0 sm:tw-py-3 sm:tw-pl-6 tw-block sm:tw-table-cell\">GIANT Contact D-Fuse mit 30.9 mm (auch Vario) St\u00fctzen kompatibel<\/td>\n<\/tr>\n<tr class=\"tw-border-b tw-border-gray-200\" data-v-2a2d1a6f=\"\">\n<th class=\"tw-text-left tw-text-base tw-font-bold tw-pt-3 sm:tw-py-3 tw-block tw-px-0 sm:tw-table-cell\">Anmerkung<\/th>\n<td class=\"tw-pt-1 tw-pb-3 tw-px-0 sm:tw-py-3 sm:tw-pl-6 tw-block sm:tw-table-cell\">Die Abbildung kann abweichen. Der Hersteller beh\u00e4lt es sich vor, bestimmte Komponenten durch qualitativ gleichwertige zu ersetzen<\/td>\n<\/tr>\n<\/tbody>\n<\/table><\/div>\n","protected":false},"excerpt":{"rendered":"<p>Giant Revolt Advanced\u00a02 &#8211; Passt sich jedem Terrain an Mit einem Gravelbike wie dem Revolt Advanced\u00a02 wird dir garantiert nie langweilig. Es gibt dir jeden Tag die M\u00f6glichkeit, neue Wege abseits des Asphalts entdecken und die Natur zu sp\u00fcren. Oder deine Grenzen im Training und auf Wettk\u00e4mpfen auszuloten. Denn daf\u00fcr ist das Revolt pr\u00e4destiniert. Schlie\u00dflich wurden auf dieser Maschine bereits\u2026<\/p>\n","protected":false},"featured_media":10268,"comment_status":"closed","ping_status":"closed","template":"","meta":[],"product_brand":[],"product_cat":[95,129,130],"product_tag":[],"class_list":{"0":"post-10264","1":"product","2":"type-product","3":"status-publish","4":"has-post-thumbnail","6":"product_cat-fahrrad","7":"product_cat-gravel-bikes","8":"product_cat-rennrad","10":"first","11":"instock","12":"sale","13":"shipping-taxable","14":"purchasable","15":"product-type-variable"},"_links":{"self":[{"href":"https:\/\/fatbike-de.com\/index.php\/wp-json\/wp\/v2\/product\/10264","targetHints":{"allow":["GET"]}}],"collection":[{"href":"https:\/\/fatbike-de.com\/index.php\/wp-json\/wp\/v2\/product"}],"about":[{"href":"https:\/\/fatbike-de.com\/index.php\/wp-json\/wp\/v2\/types\/product"}],"replies":[{"embeddable":true,"href":"https:\/\/fatbike-de.com\/index.php\/wp-json\/wp\/v2\/comments?post=10264"}],"wp:featuredmedia":[{"embeddable":true,"href":"https:\/\/fatbike-de.com\/index.php\/wp-json\/wp\/v2\/media\/10268"}],"wp:attachment":[{"href":"https:\/\/fatbike-de.com\/index.php\/wp-json\/wp\/v2\/media?parent=10264"}],"wp:term":[{"taxonomy":"product_brand","embeddable":true,"href":"https:\/\/fatbike-de.com\/index.php\/wp-json\/wp\/v2\/product_brand?post=10264"},{"taxonomy":"product_cat","embeddable":true,"href":"https:\/\/fatbike-de.com\/index.php\/wp-json\/wp\/v2\/product_cat?post=10264"},{"taxonomy":"product_tag","embeddable":true,"href":"https:\/\/fatbike-de.com\/index.php\/wp-json\/wp\/v2\/product_tag?post=10264"}],"curies":[{"name":"wp","href":"https:\/\/api.w.org\/{rel}","templated":true}]}}