{"id":10386,"date":"2024-02-27T14:52:13","date_gmt":"2024-02-27T13:52:13","guid":{"rendered":"https:\/\/fatbike-de.com\/?post_type=product&#038;p=10386"},"modified":"2024-02-27T14:53:10","modified_gmt":"2024-02-27T13:53:10","slug":"cube-agree-c62-race-fireorangenblack","status":"publish","type":"product","link":"https:\/\/fatbike-de.com\/index.php\/product\/cube-agree-c62-race-fireorangenblack\/","title":{"rendered":"Cube Agree C:62 Race fireorange\u00b4n\u00b4black"},"content":{"rendered":"<h2 class=\"content--title\"><strong>Cube<\/strong>\u00a0Agree C:62 Race fireorange\u00b4n\u00b4black<\/h2>\n<div class=\"product--description\">\n<p>Mit dem neuen Cube Agree C:62 Race pr\u00e4sentiert Cube ein Performance-Rennrad, mit dem eingefleischte Racer ihrer Leidenschaft fr\u00f6nen k\u00f6nnen. Geringes Gesamtgewicht trifft erstklassigen Fahrkomfort dank einem \u00e6rodynamischen Design, das auf die TT-Bikes von Cube verweist.<\/p>\n<hr \/>\n<p><a href=\"https:\/\/www.cube.eu\/360\/678210\" target=\"_blank\" rel=\"noopener\"><img decoding=\"async\" title=\"360\u00b0\" src=\"https:\/\/cd.bike-discount.de\/media\/image\/3a\/ee\/83\/360.png\" alt=\"\" width=\"40\" height=\"39\" data-mid=\"729769\" data-src=\"media\/image\/360.png\" \/>360\u00b0-Ansicht \u00f6ffnen<\/a><\/p>\n<hr \/>\n<p>Das Ergebnis ist der ultimative Allrounder, der durch seine leichten, explosiv beschleunigenden Fulcrum Racing 400 Laufr\u00e4der und dazu passenden, neuen hydraulischen Shimano Ultegra Scheibenbremsen pfeilschnell durch die Luft schneidet und kontrolliert abzubremsen ist. Als T\u00fcpfelchen auf dem i haben sie bei diesem Langstrecken-Racer die neue Shimano Ultegra Di2 2&#215;12-fach Schaltung verbaut, weil sie unschlagbar pr\u00e4zise arbeitet und zugleich einfach zu bedienen ist. Ready to race!<\/p>\n<hr \/>\n<h3>RAHMEN Cube Agree C:62 Race<\/h3>\n<p>Ab einer bestimmten Geschwindigkeit ist es nicht mehr am Fahrer, ob noch ein paar Millisekunden schneller drin sind, sondern am Bike. Deshalb hat Cube sich bei der Entwicklung des brandneuen Agree C:62 Chassis&#8216; von ihren Highend-Rennrad- und Zeitfahrrahmen inspirieren lassen. Das Ergebnis ist ebenso \u00e6rodynamisch wie \u00e4sthetisch ansprechend &#8211; ein Allround-Rahmen aus Carbon, den sie zugunsten von wenig Gesamtgewicht und hohem Fahrkomfort mit schlanken Sitzstreben und durchdacht geformten Rohrs\u00e4tzen feinabgestimmt haben. Au\u00dferdem sind die Schalt- und Bremsz\u00fcge semi-integriert, was das Handling optimiert und den Wartungsaufwand reduziert. Optional l\u00e4sst sich eine Rahmenbox montieren, in der Energieriegel oder Werkzeug Platz finden, falls die Tour doch mal l\u00e4nger dauert als geplant.<\/p>\n<h2>Ausstattung<\/h2>\n<div class=\"product--properties panel has--border\">\n<table class=\"product--properties-table\">\n<tbody>\n<tr class=\"product--properties-row row1\">\n<td class=\"product--properties-label is--bold\">Rahmen:<\/td>\n<td class=\"product--properties-value\">C:62\u00ae Advanced Twin Mold Technology, Internal Cable Routing, Integrated Seat Post Clamp, Flat Mount Disc, Storage Box Option, AXH, 12x142mm<\/td>\n<\/tr>\n<tr class=\"product--properties-row row2\">\n<td class=\"product--properties-label is--bold\">Rahmenmaterial:<\/td>\n<td class=\"product--properties-value\">Carbon<\/td>\n<\/tr>\n<tr class=\"product--properties-row row3\">\n<td class=\"product--properties-label is--bold\">Laufradgr\u00f6\u00dfe:<\/td>\n<td class=\"product--properties-value\">28&#8243;<\/td>\n<\/tr>\n<tr class=\"product--properties-row row4\">\n<td class=\"product--properties-label is--bold\">Farbe:<\/td>\n<td class=\"product--properties-value\">fireorange\u00b4n\u00b4black<\/td>\n<\/tr>\n<tr class=\"product--properties-row row5\">\n<td class=\"product--properties-label is--bold\">Gabel:<\/td>\n<td class=\"product--properties-value\">CUBE CSL Evo Aero C:62\u00ae Technology, 1 1\/8&#8243; &#8211; 1 1\/4&#8243; Tapered, Flat Mount, 12x100mm<\/td>\n<\/tr>\n<tr class=\"product--properties-row row6\">\n<td class=\"product--properties-label is--bold\">Bremsen:<\/td>\n<td class=\"product--properties-value\">Shimano Ultegra BR-R8170, Hydr. Disc Brake, Flat Mount<\/td>\n<\/tr>\n<tr class=\"product--properties-row row7\">\n<td class=\"product--properties-label is--bold\">Bremsscheiben:<\/td>\n<td class=\"product--properties-value\">160\/160 mm<\/td>\n<\/tr>\n<tr class=\"product--properties-row row8\">\n<td class=\"product--properties-label is--bold\">Steuersatz:<\/td>\n<td class=\"product--properties-value\">ACROS, Top Integrated 1 1\/2&#8243; w\/ Integrated Cable Routing, Bottom Integrated 1 1\/4&#8243;<\/td>\n<\/tr>\n<tr class=\"product--properties-row row9\">\n<td class=\"product--properties-label is--bold\">Vorbau:<\/td>\n<td class=\"product--properties-value\">CUBE Aero Stem w\/ Cable Routing<\/td>\n<\/tr>\n<tr class=\"product--properties-row row10\">\n<td class=\"product--properties-label is--bold\">Lenker:<\/td>\n<td class=\"product--properties-value\">Newmen Advanced Wing Bar, Carbon<\/td>\n<\/tr>\n<tr class=\"product--properties-row row11\">\n<td class=\"product--properties-label is--bold\">Griffe:<\/td>\n<td class=\"product--properties-value\">ACID Bartape RD<\/td>\n<\/tr>\n<tr class=\"product--properties-row row12\">\n<td class=\"product--properties-label is--bold\">Sattel:<\/td>\n<td class=\"product--properties-value\">Natural Fit Nuance<\/td>\n<\/tr>\n<tr class=\"product--properties-row row13\">\n<td class=\"product--properties-label is--bold\">Sattelst\u00fctze:<\/td>\n<td class=\"product--properties-value\">Agree C:62 Aero, Comfort Flex<\/td>\n<\/tr>\n<tr class=\"product--properties-row row14\">\n<td class=\"product--properties-label is--bold\">Sattelklemme:<\/td>\n<td class=\"product--properties-value\">CUBE Full Integrated Aero Clamp<\/td>\n<\/tr>\n<tr class=\"product--properties-row row15\">\n<td class=\"product--properties-label is--bold\">Kurbel:<\/td>\n<td class=\"product--properties-value\">Shimano Ultegra FC-R8100, Hollowtech II, 50x34T<\/td>\n<\/tr>\n<\/tbody>\n<\/table>\n<table class=\"product--properties-table\">\n<tbody>\n<tr class=\"product--properties-row row16\">\n<td class=\"product--properties-label is--bold\">Schaltwerk:<\/td>\n<td class=\"product--properties-value\">Shimano Ultegra Di2 RD-R8150-DGS. 12-Speed<\/td>\n<\/tr>\n<tr class=\"product--properties-row row17\">\n<td class=\"product--properties-label is--bold\">Schalthebel:<\/td>\n<td class=\"product--properties-value\">Shimano Ultegra Di2 ST-R8170<\/td>\n<\/tr>\n<tr class=\"product--properties-row row18\">\n<td class=\"product--properties-label is--bold\">Umwerfer:<\/td>\n<td class=\"product--properties-value\">Shimano Ultegra Di2 FD-R8150-F<\/td>\n<\/tr>\n<tr class=\"product--properties-row row19\">\n<td class=\"product--properties-label is--bold\">Kassette:<\/td>\n<td class=\"product--properties-value\">Shimano Ultegra CS-R8100, 11-34T<\/td>\n<\/tr>\n<tr class=\"product--properties-row row20\">\n<td class=\"product--properties-label is--bold\">Kette:<\/td>\n<td class=\"product--properties-value\">Shimano CN-M8100<\/td>\n<\/tr>\n<tr class=\"product--properties-row row21\">\n<td class=\"product--properties-label is--bold\">Reifen:<\/td>\n<td class=\"product--properties-value\">Conti Grand Sport Race SL, 28-622<\/td>\n<\/tr>\n<tr class=\"product--properties-row row22\">\n<td class=\"product--properties-label is--bold\">Laufradsatz:<\/td>\n<td class=\"product--properties-value\">Fulcrum Racing 400 DB<\/td>\n<\/tr>\n<tr class=\"product--properties-row row23\">\n<td class=\"product--properties-label is--bold\">Pedale:<\/td>\n<td class=\"product--properties-value\">nicht im Lieferumfang enthalten<\/td>\n<\/tr>\n<tr class=\"product--properties-row row24\">\n<td class=\"product--properties-label is--bold\">Zul\u00e4ssiges Gesamtgewicht:<\/td>\n<td class=\"product--properties-value\">115 kg (K\u00f6rpergewicht + Fahrrad + Ausr\u00fcstung)<\/td>\n<\/tr>\n<tr class=\"product--properties-row row25\">\n<td class=\"product--properties-label is--bold\">Gewicht Komplettrad:<\/td>\n<td class=\"product--properties-value\">ab 8,3 kg<\/td>\n<\/tr>\n<\/tbody>\n<\/table><\/div>\n<\/p><\/div>\n","protected":false},"excerpt":{"rendered":"<div class=\"tab-menu--product js--tab-menu\">\n<div class=\"tab--container-list\">\n<div class=\"tab--container description has--content is--active\">\n<div class=\"tab--content box-description\">\n<div class=\"content--description\">\n<div class=\"ean-box\"><label>Modelljahr: <span style=\"font-size: 16px\">2023<\/span><\/label><\/div>\n<\/p><\/div>\n<\/p><\/div>\n<\/p><\/div>\n<\/p><\/div>\n<\/p><\/div>\n<div id=\"detail--product-reviews\" class=\"content--product-reviews 123\"><\/div>\n","protected":false},"featured_media":10399,"comment_status":"closed","ping_status":"closed","template":"","meta":[],"product_brand":[],"product_cat":[95,130],"product_tag":[],"class_list":{"0":"post-10386","1":"product","2":"type-product","3":"status-publish","4":"has-post-thumbnail","6":"product_cat-fahrrad","7":"product_cat-rennrad","9":"first","10":"instock","11":"sale","12":"shipping-taxable","13":"purchasable","14":"product-type-variable"},"_links":{"self":[{"href":"https:\/\/fatbike-de.com\/index.php\/wp-json\/wp\/v2\/product\/10386","targetHints":{"allow":["GET"]}}],"collection":[{"href":"https:\/\/fatbike-de.com\/index.php\/wp-json\/wp\/v2\/product"}],"about":[{"href":"https:\/\/fatbike-de.com\/index.php\/wp-json\/wp\/v2\/types\/product"}],"replies":[{"embeddable":true,"href":"https:\/\/fatbike-de.com\/index.php\/wp-json\/wp\/v2\/comments?post=10386"}],"wp:featuredmedia":[{"embeddable":true,"href":"https:\/\/fatbike-de.com\/index.php\/wp-json\/wp\/v2\/media\/10399"}],"wp:attachment":[{"href":"https:\/\/fatbike-de.com\/index.php\/wp-json\/wp\/v2\/media?parent=10386"}],"wp:term":[{"taxonomy":"product_brand","embeddable":true,"href":"https:\/\/fatbike-de.com\/index.php\/wp-json\/wp\/v2\/product_brand?post=10386"},{"taxonomy":"product_cat","embeddable":true,"href":"https:\/\/fatbike-de.com\/index.php\/wp-json\/wp\/v2\/product_cat?post=10386"},{"taxonomy":"product_tag","embeddable":true,"href":"https:\/\/fatbike-de.com\/index.php\/wp-json\/wp\/v2\/product_tag?post=10386"}],"curies":[{"name":"wp","href":"https:\/\/api.w.org\/{rel}","templated":true}]}}