{"id":10418,"date":"2024-02-27T14:52:48","date_gmt":"2024-02-27T13:52:48","guid":{"rendered":"https:\/\/fatbike-de.com\/?post_type=product&#038;p=10418"},"modified":"2024-02-27T14:53:24","modified_gmt":"2024-02-27T13:53:24","slug":"radon-r1-disc-ultegra","status":"publish","type":"product","link":"https:\/\/fatbike-de.com\/index.php\/product\/radon-r1-disc-ultegra\/","title":{"rendered":"Radon\u00a0R1 Disc Ultegra"},"content":{"rendered":"<h2 class=\"content--title\"><strong>Radon<\/strong>\u00a0R1 Disc Ultegra<\/h2>\n<p class=\"product--description\">Unser Radon R1 DISC ULTEGRA steht auch in dieser Saison f\u00fcr kompromisslose Performance zum fairen Kurs.<\/p>\n<hr \/>\n<h3>Die Highlights des R1 Disc Ultegra<\/h3>\n<p>Hier findest Du eine lupenreine Shimano ULTEGRA Gruppe aus der R8000-Serie inklusive bissiger Hydraulik-Stopper. Die Zeiten hakelnder Schaltwechsel und hei\u00df laufender Bremsen geh\u00f6ren ab jetzt der Vergangenheit an! Mit 2&#215;11 G\u00e4ngen, einer Kompaktkurbel sowie der 11-34 Z\u00e4hne umfassenden Kassette bist Du f\u00fcr nahezu jedes Streckenprofil gewappnet und l\u00e4sst Deine Konkurrenz weit hinter Dir. F\u00fcr Komfort sorgt der zuverl\u00e4ssige Fulcrum Racing 900 DB Laufradsatz mit 19mm Maulweite, der mit den leicht rollenden und vor allem komfortablen Continental Grand Sport Race Reifen in der 28mm Ausf\u00fchrung best\u00fcckt ist. Abgerundet wird unser Topmodell mit dem beliebten LEVELNINE Cockpit sowie dem langstreckentauglichen Selle Italia SL Sattel. Die n\u00e4chste Ausfahrt geh\u00f6rt Dir!<\/p>\n<hr \/>\n<h3>Die R1 Familie<\/h3>\n<p>Der leistungsstarke und g\u00fcnstige Einstieg in die Rennradwelt lautet R1 Disc. Der Aluminium Leichtbaurahmen im Zusammenspiel mit der Vollcarbongabel verleiht Dir mit sportlicher Geometrie Sicherheit und das n\u00f6tige Durchzugsverm\u00f6gen auf Highspeed-Passagen und in steilen Anstiegen. Die Scheibenbremsen geben Dir Sicherheit in jeder Situation und lassen Dir die volle Konzentration auf die Sch\u00f6nheit der Landschaft. Egal ob entspannte Tour oder harter Trainingseinsatz mit den Kumpels, das R1 macht \u00fcberall eine gute Figur und ist Dir ein treuer Begleiter.<\/p>\n<hr \/>\n<h2>Ausstattung<\/h2>\n<div class=\"product--properties panel has--border\">\n<table class=\"product--properties-table\">\n<tbody>\n<tr class=\"product--properties-row row1\">\n<td class=\"product--properties-label is--bold\">Rahmen:<\/td>\n<td class=\"product--properties-value\">R1, Maximale Reifenbreite: 28mm, Schaltauge: #10240<\/td>\n<\/tr>\n<tr class=\"product--properties-row row2\">\n<td class=\"product--properties-label is--bold\">Rahmenmaterial:<\/td>\n<td class=\"product--properties-value\">Aluminium<\/td>\n<\/tr>\n<tr class=\"product--properties-row row3\">\n<td class=\"product--properties-label is--bold\">Laufradgr\u00f6\u00dfe:<\/td>\n<td class=\"product--properties-value\">28&#8243;<\/td>\n<\/tr>\n<tr class=\"product--properties-row row4\">\n<td class=\"product--properties-label is--bold\">Farbe:<\/td>\n<td class=\"product--properties-value\">stealthgrey \/ deepblack<\/td>\n<\/tr>\n<tr class=\"product--properties-row row5\">\n<td class=\"product--properties-label is--bold\">Gabel:<\/td>\n<td class=\"product--properties-value\">RADON R1 Disc Full Carbon<\/td>\n<\/tr>\n<tr class=\"product--properties-row row6\">\n<td class=\"product--properties-label is--bold\">Bremsen:<\/td>\n<td class=\"product--properties-value\">Shimano Ultegra BR-R8070, flat-mount<\/td>\n<\/tr>\n<tr class=\"product--properties-row row7\">\n<td class=\"product--properties-label is--bold\">Bremsscheiben:<\/td>\n<td class=\"product--properties-value\">Shimano SM-RT54S, 160\/160mm, center-lock<\/td>\n<\/tr>\n<tr class=\"product--properties-row row8\">\n<td class=\"product--properties-label is--bold\">Steuersatz:<\/td>\n<td class=\"product--properties-value\">VP, IS42\/IS52<\/td>\n<\/tr>\n<tr class=\"product--properties-row row9\">\n<td class=\"product--properties-label is--bold\">Vorbau:<\/td>\n<td class=\"product--properties-value\">LEVELNINE Race, \u00d831.8mm (50: 90mm, 53: 90mm, 56: 100mm, 58: 100mm, 60: 120mm, 63: 120mm)<\/td>\n<\/tr>\n<tr class=\"product--properties-row row10\">\n<td class=\"product--properties-label is--bold\">Lenker:<\/td>\n<td class=\"product--properties-value\">LEVELNINE Wing Race, \u00d831.8mm (50: 400mm, 53: 420mm, 56: 440mm, 58: 440mm, 60: 460mm, 63: 460mm)<\/td>\n<\/tr>\n<tr class=\"product--properties-row row11\">\n<td class=\"product--properties-label is--bold\">Sattel:<\/td>\n<td class=\"product--properties-value\">Selle Italia SL<\/td>\n<\/tr>\n<tr class=\"product--properties-row row12\">\n<td class=\"product--properties-label is--bold\">Sattelst\u00fctze:<\/td>\n<td class=\"product--properties-value\">LEVELNINE Race, 27.2 x 350mm<\/td>\n<\/tr>\n<tr class=\"product--properties-row row13\">\n<td class=\"product--properties-label is--bold\">Kurbel:<\/td>\n<td class=\"product--properties-value\">Shimano ULTEGRA FC-R8000, 50x34T (50: 170mm, 53: 172,5mm, 56: 172,5mm, 58: 175mm, 60: 175mm, 63: 175mm)<\/td>\n<\/tr>\n<tr class=\"product--properties-row row14\">\n<td class=\"product--properties-label is--bold\">Tretlager\/Innenlager:<\/td>\n<td class=\"product--properties-value\">Shimano ULTEGRA SM-BB71-41B, Pressfit<\/td>\n<\/tr>\n<tr class=\"product--properties-row row15\">\n<td class=\"product--properties-label is--bold\">Schaltwerk:<\/td>\n<td class=\"product--properties-value\">Shimano Ultegra RD-R8000-GS, 11-Speed<\/td>\n<\/tr>\n<\/tbody>\n<\/table>\n<table class=\"product--properties-table\">\n<tbody>\n<tr class=\"product--properties-row row16\">\n<td class=\"product--properties-label is--bold\">Schalthebel:<\/td>\n<td class=\"product--properties-value\">Shimano Ultegra ST-R8020, 2&#215;11<\/td>\n<\/tr>\n<tr class=\"product--properties-row row17\">\n<td class=\"product--properties-label is--bold\">Umwerfer:<\/td>\n<td class=\"product--properties-value\">Shimano ULTEGRA FD-R8000, clamp-on<\/td>\n<\/tr>\n<tr class=\"product--properties-row row18\">\n<td class=\"product--properties-label is--bold\">Kassette:<\/td>\n<td class=\"product--properties-value\">Shimano ULTEGRA CS-HG800, 11-34<\/td>\n<\/tr>\n<tr class=\"product--properties-row row19\">\n<td class=\"product--properties-label is--bold\">Kette:<\/td>\n<td class=\"product--properties-value\">Shimano Ultegra CN-HG701<\/td>\n<\/tr>\n<tr class=\"product--properties-row row20\">\n<td class=\"product--properties-label is--bold\">Reifen:<\/td>\n<td class=\"product--properties-value\">Continental Grand Sport Race, 28&#8243; x 28mm<\/td>\n<\/tr>\n<tr class=\"product--properties-row row21\">\n<td class=\"product--properties-label is--bold\">Laufradsatz:<\/td>\n<td class=\"product--properties-value\">Fulcrum Racing 900 DB, 19mm, 100\/142mm<\/td>\n<\/tr>\n<tr class=\"product--properties-row row22\">\n<td class=\"product--properties-label is--bold\">Pedale:<\/td>\n<td class=\"product--properties-value\">nicht im Lieferumfang enthalten<\/td>\n<\/tr>\n<tr class=\"product--properties-row row23\">\n<td class=\"product--properties-label is--bold\">Zul\u00e4ssiges Gesamtgewicht:<\/td>\n<td class=\"product--properties-value\">115 kg (K\u00f6rpergewicht + Fahrrad + Ausr\u00fcstung)<\/td>\n<\/tr>\n<tr class=\"product--properties-row row24\">\n<td class=\"product--properties-label is--bold\">Gewicht Komplettrad:<\/td>\n<td class=\"product--properties-value\">ab 8,90 kg<\/td>\n<\/tr>\n<\/tbody>\n<\/table><\/div>\n<hr \/>\n<p class=\"product--description\"><img fetchpriority=\"high\" decoding=\"async\" title=\"BikeSize R1\" src=\"https:\/\/cd.bike-discount.de\/media\/image\/a6\/69\/c2\/bikesize_rennrad_r1_white.jpg\" alt=\"\" width=\"640\" height=\"504\" data-mid=\"618199\" data-src=\"media\/image\/bikesize_rennrad_r1_white.jpg\" \/><\/p>\n<p>Mit Hilfe unserer Grafik wollen wir Dir eine Empfehlung bei der Suche nach Deiner richtigen Rahmengr\u00f6\u00dfe geben. Neben Schrittl\u00e4nge sowie K\u00f6rpergr\u00f6\u00dfe spielt nat\u00fcrlich auch Dein pers\u00f6nlicher Fahrstil, Einsatzbereich sowie Vorliebe eine gro\u00dfe Rolle. Wenn Du mit Deinen Angaben im Grenzbereich liegen solltest, kannst Du zwischen zwei Rahmenh\u00f6hen w\u00e4hlen: die kleinere Rahmengr\u00f6\u00dfe ist agiler\/wendiger\/verspielter, die n\u00e4chstgr\u00f6\u00dfere Rahmenh\u00f6he laufruhiger\/spurtreuer und hat im Uphill die Nase vorn.<\/p>\n<hr \/>\n","protected":false},"excerpt":{"rendered":"<div class=\"tab-menu--product js--tab-menu\">\n<div class=\"tab--container-list\">\n<div class=\"tab--container description has--content is--active\">\n<div class=\"tab--content box-description\">\n<div class=\"content--description\">\n<div class=\"ean-box\"><label>Modelljahr: <span style=\"font-size: 16px\">2022<\/span><\/label><\/div>\n<\/p><\/div>\n<\/p><\/div>\n<\/p><\/div>\n<\/p><\/div>\n<\/p><\/div>\n<p><a class=\"rating-link-info--box\" name=\"product--publish-comment\"><\/a><\/p>\n<div id=\"detail--product-reviews\" class=\"content--product-reviews 123\"><\/div>\n","protected":false},"featured_media":10423,"comment_status":"closed","ping_status":"closed","template":"","meta":[],"product_brand":[],"product_cat":[95,130],"product_tag":[],"class_list":{"0":"post-10418","1":"product","2":"type-product","3":"status-publish","4":"has-post-thumbnail","6":"product_cat-fahrrad","7":"product_cat-rennrad","9":"first","10":"instock","11":"sale","12":"shipping-taxable","13":"purchasable","14":"product-type-variable"},"_links":{"self":[{"href":"https:\/\/fatbike-de.com\/index.php\/wp-json\/wp\/v2\/product\/10418","targetHints":{"allow":["GET"]}}],"collection":[{"href":"https:\/\/fatbike-de.com\/index.php\/wp-json\/wp\/v2\/product"}],"about":[{"href":"https:\/\/fatbike-de.com\/index.php\/wp-json\/wp\/v2\/types\/product"}],"replies":[{"embeddable":true,"href":"https:\/\/fatbike-de.com\/index.php\/wp-json\/wp\/v2\/comments?post=10418"}],"wp:featuredmedia":[{"embeddable":true,"href":"https:\/\/fatbike-de.com\/index.php\/wp-json\/wp\/v2\/media\/10423"}],"wp:attachment":[{"href":"https:\/\/fatbike-de.com\/index.php\/wp-json\/wp\/v2\/media?parent=10418"}],"wp:term":[{"taxonomy":"product_brand","embeddable":true,"href":"https:\/\/fatbike-de.com\/index.php\/wp-json\/wp\/v2\/product_brand?post=10418"},{"taxonomy":"product_cat","embeddable":true,"href":"https:\/\/fatbike-de.com\/index.php\/wp-json\/wp\/v2\/product_cat?post=10418"},{"taxonomy":"product_tag","embeddable":true,"href":"https:\/\/fatbike-de.com\/index.php\/wp-json\/wp\/v2\/product_tag?post=10418"}],"curies":[{"name":"wp","href":"https:\/\/api.w.org\/{rel}","templated":true}]}}