{"id":10461,"date":"2024-02-27T14:53:25","date_gmt":"2024-02-27T13:53:25","guid":{"rendered":"https:\/\/fatbike-de.com\/?post_type=product&#038;p=10461"},"modified":"2024-02-27T14:53:51","modified_gmt":"2024-02-27T13:53:51","slug":"cervelo-caledonia-ultegra-di2","status":"publish","type":"product","link":"https:\/\/fatbike-de.com\/index.php\/product\/cervelo-caledonia-ultegra-di2\/","title":{"rendered":"Cerv\u00e9lo Caledonia Ultegra Di2"},"content":{"rendered":"<h2 class=\"content--title\"><strong>Cerv\u00e9lo<\/strong>\u00a0Caledonia Ultegra Di2<\/h2>\n<p>Das Caledonia von Cerv\u00e9lo ist das Rennrad f\u00fcr die richtig langen Ausfahrten. Beim hochwertigen und leichten Carbonrahmen wurde Wert auf Aerodynamik, Komfort und Haltbarkeit gelegt. Das Caledonia ist mit Shimanos elektronischer Cerv\u00e9lo Caledonia Ultegra Di2 Gruppe best\u00fcckt und somit bereit f\u00fcr jede Menge Spa\u00df. Irgendwo zwischen R-Serie und \u00c1spero angesiedelt ist es nicht nur f\u00fcr Strecken mit perfektem Belag ausgelegt, sondern f\u00e4hrt sich auch auf schlechten Wegen deutlich besser als ein herk\u00f6mmliches Rennrad.<\/p>\n<h2>Das moderne Rennrad f\u00fcr lange Ausfahrten und schlechte Wege: das Caledonia von Cerv\u00e9lo<\/h2>\n<p>Inspiriert wurde das Caledonia vom Cerv\u00e9lo R3 Mud, einem reinen Profirennrad, mit dem Johan Van Summeren beim Roubaix 2011 zum Sieg fuhr. Allerdings wurde es auf den modernen Rennradfahrer angepasst. Das Ergebnis ist ein schnelles und vielseitiges Bike, welches das gewisse Etwas bietet. Dazu der Platz f\u00fcr f\u00fcr 34 mm Reifen, die versteckten Schutzblechhalterungen und die f\u00fcr Roubaix ma\u00dfgeschneiderte Geometrie ergeben ein Rennrad, das schnell ist, Spa\u00df macht und f\u00fcr jede noch so lange Fahrt bereit ist, die du dir vorstellen kannst.<\/p>\n<hr \/>\n<h3>Features &#8211; Cerv\u00e9lo Caledonia Ultegra Di2<\/h3>\n<p><strong>Rennsport-Gene<\/strong><br \/> Wenn Cerv\u00e9lo ein Fahrrad entwirft, beginnen sie mit ihrer Bibliothek von Rohrformen. Diese Formen wurden bei anderen Modellen verwendet und weisen verschiedene Eigenschaften auf: aerodynamisch, steif, ultraleicht usw. So gelangen die Entwickler schneller zur Feinabstimmung des Rennrads. Im Fall des Caledonia sollte Haltbarkeit, geringes Gewicht und Aerodynamik im Gleichgewicht gehalten werden und so wurde ein Paket gew\u00e4hlt, welches die Leistungsanforderungen an diese Art von Rennrad erf\u00fcllt.<\/p>\n<p><strong>Inspirierend und raffiniert<\/strong><br \/> Das Caledonia nutzt einen runden Standard-Lenker, -Vorbau und -Sattelst\u00fctze, so dass du die M\u00f6glichkeit hast, das Rennrad auf deine Bed\u00fcrfnisse ohne Kompromisse zu modifizieren. Integrierte Zubeh\u00f6raufnahmen und versteckte Schutzblechhalterungen sorgen f\u00fcr eine elegante Linienf\u00fchrung des Fahrrads, so dass du auch bei str\u00f6mendem Regen mit Licht und Fahrradcomputer fahren und immer noch gut aussehen kannst. Denn wir alle wissen, wenn es schnell aussieht, ist es das wahrscheinlich auch.<\/p>\n<p><strong>Stabil, unbeschwert und souver\u00e4n<\/strong><br \/> Moderne Rennradfahrer suchen Fahrr\u00e4der f\u00fcr lange Strecken und hohe Geschwindigkeiten, nach Rennr\u00e4dern, die keine Grenzen kennen und maximalen Spa\u00df bieten. Durch Platzierung von Niedermodul-Carbon in Schl\u00fcsselbereichen wird die Spr\u00f6digkeit der Hochmodulfaser kompensiert und der Ramen dadurch besonders unanf\u00e4llig. Das Caledonia ist f\u00fcr die Art und Weise gemacht, wie wir es lieben zu fahren, und bietet genug Platz f\u00fcr 34-mm-Reifen oder 31-mm-Reifen mit Schutzblechen.<\/p>\n<p><strong>Abnehmbare Umwerferbefestigung<\/strong><br \/> Die anschraubbare Umwerferbefestigung wird aus h\u00f6chstfester Aluminiumlegierung hergestellt und mit zwei Senkschrauben am Rahmen befestigt. Dies erm\u00f6glicht das einfache Ersetzen bei Besch\u00e4digung und auch die Anpassung an zuk\u00fcnftige Standards. Der Umwerferbefestiger kann auch komplett entfernt werden, wenn du mit einem 1-fach-System fahren m\u00f6chtest.<\/p>\n<p><strong>Integrierte Zubeh\u00f6rhalterungen<\/strong><br \/> Integrierte Halterungen erm\u00f6glichen die Verwendung von Schutzblechen, Leuchten und Computern, ohne die Aerodynamik oder Struktur des Fahrrads zu beeintr\u00e4chtigen. Die eingebauten Halterungssysteme bieten eine einfache und sauber aussehende L\u00f6sung.<\/p>\n<h2>Ausstattung<\/h2>\n<div class=\"product--properties panel has--border\">\n<table class=\"product--properties-table\">\n<tbody>\n<tr class=\"product--properties-row row1\">\n<td class=\"product--properties-label is--bold\">Rahmen:<\/td>\n<td class=\"product--properties-value\">Cerv\u00e9lo Caledonia<\/td>\n<\/tr>\n<tr class=\"product--properties-row row2\">\n<td class=\"product--properties-label is--bold\">Rahmenmaterial:<\/td>\n<td class=\"product--properties-value\">Carbon<\/td>\n<\/tr>\n<tr class=\"product--properties-row row3\">\n<td class=\"product--properties-label is--bold\">Laufradgr\u00f6\u00dfe:<\/td>\n<td class=\"product--properties-value\">28&#8243;<\/td>\n<\/tr>\n<tr class=\"product--properties-row row4\">\n<td class=\"product--properties-label is--bold\">Farbe:<\/td>\n<td class=\"product--properties-value\">Five Black<\/td>\n<\/tr>\n<tr class=\"product--properties-row row5\">\n<td class=\"product--properties-label is--bold\">Gabel:<\/td>\n<td class=\"product--properties-value\">Cervelo All-Carbon, Tapered Caledonia-5 Fork<\/td>\n<\/tr>\n<tr class=\"product--properties-row row6\">\n<td class=\"product--properties-label is--bold\">Bremsen:<\/td>\n<td class=\"product--properties-value\">Shimano Ultegra 8170 Hydraulic Disc<\/td>\n<\/tr>\n<tr class=\"product--properties-row row7\">\n<td class=\"product--properties-label is--bold\">Bremsscheiben:<\/td>\n<td class=\"product--properties-value\">Shimano RT-MT800, 160 mm \/ 160 mm<\/td>\n<\/tr>\n<tr class=\"product--properties-row row8\">\n<td class=\"product--properties-label is--bold\">Steuersatz:<\/td>\n<td class=\"product--properties-value\">FSA IS2 1-1\/4 x 1-1\/2<\/td>\n<\/tr>\n<tr class=\"product--properties-row row9\">\n<td class=\"product--properties-label is--bold\">Vorbau:<\/td>\n<td class=\"product--properties-value\">Cervelo ST32 Alloy<\/td>\n<\/tr>\n<tr class=\"product--properties-row row10\">\n<td class=\"product--properties-label is--bold\">Lenker:<\/td>\n<td class=\"product--properties-value\">Cerv\u00e9lo HB13 Carbon<\/td>\n<\/tr>\n<tr class=\"product--properties-row row11\">\n<td class=\"product--properties-label is--bold\">Sattel:<\/td>\n<td class=\"product--properties-value\">Prologo Dimension TiRox<\/td>\n<\/tr>\n<tr class=\"product--properties-row row12\">\n<td class=\"product--properties-label is--bold\">Sattelst\u00fctze:<\/td>\n<td class=\"product--properties-value\">Cerv\u00e9lo SP24 Carbon<\/td>\n<\/tr>\n<tr class=\"product--properties-row row13\">\n<td class=\"product--properties-label is--bold\">Kurbel:<\/td>\n<td class=\"product--properties-value\">Shimano Ultegra 8100 52\/36<\/td>\n<\/tr>\n<tr class=\"product--properties-row row14\">\n<td class=\"product--properties-label is--bold\">Tretlager\/Innenlager:<\/td>\n<td class=\"product--properties-value\">JY-BB 24<\/td>\n<\/tr>\n<tr class=\"product--properties-row row15\">\n<td class=\"product--properties-label is--bold\">Schaltwerk:<\/td>\n<td class=\"product--properties-value\">Shimano Ultegra Di2 8150, 12 spd<\/td>\n<\/tr>\n<\/tbody>\n<\/table>\n<table class=\"product--properties-table\">\n<tbody>\n<tr class=\"product--properties-row row16\">\n<td class=\"product--properties-label is--bold\">Schalthebel:<\/td>\n<td class=\"product--properties-value\">Shimano Ultegra Di2 8170, 12 spd<\/td>\n<\/tr>\n<tr class=\"product--properties-row row17\">\n<td class=\"product--properties-label is--bold\">Umwerfer:<\/td>\n<td class=\"product--properties-value\">Shimano Ultegra Di2 8150, 12 spd<\/td>\n<\/tr>\n<tr class=\"product--properties-row row18\">\n<td class=\"product--properties-label is--bold\">Kassette:<\/td>\n<td class=\"product--properties-value\">Shimano Ultegra CS-R8100, 12 spd, 11-34<\/td>\n<\/tr>\n<tr class=\"product--properties-row row19\">\n<td class=\"product--properties-label is--bold\">Kette:<\/td>\n<td class=\"product--properties-value\">Shimano CN-M8100, 12 spd<\/td>\n<\/tr>\n<tr class=\"product--properties-row row20\">\n<td class=\"product--properties-label is--bold\">Reifen:<\/td>\n<td class=\"product--properties-value\">Vittoria Rubino Pro TLR G2.0 28c<\/td>\n<\/tr>\n<tr class=\"product--properties-row row21\">\n<td class=\"product--properties-label is--bold\">Laufradsatz:<\/td>\n<td class=\"product--properties-value\">New Reserve 40\/44mm DT370, 20h (F), 24h (R), 25.4mm IW (F), 25mm IW (R), Center-Lock, Tubeless Ready, Cervelo Indexed Thru-Axles w\/ Lever, 12&#215;100\/142<\/td>\n<\/tr>\n<tr class=\"product--properties-row row22\">\n<td class=\"product--properties-label is--bold\">Pedale:<\/td>\n<td class=\"product--properties-value\">nicht im Lieferumfang enthalten<\/td>\n<\/tr>\n<tr class=\"product--properties-row row23\">\n<td class=\"product--properties-label is--bold\">Sonstiges:<\/td>\n<td class=\"product--properties-value\">Cervelo Faceplate Front Computer\/Accessory Mount, Cervelo Rear Accessory Mount, Removeable Fender Mounts<\/td>\n<\/tr>\n<tr class=\"product--properties-row row24\">\n<td class=\"product--properties-label is--bold\">Zul\u00e4ssiges Gesamtgewicht:<\/td>\n<td class=\"product--properties-value\">100 kg (K\u00f6rpergewicht + Fahrrad + Ausr\u00fcstung)<\/td>\n<\/tr>\n<\/tbody>\n<\/table><\/div>\n<hr \/>\n<h3>Caledonia | For Your Big, Stupid Rides<\/h3>\n","protected":false},"excerpt":{"rendered":"<div class=\"tab-menu--product js--tab-menu\">\n<div class=\"tab--container-list\">\n<div class=\"tab--container description has--content is--active\">\n<div class=\"tab--content box-description\">\n<div class=\"content--description\">\n<div class=\"ean-box\"><label>Modelljahr: <span style=\"font-size: 16px\">2022<\/span><\/label><\/div>\n<\/p><\/div>\n<\/p><\/div>\n<\/p><\/div>\n<\/p><\/div>\n<\/p><\/div>\n<p><a class=\"rating-link-info--box\" name=\"product--publish-comment\"><\/a><\/p>\n<div id=\"detail--product-reviews\" class=\"content--product-reviews 123\"><\/div>\n","protected":false},"featured_media":10489,"comment_status":"closed","ping_status":"closed","template":"","meta":[],"product_brand":[],"product_cat":[95,129],"product_tag":[],"class_list":{"0":"post-10461","1":"product","2":"type-product","3":"status-publish","4":"has-post-thumbnail","6":"product_cat-fahrrad","7":"product_cat-gravel-bikes","9":"first","10":"instock","11":"sale","12":"shipping-taxable","13":"purchasable","14":"product-type-variable"},"_links":{"self":[{"href":"https:\/\/fatbike-de.com\/index.php\/wp-json\/wp\/v2\/product\/10461","targetHints":{"allow":["GET"]}}],"collection":[{"href":"https:\/\/fatbike-de.com\/index.php\/wp-json\/wp\/v2\/product"}],"about":[{"href":"https:\/\/fatbike-de.com\/index.php\/wp-json\/wp\/v2\/types\/product"}],"replies":[{"embeddable":true,"href":"https:\/\/fatbike-de.com\/index.php\/wp-json\/wp\/v2\/comments?post=10461"}],"wp:featuredmedia":[{"embeddable":true,"href":"https:\/\/fatbike-de.com\/index.php\/wp-json\/wp\/v2\/media\/10489"}],"wp:attachment":[{"href":"https:\/\/fatbike-de.com\/index.php\/wp-json\/wp\/v2\/media?parent=10461"}],"wp:term":[{"taxonomy":"product_brand","embeddable":true,"href":"https:\/\/fatbike-de.com\/index.php\/wp-json\/wp\/v2\/product_brand?post=10461"},{"taxonomy":"product_cat","embeddable":true,"href":"https:\/\/fatbike-de.com\/index.php\/wp-json\/wp\/v2\/product_cat?post=10461"},{"taxonomy":"product_tag","embeddable":true,"href":"https:\/\/fatbike-de.com\/index.php\/wp-json\/wp\/v2\/product_tag?post=10461"}],"curies":[{"name":"wp","href":"https:\/\/api.w.org\/{rel}","templated":true}]}}