{"id":10794,"date":"2024-02-27T14:57:15","date_gmt":"2024-02-27T13:57:15","guid":{"rendered":"https:\/\/fatbike-de.com\/?post_type=product&#038;p=10794"},"modified":"2024-02-27T14:57:33","modified_gmt":"2024-02-27T13:57:33","slug":"cube-attain-race-blacknwhite","status":"publish","type":"product","link":"https:\/\/fatbike-de.com\/index.php\/product\/cube-attain-race-blacknwhite\/","title":{"rendered":"Cube Attain Race black\u00b4n\u00b4white"},"content":{"rendered":"<h2 class=\"content--title\"><strong>Cube<\/strong>\u00a0Attain Race black\u00b4n\u00b4white<\/h2>\n<div class=\"product--description\">\n<p>Das Cube Attain Race vereint die Vorz\u00fcge eines schnellen Rennrads mit dem Komfort eines leichtgewichtigen Touring-Bikes. Schnell rollende und zugleich griffige faltbare Continental Ultra Sport Reifen auf CUBE Laufr\u00e4dern erm\u00f6glichen gemeinsam mit der Carbongabel und dem durchdachten Rahmendesign pfeilschnelle, komfortable Ausfahrten.<\/p>\n<hr \/>\n<p><a href=\"https:\/\/www.cube.eu\/360\/576300\" target=\"_blank\" rel=\"noopener\"><img decoding=\"async\" title=\"360\u00b0\" src=\"https:\/\/cd.bike-discount.de\/media\/image\/3a\/ee\/83\/360.png\" alt=\"\" width=\"40\" height=\"39\" data-mid=\"729769\" data-src=\"media\/image\/360.png\" \/>360\u00b0-Ansicht \u00f6ffnen<\/a><\/p>\n<hr \/>\n<p>Um die perfekte Abstimmung und pr\u00e4zise Schaltvorg\u00e4nge auf Fingerzeig vom Lenker aus k\u00fcmmert sich die Shimano Tiagra 2&#215;10-Schaltung, w\u00e4hrend die kraftvollen mechanischen Scheibenbremsen selbst dann souver\u00e4n ihre Arbeit machen, wenn es nass ist. Kurz gesagt: Mit diesem Bike ist die Horizonterweiterung garantiert!<\/p>\n<hr \/>\n<h3>RAHMEN Cube Attain Race black\u00b4n\u00b4white<\/h3>\n<p>Jeder sollte seinen Lieblingssport maximal genie\u00dfen k\u00f6nnen, deshalb haben wir bei der Konzeption des Attain Rahmens aus 6061er Aluminium (inklusive Aufnahmen f\u00fcr Scheibenbremsen) viel Wert auf Komfort und Performance gelegt. Durch die doppelt konifizierten Rohre wurde, wo m\u00f6glich, Gewicht eingespart, selbstverst\u00e4ndlich ohne Einbu\u00dfen in Sachen Stabilit\u00e4t und Steifigkeit. Das konische Steuerrohr und Steckachsen vorne und hinten sorgen f\u00fcr ein superpr\u00e4zises Lenkverhalten und maximale Kraft\u00fcbertragung. Au\u00dferdem reduzieren die schlanken Sitzstreben und die Vollcarbongabel etwaige Vibrationen vom Stra\u00dfenbelag und erh\u00f6hen so den Fahrkomfort sp\u00fcrbar. Mit unserem Smooth Welding Verfahren konnten wir die Rohrverbindungen zudem glatt und clean gestalten, was dem Chassis seinen edlen Look verleiht.<\/p>\n<h2>Ausstattung<\/h2>\n<div class=\"product--properties panel has--border\">\n<table class=\"product--properties-table\">\n<tbody>\n<tr class=\"product--properties-row row1\">\n<td class=\"product--properties-label is--bold\">Rahmen:<\/td>\n<td class=\"product--properties-value\">Aluminium 6061 T6 Superlite, Double Butted, Smooth Welded, 3D Flat Mount Disc Brake Dropouts, Road Comfort Geometry, Fender Option, 12x142mm<\/td>\n<\/tr>\n<tr class=\"product--properties-row row2\">\n<td class=\"product--properties-label is--bold\">Rahmenmaterial:<\/td>\n<td class=\"product--properties-value\">Aluminium<\/td>\n<\/tr>\n<tr class=\"product--properties-row row3\">\n<td class=\"product--properties-label is--bold\">Laufradgr\u00f6\u00dfe:<\/td>\n<td class=\"product--properties-value\">28&#8243;<\/td>\n<\/tr>\n<tr class=\"product--properties-row row4\">\n<td class=\"product--properties-label is--bold\">Farbe:<\/td>\n<td class=\"product--properties-value\">black\u00b4n\u00b4white<\/td>\n<\/tr>\n<tr class=\"product--properties-row row5\">\n<td class=\"product--properties-label is--bold\">Gabel:<\/td>\n<td class=\"product--properties-value\">CUBE CSL Race Disc, Full Carbon, 1 1\/8&#8243; &#8211; 1 1\/4&#8243; Tapered, Flat Mount, 12x100mm<\/td>\n<\/tr>\n<tr class=\"product--properties-row row6\">\n<td class=\"product--properties-label is--bold\">Bremsen:<\/td>\n<td class=\"product--properties-value\">TRP Spyre MD-C610C, Flat Mount (160\/160)<\/td>\n<\/tr>\n<tr class=\"product--properties-row row7\">\n<td class=\"product--properties-label is--bold\">Bremsscheiben:<\/td>\n<td class=\"product--properties-value\">160mm<\/td>\n<\/tr>\n<tr class=\"product--properties-row row8\">\n<td class=\"product--properties-label is--bold\">Steuersatz:<\/td>\n<td class=\"product--properties-value\">VP Z-t, Top Zero-Stack 1 1\/8&#8243; (OD 44mm), Bottom Integrated 1 1\/4&#8243;<\/td>\n<\/tr>\n<tr class=\"product--properties-row row9\">\n<td class=\"product--properties-label is--bold\">Vorbau:<\/td>\n<td class=\"product--properties-value\">CUBE Performance Stem SL, 31.8mm<\/td>\n<\/tr>\n<tr class=\"product--properties-row row10\">\n<td class=\"product--properties-label is--bold\">Lenker:<\/td>\n<td class=\"product--properties-value\">CUBE Compact Race Bar<\/td>\n<\/tr>\n<tr class=\"product--properties-row row11\">\n<td class=\"product--properties-label is--bold\">Griffe:<\/td>\n<td class=\"product--properties-value\">ACID Bartape RD<\/td>\n<\/tr>\n<tr class=\"product--properties-row row12\">\n<td class=\"product--properties-label is--bold\">Sattel:<\/td>\n<td class=\"product--properties-value\">Natural Fit Venec<\/td>\n<\/tr>\n<tr class=\"product--properties-row row13\">\n<td class=\"product--properties-label is--bold\">Sattelst\u00fctze:<\/td>\n<td class=\"product--properties-value\">CUBE Performance Post, 27.2mm<\/td>\n<\/tr>\n<tr class=\"product--properties-row row14\">\n<td class=\"product--properties-label is--bold\">Sattelklemme:<\/td>\n<td class=\"product--properties-value\">CUBE Screwlock, 31.8mm<\/td>\n<\/tr>\n<tr class=\"product--properties-row row15\">\n<td class=\"product--properties-label is--bold\">Kurbel:<\/td>\n<td class=\"product--properties-value\">Shimano Tiagra FC-4700, 50x34T<\/td>\n<\/tr>\n<\/tbody>\n<\/table>\n<table class=\"product--properties-table\">\n<tbody>\n<tr class=\"product--properties-row row16\">\n<td class=\"product--properties-label is--bold\">Schaltwerk:<\/td>\n<td class=\"product--properties-value\">Shimano Tiagra RD-4700GS, 10-Speed<\/td>\n<\/tr>\n<tr class=\"product--properties-row row17\">\n<td class=\"product--properties-label is--bold\">Schalthebel:<\/td>\n<td class=\"product--properties-value\">Shimano Tiagra ST-4700<\/td>\n<\/tr>\n<tr class=\"product--properties-row row18\">\n<td class=\"product--properties-label is--bold\">Umwerfer:<\/td>\n<td class=\"product--properties-value\">Shimano Tiagra FD-4700, 31.8mm Clamp<\/td>\n<\/tr>\n<tr class=\"product--properties-row row19\">\n<td class=\"product--properties-label is--bold\">Kassette:<\/td>\n<td class=\"product--properties-value\">Shimano CS-HG500, 11-34T<\/td>\n<\/tr>\n<tr class=\"product--properties-row row20\">\n<td class=\"product--properties-label is--bold\">Kette:<\/td>\n<td class=\"product--properties-value\">KMC X10<\/td>\n<\/tr>\n<tr class=\"product--properties-row row21\">\n<td class=\"product--properties-label is--bold\">Reifen:<\/td>\n<td class=\"product--properties-value\">Conti Ultra Sport 3 SL, Kevlar, 28-622<\/td>\n<\/tr>\n<tr class=\"product--properties-row row22\">\n<td class=\"product--properties-label is--bold\">Laufradsatz:<\/td>\n<td class=\"product--properties-value\">CUBE RA 1.9 Aero Disc, 12x100mm \/ 12x142mm<\/td>\n<\/tr>\n<tr class=\"product--properties-row row23\">\n<td class=\"product--properties-label is--bold\">Pedale:<\/td>\n<td class=\"product--properties-value\">nicht im Lieferumfang enthalten<\/td>\n<\/tr>\n<tr class=\"product--properties-row row24\">\n<td class=\"product--properties-label is--bold\">Zul\u00e4ssiges Gesamtgewicht:<\/td>\n<td class=\"product--properties-value\">115 kg (K\u00f6rpergewicht + Fahrrad + Ausr\u00fcstung)<\/td>\n<\/tr>\n<tr class=\"product--properties-row row25\">\n<td class=\"product--properties-label is--bold\">Gewicht Komplettrad:<\/td>\n<td class=\"product--properties-value\">ab 10,0 kg<\/td>\n<\/tr>\n<\/tbody>\n<\/table><\/div>\n<\/p><\/div>\n","protected":false},"excerpt":{"rendered":"<div class=\"tab-menu--product js--tab-menu\">\n<div class=\"tab--container-list\">\n<div class=\"tab--container description has--content is--active\">\n<div class=\"tab--content box-description\">\n<div class=\"content--description\">\n<div class=\"ean-box\"><label>Modelljahr: <span style=\"font-size: 16px\">2022<\/span><\/label><\/div>\n<\/p><\/div>\n<\/p><\/div>\n<\/p><\/div>\n<\/p><\/div>\n<\/p><\/div>\n<div id=\"detail--product-reviews\" class=\"content--product-reviews 123\"><\/div>\n","protected":false},"featured_media":10810,"comment_status":"closed","ping_status":"closed","template":"","meta":[],"product_brand":[],"product_cat":[95,130],"product_tag":[],"class_list":{"0":"post-10794","1":"product","2":"type-product","3":"status-publish","4":"has-post-thumbnail","6":"product_cat-fahrrad","7":"product_cat-rennrad","9":"first","10":"instock","11":"sale","12":"shipping-taxable","13":"purchasable","14":"product-type-variable"},"_links":{"self":[{"href":"https:\/\/fatbike-de.com\/index.php\/wp-json\/wp\/v2\/product\/10794","targetHints":{"allow":["GET"]}}],"collection":[{"href":"https:\/\/fatbike-de.com\/index.php\/wp-json\/wp\/v2\/product"}],"about":[{"href":"https:\/\/fatbike-de.com\/index.php\/wp-json\/wp\/v2\/types\/product"}],"replies":[{"embeddable":true,"href":"https:\/\/fatbike-de.com\/index.php\/wp-json\/wp\/v2\/comments?post=10794"}],"wp:featuredmedia":[{"embeddable":true,"href":"https:\/\/fatbike-de.com\/index.php\/wp-json\/wp\/v2\/media\/10810"}],"wp:attachment":[{"href":"https:\/\/fatbike-de.com\/index.php\/wp-json\/wp\/v2\/media?parent=10794"}],"wp:term":[{"taxonomy":"product_brand","embeddable":true,"href":"https:\/\/fatbike-de.com\/index.php\/wp-json\/wp\/v2\/product_brand?post=10794"},{"taxonomy":"product_cat","embeddable":true,"href":"https:\/\/fatbike-de.com\/index.php\/wp-json\/wp\/v2\/product_cat?post=10794"},{"taxonomy":"product_tag","embeddable":true,"href":"https:\/\/fatbike-de.com\/index.php\/wp-json\/wp\/v2\/product_tag?post=10794"}],"curies":[{"name":"wp","href":"https:\/\/api.w.org\/{rel}","templated":true}]}}