{"id":11027,"date":"2024-02-27T15:00:05","date_gmt":"2024-02-27T14:00:05","guid":{"rendered":"https:\/\/fatbike-de.com\/?post_type=product&#038;p=11027"},"modified":"2024-02-27T15:00:38","modified_gmt":"2024-02-27T14:00:38","slug":"cube-cross-race-pro-bluenblack","status":"publish","type":"product","link":"https:\/\/fatbike-de.com\/index.php\/product\/cube-cross-race-pro-bluenblack\/","title":{"rendered":"Cube Cross Race Pro blue\u00b4n\u00b4black"},"content":{"rendered":"<h2 class=\"content--title\"><strong>Cube<\/strong>\u00a0Cross Race Pro blue\u00b4n\u00b4black<\/h2>\n<div class=\"product--description\">\n<p>Cross-Rennen im Dreck und Schlamm sind eine taffe Angelegenheit &#8211; aber genau das macht sie aus! Deshalb hat Cube Cross Race Pro die legend\u00e4re Shimano 105 2&#215;11-Gang Schaltung verbaut. Gerade in heiklen Momenten auf dem Rennkurs spielt sie ihre Qualit\u00e4ten in Sachen Pr\u00e4zision und Zuverl\u00e4ssigkeit voll aus und l\u00e4sst &#8222;ihren Crosser&#8220; niemals im Stich.<\/p>\n<hr \/>\n<p><a href=\"https:\/\/www.cube.eu\/360\/588200\" target=\"_blank\" rel=\"noopener\"><img decoding=\"async\" title=\"360\u00b0\" src=\"https:\/\/cd.bike-discount.de\/media\/image\/3a\/ee\/83\/360.png\" alt=\"\" width=\"40\" height=\"39\" data-mid=\"729769\" data-src=\"media\/image\/360.png\" \/>360\u00b0-Ansicht \u00f6ffnen<\/a><\/p>\n<hr \/>\n<p>Passend dazu haben wir ihm hydraulische Shimano 105 Scheibenbremsen gegeben, die ultimative Bremskraft und Geschwindigkeitskontrolle bei jedem Wetter garantieren. Ein unschlagbares Set-up, wie wir finden. On top gibt&#8217;s einen neuen, leichten Aluminiumrahmen, eine komfortable, pr\u00e4zise arbeitende Carbongabel und unfassbar griffige Schwalbe Reifen. Damit ist der Sieg zum Greifen nah!<\/p>\n<hr \/>\n<h3>RAHMEN Cross Race Pro blue\u00b4n\u00b4black<\/h3>\n<p>Der Cross Race Aluminiumrahmen ist tats\u00e4chlich eine Klasse f\u00fcr sich: Er ist leicht und robust und mit 12 mm Steckachsen vorne und hinten ausger\u00fcstet &#8211; f\u00fcr nie dagewesene Steifigkeit, Lenkpr\u00e4zision und Kontrolle, die vor allem im Rennseinsatz oft den entscheidenden Vorteil bringen. Seine Vollcarbongabel absorbiert s\u00e4mtliche Virbrationen und schnell aufeinanderfolgende Schl\u00e4ge vom Untergrund, damit man sich bis zum Ende des Rennens optimal konzentrieren kann. Die ins Rahmeninnere verlegten Z\u00fcge gew\u00e4hrleisten zudem durchwegs sauberes, pr\u00e4zises Schalten, auch bei viel Schlamm und Wasser auf dem Kurs.<\/p>\n<h2>Ausstattung<\/h2>\n<div class=\"product--properties panel has--border\">\n<table class=\"product--properties-table\">\n<tbody>\n<tr class=\"product--properties-row row1\">\n<td class=\"product--properties-label is--bold\">Rahmen:<\/td>\n<td class=\"product--properties-value\">Aluminium Superlite, Double Butted, Advanced Mechanical Forming, Smooth Welded, Internal Cable Routing, Flat Mount Disc, 12x142mm, AXH<\/td>\n<\/tr>\n<tr class=\"product--properties-row row2\">\n<td class=\"product--properties-label is--bold\">Rahmenmaterial:<\/td>\n<td class=\"product--properties-value\">Aluminium<\/td>\n<\/tr>\n<tr class=\"product--properties-row row3\">\n<td class=\"product--properties-label is--bold\">Laufradgr\u00f6\u00dfe:<\/td>\n<td class=\"product--properties-value\">28&#8243;<\/td>\n<\/tr>\n<tr class=\"product--properties-row row4\">\n<td class=\"product--properties-label is--bold\">Farbe:<\/td>\n<td class=\"product--properties-value\">blue\u00b4n\u00b4black<\/td>\n<\/tr>\n<tr class=\"product--properties-row row5\">\n<td class=\"product--properties-label is--bold\">Gabel:<\/td>\n<td class=\"product--properties-value\">CUBE Cross Race Disc, Full Carbon, 1 1\/8&#8243; &#8211; 1 1\/4&#8243; Tapered, Flat Mount<\/td>\n<\/tr>\n<tr class=\"product--properties-row row6\">\n<td class=\"product--properties-label is--bold\">Bremsen:<\/td>\n<td class=\"product--properties-value\">Shimano 105 BR-R7070, Hydr. Disc Brake, Flat Mount (160\/160)<\/td>\n<\/tr>\n<tr class=\"product--properties-row row7\">\n<td class=\"product--properties-label is--bold\">Bremsscheiben:<\/td>\n<td class=\"product--properties-value\">160mm<\/td>\n<\/tr>\n<tr class=\"product--properties-row row8\">\n<td class=\"product--properties-label is--bold\">Steuersatz:<\/td>\n<td class=\"product--properties-value\">VP Z-t, Top Zero-Stack 1 1\/8&#8243; (OD 44mm), Bottom Integrated 1 1\/4&#8243;<\/td>\n<\/tr>\n<tr class=\"product--properties-row row9\">\n<td class=\"product--properties-label is--bold\">Vorbau:<\/td>\n<td class=\"product--properties-value\">CUBE Performance Stem SL, 31.8mm<\/td>\n<\/tr>\n<tr class=\"product--properties-row row10\">\n<td class=\"product--properties-label is--bold\">Lenker:<\/td>\n<td class=\"product--properties-value\">CUBE Compact Race Bar<\/td>\n<\/tr>\n<tr class=\"product--properties-row row11\">\n<td class=\"product--properties-label is--bold\">Sattel:<\/td>\n<td class=\"product--properties-value\">Natural Fit Venec<\/td>\n<\/tr>\n<tr class=\"product--properties-row row12\">\n<td class=\"product--properties-label is--bold\">Sattelst\u00fctze:<\/td>\n<td class=\"product--properties-value\">CUBE Performance Post, 27.2mm<\/td>\n<\/tr>\n<tr class=\"product--properties-row row13\">\n<td class=\"product--properties-label is--bold\">Sattelklemme:<\/td>\n<td class=\"product--properties-value\">CUBE Screwlock, 31.8mm<\/td>\n<\/tr>\n<tr class=\"product--properties-row row14\">\n<td class=\"product--properties-label is--bold\">Kurbel:<\/td>\n<td class=\"product--properties-value\">Shimano FC-RS510, 46x36T<\/td>\n<\/tr>\n<tr class=\"product--properties-row row15\">\n<td class=\"product--properties-label is--bold\">Schaltwerk:<\/td>\n<td class=\"product--properties-value\">Shimano Ultegra RD-RX800-DGS, 11-Speed<\/td>\n<\/tr>\n<\/tbody>\n<\/table><\/div>\n<\/p><\/div>\n","protected":false},"excerpt":{"rendered":"<div class=\"tab-menu--product js--tab-menu\">\n<div class=\"tab--container-list\">\n<div class=\"tab--container description has--content is--active\">\n<div class=\"tab--content box-description\">\n<div class=\"content--description\">\n<div class=\"ean-box\"><label>Modelljahr: <span style=\"font-size: 16px\">2022<\/span><\/label><\/div>\n<\/p><\/div>\n<\/p><\/div>\n<\/p><\/div>\n<\/p><\/div>\n<\/p><\/div>\n<div id=\"detail--product-reviews\" class=\"content--product-reviews 123\"><\/div>\n","protected":false},"featured_media":11043,"comment_status":"closed","ping_status":"closed","template":"","meta":[],"product_brand":[],"product_cat":[95,130],"product_tag":[],"class_list":{"0":"post-11027","1":"product","2":"type-product","3":"status-publish","4":"has-post-thumbnail","6":"product_cat-fahrrad","7":"product_cat-rennrad","9":"first","10":"instock","11":"sale","12":"shipping-taxable","13":"purchasable","14":"product-type-variable"},"_links":{"self":[{"href":"https:\/\/fatbike-de.com\/index.php\/wp-json\/wp\/v2\/product\/11027","targetHints":{"allow":["GET"]}}],"collection":[{"href":"https:\/\/fatbike-de.com\/index.php\/wp-json\/wp\/v2\/product"}],"about":[{"href":"https:\/\/fatbike-de.com\/index.php\/wp-json\/wp\/v2\/types\/product"}],"replies":[{"embeddable":true,"href":"https:\/\/fatbike-de.com\/index.php\/wp-json\/wp\/v2\/comments?post=11027"}],"wp:featuredmedia":[{"embeddable":true,"href":"https:\/\/fatbike-de.com\/index.php\/wp-json\/wp\/v2\/media\/11043"}],"wp:attachment":[{"href":"https:\/\/fatbike-de.com\/index.php\/wp-json\/wp\/v2\/media?parent=11027"}],"wp:term":[{"taxonomy":"product_brand","embeddable":true,"href":"https:\/\/fatbike-de.com\/index.php\/wp-json\/wp\/v2\/product_brand?post=11027"},{"taxonomy":"product_cat","embeddable":true,"href":"https:\/\/fatbike-de.com\/index.php\/wp-json\/wp\/v2\/product_cat?post=11027"},{"taxonomy":"product_tag","embeddable":true,"href":"https:\/\/fatbike-de.com\/index.php\/wp-json\/wp\/v2\/product_tag?post=11027"}],"curies":[{"name":"wp","href":"https:\/\/api.w.org\/{rel}","templated":true}]}}