{"id":11256,"date":"2024-02-27T15:02:40","date_gmt":"2024-02-27T14:02:40","guid":{"rendered":"https:\/\/fatbike-de.com\/?post_type=product&#038;p=11256"},"modified":"2024-02-27T15:03:37","modified_gmt":"2024-02-27T14:03:37","slug":"radon-vaillant-disc-10-0","status":"publish","type":"product","link":"https:\/\/fatbike-de.com\/index.php\/product\/radon-vaillant-disc-10-0\/","title":{"rendered":"Radon Vaillant Disc 10.0"},"content":{"rendered":"<h2 class=\"content--title\"><strong>Radon<\/strong>\u00a0Vaillant Disc 10.0<\/h2>\n<p class=\"product--description\">Das windschnittige Radon VAILLANT DISC 10.0 ist auch dieser Saison unser Top-Modell. Der steife und aerodynamische Rahmen hat zusammen mit der Vollcarbon-Gabel wieder viele Highlights an Bord und wird auch 2022 vor allem ambitionierte Radrennfahrer und Technik-Fans begeistern. Mit der pr\u00e4zisen und innovative Schalttechnik aus dem Hause SRAM l\u00e4sst sich das VAILLANT DISC 10.0 in jedem Terrain zuverl\u00e4ssig bewegen.<\/p>\n<hr \/>\n<h3>Die Highlights des Radon Vaillant Disc 10.0<\/h3>\n<p>Schnelle Gangwechsel, unkomplizierte Akkuwechsel und eine durchdachtes \u00dcbersetzungsverh\u00e4ltnis zeichnet die SRAM Force eTap AXS aus. Der bew\u00e4hrte NEWMEN Advanced SL R.38 Carbon Laufradsatz \u00fcberzeugt mit einer modernen Felge mit 19mm Maulweite, mittelhohem 38er Profil und der superleichten Fade ll Naben &#8211; beste Voraussetzung, um das Maximum des Continental Grand Prix 5000 in der 25mm Ausf\u00fchrung rauszuholen. Abgerundet wird das fantastische Gesamtpaket mit dem leichten wie komfortablen Fizik Antares R7 &#8211; das n\u00e4chste Rennen kann kommen!<\/p>\n<hr \/>\n<h3>Die Vaillant Disc Familie<\/h3>\n<p>Das VAILLANT DISC ist ein Carbon-Rennrad f\u00fcr Aerodynamik-Freaks und somit das schnellste &#8222;Pferd&#8220; im Stall. Passend dazu kommt das VAILLANT DISC mit superben Scheibenbremsen, die in der Lage sind, die aufgenommene Geschwindigkeit souver\u00e4n wieder abzubremsen.<\/p>\n<hr \/>\n<h3>Der Vaillant Disc Rahmen<\/h3>\n<p>Die Form des Rahmens ist windschnittig und richtungsweisend, er besticht durch ein geringes Gewicht und hohe Steifigkeitswerte. Hierzu tragen auch die Steckachsen f\u00fcr die Laufr\u00e4der ihren Teil bei. Der aerodynamische Rahmen mit Rohrquerschnitten im Kammtail-Design bietet deutlich weniger Luftwiderstand als die herk\u00f6mmliche Rahmenform, was Dir bei Trainingsrunden wie auch im Rennen einen immensen Vorteil verschafft. Die Sattelklemmung ist formsch\u00f6n auf dem Oberrohr untergebracht und der Sattel hat auf der St\u00fctze einen sehr weiten Verstellbereich, um die optimale Sitzposition zu finden. Aufgrund der markanten Optik ist das VAILLANT DISC immer ein Blickfang.<\/p>\n<hr \/>\n<p class=\"product--description\"><img fetchpriority=\"high\" decoding=\"async\" title=\"BikeSize Vaillant\" src=\"https:\/\/cd.bike-discount.de\/media\/image\/29\/03\/74\/bikesize_vaillant.jpg\" alt=\"\" width=\"640\" height=\"401\" data-mid=\"618199\" data-src=\"media\/image\/bikesize_vaillant.jpg\" \/><\/p>\n<p>Mit Hilfe unserer Grafik wollen wir Dir eine Empfehlung bei der Suche nach Deiner richtigen Rahmengr\u00f6\u00dfe geben. Neben Schrittl\u00e4nge sowie K\u00f6rpergr\u00f6\u00dfe spielt nat\u00fcrlich auch Dein pers\u00f6nlicher Fahrstil, Einsatzbereich sowie Vorliebe eine gro\u00dfe Rolle. Wenn Du mit Deinen Angaben im Grenzbereich liegen solltest, kannst Du zwischen zwei Rahmenh\u00f6hen w\u00e4hlen: die kleinere Rahmengr\u00f6\u00dfe ist agiler\/wendiger\/verspielter, die n\u00e4chstgr\u00f6\u00dfere Rahmenh\u00f6he laufruhiger\/spurtreuer und hat im Uphill die Nase vorn.<\/p>\n<hr \/>\n<h2>Ausstattung<\/h2>\n<div class=\"product--properties panel has--border\">\n<table class=\"product--properties-table\">\n<tbody>\n<tr class=\"product--properties-row row1\">\n<td class=\"product--properties-label is--bold\">Rahmen:<\/td>\n<td class=\"product--properties-value\">VAILLANT Carbon<\/td>\n<\/tr>\n<tr class=\"product--properties-row row2\">\n<td class=\"product--properties-label is--bold\">Rahmenmaterial:<\/td>\n<td class=\"product--properties-value\">Carbon<\/td>\n<\/tr>\n<tr class=\"product--properties-row row3\">\n<td class=\"product--properties-label is--bold\">Laufradgr\u00f6\u00dfe:<\/td>\n<td class=\"product--properties-value\">28&#8243;<\/td>\n<\/tr>\n<tr class=\"product--properties-row row4\">\n<td class=\"product--properties-label is--bold\">Farbe:<\/td>\n<td class=\"product--properties-value\">dove \/ deepblack \/ powderwhite<\/td>\n<\/tr>\n<tr class=\"product--properties-row row5\">\n<td class=\"product--properties-label is--bold\">Gabel:<\/td>\n<td class=\"product--properties-value\">RADON VAILLANT DISC Full Carbon<\/td>\n<\/tr>\n<tr class=\"product--properties-row row6\">\n<td class=\"product--properties-label is--bold\">Bremsen:<\/td>\n<td class=\"product--properties-value\">SRAM Force eTap AXS, flat-mount<\/td>\n<\/tr>\n<tr class=\"product--properties-row row7\">\n<td class=\"product--properties-label is--bold\">Bremsscheiben:<\/td>\n<td class=\"product--properties-value\">SRAM Paceline, 160\/160mm, center-lock<\/td>\n<\/tr>\n<tr class=\"product--properties-row row8\">\n<td class=\"product--properties-label is--bold\">Steuersatz:<\/td>\n<td class=\"product--properties-value\">VP, IS42\/IS52<\/td>\n<\/tr>\n<tr class=\"product--properties-row row9\">\n<td class=\"product--properties-label is--bold\">Vorbau:<\/td>\n<td class=\"product--properties-value\">Newmen Evolution 318.4, 31.8mm (XS\/90mm, S\/100mm, M\/100mm, L\/110mm, XL\/120mm)<\/td>\n<\/tr>\n<tr class=\"product--properties-row row10\">\n<td class=\"product--properties-label is--bold\">Lenker:<\/td>\n<td class=\"product--properties-value\">Newmen Wing Bar Advanced Carbon, 31.8mm (XS\/400mm, S\/400mm, M\/420mm, L\/440mm, XL\/440mm)<\/td>\n<\/tr>\n<tr class=\"product--properties-row row11\">\n<td class=\"product--properties-label is--bold\">Sattel:<\/td>\n<td class=\"product--properties-value\">Fizik Antares R7<\/td>\n<\/tr>\n<tr class=\"product--properties-row row12\">\n<td class=\"product--properties-label is--bold\">Sattelst\u00fctze:<\/td>\n<td class=\"product--properties-value\">VAILLANT Carbon Seatpost<\/td>\n<\/tr>\n<tr class=\"product--properties-row row13\">\n<td class=\"product--properties-label is--bold\">Kurbel:<\/td>\n<td class=\"product--properties-value\">SRAM Force D1 Carbon, DUB, 48\/35T (XS\/170mm, S\/172,5mm, M\/172,5mm, L\/175mm, XL\/175mm)<\/td>\n<\/tr>\n<tr class=\"product--properties-row row14\">\n<td class=\"product--properties-label is--bold\">Tretlager\/Innenlager:<\/td>\n<td class=\"product--properties-value\">SRAM DUB Road, Pressfit<\/td>\n<\/tr>\n<tr class=\"product--properties-row row15\">\n<td class=\"product--properties-label is--bold\">Schaltwerk:<\/td>\n<td class=\"product--properties-value\">SRAM Force Etap AXS, 12-speed<\/td>\n<\/tr>\n<\/tbody>\n<\/table>\n<table class=\"product--properties-table\">\n<tbody>\n<tr class=\"product--properties-row row16\">\n<td class=\"product--properties-label is--bold\">Schalthebel:<\/td>\n<td class=\"product--properties-value\">Sram Force eTap AXS<\/td>\n<\/tr>\n<tr class=\"product--properties-row row17\">\n<td class=\"product--properties-label is--bold\">Umwerfer:<\/td>\n<td class=\"product--properties-value\">SRAM Force Etap AXS<\/td>\n<\/tr>\n<tr class=\"product--properties-row row18\">\n<td class=\"product--properties-label is--bold\">Kassette:<\/td>\n<td class=\"product--properties-value\">SRAM Force XG-1270, 10-33<\/td>\n<\/tr>\n<tr class=\"product--properties-row row19\">\n<td class=\"product--properties-label is--bold\">Kette:<\/td>\n<td class=\"product--properties-value\">SRAM Force D1<\/td>\n<\/tr>\n<tr class=\"product--properties-row row20\">\n<td class=\"product--properties-label is--bold\">Reifen:<\/td>\n<td class=\"product--properties-value\">Continental Grand Prix 5000, 28&#8243; x 25mm<\/td>\n<\/tr>\n<tr class=\"product--properties-row row21\">\n<td class=\"product--properties-label is--bold\">Laufradsatz:<\/td>\n<td class=\"product--properties-value\">NEWMEN Advanced SL R.38 Carbon, 100\/142mm<\/td>\n<\/tr>\n<tr class=\"product--properties-row row22\">\n<td class=\"product--properties-label is--bold\">Pedale:<\/td>\n<td class=\"product--properties-value\">nicht im Lieferumfang enthalten<\/td>\n<\/tr>\n<tr class=\"product--properties-row row23\">\n<td class=\"product--properties-label is--bold\">Zul\u00e4ssiges Gesamtgewicht:<\/td>\n<td class=\"product--properties-value\">115 kg (K\u00f6rpergewicht + Fahrrad + Ausr\u00fcstung)<\/td>\n<\/tr>\n<tr class=\"product--properties-row row24\">\n<td class=\"product--properties-label is--bold\">Gewicht Komplettrad:<\/td>\n<td class=\"product--properties-value\">ab 7,65 kg<\/td>\n<\/tr>\n<\/tbody>\n<\/table><\/div>\n","protected":false},"excerpt":{"rendered":"<div class=\"tab-menu--product js--tab-menu\">\n<div class=\"tab--container-list\">\n<div class=\"tab--container description has--content is--active\">\n<div class=\"tab--content box-description\">\n<div class=\"content--description\">\n<div class=\"ean-box\"><label>Modelljahr: <span style=\"font-size: 16px\">2022<\/span><\/label><\/div>\n<\/p><\/div>\n<\/p><\/div>\n<\/p><\/div>\n<\/p><\/div>\n<\/p><\/div>\n<p><a class=\"rating-link-info--box\" name=\"product--publish-comment\"><\/a><\/p>\n<div id=\"detail--product-reviews\" class=\"content--product-reviews 123\"><\/div>\n","protected":false},"featured_media":11286,"comment_status":"closed","ping_status":"closed","template":"","meta":[],"product_brand":[],"product_cat":[95,130],"product_tag":[],"class_list":{"0":"post-11256","1":"product","2":"type-product","3":"status-publish","4":"has-post-thumbnail","6":"product_cat-fahrrad","7":"product_cat-rennrad","9":"first","10":"instock","11":"sale","12":"shipping-taxable","13":"purchasable","14":"product-type-variable"},"_links":{"self":[{"href":"https:\/\/fatbike-de.com\/index.php\/wp-json\/wp\/v2\/product\/11256","targetHints":{"allow":["GET"]}}],"collection":[{"href":"https:\/\/fatbike-de.com\/index.php\/wp-json\/wp\/v2\/product"}],"about":[{"href":"https:\/\/fatbike-de.com\/index.php\/wp-json\/wp\/v2\/types\/product"}],"replies":[{"embeddable":true,"href":"https:\/\/fatbike-de.com\/index.php\/wp-json\/wp\/v2\/comments?post=11256"}],"wp:featuredmedia":[{"embeddable":true,"href":"https:\/\/fatbike-de.com\/index.php\/wp-json\/wp\/v2\/media\/11286"}],"wp:attachment":[{"href":"https:\/\/fatbike-de.com\/index.php\/wp-json\/wp\/v2\/media?parent=11256"}],"wp:term":[{"taxonomy":"product_brand","embeddable":true,"href":"https:\/\/fatbike-de.com\/index.php\/wp-json\/wp\/v2\/product_brand?post=11256"},{"taxonomy":"product_cat","embeddable":true,"href":"https:\/\/fatbike-de.com\/index.php\/wp-json\/wp\/v2\/product_cat?post=11256"},{"taxonomy":"product_tag","embeddable":true,"href":"https:\/\/fatbike-de.com\/index.php\/wp-json\/wp\/v2\/product_tag?post=11256"}],"curies":[{"name":"wp","href":"https:\/\/api.w.org\/{rel}","templated":true}]}}