{"id":11681,"date":"2024-02-27T15:07:38","date_gmt":"2024-02-27T14:07:38","guid":{"rendered":"https:\/\/fatbike-de.com\/?post_type=product&#038;p=11681"},"modified":"2024-02-27T15:07:54","modified_gmt":"2024-02-27T14:07:54","slug":"mondraker-podium-carbon","status":"publish","type":"product","link":"https:\/\/fatbike-de.com\/index.php\/product\/mondraker-podium-carbon\/","title":{"rendered":"Mondraker PODIUM CARBON"},"content":{"rendered":"<h2 class=\"content--title\"><strong>Mondraker<\/strong>\u00a0PODIUM CARBON<\/h2>\n<p class=\"product--description\">Leicht, leichter, Podium! Der XC-Racer der spanischen Highend-Radmanufaktur Mondraker Podium CARBON \u00fcberzeugt mit einem der leichtesten Carbonrahmen am Markt und kommt mit hochwertiger Ausstattung. Die moderne Geometrie ist perfekt f\u00fcr die heutigen Rennstrecken ausgelegt und hilft dir dabei, am Ende ganz oben auf dem Podium zu stehen!<\/p>\n<hr \/>\n<h3>Features &#8211; MONDRAKER PODIUM CARBON<\/h3>\n<p>Der auff\u00e4llige, stabile und richtig steife Carbon-Rahmen ist eine komplette Neuentwicklung und wurde mit den aktuellsten Erkenntnissen im Carbon-Rahmenbau konstruiert &#8211; so leicht wie beim Podium ist kaum ein anderer Rahmen der Mitbewerber. Auch die Anregungen und Ideen der Top-Fahrer des Primaflor-Mondraker-XSauce Teams wurden bei der Entwicklung ber\u00fccksichtigt, so dass du sicher sein kannst, dass der Rahmen auf den h\u00e4rtesten XC-Strecken beste Performance abliefert.<\/p>\n<p>Er besticht nicht nur durch Komfort und Design, sondern kommt auch mit der innovativen XC Forward Geometry, einer Weiterentwicklung der ber\u00fchmten Mondraker Forward Geometry: der extrem lange Reach, der durch das verl\u00e4ngerte Oberrohr entsteht, erm\u00f6glicht einen l\u00e4ngeren Radstand, was noch mehr Kontrolle und Souver\u00e4nit\u00e4t verspricht. Der Fahrer r\u00fcckt weiter vom Vorderrad weg, weshalb der Vorbau sehr kurz ausf\u00e4llt. Kurze Kettenstreben sorgen in Verbindung mit einem flachen Lenkwinkel und einem steilen Sitzwinkel f\u00fcr Agilit\u00e4t bei ausgewogener Laufruhe.<\/p>\n<p>Der Mix aus Top Speed und sicherem Fahrverhalten bei bester Kontrolle sorgt immer wieder f\u00fcr ein fettes Grinsen. SRAM-Bremsen mit 160 mm Bremsscheibe vorne wie hinten verz\u00f6gern auch bei langen Abfahrten extrem gut ohne nachzulassen. Die SRAM GX Eagle Kurbel mit 34 Z\u00e4hnen und die SRAM Eagle 12-fach Kassette decken eine gro\u00dfe Bandbreite ab, so dass auch die steilsten Trails zu bezwingen sind. Die 29\u201c Maxxis Rekon Race Reifen sorgen f\u00fcr besten Kontakt zum Gel\u00e4nde.<\/p>\n<hr \/>\n<h3>Technologien<\/h3>\n<p><strong>STEALTH CARBON<\/strong><br \/> Die Stealth-Carbon-Technologie, die sich stetig weiterentwickelt, \u00fcbertr\u00e4gt die gesamte Erfahrung aus der Herstellung von Aluminiumrahmen auf Premium-Carbonrahmen und erf\u00fcllt so alle Anforderungen an Innovation, Spitzenqualit\u00e4t, Minimalgewicht und Stabilit\u00e4t. Das Aufbringen der Carbonfaser-Schichten ist eine Schl\u00fcsseltechnologie, bei der die unterschiedlichen Fasern f\u00fcr jeden Bike-Typ und jedes Modell positioniert und ausgerichtet werden. Das Ergebnis ist ein Rahmen mit dem bestm\u00f6glichen Verh\u00e4ltnis aus Stabilit\u00e4t, struktureller Steifigkeit, Sto\u00dfd\u00e4mpfung und Leichtigkeit sowie au\u00dfergew\u00f6hnlicher Zuverl\u00e4ssigkeit und einem sehr ansprechenden und einzigartigen, hundertprozentigen Mondraker-Look.<\/p>\n<p><strong>FORWARD GEOMETRY<\/strong><br \/> Mondrakers propriet\u00e4re Forward Geometry ist bis heute technologisch einzigartig und f\u00fchrend. Sie hat bewiesen, dass sie die Geometriereferenz f\u00fcr heutige High-End-Performance Mountainbikes ist.<\/p>\n<p>Die entscheidenden Vorteile der Forward Geometry sind eine erh\u00f6hte Sicherheit und ein gr\u00f6\u00dferes Zutrauen beim Fahren von steilen Abfahrten \u2013 auch bei hohen Geschwindigkeiten; ein reaktiveres, pr\u00e4ziseres und direkteres Handling; h\u00f6here Uphill-Pr\u00e4zision und mehr Stabilit\u00e4t auf technischen und rauen Terrains dank besserem Grip und insgesamt verbesserter Kontrolle. In dieser Saison bieten wir dir die gr\u00f6\u00dfte Auswahl an FG-Modellen.<\/p>\n<p>Basierend auf einer Geometrie mit l\u00e4ngerem Reach und l\u00e4ngeren Oberrohren, ist die Sitzposition perfekt ausbalanciert f\u00fcr jedes Bike-Modell und jeden Einsatzzweck. Die Extra-Verl\u00e4ngerung des Oberrohrs wird bei allen Modellen und jeder Rahmengr\u00f6\u00dfe mit dem Vorbau ausgeglichen. Der Front-Mitte-Abstand vergr\u00f6\u00dfert sich und bewirkt ein verl\u00e4ssliches Fahrverhalten, das dich schneller und leichter fahren l\u00e4sst und noch mehr Fahrspa\u00df bietet.<\/p>\n<h2>Ausstattung<\/h2>\n<div class=\"product--properties panel has--border\">\n<table class=\"product--properties-table\">\n<tbody>\n<tr class=\"product--properties-row row1\">\n<td class=\"product--properties-label is--bold\">Rahmen:<\/td>\n<td class=\"product--properties-value\">Podium 29 Stealth Air Carbon, XC Forward Geometry, BSA bottom bracket, tapered head tube, HHG internal cable routing, Boost 12x148mm rear axle, dedicated 1X drivetrain design, Flatmount brake compatible<\/td>\n<\/tr>\n<tr class=\"product--properties-row row2\">\n<td class=\"product--properties-label is--bold\">Rahmenmaterial:<\/td>\n<td class=\"product--properties-value\">Carbon<\/td>\n<\/tr>\n<tr class=\"product--properties-row row3\">\n<td class=\"product--properties-label is--bold\">Laufradgr\u00f6\u00dfe:<\/td>\n<td class=\"product--properties-value\">29&#8243;<\/td>\n<\/tr>\n<tr class=\"product--properties-row row4\">\n<td class=\"product--properties-label is--bold\">Farbe:<\/td>\n<td class=\"product--properties-value\">Translucent Green Carbon &#8211; Racing Silver<\/td>\n<\/tr>\n<tr class=\"product--properties-row row5\">\n<td class=\"product--properties-label is--bold\">Gabel:<\/td>\n<td class=\"product--properties-value\">Rockshox SID SL Base RL 29, 100mm, Charger, DebonAir, tapered steerer tube, Boost 15x110mm axle, 32mm aluminum stanchions, offset 44mm. Settings: OneLock 2 position remote compression (open\/lock), low-speed rebound, air preload<\/td>\n<\/tr>\n<tr class=\"product--properties-row row6\">\n<td class=\"product--properties-label is--bold\">Federweg:<\/td>\n<td class=\"product--properties-value\">100 mm<\/td>\n<\/tr>\n<tr class=\"product--properties-row row7\">\n<td class=\"product--properties-label is--bold\">Bremsen:<\/td>\n<td class=\"product--properties-value\">Sram Level TL, 2 piece caliper, Centerline 160mm IS 6 bolts one-piece rotor, steel-backed organic pad<\/td>\n<\/tr>\n<tr class=\"product--properties-row row8\">\n<td class=\"product--properties-label is--bold\">Bremshebel:<\/td>\n<td class=\"product--properties-value\">SRAM Level TL, Direct Link actuation, tooled reach adjust, lever pivot bushings<\/td>\n<\/tr>\n<tr class=\"product--properties-row row9\">\n<td class=\"product--properties-label is--bold\">Steuersatz:<\/td>\n<td class=\"product--properties-value\">Onoff Titan tapered for 1-1\/8\u201d to 1-1\/2\u201d head tube, ACB sealed bearings, top 41.8&#215;30.5x8x45\u00bax45\u00ba, bottom 51.9x40x8x45\u00bax45\u00ba<\/td>\n<\/tr>\n<tr class=\"product--properties-row row10\">\n<td class=\"product--properties-label is--bold\">Vorbau:<\/td>\n<td class=\"product--properties-value\">MDK, 6061 T6 Alloy, 31.8mm barbore, rise: +\/-5\u00ba, length: sizes S\/M: 60mm, size L: 70mm, size XL: 80mm<\/td>\n<\/tr>\n<tr class=\"product--properties-row row11\">\n<td class=\"product--properties-label is--bold\">Lenker:<\/td>\n<td class=\"product--properties-value\">ONOFF Sulfur 0.2, double butted 6061 alloy, rise: 4.8mm, width: 760mm, 9\u00ba backsweep, 0\u00ba upsweep, 31.8mm barbore<\/td>\n<\/tr>\n<tr class=\"product--properties-row row12\">\n<td class=\"product--properties-label is--bold\">Griffe:<\/td>\n<td class=\"product--properties-value\">Onoff Twin, 1lock-on, 135mm<\/td>\n<\/tr>\n<tr class=\"product--properties-row row13\">\n<td class=\"product--properties-label is--bold\">Sattel:<\/td>\n<td class=\"product--properties-value\">Fizik Antares R7<\/td>\n<\/tr>\n<tr class=\"product--properties-row row14\">\n<td class=\"product--properties-label is--bold\">Sattelst\u00fctze:<\/td>\n<td class=\"product--properties-value\">Onoff Sulfur 0-R, 6061 T6 Alloy, 3D forged, diameter 27.2mm, length 400mm<\/td>\n<\/tr>\n<tr class=\"product--properties-row row15\">\n<td class=\"product--properties-label is--bold\">Kurbel:<\/td>\n<td class=\"product--properties-value\">SRAM GX Eagle, Boost, DUB axle, Direct Mount chain ring, S size: 170mm, M\/L\/XL size: 175mm, 34T, CNC-machined alloy, X-SYNC 2<\/td>\n<\/tr>\n<\/tbody>\n<\/table>\n<table class=\"product--properties-table\">\n<tbody>\n<tr class=\"product--properties-row row16\">\n<td class=\"product--properties-label is--bold\">Tretlager\/Innenlager:<\/td>\n<td class=\"product--properties-value\">Sram DUB BSA, sealed bearings, 73mm<\/td>\n<\/tr>\n<tr class=\"product--properties-row row17\">\n<td class=\"product--properties-label is--bold\">Schaltwerk:<\/td>\n<td class=\"product--properties-value\">Sram GX Eagle, Type 3 roller bearing clutch, cage lock, 1x12s, X-Actuation 1:1<\/td>\n<\/tr>\n<tr class=\"product--properties-row row18\">\n<td class=\"product--properties-label is--bold\">Schalthebel:<\/td>\n<td class=\"product--properties-value\">Sram Trigger GX Eagle, 12s, X-Actuation 1:1<\/td>\n<\/tr>\n<tr class=\"product--properties-row row19\">\n<td class=\"product--properties-label is--bold\">\n<h5>Kassette:<\/h5>\n<\/td>\n<td class=\"product--properties-value\">Sram XG-1275, 10-50T, 12s<\/td>\n<\/tr>\n<tr class=\"product--properties-row row20\">\n<td class=\"product--properties-label is--bold\">Kette:<\/td>\n<td class=\"product--properties-value\">Sram NX Eagle, 12s, Powerlock<\/td>\n<\/tr>\n<tr class=\"product--properties-row row21\">\n<td class=\"product--properties-label is--bold\">Reifen:<\/td>\n<td class=\"product--properties-value\">Maxxis Rekon Race 29&#215;2.35, EXO protection, tubeless ready, 120TPI, folding bead<\/td>\n<\/tr>\n<tr class=\"product--properties-row row22\">\n<td class=\"product--properties-label is--bold\">Nabe Vorderrad:<\/td>\n<td class=\"product--properties-value\">Mavic, Boost 15x110mm, IS 6 bolts<\/td>\n<\/tr>\n<tr class=\"product--properties-row row23\">\n<td class=\"product--properties-label is--bold\">Nabe Hinterrad:<\/td>\n<td class=\"product--properties-value\">Mavic, Boost 12x148mm, ID360 Ratchet system, IS 6 bolts, XD freehub<\/td>\n<\/tr>\n<tr class=\"product--properties-row row24\">\n<td class=\"product--properties-label is--bold\">Speichen:<\/td>\n<td class=\"product--properties-value\">Mavic straight-pull double butted, contactless lacing<\/td>\n<\/tr>\n<tr class=\"product--properties-row row25\">\n<td class=\"product--properties-label is--bold\">Felgen:<\/td>\n<td class=\"product--properties-value\">Mavic Crossmax 29, 25mm internal width, welded rim, hookless, tubeless ready, 24 spokes<\/td>\n<\/tr>\n<tr class=\"product--properties-row row26\">\n<td class=\"product--properties-label is--bold\">Pedale:<\/td>\n<td class=\"product--properties-value\">nicht im Lieferumfang enthalten<\/td>\n<\/tr>\n<tr class=\"product--properties-row row27\">\n<td class=\"product--properties-label is--bold\">Sonstiges:<\/td>\n<td class=\"product--properties-value\">Derailleur hanger: Sram UDH<\/td>\n<\/tr>\n<tr class=\"product--properties-row row28\">\n<td class=\"product--properties-label is--bold\">Gewicht Komplettrad:<\/td>\n<td class=\"product--properties-value\">9.7 kg<\/td>\n<\/tr>\n<\/tbody>\n<\/table><\/div>\n","protected":false},"excerpt":{"rendered":"<p><label><strong>Modelljahr<\/strong>: <span style=\"font-size: 16px\">2022<\/span><\/label><\/p>\n","protected":false},"featured_media":11705,"comment_status":"closed","ping_status":"closed","template":"","meta":[],"product_brand":[],"product_cat":[95,132,96],"product_tag":[],"class_list":{"0":"post-11681","1":"product","2":"type-product","3":"status-publish","4":"has-post-thumbnail","6":"product_cat-fahrrad","7":"product_cat-hardtail-29","8":"product_cat-mountainbike","10":"first","11":"instock","12":"sale","13":"shipping-taxable","14":"purchasable","15":"product-type-variable"},"_links":{"self":[{"href":"https:\/\/fatbike-de.com\/index.php\/wp-json\/wp\/v2\/product\/11681","targetHints":{"allow":["GET"]}}],"collection":[{"href":"https:\/\/fatbike-de.com\/index.php\/wp-json\/wp\/v2\/product"}],"about":[{"href":"https:\/\/fatbike-de.com\/index.php\/wp-json\/wp\/v2\/types\/product"}],"replies":[{"embeddable":true,"href":"https:\/\/fatbike-de.com\/index.php\/wp-json\/wp\/v2\/comments?post=11681"}],"wp:featuredmedia":[{"embeddable":true,"href":"https:\/\/fatbike-de.com\/index.php\/wp-json\/wp\/v2\/media\/11705"}],"wp:attachment":[{"href":"https:\/\/fatbike-de.com\/index.php\/wp-json\/wp\/v2\/media?parent=11681"}],"wp:term":[{"taxonomy":"product_brand","embeddable":true,"href":"https:\/\/fatbike-de.com\/index.php\/wp-json\/wp\/v2\/product_brand?post=11681"},{"taxonomy":"product_cat","embeddable":true,"href":"https:\/\/fatbike-de.com\/index.php\/wp-json\/wp\/v2\/product_cat?post=11681"},{"taxonomy":"product_tag","embeddable":true,"href":"https:\/\/fatbike-de.com\/index.php\/wp-json\/wp\/v2\/product_tag?post=11681"}],"curies":[{"name":"wp","href":"https:\/\/api.w.org\/{rel}","templated":true}]}}