{"id":11883,"date":"2024-02-27T15:09:23","date_gmt":"2024-02-27T14:09:23","guid":{"rendered":"https:\/\/fatbike-de.com\/?post_type=product&#038;p=11883"},"modified":"2024-02-27T15:09:47","modified_gmt":"2024-02-27T14:09:47","slug":"radon-jealous-10-0-ea","status":"publish","type":"product","link":"https:\/\/fatbike-de.com\/index.php\/product\/radon-jealous-10-0-ea\/","title":{"rendered":"Radon Jealous 10.0 EA"},"content":{"rendered":"<h2 class=\"content--title\"><strong>Radon<\/strong>\u00a0Jealous 10.0 EA<\/h2>\n<p class=\"content--title\">&#8222;Mehr geht nicht&#8220; &#8211; das JEALOUS 10.0 EA ist unser schnellstes Pferd im Stall und kann auch optisch direkt \u00fcberzeugen mit seiner dezenten dunkelblauen Farbgebung und den markanten, aggressiven Rohrformen. Auch die inneren Werte k\u00f6nnen sich sehen lassen: das Rahmengewicht von ca. 950 Gramm l\u00e4sst den Rahmen in der Gruppe der Leichtesten mitspielen, Steifigkeit und Komfortwerte sind ebenfalls auf Spitzenniveau.<\/p>\n<div class=\"product--description\">\n<hr \/>\n<h3>Die Highlights des Radon Jealous 10.0 EA<\/h3>\n<p>Dazu kommt die elegante Erscheinung, die dadurch unterst\u00fctzt wird, dass durch die konsequente Auslegung auf Einfachantriebe keine \u00fcberfl\u00fcssigen Rahmen\u00f6ffnungen das Erscheinungsbild tr\u00fcben. Auch bei der Federgabel sind wir keine Kompromisse eingegangen: hier arbeitet die Fox 32 Factory Step Cast mit ihren 100mm feinsten Federwegs, die von Weitem sichtbare Kashima Beschichtung sorgt f\u00fcr bestes Ansprechverhalten und neidische Blicke und bei Bedarf l\u00e4sst sie sich auch noch vom Lenker aus sperren f\u00fcr den \u00dcberraschungsangriff am Berg! Bei der Schaltung haben wir ebenfalls aus dem Vollen gesch\u00f6pft und SRAM&#8216; s elektronische XX1 Eagle AXS ans JEALOUS geschraubt. Neben den \u00fcblichen Eagle Vorz\u00fcgen wie extrem schnellen und knackigen Schaltvorg\u00e4ngen kommt hier noch die Selbstjustierung dazu, eine verstellte Schaltung geh\u00f6rt der Vergangenheit an.<\/p>\n<p>Die Schaltgruppe wird erg\u00e4nzt von der extrem leichten XG1299 Kassette mit ihrer enormen Bandbreite von 10-52 Z\u00e4hnen, die mit ihrem kupferfarbenen Schimmer das Kashima Coating der Gabel wunderbar matcht. Auch bei der Bremse gehen wir gewichtstechnisch aufs Ganze und spezifizieren die sehr leichte Magura MT8 SL, die einige Gramm einspart, aber bei der Bremswirkung nicht geizt. Dazu sparen wir bei der so wichtigen rotierenden Masse extrem Gewicht mit der Kombination aus dem superben Newmen Advanced SL X.A. Laufradsatz und den Top-Produkten von Schwalbe, der Kombination aus Racing Ray und Racing Ralph in leichter Super Race Karkasse und stylischer transparent skin Optik. Bei den restlichen Anbauteilen wie Lenker, Sattelst\u00fctze und Sattel herrscht Carbon als Material vor, was zum sensationellen Gesamtgewicht beitr\u00e4gt. Unser JEALOUS 10.0 EA ist bereit, wenn Du es bist!<\/p>\n<hr \/>\n<h3>Die Jealous Familie<\/h3>\n<p>H\u00f6her, schneller, leichter lautet die Devise auf der XC-B\u00fchne. Das ist auch unser Erfolgsrezept beim JEALOUS: tiefer Schwerpunkt, hohe Laufruhe, leicht rollende 29 Zoll Laufr\u00e4der im superleichten und hochsteifen Kohlefaserrahmen, straffe 100mm Federgabeln und effiziente Antriebe geben Dir das richtige Set-Up f\u00fcr den Renneinsatz, in dem Du die Pace vorgibst. Der Rahmen verf\u00fcgt \u00fcber intern verlegte Kabel und eine innen liegende Bremsaufnahme f\u00fcr den supercleanen Look.<\/p>\n<hr \/>\n<h3>Der Jealous Rahmen<\/h3>\n<p>Sch\u00f6ner und cleaner denn je kommt der \u00fcberarbeitete Jealous 1x Rahmen f\u00fcr die Saison 2022 daher. Die Bremsleitung am Hinterbau haben wir ins Innere verlegt, sodass die Rahmensilhouette durch nichts gest\u00f6rt wird. Positiver Nebeneffekt davon ist, dass auf der Antriebsseite keine \u00d6ffnungen am Rahmen mehr vorhanden sind, was den Stealth-Look des Jealous unterstreicht. Geblieben ist das niedrige Rahmengewicht von ca. 950 Gramm und die Worldcup-erprobte Geometrie, die uns schon mehrere Podiumsplatzierungen beschert hat. Auch ein Weltmeistertitel wurde auf dem Jealous schon errungen.<\/p>\n<hr \/>\n<p><img fetchpriority=\"high\" decoding=\"async\" title=\"BikeSize Relate\" src=\"https:\/\/cd.bike-discount.de\/media\/image\/f5\/76\/37\/bikesize_jealous_carbon.jpg\" alt=\"\" width=\"640\" height=\"488\" data-mid=\"618199\" data-src=\"media\/image\/bikesize_jealous_carbon.jpg\" \/><br \/> Mit Hilfe unserer Grafik wollen wir Dir eine Empfehlung bei der Suche nach Deiner richtigen Rahmengr\u00f6\u00dfe geben. Neben Schrittl\u00e4nge sowie K\u00f6rpergr\u00f6\u00dfe spielt nat\u00fcrlich auch Dein pers\u00f6nlicher Fahrstil, Einsatzbereich sowie Vorliebe eine gro\u00dfe Rolle. Wenn Du mit Deinen Angaben im Grenzbereich liegen solltest, kannst Du zwischen zwei Rahmenh\u00f6hen w\u00e4hlen: die kleinere Rahmengr\u00f6\u00dfe ist agiler\/wendiger\/verspielter, die n\u00e4chstgr\u00f6\u00dfere Rahmenh\u00f6he laufruhiger\/spurtreuer und hat im Uphill die Nase vorn.<\/p>\n<hr \/><\/div>\n<div>\n<h2>Ausstattung<\/h2>\n<div class=\"product--properties panel has--border\">\n<table class=\"product--properties-table\">\n<tbody>\n<tr class=\"product--properties-row row1\">\n<td class=\"product--properties-label is--bold\">Rahmen:<\/td>\n<td class=\"product--properties-value\">NEW JEALOUS Carbon Superlite, Gewicht: 950 g, Maximale Reifenbreite: 2.25&#8243;, Max. KB: 36 Z\u00e4hne, 1-fach Rahmen<\/td>\n<\/tr>\n<tr class=\"product--properties-row row2\">\n<td class=\"product--properties-label is--bold\">Rahmenmaterial:<\/td>\n<td class=\"product--properties-value\">Carbon<\/td>\n<\/tr>\n<tr class=\"product--properties-row row3\">\n<td class=\"product--properties-label is--bold\">Laufradgr\u00f6\u00dfe:<\/td>\n<td class=\"product--properties-value\">29&#8243;<\/td>\n<\/tr>\n<tr class=\"product--properties-row row4\">\n<td class=\"product--properties-label is--bold\">Farbe:<\/td>\n<td class=\"product--properties-value\">midnightblue \/ silver<\/td>\n<\/tr>\n<tr class=\"product--properties-row row5\">\n<td class=\"product--properties-label is--bold\">Gabel:<\/td>\n<td class=\"product--properties-value\">Fox 32 Float Factory, FIT4, 3pos., Step-Cast, Push-to-Lock, Boost<\/td>\n<\/tr>\n<tr class=\"product--properties-row row6\">\n<td class=\"product--properties-label is--bold\">Federweg:<\/td>\n<td class=\"product--properties-value\">100mm<\/td>\n<\/tr>\n<tr class=\"product--properties-row row7\">\n<td class=\"product--properties-label is--bold\">Bremsen:<\/td>\n<td class=\"product--properties-value\">Magura MT8 SL<\/td>\n<\/tr>\n<tr class=\"product--properties-row row8\">\n<td class=\"product--properties-label is--bold\">Bremsscheiben:<\/td>\n<td class=\"product--properties-value\">Magura Storm SL.2, 180\/160mm, 6-bolt<\/td>\n<\/tr>\n<tr class=\"product--properties-row row9\">\n<td class=\"product--properties-label is--bold\">Steuersatz:<\/td>\n<td class=\"product--properties-value\">Acros AiX, IS41\/IS52<\/td>\n<\/tr>\n<tr class=\"product--properties-row row10\">\n<td class=\"product--properties-label is--bold\">Vorbau:<\/td>\n<td class=\"product--properties-value\">Newmen Evolution SL 318.2 (16&#8243;\/60mm, 18&#8243;\/70mm, 20&#8243;\/70mm, 22&#8243;\/90mm)<\/td>\n<\/tr>\n<tr class=\"product--properties-row row11\">\n<td class=\"product--properties-label is--bold\">Lenker:<\/td>\n<td class=\"product--properties-value\">Newmen Advanced Carbon 318.0, 740mm<\/td>\n<\/tr>\n<tr class=\"product--properties-row row12\">\n<td class=\"product--properties-label is--bold\">Griffe:<\/td>\n<td class=\"product--properties-value\">RADON racing grips<\/td>\n<\/tr>\n<tr class=\"product--properties-row row13\">\n<td class=\"product--properties-label is--bold\">Sattel:<\/td>\n<td class=\"product--properties-value\">Selle Italia SLR Boost Kit Carbonio<\/td>\n<\/tr>\n<tr class=\"product--properties-row row14\">\n<td class=\"product--properties-label is--bold\">Sattelst\u00fctze:<\/td>\n<td class=\"product--properties-value\">Newmen Advanced Carbon, 30.9 x 430mm<\/td>\n<\/tr>\n<tr class=\"product--properties-row row15\">\n<td class=\"product--properties-label is--bold\">Kurbel:<\/td>\n<td class=\"product--properties-value\">SRAM XX1 Eagle Carbon SL, 34T, Boost, 175mm<\/td>\n<\/tr>\n<\/tbody>\n<\/table>\n<table class=\"product--properties-table\">\n<tbody>\n<tr class=\"product--properties-row row16\">\n<td class=\"product--properties-label is--bold\">Tretlager\/Innenlager:<\/td>\n<td class=\"product--properties-value\">SRAM DUB, Pressfit, 92mm<\/td>\n<\/tr>\n<tr class=\"product--properties-row row17\">\n<td class=\"product--properties-label is--bold\">Schaltwerk:<\/td>\n<td class=\"product--properties-value\">SRAM XX1 Eagle, AXS, 12-speed<\/td>\n<\/tr>\n<tr class=\"product--properties-row row18\">\n<td class=\"product--properties-label is--bold\">Schalthebel:<\/td>\n<td class=\"product--properties-value\">SRAM XX1 Eagle AXS Rocker Paddle, Shiftmix<\/td>\n<\/tr>\n<tr class=\"product--properties-row row19\">\n<td class=\"product--properties-label is--bold\">Kassette:<\/td>\n<td class=\"product--properties-value\">SRAM XX1 Eagle XG-1299, 10-52<\/td>\n<\/tr>\n<tr class=\"product--properties-row row20\">\n<td class=\"product--properties-label is--bold\">Kette:<\/td>\n<td class=\"product--properties-value\">SRAM XX1 EAGLE<\/td>\n<\/tr>\n<tr class=\"product--properties-row row21\">\n<td class=\"product--properties-label is--bold\">Reifen vorne:<\/td>\n<td class=\"product--properties-value\">Schwalbe Racing Ray, Addix-Speed, Super Race, transparent skin, 29&#8243; x 2.25&#8243;<\/td>\n<\/tr>\n<tr class=\"product--properties-row row22\">\n<td class=\"product--properties-label is--bold\">Reifen hinten:<\/td>\n<td class=\"product--properties-value\">Schwalbe Racing Ralph, Addix-Speed, Super Race, transparent skin, 29&#8243; x 2.25&#8243;<\/td>\n<\/tr>\n<tr class=\"product--properties-row row23\">\n<td class=\"product--properties-label is--bold\">Laufradsatz:<\/td>\n<td class=\"product--properties-value\">Newmen Advanced SL X.A.30 Carbon, 30mm, 110\/148mm<\/td>\n<\/tr>\n<tr class=\"product--properties-row row24\">\n<td class=\"product--properties-label is--bold\">Pedale:<\/td>\n<td class=\"product--properties-value\">nicht im Lieferumfang enthalten<\/td>\n<\/tr>\n<tr class=\"product--properties-row row25\">\n<td class=\"product--properties-label is--bold\">Zul\u00e4ssiges Gesamtgewicht:<\/td>\n<td class=\"product--properties-value\">115 kg (K\u00f6rpergewicht + Fahrrad + Ausr\u00fcstung)<\/td>\n<\/tr>\n<tr class=\"product--properties-row row26\">\n<td class=\"product--properties-label is--bold\">Gewicht Komplettrad:<\/td>\n<td class=\"product--properties-value\">ab 8,60 kg<\/td>\n<\/tr>\n<\/tbody>\n<\/table><\/div>\n<\/p><\/div>\n","protected":false},"excerpt":{"rendered":"<div class=\"tab-menu--product js--tab-menu\">\n<div class=\"tab--container-list\">\n<div class=\"tab--container description has--content is--active\">\n<div class=\"tab--content box-description\">\n<div class=\"content--description\">\n<div class=\"ean-box\"><label>Modelljahr: <span style=\"font-size: 16px\">\u00a02022<\/span><\/label><\/div>\n<\/p><\/div>\n<\/p><\/div>\n<\/p><\/div>\n<\/p><\/div>\n<\/p><\/div>\n<p><a class=\"rating-link-info--box\" name=\"product--publish-comment\"><\/a><\/p>\n<div id=\"detail--product-reviews\" class=\"content--product-reviews 123\"><\/div>\n","protected":false},"featured_media":11906,"comment_status":"closed","ping_status":"closed","template":"","meta":[],"product_brand":[],"product_cat":[95,132,96],"product_tag":[],"class_list":{"0":"post-11883","1":"product","2":"type-product","3":"status-publish","4":"has-post-thumbnail","6":"product_cat-fahrrad","7":"product_cat-hardtail-29","8":"product_cat-mountainbike","10":"first","11":"instock","12":"sale","13":"shipping-taxable","14":"purchasable","15":"product-type-variable"},"_links":{"self":[{"href":"https:\/\/fatbike-de.com\/index.php\/wp-json\/wp\/v2\/product\/11883","targetHints":{"allow":["GET"]}}],"collection":[{"href":"https:\/\/fatbike-de.com\/index.php\/wp-json\/wp\/v2\/product"}],"about":[{"href":"https:\/\/fatbike-de.com\/index.php\/wp-json\/wp\/v2\/types\/product"}],"replies":[{"embeddable":true,"href":"https:\/\/fatbike-de.com\/index.php\/wp-json\/wp\/v2\/comments?post=11883"}],"wp:featuredmedia":[{"embeddable":true,"href":"https:\/\/fatbike-de.com\/index.php\/wp-json\/wp\/v2\/media\/11906"}],"wp:attachment":[{"href":"https:\/\/fatbike-de.com\/index.php\/wp-json\/wp\/v2\/media?parent=11883"}],"wp:term":[{"taxonomy":"product_brand","embeddable":true,"href":"https:\/\/fatbike-de.com\/index.php\/wp-json\/wp\/v2\/product_brand?post=11883"},{"taxonomy":"product_cat","embeddable":true,"href":"https:\/\/fatbike-de.com\/index.php\/wp-json\/wp\/v2\/product_cat?post=11883"},{"taxonomy":"product_tag","embeddable":true,"href":"https:\/\/fatbike-de.com\/index.php\/wp-json\/wp\/v2\/product_tag?post=11883"}],"curies":[{"name":"wp","href":"https:\/\/api.w.org\/{rel}","templated":true}]}}