{"id":12193,"date":"2024-02-27T15:13:11","date_gmt":"2024-02-27T14:13:11","guid":{"rendered":"https:\/\/fatbike-de.com\/?post_type=product&#038;p=12193"},"modified":"2024-02-27T15:13:27","modified_gmt":"2024-02-27T14:13:27","slug":"cube-attention-sl-reversebluenblack","status":"publish","type":"product","link":"https:\/\/fatbike-de.com\/index.php\/product\/cube-attention-sl-reversebluenblack\/","title":{"rendered":"Cube Attention SL reverseblue\u00b4n\u00b4black"},"content":{"rendered":"<h2 class=\"content--title\"><strong>Cube<\/strong>\u00a0Attention SL reverseblue\u00b4n\u00b4black<\/h2>\n<p class=\"product--description\">Am brandneuen Cube Attention SL kommt man nicht so leicht vorbei &#8211; mit seinem \u00fcberarbeiteten Rahmen, der mit einer versenkbaren Sattelst\u00fctze ausger\u00fcstet werden kann und seinen sorgf\u00e4ltig ausgesuchten Komponenten stiehlt es der Konkurrenz n\u00e4mlich locker die Show.<\/p>\n<hr \/>\n<p class=\"product--description\"><a href=\"https:\/\/www.cube.eu\/360\/503160\" target=\"_blank\" rel=\"noopener\"><img decoding=\"async\" title=\"360\u00b0\" src=\"https:\/\/cd.bike-discount.de\/media\/image\/3a\/ee\/83\/360.png\" alt=\"\" width=\"40\" height=\"39\" data-mid=\"729769\" data-src=\"media\/image\/360.png\" \/>360\u00b0-Ansicht \u00f6ffnen<\/a><\/p>\n<hr \/>\n<p>Zum einen ist da die RockShox Judy Silver Luftfedergabel. Sie ist besonders einfach einzustellen, federt s\u00e4mtliche Schl\u00e4ge von Buckeln und L\u00f6chern auf der Strecke gekonnt ab und h\u00e4lt das Bike souver\u00e4n auf Kurs. Zum anderen die legend\u00e4re XT 1&#215;12 Schaltung von Shimano. Sie bietet nicht nur eine sehr weite \u00fcbersetzungsbandbreite, sondern wechselt so pr\u00e4zise und zuverl\u00e4ssig die von Gang zu Gang, wie man es von der Marke gewohnt ist. Dazu kommen leistungsstarke hydraulische Scheibenbremsen von Shimano und griffige 2.25 Zoll breite Reifen.<\/p>\n<hr \/>\n<p class=\"product--description\"><strong>In den Rahmengr\u00f6\u00dfen XS (14&#8243;) und S (16&#8243;) als 27,5er. In den Rahmengr\u00f6\u00dfen M (18&#8243;), L (20&#8243;), XL (22&#8243;) und XXL (24&#8243;) als 29er.<\/strong><\/p>\n<hr \/>\n<h3>RAHMEN Cube Attention SL reverseblue\u00b4n\u00b4black<\/h3>\n<p>Der brandneue Attention Rahmen besticht 2022 mit einem \u00fcberarbeiteten, supercleanen Look. Verantwortlich daf\u00fcr: das im Smooth Welding Verfahren hergestellte Steuerrohr und Sattelst\u00fctzenprofil. Au\u00dferdem haben wir ihm ein geschraubtes Tretlager gegeben und die Z\u00fcge ins Innere verlegte, damit sie ihre Aufgabe lange machen und leicht gewartet werden k\u00f6nnen. Es gibt sogar eine Aufnahme f\u00fcr eine Flat-Mount-Scheibenbremse, die nahtlos in die Seitenst\u00e4nderaufnahme integriert ist. Montagepunkte f\u00fcr ACID Schutzbleche und Gep\u00e4cktr\u00e4ger sind auch mit dabei. Die \u00fcberarbeitete Geometrie hat ein niedrigeres Oberrohr und konifiziertes Steuerrohr f\u00fcr noch zuverl\u00e4ssigeres Handling. Die Kabelz\u00fcge verlaufen im Inneren, was die Wartung erleichtert. Au\u00dferdem bleibt viel Platz f\u00fcr breite, griffige und komfortabel rollende 2.25 Zoll Reifen. Wir haben unserem SizeSplit System \u00fcbrigens weitere Gr\u00f6\u00dfenoptionen hinzugef\u00fcgt &#8211; dadurch findet jeder und jede die perfekt passende Attention Rahmengr\u00f6\u00dfe f\u00fcr sich. Und da mit wachsendem Fahrk\u00f6nnen auch die Anspr\u00fcche steigen, kann der Rahmen mit einer versenkbaren Sattelst\u00fctze ausgestattet werden.<\/p>\n<h2>Ausstattung<\/h2>\n<div class=\"product--properties panel has--border\">\n<table class=\"product--properties-table\">\n<tbody>\n<tr class=\"product--properties-row row1\">\n<td class=\"product--properties-label is--bold\">Rahmen:<\/td>\n<td class=\"product--properties-value\">Aluminium Lite, AMF, Double Butted, Internal Cable Routing, Tapered Head Tube, Flat Mount Brake, SIC Mount, FM Kickstand Mount<\/td>\n<\/tr>\n<tr class=\"product--properties-row row2\">\n<td class=\"product--properties-label is--bold\">Rahmenmaterial:<\/td>\n<td class=\"product--properties-value\">Aluminium<\/td>\n<\/tr>\n<tr class=\"product--properties-row row3\">\n<td class=\"product--properties-label is--bold\">Laufradgr\u00f6\u00dfe:<\/td>\n<td class=\"product--properties-value\">Size Split: 27.5: XS (14&#8243;), S (16&#8243;) \/\/ 29: M (18&#8243;), L (20&#8243;), XL (22&#8243;), XXL (24&#8243;)<\/td>\n<\/tr>\n<tr class=\"product--properties-row row4\">\n<td class=\"product--properties-label is--bold\">Farbe:<\/td>\n<td class=\"product--properties-value\">reverseblue\u00b4n\u00b4black<\/td>\n<\/tr>\n<tr class=\"product--properties-row row5\">\n<td class=\"product--properties-label is--bold\">Gabel:<\/td>\n<td class=\"product--properties-value\">RockShox Judy Silver TK Air, 100mm, PopLoc<\/td>\n<\/tr>\n<tr class=\"product--properties-row row6\">\n<td class=\"product--properties-label is--bold\">Federweg:<\/td>\n<td class=\"product--properties-value\">100mm<\/td>\n<\/tr>\n<tr class=\"product--properties-row row7\">\n<td class=\"product--properties-label is--bold\">Bremsen:<\/td>\n<td class=\"product--properties-value\">Shimano BR-MT200\/UR300, Hydr. Disc Brake, PM\/FM (180\/160)<\/td>\n<\/tr>\n<tr class=\"product--properties-row row8\">\n<td class=\"product--properties-label is--bold\">Steuersatz:<\/td>\n<td class=\"product--properties-value\">CUBE FPH868, Top 1 1\/8&#8243;, Bottom 1 1\/2&#8243;, Semi-Integrated<\/td>\n<\/tr>\n<tr class=\"product--properties-row row9\">\n<td class=\"product--properties-label is--bold\">Vorbau:<\/td>\n<td class=\"product--properties-value\">CUBE Performance Stem SL, 31.8mm<\/td>\n<\/tr>\n<tr class=\"product--properties-row row10\">\n<td class=\"product--properties-label is--bold\">Lenker:<\/td>\n<td class=\"product--properties-value\">CUBE Rise Trail Bar, 680mm<\/td>\n<\/tr>\n<tr class=\"product--properties-row row11\">\n<td class=\"product--properties-label is--bold\">Griffe:<\/td>\n<td class=\"product--properties-value\">ACID React<\/td>\n<\/tr>\n<tr class=\"product--properties-row row12\">\n<td class=\"product--properties-label is--bold\">Sattel:<\/td>\n<td class=\"product--properties-value\">Natural Fit Venec Lite<\/td>\n<\/tr>\n<tr class=\"product--properties-row row13\">\n<td class=\"product--properties-label is--bold\">Sattelst\u00fctze:<\/td>\n<td class=\"product--properties-value\">CUBE Performance Post, 27.2mm<\/td>\n<\/tr>\n<tr class=\"product--properties-row row14\">\n<td class=\"product--properties-label is--bold\">Sattelklemme:<\/td>\n<td class=\"product--properties-value\">CUBE Varioclose, 31.8mm<\/td>\n<\/tr>\n<tr class=\"product--properties-row row15\">\n<td class=\"product--properties-label is--bold\">Kurbel:<\/td>\n<td class=\"product--properties-value\">Shimano FC.MT511, 32T, Boost<\/td>\n<\/tr>\n<\/tbody>\n<\/table>\n<table class=\"product--properties-table\">\n<tbody>\n<tr class=\"product--properties-row row16\">\n<td class=\"product--properties-label is--bold\">Schaltwerk:<\/td>\n<td class=\"product--properties-value\">Shimano XT RD-M8100-SGS, ShadowPlus, 12-Speed<\/td>\n<\/tr>\n<tr class=\"product--properties-row row17\">\n<td class=\"product--properties-label is--bold\">Schalthebel:<\/td>\n<td class=\"product--properties-value\">Shimano Deore SL-M6100, Rapidfire-Plus<\/td>\n<\/tr>\n<tr class=\"product--properties-row row18\">\n<td class=\"product--properties-label is--bold\">Kassette:<\/td>\n<td class=\"product--properties-value\">Shimano Deore CS-M6100, 10-51T<\/td>\n<\/tr>\n<tr class=\"product--properties-row row19\">\n<td class=\"product--properties-label is--bold\">Kette:<\/td>\n<td class=\"product--properties-value\">Shimano CN-M6100<\/td>\n<\/tr>\n<tr class=\"product--properties-row row20\">\n<td class=\"product--properties-label is--bold\">Reifen:<\/td>\n<td class=\"product--properties-value\">Schwalbe Smart Sam, Active, 2.25<\/td>\n<\/tr>\n<tr class=\"product--properties-row row21\">\n<td class=\"product--properties-label is--bold\">Nabe Vorderrad:<\/td>\n<td class=\"product--properties-value\">Shimano HB-M4050, QR, Centerlock<\/td>\n<\/tr>\n<tr class=\"product--properties-row row22\">\n<td class=\"product--properties-label is--bold\">Nabe Hinterrad:<\/td>\n<td class=\"product--properties-value\">Shimano FH-MT401, QR, Centerlock<\/td>\n<\/tr>\n<tr class=\"product--properties-row row23\">\n<td class=\"product--properties-label is--bold\">Felgen:<\/td>\n<td class=\"product--properties-value\">CUBE ZX20, 32H, Disc<\/td>\n<\/tr>\n<tr class=\"product--properties-row row24\">\n<td class=\"product--properties-label is--bold\">Pedale:<\/td>\n<td class=\"product--properties-value\">CUBE PP MTB<\/td>\n<\/tr>\n<tr class=\"product--properties-row row25\">\n<td class=\"product--properties-label is--bold\">Zul\u00e4ssiges Gesamtgewicht:<\/td>\n<td class=\"product--properties-value\">140 kg -&gt; 115 kg (K\u00f6rpergewicht + Fahrrad + Ausr\u00fcstung) + 25 kg Zuladung (Gep\u00e4cktr\u00e4ger)<\/td>\n<\/tr>\n<tr class=\"product--properties-row row26\">\n<td class=\"product--properties-label is--bold\">Gewicht Komplettrad:<\/td>\n<td class=\"product--properties-value\">ab 13,6 kg<\/td>\n<\/tr>\n<\/tbody>\n<\/table><\/div>\n","protected":false},"excerpt":{"rendered":"<div class=\"tab-menu--product js--tab-menu\">\n<div class=\"tab--container-list\">\n<div class=\"tab--container description has--content is--active\">\n<div class=\"tab--content box-description\">\n<div class=\"content--description\">\n<div class=\"ean-box\"><label>Modelljahr: <span style=\"font-size: 16px\">2022<\/span><\/label><\/div>\n<\/p><\/div>\n<\/p><\/div>\n<\/p><\/div>\n<\/p><\/div>\n<\/p><\/div>\n<p><a class=\"rating-link-info--box\" name=\"product--publish-comment\"><\/a><\/p>\n<div id=\"detail--product-reviews\" class=\"content--product-reviews 123\"><\/div>\n","protected":false},"featured_media":12212,"comment_status":"closed","ping_status":"closed","template":"","meta":[],"product_brand":[],"product_cat":[95,133,96],"product_tag":[],"class_list":{"0":"post-12193","1":"product","2":"type-product","3":"status-publish","4":"has-post-thumbnail","6":"product_cat-fahrrad","7":"product_cat-hardtail-27","8":"product_cat-mountainbike","10":"first","11":"instock","12":"sale","13":"shipping-taxable","14":"purchasable","15":"product-type-variable"},"_links":{"self":[{"href":"https:\/\/fatbike-de.com\/index.php\/wp-json\/wp\/v2\/product\/12193","targetHints":{"allow":["GET"]}}],"collection":[{"href":"https:\/\/fatbike-de.com\/index.php\/wp-json\/wp\/v2\/product"}],"about":[{"href":"https:\/\/fatbike-de.com\/index.php\/wp-json\/wp\/v2\/types\/product"}],"replies":[{"embeddable":true,"href":"https:\/\/fatbike-de.com\/index.php\/wp-json\/wp\/v2\/comments?post=12193"}],"wp:featuredmedia":[{"embeddable":true,"href":"https:\/\/fatbike-de.com\/index.php\/wp-json\/wp\/v2\/media\/12212"}],"wp:attachment":[{"href":"https:\/\/fatbike-de.com\/index.php\/wp-json\/wp\/v2\/media?parent=12193"}],"wp:term":[{"taxonomy":"product_brand","embeddable":true,"href":"https:\/\/fatbike-de.com\/index.php\/wp-json\/wp\/v2\/product_brand?post=12193"},{"taxonomy":"product_cat","embeddable":true,"href":"https:\/\/fatbike-de.com\/index.php\/wp-json\/wp\/v2\/product_cat?post=12193"},{"taxonomy":"product_tag","embeddable":true,"href":"https:\/\/fatbike-de.com\/index.php\/wp-json\/wp\/v2\/product_tag?post=12193"}],"curies":[{"name":"wp","href":"https:\/\/api.w.org\/{rel}","templated":true}]}}