{"id":12409,"date":"2024-02-27T16:31:56","date_gmt":"2024-02-27T15:31:56","guid":{"rendered":"https:\/\/fatbike-de.com\/?post_type=product&#038;p=12409"},"modified":"2024-02-27T16:32:41","modified_gmt":"2024-02-27T15:32:41","slug":"radon-zr-team-8-0","status":"publish","type":"product","link":"https:\/\/fatbike-de.com\/index.php\/product\/radon-zr-team-8-0\/","title":{"rendered":"Radon ZR Team 8.0"},"content":{"rendered":"<h2 class=\"content--title\"><strong>Radon<\/strong>\u00a0ZR Team 8.0<\/h2>\n<p class=\"product--description\">Du suchst ein vollwertig ausgestattetes Mountainbike, was im Gel\u00e4nde ebenso ein treuer Begleiter ist wie im Gro\u00dfstadtdschungel? Dann liegst Du beim RADON ZR TEAM 8.0 genau richtig!<\/p>\n<hr \/>\n<h3><em>Bitte beachte bei den Rahmengr\u00f6\u00dfen die verschiedenen Laufradgr\u00f6\u00dfen!<\/em><\/h3>\n<hr \/>\n<h3>Die Highlights des Radon ZR Team 8.0<\/h3>\n<p>Alle Anbauteile sind so gew\u00e4hlt, dass Du auf dem Trail Spa\u00df hast, f\u00fcr die Shopping-Tour ist das ZR TEAM aber auch mehr als solide genug und der leichte Aluminiumrahmen bietet auch noch M\u00f6glichkeiten f\u00fcr Anbauteile wie Schutzbleche und einen Gep\u00e4cktr\u00e4ger. Die komfortable RockShox Judy Silver TK Federgabel stellt 100mm feinsten Federweg zur Verf\u00fcgung, l\u00e4sst sich mit ihrer Luftkartusche in Windeseile an Dein K\u00f6rpergewicht anpassen und f\u00fcr den Zwischensprint bergauf kannst Du sie auch in Sekundenbruchteilen vom Lenker aus sperren.<\/p>\n<p>Dazu gesellt sich eine SRAM NX Eagle 12-fach Schaltung, die mit ihrer gro\u00dfen Gangspreizung f\u00fcr jede Gel\u00e4ndesituation die richtige \u00dcbersetzung bereitstellt und Dich auch Steilw\u00e4nde erklimmen l\u00e4sst. Die kr\u00e4ftige und kreuzsolide Shimano BR-MT410 Bremse l\u00e4sst Dich immer kontrolliert und beherzt abbremsen, auch wenn der Trail steil und die Bedingungen tricky sind.<\/p>\n<p>Dabei helfen die griffigen und lauffreudigen Schwalbe Reifen Tough Tom und Rapid Rob, die auf dem leichten wie steifen SUNringl\u00e9 D\u00fcroc Laufradsatz montiert sind, der Dich bei starken Antritten mit seiner geringen rotierenden Masse zu Bestleistungen antreibt. Sicher Dir dein ZR TEAM 8.0!<\/p>\n<h2>Ausstattung<\/h2>\n<div class=\"product--properties panel has--border\">\n<table class=\"product--properties-table\">\n<tbody>\n<tr class=\"product--properties-row row1\">\n<td class=\"product--properties-label is--bold\">Rahmen:<\/td>\n<td class=\"product--properties-value\">ZR TEAM, Gewicht: 2000 g, Maximale Reifenbreite: 2.35&#8243;, Schaltauge: #10169<\/td>\n<\/tr>\n<tr class=\"product--properties-row row2\">\n<td class=\"product--properties-label is--bold\">Rahmenmaterial:<\/td>\n<td class=\"product--properties-value\">Aluminium<\/td>\n<\/tr>\n<tr class=\"product--properties-row row3\">\n<td class=\"product--properties-label is--bold\">Laufradgr\u00f6\u00dfe:<\/td>\n<td class=\"product--properties-value\">Size split: 27.5&#8243; (16&#8243;, 18&#8243;, 20&#8243;) \/ 29&#8243; (18&#8243;, 20&#8243;, 22&#8243;)<\/td>\n<\/tr>\n<tr class=\"product--properties-row row4\">\n<td class=\"product--properties-label is--bold\">Farbe:<\/td>\n<td class=\"product--properties-value\">midnightblue \/ smokeysilver<\/td>\n<\/tr>\n<tr class=\"product--properties-row row5\">\n<td class=\"product--properties-label is--bold\">Gabel:<\/td>\n<td class=\"product--properties-value\">RockShox Judy Silver TK, Air, PopLoc Remote, Boost<\/td>\n<\/tr>\n<tr class=\"product--properties-row row6\">\n<td class=\"product--properties-label is--bold\">Federweg:<\/td>\n<td class=\"product--properties-value\">100mm<\/td>\n<\/tr>\n<tr class=\"product--properties-row row7\">\n<td class=\"product--properties-label is--bold\">Bremsen:<\/td>\n<td class=\"product--properties-value\">Shimano BR-MT410<\/td>\n<\/tr>\n<tr class=\"product--properties-row row8\">\n<td class=\"product--properties-label is--bold\">Bremsscheiben:<\/td>\n<td class=\"product--properties-value\">Shimano SM-RT26, 180\/160mm, 6-bolt<\/td>\n<\/tr>\n<tr class=\"product--properties-row row9\">\n<td class=\"product--properties-label is--bold\">Steuersatz:<\/td>\n<td class=\"product--properties-value\">VP, ZS44\/ZS56<\/td>\n<\/tr>\n<tr class=\"product--properties-row row10\">\n<td class=\"product--properties-label is--bold\">Vorbau:<\/td>\n<td class=\"product--properties-value\">LEVELNINE Race, 31.8mm, 6\u00b0 (&#8222;16&#8243;\/60mm, 18&#8243;\/75mm, 20&#8243;\/75mm) \/ (18&#8243;\/75mm, 20&#8243;\/75mm, 22&#8243;\/90mm)<\/td>\n<\/tr>\n<tr class=\"product--properties-row row11\">\n<td class=\"product--properties-label is--bold\">Lenker:<\/td>\n<td class=\"product--properties-value\">LEVELNINE Race, 31.8 x 720mm, 15mm rise<\/td>\n<\/tr>\n<tr class=\"product--properties-row row12\">\n<td class=\"product--properties-label is--bold\">Griffe:<\/td>\n<td class=\"product--properties-value\">ACID React Pro<\/td>\n<\/tr>\n<tr class=\"product--properties-row row13\">\n<td class=\"product--properties-label is--bold\">Sattel:<\/td>\n<td class=\"product--properties-value\">Selle Italia X1<\/td>\n<\/tr>\n<tr class=\"product--properties-row row14\">\n<td class=\"product--properties-label is--bold\">Sattelst\u00fctze:<\/td>\n<td class=\"product--properties-value\">LEVELNINE Race 30.9 x 400mm<\/td>\n<\/tr>\n<tr class=\"product--properties-row row15\">\n<td class=\"product--properties-label is--bold\">Kurbel:<\/td>\n<td class=\"product--properties-value\">SRAM X1 1000 Eagle DUB, 32T, 175mm<\/td>\n<\/tr>\n<\/tbody>\n<\/table>\n<table class=\"product--properties-table\">\n<tbody>\n<tr class=\"product--properties-row row16\">\n<td class=\"product--properties-label is--bold\">Tretlager\/Innenlager:<\/td>\n<td class=\"product--properties-value\">SRAM DUB, 73mm BSA<\/td>\n<\/tr>\n<tr class=\"product--properties-row row17\">\n<td class=\"product--properties-label is--bold\">Schaltwerk:<\/td>\n<td class=\"product--properties-value\">SRAM NX Eagle, 12-speed<\/td>\n<\/tr>\n<tr class=\"product--properties-row row18\">\n<td class=\"product--properties-label is--bold\">Schalthebel:<\/td>\n<td class=\"product--properties-value\">Sram NX Eagle<\/td>\n<\/tr>\n<tr class=\"product--properties-row row19\">\n<td class=\"product--properties-label is--bold\">Kassette:<\/td>\n<td class=\"product--properties-value\">SRAM PG-1230 Eagle, 11-50<\/td>\n<\/tr>\n<tr class=\"product--properties-row row20\">\n<td class=\"product--properties-label is--bold\">Kette:<\/td>\n<td class=\"product--properties-value\">SRAM NX Eagle<\/td>\n<\/tr>\n<tr class=\"product--properties-row row21\">\n<td class=\"product--properties-label is--bold\">Reifen vorne:<\/td>\n<td class=\"product--properties-value\">Schwalbe Tough Tom, wired, 27.5&#8243; x 2.25&#8243; \/ 29&#8243; x 2.25&#8243;<\/td>\n<\/tr>\n<tr class=\"product--properties-row row22\">\n<td class=\"product--properties-label is--bold\">Reifen hinten:<\/td>\n<td class=\"product--properties-value\">Schwalbe Rapid Rob, wired, 27.5&#8243; x 2.25&#8243; \/ 29&#8243; x 2.25&#8243;<\/td>\n<\/tr>\n<tr class=\"product--properties-row row23\">\n<td class=\"product--properties-label is--bold\">Laufradsatz:<\/td>\n<td class=\"product--properties-value\">SunRingl\u00e9 D\u00fcroc 30, 26mm, 110\/135mm<\/td>\n<\/tr>\n<tr class=\"product--properties-row row24\">\n<td class=\"product--properties-label is--bold\">Pedale:<\/td>\n<td class=\"product--properties-value\">nicht im Lieferumfang enthalten<\/td>\n<\/tr>\n<tr class=\"product--properties-row row25\">\n<td class=\"product--properties-label is--bold\">Zul\u00e4ssiges Gesamtgewicht:<\/td>\n<td class=\"product--properties-value\">115 kg (K\u00f6rpergewicht + Fahrrad + Ausr\u00fcstung)<\/td>\n<\/tr>\n<tr class=\"product--properties-row row26\">\n<td class=\"product--properties-label is--bold\">Gewicht Komplettrad:<\/td>\n<td class=\"product--properties-value\">ab 12,95 kg<\/td>\n<\/tr>\n<\/tbody>\n<\/table><\/div>\n","protected":false},"excerpt":{"rendered":"<div class=\"tab-menu--product js--tab-menu\">\n<div class=\"tab--container-list\">\n<div class=\"tab--container description has--content is--active\">\n<div class=\"tab--content box-description\">\n<div class=\"content--description\">\n<div class=\"ean-box\"><label>Modelljahr: <span style=\"font-size: 16px\">2022<\/span><\/label><\/div>\n<\/p><\/div>\n<\/p><\/div>\n<\/p><\/div>\n<\/p><\/div>\n<\/p><\/div>\n<p><a class=\"rating-link-info--box\" name=\"product--publish-comment\"><\/a><\/p>\n<div id=\"detail--product-reviews\" class=\"content--product-reviews 123\"><\/div>\n","protected":false},"featured_media":12447,"comment_status":"closed","ping_status":"closed","template":"","meta":[],"product_brand":[],"product_cat":[95,132,96],"product_tag":[],"class_list":{"0":"post-12409","1":"product","2":"type-product","3":"status-publish","4":"has-post-thumbnail","6":"product_cat-fahrrad","7":"product_cat-hardtail-29","8":"product_cat-mountainbike","10":"first","11":"instock","12":"sale","13":"shipping-taxable","14":"purchasable","15":"product-type-variable"},"_links":{"self":[{"href":"https:\/\/fatbike-de.com\/index.php\/wp-json\/wp\/v2\/product\/12409","targetHints":{"allow":["GET"]}}],"collection":[{"href":"https:\/\/fatbike-de.com\/index.php\/wp-json\/wp\/v2\/product"}],"about":[{"href":"https:\/\/fatbike-de.com\/index.php\/wp-json\/wp\/v2\/types\/product"}],"replies":[{"embeddable":true,"href":"https:\/\/fatbike-de.com\/index.php\/wp-json\/wp\/v2\/comments?post=12409"}],"wp:featuredmedia":[{"embeddable":true,"href":"https:\/\/fatbike-de.com\/index.php\/wp-json\/wp\/v2\/media\/12447"}],"wp:attachment":[{"href":"https:\/\/fatbike-de.com\/index.php\/wp-json\/wp\/v2\/media?parent=12409"}],"wp:term":[{"taxonomy":"product_brand","embeddable":true,"href":"https:\/\/fatbike-de.com\/index.php\/wp-json\/wp\/v2\/product_brand?post=12409"},{"taxonomy":"product_cat","embeddable":true,"href":"https:\/\/fatbike-de.com\/index.php\/wp-json\/wp\/v2\/product_cat?post=12409"},{"taxonomy":"product_tag","embeddable":true,"href":"https:\/\/fatbike-de.com\/index.php\/wp-json\/wp\/v2\/product_tag?post=12409"}],"curies":[{"name":"wp","href":"https:\/\/api.w.org\/{rel}","templated":true}]}}