{"id":12678,"date":"2024-02-27T16:34:03","date_gmt":"2024-02-27T15:34:03","guid":{"rendered":"https:\/\/fatbike-de.com\/?post_type=product&#038;p=12678"},"modified":"2024-02-27T16:34:57","modified_gmt":"2024-02-27T15:34:57","slug":"breezer-radar-cafe-gravelbike","status":"publish","type":"product","link":"https:\/\/fatbike-de.com\/index.php\/product\/breezer-radar-cafe-gravelbike\/","title":{"rendered":"Breezer RADAR CAFE GravelBike"},"content":{"rendered":"<h2 class=\"product--title\"><strong>Breezer<\/strong>\u00a0RADAR CAFE<\/h2>\n<p>Mit dem Breezer\u00a0 RADAR CAFE ein Bike im Sortiment, das Gravel- und Bikepacking-Fans anspricht. Es bietet Gep\u00e4cktr\u00e4ger-Halterungen, Aufnahmen f\u00fcr Flaschenhalter und hydraulische Scheibenbremsen.<\/p>\n<p>Mit der gro\u00dfen Bandbreite des Antriebs bew\u00e4ltigst du auch vollgepackt die steilsten Anstiege und den Weg wieder runter. Das RADAR eignet sich ebenso f\u00fcr urbane Trips wie f\u00fcr off-road Abenteuer.<\/p>\n<hr \/>\n<h3>Features &#8211; Breezer Radar<\/h3>\n<ul>\n<li>Kompakte Geometrie<\/li>\n<li>Konifizierter Chromoly-Rahmen mit BSA-Tretlager, Breeze-In Ausfallende und Apex-Scheibenbremsaufnahme<\/li>\n<li>\u00d6sen f\u00fcr Gep\u00e4cktr\u00e4ger oder extra Flaschenhalter<\/li>\n<li>Tubeless-kompatible Laufr\u00e4der<\/li>\n<\/ul>\n<h2>Ausstattung<\/h2>\n<div class=\"product--properties panel has--border\">\n<table class=\"product--properties-table\">\n<tbody>\n<tr class=\"product--properties-row row1\">\n<td class=\"product--properties-label is--bold\">Rahmen:<\/td>\n<td class=\"product--properties-value\">Breezer butted chromoly steel, BSA threaded BB, Apex disc mount 135mm QR<\/td>\n<\/tr>\n<tr class=\"product--properties-row row2\">\n<td class=\"product--properties-label is--bold\">Rahmenmaterial:<\/td>\n<td class=\"product--properties-value\">Stahl<\/td>\n<\/tr>\n<tr class=\"product--properties-row row3\">\n<td class=\"product--properties-label is--bold\">Laufradgr\u00f6\u00dfe:<\/td>\n<td class=\"product--properties-value\">28&#8243;<\/td>\n<\/tr>\n<tr class=\"product--properties-row row4\">\n<td class=\"product--properties-label is--bold\">Farbe:<\/td>\n<td class=\"product--properties-value\">Satin Cool-Gray<\/td>\n<\/tr>\n<tr class=\"product--properties-row row5\">\n<td class=\"product--properties-label is--bold\">Gabel:<\/td>\n<td class=\"product--properties-value\">Chromoly disc, 1 1\/8&#8243;, QR w\/rack, fender &amp; side bottle mounts<\/td>\n<\/tr>\n<tr class=\"product--properties-row row6\">\n<td class=\"product--properties-label is--bold\">Bremsen:<\/td>\n<td class=\"product--properties-value\">Shimano MT200 hydraulic disc, 160mm rotor<\/td>\n<\/tr>\n<tr class=\"product--properties-row row7\">\n<td class=\"product--properties-label is--bold\">Bremshebel:<\/td>\n<td class=\"product--properties-value\">Shimano MT201 alloy<\/td>\n<\/tr>\n<tr class=\"product--properties-row row8\">\n<td class=\"product--properties-label is--bold\">Steuersatz:<\/td>\n<td class=\"product--properties-value\">FSA 1 1\/8&#8243; Threadless, 6.5mm aluminum top cover<\/td>\n<\/tr>\n<tr class=\"product--properties-row row9\">\n<td class=\"product--properties-label is--bold\">Vorbau:<\/td>\n<td class=\"product--properties-value\">Breezer B-Road, 3D-forged 6061 stem body, +\/-6 degree<\/td>\n<\/tr>\n<tr class=\"product--properties-row row10\">\n<td class=\"product--properties-label is--bold\">Lenker:<\/td>\n<td class=\"product--properties-value\">Breezer Flat Bar, 720mm width, 8 degree backsweep<\/td>\n<\/tr>\n<tr class=\"product--properties-row row11\">\n<td class=\"product--properties-label is--bold\">Griffe:<\/td>\n<td class=\"product--properties-value\">Breezer lock-on<\/td>\n<\/tr>\n<tr class=\"product--properties-row row12\">\n<td class=\"product--properties-label is--bold\">Sattel:<\/td>\n<td class=\"product--properties-value\">Breezer riveted, steel rail<\/td>\n<\/tr>\n<tr class=\"product--properties-row row13\">\n<td class=\"product--properties-label is--bold\">Sattelst\u00fctze:<\/td>\n<td class=\"product--properties-value\">Breezer setback, 6061 alloy, 27.2mm diameter<\/td>\n<\/tr>\n<tr class=\"product--properties-row row14\">\n<td class=\"product--properties-label is--bold\">Kurbel:<\/td>\n<td class=\"product--properties-value\">FSA Comet 1x, forged 2-piece, 38T<\/td>\n<\/tr>\n<tr class=\"product--properties-row row15\">\n<td class=\"product--properties-label is--bold\">Tretlager\/Innenlager:<\/td>\n<td class=\"product--properties-value\">FSA sealed-cartridge, BSA<\/td>\n<\/tr>\n<\/tbody>\n<\/table>\n<table class=\"product--properties-table\">\n<tbody>\n<tr class=\"product--properties-row row16\">\n<td class=\"product--properties-label is--bold\">Schaltwerk:<\/td>\n<td class=\"product--properties-value\">Shimano Deore shadow plus<\/td>\n<\/tr>\n<tr class=\"product--properties-row row17\">\n<td class=\"product--properties-label is--bold\">Schalthebel:<\/td>\n<td class=\"product--properties-value\">Shimano Deore, RapidFire Plus, 10-speed<\/td>\n<\/tr>\n<tr class=\"product--properties-row row18\">\n<td class=\"product--properties-label is--bold\">Kassette:<\/td>\n<td class=\"product--properties-value\">Shimano Deore, 11-42T, 10-speed<\/td>\n<\/tr>\n<tr class=\"product--properties-row row19\">\n<td class=\"product--properties-label is--bold\">Kette:<\/td>\n<td class=\"product--properties-value\">Shimano 10spd<\/td>\n<\/tr>\n<tr class=\"product--properties-row row20\">\n<td class=\"product--properties-label is--bold\">Reifen:<\/td>\n<td class=\"product--properties-value\">Kenda Small Block 8, 29 x 1.9&#8243;, wire bead<\/td>\n<\/tr>\n<tr class=\"product--properties-row row21\">\n<td class=\"product--properties-label is--bold\">Laufradsatz:<\/td>\n<td class=\"product--properties-value\">WTB STP i23 TCS disc, tubeless compatible, Shimano Centerlock hubs, 14g stainless steel spokes, 32H<\/td>\n<\/tr>\n<tr class=\"product--properties-row row22\">\n<td class=\"product--properties-label is--bold\">Pedale:<\/td>\n<td class=\"product--properties-value\">nicht im Lieferumfang enthalten<\/td>\n<\/tr>\n<tr class=\"product--properties-row row23\">\n<td class=\"product--properties-label is--bold\">Gewicht Komplettrad:<\/td>\n<td class=\"product--properties-value\">13 kg<\/td>\n<\/tr>\n<\/tbody>\n<\/table>\n<h3>Empfohlene Rahmengr\u00f6\u00dfe<\/h3>\n<ul>\n<li><b>S (48 cm):<\/b>\u00a0165 &#8211; 173 cm<\/li>\n<li><b>M (51 cm):<\/b>\u00a0173 &#8211; 180,5 cm<\/li>\n<li><b>L (54 cm):<\/b>\u00a0178 &#8211; 183 cm<\/li>\n<li><b>XL (57 cm):<\/b>\u00a0183 &#8211; 188 cm<\/li>\n<li><b>XXL (60 cm):<\/b>\u00a0188 &#8211; 195,5 cm<\/li>\n<\/ul><\/div>\n","protected":false},"excerpt":{"rendered":"<p><label>Modelljahr: <span style=\"font-size: 16px\">2022<\/span><\/label><\/p>\n","protected":false},"featured_media":12702,"comment_status":"closed","ping_status":"closed","template":"","meta":[],"product_brand":[],"product_cat":[95,129],"product_tag":[],"class_list":{"0":"post-12678","1":"product","2":"type-product","3":"status-publish","4":"has-post-thumbnail","6":"product_cat-fahrrad","7":"product_cat-gravel-bikes","9":"first","10":"instock","11":"shipping-taxable","12":"purchasable","13":"product-type-variable"},"_links":{"self":[{"href":"https:\/\/fatbike-de.com\/index.php\/wp-json\/wp\/v2\/product\/12678","targetHints":{"allow":["GET"]}}],"collection":[{"href":"https:\/\/fatbike-de.com\/index.php\/wp-json\/wp\/v2\/product"}],"about":[{"href":"https:\/\/fatbike-de.com\/index.php\/wp-json\/wp\/v2\/types\/product"}],"replies":[{"embeddable":true,"href":"https:\/\/fatbike-de.com\/index.php\/wp-json\/wp\/v2\/comments?post=12678"}],"wp:featuredmedia":[{"embeddable":true,"href":"https:\/\/fatbike-de.com\/index.php\/wp-json\/wp\/v2\/media\/12702"}],"wp:attachment":[{"href":"https:\/\/fatbike-de.com\/index.php\/wp-json\/wp\/v2\/media?parent=12678"}],"wp:term":[{"taxonomy":"product_brand","embeddable":true,"href":"https:\/\/fatbike-de.com\/index.php\/wp-json\/wp\/v2\/product_brand?post=12678"},{"taxonomy":"product_cat","embeddable":true,"href":"https:\/\/fatbike-de.com\/index.php\/wp-json\/wp\/v2\/product_cat?post=12678"},{"taxonomy":"product_tag","embeddable":true,"href":"https:\/\/fatbike-de.com\/index.php\/wp-json\/wp\/v2\/product_tag?post=12678"}],"curies":[{"name":"wp","href":"https:\/\/api.w.org\/{rel}","templated":true}]}}