{"id":12793,"date":"2024-02-27T16:35:29","date_gmt":"2024-02-27T15:35:29","guid":{"rendered":"https:\/\/fatbike-de.com\/?post_type=product&#038;p=12793"},"modified":"2024-02-27T16:35:43","modified_gmt":"2024-02-27T15:35:43","slug":"sunn-tox-s4-27-5-hardtail-mtb-shimano-tourney-2022-2","status":"publish","type":"product","link":"https:\/\/fatbike-de.com\/index.php\/product\/sunn-tox-s4-27-5-hardtail-mtb-shimano-tourney-2022-2\/","title":{"rendered":"SUNN TOX S4 27.5 HARDTAIL MTB SHIMANO TOURNEY 2022"},"content":{"rendered":"<h2 class=\"heading-title-text\">SUNN TOX S4 27.5 HARDTAIL MTB SHIMANO TOURNEY 7F\u00a0 ROT 2022<\/h2>\n<div class=\"col col-sm-12 col-md-12 col-lg-12\">\n<p><strong>Das Sunn Tox S4 27.5<\/strong>\u00a0ist ideal, um mit der Familie oder mit Freunden neue Horizonte zu entdecken. Es ist ein Mountainbike, mit dem Sie mit Ihren Kindern auf den Wegen genauso komfortabel spazieren gehen wie auf den Trails. Das\u00a0<strong>Tox<\/strong>\u00a0ist ein echtes Semi-Rigid-Mountainbike mit einem au\u00dfergew\u00f6hnlichen Preis-Leistungs-Verh\u00e4ltnis. Sein 6061er Aluminiumrahmen verf\u00fcgt \u00fcber die Edge-Tubing-Technologie, die eine k\u00fcrzere Geometrie bietet, die am Hang effizient ist.<\/p>\n<\/p><\/div>\n<div class=\"prodsheet_bullets col col-sm-8 col-md-8 col-lg-8\">\n<h4>DAS PRODUKT:<\/h4>\n<ul>\n<li>6061 Aluminiumrahmen.<\/li>\n<li>Shimano Tourney-Antrieb, 3&#215;7-Gang.<\/li>\n<li>Mechanische Shimano 160\/160 mm Scheibenbremsen.<\/li>\n<\/ul><\/div>\n<div class=\"prodsheet_specs1 col col-sm-12 col-md-12 col-lg-12\">\n<h4>EINZELHEITEN:<\/h4>\n<table class=\"table table-striped\">\n<tbody>\n<tr>\n<td>Rahmen<\/td>\n<td>Aluminium: Neue Tox Scheibenbremse Al 6061, ZS Semi Steuersatz<\/td>\n<\/tr>\n<tr>\n<td>Gabel<\/td>\n<td>Zoom 525i 1&#8220;1\/8 Spule 100? mm<\/td>\n<\/tr>\n<tr>\n<td>Schalthebel<\/td>\n<td>Shimano st-ef500 3&#215;7-fach<\/td>\n<\/tr>\n<tr>\n<td>Schaltwerk<\/td>\n<td>Shimano Tourney ty300 7-Gang, tz500 Triple 31,8<\/td>\n<\/tr>\n<tr>\n<td>Kassette<\/td>\n<td>Shimano hg200 7v 12-32 Z\u00e4hne<\/td>\n<\/tr>\n<tr>\n<td>Kurbel<\/td>\n<td>Shimano ty301 42x34x24<\/td>\n<\/tr>\n<tr>\n<td>Bremsen<\/td>\n<td>Shimano mechanisch, Scheibenbremse tx805 160\/160<\/td>\n<\/tr>\n<tr>\n<td>R\u00e4der<\/td>\n<td>Mach1 er20 19c 32t \/ Shimano tx505 Scheibe<\/td>\n<\/tr>\n<tr>\n<td>Reifen<\/td>\n<td>VR wird von Chaoyang rollen; 27,5&#215;2,00 (s \/ m); 29&#215;2,10 (m\/l)<\/td>\n<\/tr>\n<tr>\n<td>Lenker<\/td>\n<td>AL 6061 720mm \/ Au\u00dfen: 75mm-6\u00b0 -31.<\/td>\n<\/tr>\n<tr>\n<td>Sattel<\/td>\n<td>Sonnensport von ddk<\/td>\n<\/tr>\n<tr>\n<td>Sattelvorbau<\/td>\n<td>AL 27,2x350mm<\/td>\n<\/tr>\n<tr>\n<td>Gewicht<\/td>\n<td>&#8212;<\/td>\n<\/tr>\n<\/tbody>\n<\/table><\/div>\n<div class=\"prodsheet_specs2 col col-sm-8 col-md-8 col-lg-8\">\n<h4>GEOMETRIEN:<\/h4>\n<p><img decoding=\"async\" src=\"http:\/\/media1.alltricks.fr\/ckfinder\/images\/hardtail_en.jpg\" \/><\/p>\n<table class=\"table table-striped\">\n<tbody>\n<tr>\n<td>Rahmengr\u00f6\u00dfe<\/td>\n<td>S<\/td>\n<td>M<\/td>\n<\/tr>\n<tr>\n<td>Radgr\u00f6\u00dfe (Zoll)<\/td>\n<td>27,5<\/td>\n<td>27,5<\/td>\n<\/tr>\n<tr>\n<td>Sitzrohr (mm)<\/td>\n<td>400<\/td>\n<td>450<\/td>\n<\/tr>\n<tr>\n<td>Oberrohr (mm)<\/td>\n<td>570<\/td>\n<td>595<\/td>\n<\/tr>\n<tr>\n<td>Basisl\u00e4nge (mm)<\/td>\n<td>430<\/td>\n<td>430<\/td>\n<\/tr>\n<tr>\n<td>Steuerrohr (mm)<\/td>\n<td>105<\/td>\n<td>120<\/td>\n<\/tr>\n<tr>\n<td>Lenkwinkel (\u00b0)<\/td>\n<td>68,5<\/td>\n<td>68,5<\/td>\n<\/tr>\n<tr>\n<td>Sitzwinkel (\u00b0)<\/td>\n<td>73<\/td>\n<td>73<\/td>\n<\/tr>\n<tr>\n<td>Radstand (mm)<\/td>\n<td>1078<\/td>\n<td>1104<\/td>\n<\/tr>\n<tr>\n<td>Stapel (mm)<\/td>\n<td>600<\/td>\n<td>615<\/td>\n<\/tr>\n<tr>\n<td>Reichweite (mm)<\/td>\n<td>387<\/td>\n<td>407<\/td>\n<\/tr>\n<\/tbody>\n<\/table><\/div>\n","protected":false},"excerpt":{"rendered":"<p>SUNN TOX S4 27.5 HARDTAIL MTB SHIMANO TOURNEY 7F\u00a0 ROT 2022 Das Sunn Tox S4 27.5\u00a0ist ideal, um mit der Familie oder mit Freunden neue Horizonte zu entdecken. Es ist ein Mountainbike, mit dem Sie mit Ihren Kindern auf den Wegen genauso komfortabel spazieren gehen wie auf den Trails. Das\u00a0Tox\u00a0ist ein echtes Semi-Rigid-Mountainbike mit einem au\u00dfergew\u00f6hnlichen Preis-Leistungs-Verh\u00e4ltnis. Sein 6061er Aluminiumrahmen\u2026<\/p>\n","protected":false},"featured_media":6686,"comment_status":"closed","ping_status":"closed","template":"","meta":[],"product_brand":[],"product_cat":[111],"product_tag":[],"class_list":{"0":"post-12793","1":"product","2":"type-product","3":"status-publish","4":"has-post-thumbnail","6":"product_cat-accessories","8":"first","9":"instock","10":"shipping-taxable","11":"purchasable","12":"product-type-simple"},"_links":{"self":[{"href":"https:\/\/fatbike-de.com\/index.php\/wp-json\/wp\/v2\/product\/12793","targetHints":{"allow":["GET"]}}],"collection":[{"href":"https:\/\/fatbike-de.com\/index.php\/wp-json\/wp\/v2\/product"}],"about":[{"href":"https:\/\/fatbike-de.com\/index.php\/wp-json\/wp\/v2\/types\/product"}],"replies":[{"embeddable":true,"href":"https:\/\/fatbike-de.com\/index.php\/wp-json\/wp\/v2\/comments?post=12793"}],"wp:featuredmedia":[{"embeddable":true,"href":"https:\/\/fatbike-de.com\/index.php\/wp-json\/wp\/v2\/media\/6686"}],"wp:attachment":[{"href":"https:\/\/fatbike-de.com\/index.php\/wp-json\/wp\/v2\/media?parent=12793"}],"wp:term":[{"taxonomy":"product_brand","embeddable":true,"href":"https:\/\/fatbike-de.com\/index.php\/wp-json\/wp\/v2\/product_brand?post=12793"},{"taxonomy":"product_cat","embeddable":true,"href":"https:\/\/fatbike-de.com\/index.php\/wp-json\/wp\/v2\/product_cat?post=12793"},{"taxonomy":"product_tag","embeddable":true,"href":"https:\/\/fatbike-de.com\/index.php\/wp-json\/wp\/v2\/product_tag?post=12793"}],"curies":[{"name":"wp","href":"https:\/\/api.w.org\/{rel}","templated":true}]}}