{"id":13004,"date":"2024-02-27T16:37:20","date_gmt":"2024-02-27T15:37:20","guid":{"rendered":"https:\/\/fatbike-de.com\/?post_type=product&#038;p=13004"},"modified":"2024-02-27T16:37:32","modified_gmt":"2024-02-27T15:37:32","slug":"breezer-inversion-team-gravelbike","status":"publish","type":"product","link":"https:\/\/fatbike-de.com\/index.php\/product\/breezer-inversion-team-gravelbike\/","title":{"rendered":"Breezer INVERSION TEAM GravelBike"},"content":{"rendered":"<h2>Breezer INVERSION TEAM<\/h2>\n<div class=\"product--description\">\n<p>F\u00fcr einige Radfahrer beginnt der beste Teil der Fahrt erst nach Verlassen der geteerten Stra\u00dfe. Das Breezer Inversion Team wurde entwickelt, um dich schnell dorthin zu bringen und bietet gleichzeitig die Stabilit\u00e4t und Reifenfreiheit, um Schotter oder schlechte Stra\u00dfen problemlos zu bew\u00e4ltigen.Ausgestattet mit einem konifizierten Chromoly D&#8217;Fusion-Rahmen und Breezer Steckachsen, ist das Inversion eine wirklich vielseitige Drop-Bar-Maschine. Der Stahlrahmen bietet Komfort f\u00fcr einen langen Tag im Sattel, egal ob du mit Freunden auf der Stra\u00dfe unterwegs bist, eine Bikepacking-Tour unternimmst oder kilometerlang auf Schotter f\u00e4hrst. Das Inversion schafft ein neues Verst\u00e4ndnis daf\u00fcr, was ein &#8222;Allroad&#8220;-Bike sein kann.<\/p>\n<hr \/>\n<h3>Features &#8211; Breezer Inversion Team<\/h3>\n<ul>\n<li>Kompakte Breezer Allroad-Geometrie<\/li>\n<li>Neuer 650b-kompatibler Breezer D&#8217;Fusion doppelt konifizierter Chromoly-Rahmen mit 142x12mm Breeze-Thru Ausfallenden<\/li>\n<li>Breezer Vollcarbon-Gabel mit konischem Schaftrohr, 100x12mm Steckachse, seitlichen Wasserflaschenhalterungen und verdeckten Schutzblechhalterungen<\/li>\n<\/ul>\n<h3>Breezer Inversion Team<\/h3>\n<h2>Ausstattung<\/h2>\n<div class=\"product--properties panel has--border\">\n<table class=\"product--properties-table\">\n<tbody>\n<tr class=\"product--properties-row row1\">\n<td class=\"product--properties-label is--bold\">Rahmen:<\/td>\n<td class=\"product--properties-value\">Breezer D&#8217;Fusion fully-butted seamless hydroformed premium Japanese CrMo, tapered head tube, BB86 BB, 12x142mm<\/td>\n<\/tr>\n<tr class=\"product--properties-row row2\">\n<td class=\"product--properties-label is--bold\">Rahmenmaterial:<\/td>\n<td class=\"product--properties-value\">Stahl<\/td>\n<\/tr>\n<tr class=\"product--properties-row row3\">\n<td class=\"product--properties-label is--bold\">Laufradgr\u00f6\u00dfe:<\/td>\n<td class=\"product--properties-value\">28&#8243;<\/td>\n<\/tr>\n<tr class=\"product--properties-row row4\">\n<td class=\"product--properties-label is--bold\">Farbe:<\/td>\n<td class=\"product--properties-value\">Sage\/ burnt orange<\/td>\n<\/tr>\n<tr class=\"product--properties-row row5\">\n<td class=\"product--properties-label is--bold\">Gabel:<\/td>\n<td class=\"product--properties-value\">Full-carbon disc, tapered steerer, rack\/ fender &amp; side bottle mounts, 12x100mm thru-axle<\/td>\n<\/tr>\n<tr class=\"product--properties-row row6\">\n<td class=\"product--properties-label is--bold\">Bremsen:<\/td>\n<td class=\"product--properties-value\">Shimano GRX810 hydraulic, 160mm rotors<\/td>\n<\/tr>\n<tr class=\"product--properties-row row7\">\n<td class=\"product--properties-label is--bold\">Bremshebel:<\/td>\n<td class=\"product--properties-value\">Shimano GRX810<\/td>\n<\/tr>\n<tr class=\"product--properties-row row8\">\n<td class=\"product--properties-label is--bold\">Steuersatz:<\/td>\n<td class=\"product--properties-value\">FSA 1 1\/8&#8243;-1.5&#8243;, fully integrated, 36\u00b0 ACB-sealed, 6.5mm Aluminium top cover<\/td>\n<\/tr>\n<tr class=\"product--properties-row row9\">\n<td class=\"product--properties-label is--bold\">Vorbau:<\/td>\n<td class=\"product--properties-value\">Breezer B-Road, 3D-forged 6061 stem body, +\/-6\u00b0<\/td>\n<\/tr>\n<tr class=\"product--properties-row row10\">\n<td class=\"product--properties-label is--bold\">Lenker:<\/td>\n<td class=\"product--properties-value\">Breezer B-Road, 6061, 31, 8 clamp, 125mm drop, 70mm, 16\u00b0 flare<\/td>\n<\/tr>\n<tr class=\"product--properties-row row11\">\n<td class=\"product--properties-label is--bold\">Griffe:<\/td>\n<td class=\"product--properties-value\">Selle San Marco Presa Corsa Dynamic<\/td>\n<\/tr>\n<tr class=\"product--properties-row row12\">\n<td class=\"product--properties-label is--bold\">Sattel:<\/td>\n<td class=\"product--properties-value\">Selle San Marco Regal Evo<\/td>\n<\/tr>\n<tr class=\"product--properties-row row13\">\n<td class=\"product--properties-label is--bold\">Sattelst\u00fctze:<\/td>\n<td class=\"product--properties-value\">Breezer carbon, 27.2mm diameter<\/td>\n<\/tr>\n<tr class=\"product--properties-row row14\">\n<td class=\"product--properties-label is--bold\">Kurbel:<\/td>\n<td class=\"product--properties-value\">Shimano GRX810, 48\/31T<\/td>\n<\/tr>\n<tr class=\"product--properties-row row15\">\n<td class=\"product--properties-label is--bold\">Tretlager\/Innenlager:<\/td>\n<td class=\"product--properties-value\">Shimano BB86<\/td>\n<\/tr>\n<\/tbody>\n<\/table>\n<table class=\"product--properties-table\">\n<tbody>\n<tr class=\"product--properties-row row16\">\n<td class=\"product--properties-label is--bold\">Schaltwerk:<\/td>\n<td class=\"product--properties-value\">Shimano GRX810<\/td>\n<\/tr>\n<tr class=\"product--properties-row row17\">\n<td class=\"product--properties-label is--bold\">Schalthebel:<\/td>\n<td class=\"product--properties-value\">Shimano GRX, 2X11-speed<\/td>\n<\/tr>\n<tr class=\"product--properties-row row18\">\n<td class=\"product--properties-label is--bold\">Umwerfer:<\/td>\n<td class=\"product--properties-value\">Shimano GRX810<\/td>\n<\/tr>\n<tr class=\"product--properties-row row19\">\n<td class=\"product--properties-label is--bold\">Kassette:<\/td>\n<td class=\"product--properties-value\">Shimano HG700, 11-34T<\/td>\n<\/tr>\n<tr class=\"product--properties-row row20\">\n<td class=\"product--properties-label is--bold\">Kette:<\/td>\n<td class=\"product--properties-value\">KMC X11<\/td>\n<\/tr>\n<tr class=\"product--properties-row row21\">\n<td class=\"product--properties-label is--bold\">Reifen:<\/td>\n<td class=\"product--properties-value\">WTB Byway TCS Tubeless Ready, Distance+ compound, folding, 34-622<\/td>\n<\/tr>\n<tr class=\"product--properties-row row22\">\n<td class=\"product--properties-label is--bold\">Laufradsatz:<\/td>\n<td class=\"product--properties-value\">Formula sealed-bearing 32H hubs, SAPIM Race 14\/ 15g spokes, WTB ST i21 TCS tubeless compatible rims<\/td>\n<\/tr>\n<tr class=\"product--properties-row row23\">\n<td class=\"product--properties-label is--bold\">Pedale:<\/td>\n<td class=\"product--properties-value\">nicht im Lieferumfang enthalten<\/td>\n<\/tr>\n<tr class=\"product--properties-row row24\">\n<td class=\"product--properties-label is--bold\">Gewicht Komplettrad:<\/td>\n<td class=\"product--properties-value\">10.03 kg<\/td>\n<\/tr>\n<\/tbody>\n<\/table>\n<h3>Empfohlene Rahmengr\u00f6\u00dfe<\/h3>\n<ul>\n<li><b>S (48cm):<\/b>\u00a0165 &#8211; 173 cm<\/li>\n<li><b>M (51cm):<\/b>\u00a0173 &#8211; 180,5 cm<\/li>\n<li><b>L (54cm):<\/b>\u00a0178 &#8211; 183 cm<\/li>\n<li><b>XL (57cm):<\/b>\u00a0183 &#8211; 188 cm<\/li>\n<\/ul>\n<p><strong>Hersteller Artikelnr<\/strong>.: 49221101154<br \/> <strong>EAN<\/strong>: 785749214740<br \/> <strong>Modelljahr<\/strong>: 2022<\/p>\n<\/p><\/div>\n<\/p><\/div>\n","protected":false},"excerpt":{"rendered":"<p>Breezer INVERSION TEAM F\u00fcr einige Radfahrer beginnt der beste Teil der Fahrt erst nach Verlassen der geteerten Stra\u00dfe. Das Breezer Inversion Team wurde entwickelt, um dich schnell dorthin zu bringen und bietet gleichzeitig die Stabilit\u00e4t und Reifenfreiheit, um Schotter oder schlechte Stra\u00dfen problemlos zu bew\u00e4ltigen.Ausgestattet mit einem konifizierten Chromoly D&#8217;Fusion-Rahmen und Breezer Steckachsen, ist das Inversion eine wirklich vielseitige Drop-Bar-Maschine.\u2026<\/p>\n","protected":false},"featured_media":13014,"comment_status":"closed","ping_status":"closed","template":"","meta":[],"product_brand":[],"product_cat":[95,129],"product_tag":[],"class_list":{"0":"post-13004","1":"product","2":"type-product","3":"status-publish","4":"has-post-thumbnail","6":"product_cat-fahrrad","7":"product_cat-gravel-bikes","9":"first","10":"instock","11":"sale","12":"shipping-taxable","13":"purchasable","14":"product-type-variable"},"_links":{"self":[{"href":"https:\/\/fatbike-de.com\/index.php\/wp-json\/wp\/v2\/product\/13004","targetHints":{"allow":["GET"]}}],"collection":[{"href":"https:\/\/fatbike-de.com\/index.php\/wp-json\/wp\/v2\/product"}],"about":[{"href":"https:\/\/fatbike-de.com\/index.php\/wp-json\/wp\/v2\/types\/product"}],"replies":[{"embeddable":true,"href":"https:\/\/fatbike-de.com\/index.php\/wp-json\/wp\/v2\/comments?post=13004"}],"wp:featuredmedia":[{"embeddable":true,"href":"https:\/\/fatbike-de.com\/index.php\/wp-json\/wp\/v2\/media\/13014"}],"wp:attachment":[{"href":"https:\/\/fatbike-de.com\/index.php\/wp-json\/wp\/v2\/media?parent=13004"}],"wp:term":[{"taxonomy":"product_brand","embeddable":true,"href":"https:\/\/fatbike-de.com\/index.php\/wp-json\/wp\/v2\/product_brand?post=13004"},{"taxonomy":"product_cat","embeddable":true,"href":"https:\/\/fatbike-de.com\/index.php\/wp-json\/wp\/v2\/product_cat?post=13004"},{"taxonomy":"product_tag","embeddable":true,"href":"https:\/\/fatbike-de.com\/index.php\/wp-json\/wp\/v2\/product_tag?post=13004"}],"curies":[{"name":"wp","href":"https:\/\/api.w.org\/{rel}","templated":true}]}}