{"id":13057,"date":"2024-02-27T16:37:57","date_gmt":"2024-02-27T15:37:57","guid":{"rendered":"https:\/\/fatbike-de.com\/?post_type=product&#038;p=13057"},"modified":"2024-02-27T16:38:20","modified_gmt":"2024-02-27T15:38:20","slug":"conway-grv-3-0-gravel-bike","status":"publish","type":"product","link":"https:\/\/fatbike-de.com\/index.php\/product\/conway-grv-3-0-gravel-bike\/","title":{"rendered":"Conway GRV 3.0 Gravel Bike"},"content":{"rendered":"<h2 class=\"product--title\"><strong>Conway<\/strong>\u00a0GRV 3.0<\/h2>\n<p class=\"product--rating-container\">Das GRV 3.0 ist der g\u00fcnstige Gravelbike-Einstieg von Conway. Es sieht umwerfend aus und ist sowohl f\u00fcr Bikepacking als auch f\u00fcr kurze oder lange Touren perfekt geeignet. Ob die befahrenen Wege befestigt oder unbefestigt sind, liegt ganz bei dir \u2013 das Conway GRV 3.0 macht jedes Abenteuer mit!<\/p>\n<p>Gravelbikes erleben einen ungebrochenen Aufw\u00e4rtstrend &#8211; und das zu Recht! Denn sie sind wahre Multitalente und vereinen unglaublichen Speed mit Zuverl\u00e4ssigkeit und einem vielseitigem Einsatzgebiet. Die GRV-Serie von Conway punktet mit vielen Aufnahmepunkten f\u00fcr Packtaschen und Haltesysteme, einer \u00fcberarbeiteten Carbongabel und angenehmer Geometrie zum fairen Preis.<\/p>\n<hr \/>\n<h3>Die Highlights des Conway GRV 3.0<\/h3>\n<ul>\n<li>Leichter und hochwertiger Aluminiumrahmen mit vielen Aufnahmepunkten f\u00fcr Packtaschen<\/li>\n<li>Shimano Sora 2 x 9-fach Schaltung<\/li>\n<li>Mechanische Scheibenbremsen mit 160 mm Bremsscheiben<\/li>\n<\/ul>\n<h2>Ausstattung<\/h2>\n<div class=\"product--properties panel has--border\">\n<table class=\"product--properties-table\">\n<tbody>\n<tr class=\"product--properties-row row1\">\n<td class=\"product--properties-label is--bold\">Rahmen:<\/td>\n<td class=\"product--properties-value\">CONWAY Gravel, Alu Light<\/td>\n<\/tr>\n<tr class=\"product--properties-row row2\">\n<td class=\"product--properties-label is--bold\">Rahmenmaterial:<\/td>\n<td class=\"product--properties-value\">Aluminium<\/td>\n<\/tr>\n<tr class=\"product--properties-row row3\">\n<td class=\"product--properties-label is--bold\">Laufradgr\u00f6\u00dfe:<\/td>\n<td class=\"product--properties-value\">29&#8243;<\/td>\n<\/tr>\n<tr class=\"product--properties-row row4\">\n<td class=\"product--properties-label is--bold\">Farbe:<\/td>\n<td class=\"product--properties-value\">red metallic \/ black metallic<\/td>\n<\/tr>\n<tr class=\"product--properties-row row5\">\n<td class=\"product--properties-label is--bold\">Gabel:<\/td>\n<td class=\"product--properties-value\">CARBON &#8222;Disc&#8220;<\/td>\n<\/tr>\n<tr class=\"product--properties-row row6\">\n<td class=\"product--properties-label is--bold\">Bremsen:<\/td>\n<td class=\"product--properties-value\">TEKTRO &#8222;Spyre MD-C610C mech.&#8220;<\/td>\n<\/tr>\n<tr class=\"product--properties-row row7\">\n<td class=\"product--properties-label is--bold\">Bremsscheiben:<\/td>\n<td class=\"product--properties-value\">TEKTRO &#8222;TR160-19&#8220;, 160 mm \/ 160 mm<\/td>\n<\/tr>\n<tr class=\"product--properties-row row8\">\n<td class=\"product--properties-label is--bold\">Bremshebel:<\/td>\n<td class=\"product--properties-value\">SHIMANO &#8222;Sora ST-R3000&#8220;<\/td>\n<\/tr>\n<tr class=\"product--properties-row row9\">\n<td class=\"product--properties-label is--bold\">Steuersatz:<\/td>\n<td class=\"product--properties-value\">IS42 \/ IS52<\/td>\n<\/tr>\n<tr class=\"product--properties-row row10\">\n<td class=\"product--properties-label is--bold\">Vorbau:<\/td>\n<td class=\"product--properties-value\">CONWAY &#8222;GRV A-Head&#8220;, 31,8mm<\/td>\n<\/tr>\n<tr class=\"product--properties-row row11\">\n<td class=\"product--properties-label is--bold\">Lenker:<\/td>\n<td class=\"product--properties-value\">CONWAY &#8222;GRV Bar&#8220;<\/td>\n<\/tr>\n<tr class=\"product--properties-row row12\">\n<td class=\"product--properties-label is--bold\">Griffe:<\/td>\n<td class=\"product--properties-value\">FIZIK &#8222;Bar Tape&#8220;<\/td>\n<\/tr>\n<tr class=\"product--properties-row row13\">\n<td class=\"product--properties-label is--bold\">Sattel:<\/td>\n<td class=\"product--properties-value\">SELLE ROYAL &#8222;2097&#8220;<\/td>\n<\/tr>\n<tr class=\"product--properties-row row14\">\n<td class=\"product--properties-label is--bold\">Sattelst\u00fctze:<\/td>\n<td class=\"product--properties-value\">CONWAY Patent, 27,2 mm, 350 mm<\/td>\n<\/tr>\n<tr class=\"product--properties-row row15\">\n<td class=\"product--properties-label is--bold\">Kurbel:<\/td>\n<td class=\"product--properties-value\">SHIMANO &#8222;FC-R345&#8220;, 34\/50 Z.<\/td>\n<\/tr>\n<\/tbody>\n<\/table>\n<table class=\"product--properties-table\">\n<tbody>\n<tr class=\"product--properties-row row16\">\n<td class=\"product--properties-label is--bold\">Tretlager\/Innenlager:<\/td>\n<td class=\"product--properties-value\">SHIMANO &#8222;BB-ES300&#8220;, BSA<\/td>\n<\/tr>\n<tr class=\"product--properties-row row17\">\n<td class=\"product--properties-label is--bold\">Schaltwerk:<\/td>\n<td class=\"product--properties-value\">SHIMANO &#8222;Sora RD-R3000&#8220;, 9speed<\/td>\n<\/tr>\n<tr class=\"product--properties-row row18\">\n<td class=\"product--properties-label is--bold\">Schalthebel:<\/td>\n<td class=\"product--properties-value\">SHIMANO &#8222;Sora ST-R3000&#8220;<\/td>\n<\/tr>\n<tr class=\"product--properties-row row19\">\n<td class=\"product--properties-label is--bold\">Umwerfer:<\/td>\n<td class=\"product--properties-value\">SHIMANO &#8222;Sora FD-R3000&#8220;<\/td>\n<\/tr>\n<tr class=\"product--properties-row row20\">\n<td class=\"product--properties-label is--bold\">Kassette:<\/td>\n<td class=\"product--properties-value\">SHIMANO &#8222;HG400&#8220;, 11-34 Z.<\/td>\n<\/tr>\n<tr class=\"product--properties-row row21\">\n<td class=\"product--properties-label is--bold\">Kette:<\/td>\n<td class=\"product--properties-value\">SHIMANO &#8222;HG53&#8220;<\/td>\n<\/tr>\n<tr class=\"product--properties-row row22\">\n<td class=\"product--properties-label is--bold\">Reifen:<\/td>\n<td class=\"product--properties-value\">CONTINENTAL &#8222;Terra Trail&#8220;, 40-622<\/td>\n<\/tr>\n<tr class=\"product--properties-row row23\">\n<td class=\"product--properties-label is--bold\">Nabe Vorderrad:<\/td>\n<td class=\"product--properties-value\">FORMULA &#8222;RX512&#8220;, 12 x 100 mm<\/td>\n<\/tr>\n<tr class=\"product--properties-row row24\">\n<td class=\"product--properties-label is--bold\">Nabe Hinterrad:<\/td>\n<td class=\"product--properties-value\">FORMULA &#8222;RX300&#8220;, 12 x 142 mm<\/td>\n<\/tr>\n<tr class=\"product--properties-row row25\">\n<td class=\"product--properties-label is--bold\">Speichen:<\/td>\n<td class=\"product--properties-value\">Niro<\/td>\n<\/tr>\n<tr class=\"product--properties-row row26\">\n<td class=\"product--properties-label is--bold\">Felgen:<\/td>\n<td class=\"product--properties-value\">MACH1 &#8222;Gravel 19&#8220;<\/td>\n<\/tr>\n<tr class=\"product--properties-row row27\">\n<td class=\"product--properties-label is--bold\">Pedale:<\/td>\n<td class=\"product--properties-value\">nicht im Lieferumfang enthalten<\/td>\n<\/tr>\n<tr class=\"product--properties-row row28\">\n<td class=\"product--properties-label is--bold\">Zul\u00e4ssiges Gesamtgewicht:<\/td>\n<td class=\"product--properties-value\">130 kg (K\u00f6rpergewicht + Fahrrad + Ausr\u00fcstung)<\/td>\n<\/tr>\n<tr class=\"product--properties-row row29\">\n<td class=\"product--properties-label is--bold\">Gewicht Komplettrad:<\/td>\n<td class=\"product--properties-value\">10,8 kg<\/td>\n<\/tr>\n<\/tbody>\n<\/table><\/div>\n","protected":false},"excerpt":{"rendered":"<p>Conway\u00a0GRV 3.0 Das GRV 3.0 ist der g\u00fcnstige Gravelbike-Einstieg von Conway. Es sieht umwerfend aus und ist sowohl f\u00fcr Bikepacking als auch f\u00fcr kurze oder lange Touren perfekt geeignet. Ob die befahrenen Wege befestigt oder unbefestigt sind, liegt ganz bei dir \u2013 das Conway GRV 3.0 macht jedes Abenteuer mit! Gravelbikes erleben einen ungebrochenen Aufw\u00e4rtstrend &#8211; und das zu Recht!\u2026<\/p>\n","protected":false},"featured_media":13079,"comment_status":"closed","ping_status":"closed","template":"","meta":[],"product_brand":[],"product_cat":[95,129],"product_tag":[],"class_list":{"0":"post-13057","1":"product","2":"type-product","3":"status-publish","4":"has-post-thumbnail","6":"product_cat-fahrrad","7":"product_cat-gravel-bikes","9":"first","10":"instock","11":"shipping-taxable","12":"purchasable","13":"product-type-variable"},"_links":{"self":[{"href":"https:\/\/fatbike-de.com\/index.php\/wp-json\/wp\/v2\/product\/13057","targetHints":{"allow":["GET"]}}],"collection":[{"href":"https:\/\/fatbike-de.com\/index.php\/wp-json\/wp\/v2\/product"}],"about":[{"href":"https:\/\/fatbike-de.com\/index.php\/wp-json\/wp\/v2\/types\/product"}],"replies":[{"embeddable":true,"href":"https:\/\/fatbike-de.com\/index.php\/wp-json\/wp\/v2\/comments?post=13057"}],"wp:featuredmedia":[{"embeddable":true,"href":"https:\/\/fatbike-de.com\/index.php\/wp-json\/wp\/v2\/media\/13079"}],"wp:attachment":[{"href":"https:\/\/fatbike-de.com\/index.php\/wp-json\/wp\/v2\/media?parent=13057"}],"wp:term":[{"taxonomy":"product_brand","embeddable":true,"href":"https:\/\/fatbike-de.com\/index.php\/wp-json\/wp\/v2\/product_brand?post=13057"},{"taxonomy":"product_cat","embeddable":true,"href":"https:\/\/fatbike-de.com\/index.php\/wp-json\/wp\/v2\/product_cat?post=13057"},{"taxonomy":"product_tag","embeddable":true,"href":"https:\/\/fatbike-de.com\/index.php\/wp-json\/wp\/v2\/product_tag?post=13057"}],"curies":[{"name":"wp","href":"https:\/\/api.w.org\/{rel}","templated":true}]}}