{"id":13072,"date":"2024-02-27T16:37:59","date_gmt":"2024-02-27T15:37:59","guid":{"rendered":"https:\/\/fatbike-de.com\/?post_type=product&#038;p=13072"},"modified":"2024-02-27T16:39:10","modified_gmt":"2024-02-27T15:39:10","slug":"cinelli-zydeco-lala-gravel-bike-sora-9s-700-mm-bahn","status":"publish","type":"product","link":"https:\/\/fatbike-de.com\/index.php\/product\/cinelli-zydeco-lala-gravel-bike-sora-9s-700-mm-bahn\/","title":{"rendered":"CINELLI ZYDECO LALA GRAVEL BIKE SORA 9S 700 MM BAHN"},"content":{"rendered":"<div id=\"product-header-order-name\" class=\"col-lg-20 col-md-20 col-sm-20 col-xs-20\">\n<h2 class=\"heading-title-text\">CINELLI ZYDECO LALA GRAVEL BIKE SHIMANO SORA 9S 700 MM BAHN<\/h2>\n<\/p><\/div>\n<div id=\"product-header-order-form\" class=\"js-reload-on-event col-lg-20 col-md-20 col-sm-20 col-xs-20\" data-to-watch=\"body\" data-event=\"alltricks:cartChanged\" data-url=\"\/ajax\/product\/ajouter\/F-41505-velos-route-_-cyclocross-_-triathlon\/P-2074484-cinelli_zydeco_lala_gravel_bike_shimano_sora_9s_700_mm_bahn_2022\">\n<div class=\"col col-sm-12 col-md-12 col-lg-12\">\n<p>Das <strong>Cinelli Zydeco LaLa<\/strong>\u00a0ist das neue Mitglied der Zydeco Gravel Familie. Der Rahmen besteht aus dreifach dicken Columbus Zonal Aluminiumrohren, ausgestattet mit Shimano Sora und zwei vorderen Ringen f\u00fcr diejenigen, die sie zu 1x-Setup bevorzugen. Columbus Futura Disc 1-1\/8&#8243;-Gabel, mechanische Scheibenbremsen, Flat Mount, mit Scheiben bis 160 mm. Kompatibel mit hydraulischen Scheibenbremsen. Externe Kabelf\u00fchrung erleichtert die Wartung dieser Maschine, die entwickelt wurde, um neue Fahrer f\u00fcr die immer beliebter werdende Disziplin des Schottens zu erobern.<\/p>\n<\/p><\/div>\n<div class=\"prodsheet_bullets col col-sm-8 col-md-8 col-lg-8\">\n<h4>HAUPTMERKMALE:<\/h4>\n<ul>\n<li>Columbus Zonal Triple Butted Alloy Rahmen.<\/li>\n<li>Shimano Sora 2&#215;9-Gang-Antriebssystem.<\/li>\n<li>Mechanische Scheibenbremsen Tektro MD-C510, 160\/160 mm.<\/li>\n<\/ul><\/div>\n<div class=\"prodsheet_specs1 col col-sm-12 col-md-12 col-lg-12\">\n<h4>EIGENSCHAFTEN:<\/h4>\n<table class=\"table table-striped\">\n<tbody>\n<tr>\n<td>Rahmen<\/td>\n<td>Aluminium: Columbus Zonal Triple Butted Alloy, Externe Kabelf\u00fchrung, Front&amp;Rear Schutzblech kompatibel, Gep\u00e4cktr\u00e4ger\u00f6sen, Steckachse, Reifenfreiheit: bis 700x42c<\/td>\n<\/tr>\n<tr>\n<td>Gabel<\/td>\n<td>Aluminium\/Karbon: Columbus Disc Alu\/Carbon 1&#8243;-1\/8, Steckachse<\/td>\n<\/tr>\n<tr>\n<td>Schaltungen<\/td>\n<td>Shimano Sora ST-R3000, 2&#215;9-fach<\/td>\n<\/tr>\n<tr>\n<td>Umwerfer<\/td>\n<td>Shimano Sora FD-R3000, Klemme, \u00d831,8 mm<\/td>\n<\/tr>\n<tr>\n<td>Schaltwerk<\/td>\n<td>Shimano Sora RD-R3000, 9-fach<\/td>\n<\/tr>\n<tr>\n<td>Kassette<\/td>\n<td>Sunrace, 11-34T<\/td>\n<\/tr>\n<tr>\n<td>Kette<\/td>\n<td>KMC X9<\/td>\n<\/tr>\n<tr>\n<td>Kurbelgarnitur<\/td>\n<td>FSA Omega Mega Exo 48\/32T, 170 mm (XS\/S), 172,5 mm (M\/L), 175 mm (XL)<\/td>\n<\/tr>\n<tr>\n<td>Tretlager<\/td>\n<td>FSA, BSA 68 mm<\/td>\n<\/tr>\n<tr>\n<td>Bremsen<\/td>\n<td>Tektro MD-C510, Mech. Scheibenbremse, Flat Mount (160\/160)<\/td>\n<\/tr>\n<tr>\n<td>Laufradsatz<\/td>\n<td>Shining A250, 32H, 700c<\/td>\n<\/tr>\n<tr>\n<td>Naben<\/td>\n<td>Vorne: Formula RX-812, Steckachse \u00d812&#215;100 mm, M12x1,5 L119 Skewer \/ Hinten: Formula RX-142, Steckachse \u00d812&#215;142 mm \/ M12x1,5 L158 Einspeichung<\/td>\n<\/tr>\n<tr>\n<td>Bereifung<\/td>\n<td>Kenda Flintridge, 35-622, 700x35c<\/td>\n<\/tr>\n<tr>\n<td>Lenker<\/td>\n<td>Cinelli Handlebar Flare 6061, \u00d831,8 mm, Reach 70 mm, Flare Angle 12\u00b0<\/td>\n<\/tr>\n<tr>\n<td>Lenkerband<\/td>\n<td>Cinelli Kork<\/td>\n<\/tr>\n<tr>\n<td>Vorbau<\/td>\n<td>Cinelli 6061 Vorbau, \u00d831,8 mm<\/td>\n<\/tr>\n<tr>\n<td>Steuersatz<\/td>\n<td>Intern 1-1\/8&#8243;, ZS 44\/28,6 | ZS 44\/30 (S.H.I.S.)<\/td>\n<\/tr>\n<tr>\n<td>Sattel<\/td>\n<td>Cinelli SSM Era<\/td>\n<\/tr>\n<tr>\n<td>Sattelst\u00fctze<\/td>\n<td>Cinelli Sattelst\u00fctze 6061, 27,2 x 350 mm<\/td>\n<\/tr>\n<tr>\n<td>Sattelklemme<\/td>\n<td>\u00d831,8 mm<\/td>\n<\/tr>\n<tr>\n<td>Gewicht<\/td>\n<td>10.9 kg (Gr\u00f6\u00dfe M) &#8211; Rahmen: 1760 g \/ Gabel: 740 g (ungeschnitten)<\/td>\n<\/tr>\n<tr>\n<td>Farbe<\/td>\n<td>Eisenbahn<\/td>\n<\/tr>\n<\/tbody>\n<\/table><\/div>\n<div class=\"prodsheet_specs2 col col-sm-8 col-md-8 col-lg-8\">\n<h4>GEOMETRIEN:<\/h4>\n<p><img decoding=\"async\" src=\"http:\/\/media1.alltricks.fr\/ckfinder\/images\/cube_route_geo_en.jpg\" \/><\/p>\n<table class=\"table table-striped\">\n<tbody>\n<tr>\n<td>Rahmengr\u00f6\u00dfe<\/td>\n<td>XS<\/td>\n<td>S<\/td>\n<td>M<\/td>\n<td>L<\/td>\n<td>XL<\/td>\n<\/tr>\n<tr>\n<td>Rahmengr\u00f6\u00dfe (cm)<\/td>\n<td>49<\/td>\n<td>51<\/td>\n<td>54<\/td>\n<td>56<\/td>\n<td>59<\/td>\n<\/tr>\n<tr>\n<td>Sitzrohr (mm)<\/td>\n<td>490<\/td>\n<td>510<\/td>\n<td>540<\/td>\n<td>560<\/td>\n<td>590<\/td>\n<\/tr>\n<tr>\n<td>Oberrohr (mm)<\/td>\n<td>510<\/td>\n<td>520<\/td>\n<td>540<\/td>\n<td>560<\/td>\n<td>580<\/td>\n<\/tr>\n<tr>\n<td>Kettenstreben (mm)<\/td>\n<td>440<\/td>\n<td>440<\/td>\n<td>440<\/td>\n<td>440<\/td>\n<td>440<\/td>\n<\/tr>\n<tr>\n<td>L\u00e4nge Steuerrohr (mm)<\/td>\n<td>90<\/td>\n<td>110<\/td>\n<td>130<\/td>\n<td>150<\/td>\n<td>170<\/td>\n<\/tr>\n<tr>\n<td>Winkel des Steuerrohrs (\u00b0)<\/td>\n<td>69.5<\/td>\n<td>70<\/td>\n<td>70.5<\/td>\n<td>71<\/td>\n<td>71.5<\/td>\n<\/tr>\n<tr>\n<td>Winkel des Sitzrohrs (\u00b0)<\/td>\n<td>74.5<\/td>\n<td>74.5<\/td>\n<td>74<\/td>\n<td>73.5<\/td>\n<td>73<\/td>\n<\/tr>\n<tr>\n<td>Radstand (mm)<\/td>\n<td>1015<\/td>\n<td>1023<\/td>\n<td>1034<\/td>\n<td>1045<\/td>\n<td>1055<\/td>\n<\/tr>\n<tr>\n<td>Stapel (mm)<\/td>\n<td>508<\/td>\n<td>528<\/td>\n<td>549<\/td>\n<td>570<\/td>\n<td>590<\/td>\n<\/tr>\n<tr>\n<td>Reichweite (mm)<\/td>\n<td>369<\/td>\n<td>374<\/td>\n<td>383<\/td>\n<td>391<\/td>\n<td>400<\/td>\n<\/tr>\n<tr>\n<td>Breite des Lenkers (mm)<\/td>\n<td>400<\/td>\n<td>400<\/td>\n<td>420<\/td>\n<td>420<\/td>\n<td>420<\/td>\n<\/tr>\n<tr>\n<td>Lenkerabsenkung (mm)<\/td>\n<td>120<\/td>\n<td>120<\/td>\n<td>130<\/td>\n<td>130<\/td>\n<td>130<\/td>\n<\/tr>\n<tr>\n<td>L\u00e4nge des Stiels (mm)<\/td>\n<td>90<\/td>\n<td>90<\/td>\n<td>100<\/td>\n<td>110<\/td>\n<td>110<\/td>\n<\/tr>\n<\/tbody>\n<\/table><\/div>\n<\/p><\/div>\n","protected":false},"excerpt":{"rendered":"<div class=\"col-lg-14 col-md-14 col-sm-14 col-xs-20\"><\/div>\n<div id=\"product-specifications-table\" class=\"col-lg-20 col-md-20 col-sm-20 col-xs-20\">\n<table class=\"table table-striped\">\n<tbody>\n<tr>\n<td class=\"spec-name\">Geschlecht<\/td>\n<td class=\"spec-value\">Herren<\/td>\n<\/tr>\n<tr>\n<td class=\"spec-name\">Gruppe<\/td>\n<td class=\"spec-value\">Shimano Sora 9S<\/td>\n<\/tr>\n<tr>\n<td class=\"spec-name\">collection<\/td>\n<td class=\"spec-value\">Restst\u00fccke<\/td>\n<\/tr>\n<\/tbody>\n<\/table><\/div>\n","protected":false},"featured_media":13111,"comment_status":"closed","ping_status":"closed","template":"","meta":[],"product_brand":[],"product_cat":[130],"product_tag":[],"class_list":{"0":"post-13072","1":"product","2":"type-product","3":"status-publish","4":"has-post-thumbnail","6":"product_cat-rennrad","8":"first","9":"instock","10":"sale","11":"shipping-taxable","12":"purchasable","13":"product-type-variable"},"_links":{"self":[{"href":"https:\/\/fatbike-de.com\/index.php\/wp-json\/wp\/v2\/product\/13072","targetHints":{"allow":["GET"]}}],"collection":[{"href":"https:\/\/fatbike-de.com\/index.php\/wp-json\/wp\/v2\/product"}],"about":[{"href":"https:\/\/fatbike-de.com\/index.php\/wp-json\/wp\/v2\/types\/product"}],"replies":[{"embeddable":true,"href":"https:\/\/fatbike-de.com\/index.php\/wp-json\/wp\/v2\/comments?post=13072"}],"wp:featuredmedia":[{"embeddable":true,"href":"https:\/\/fatbike-de.com\/index.php\/wp-json\/wp\/v2\/media\/13111"}],"wp:attachment":[{"href":"https:\/\/fatbike-de.com\/index.php\/wp-json\/wp\/v2\/media?parent=13072"}],"wp:term":[{"taxonomy":"product_brand","embeddable":true,"href":"https:\/\/fatbike-de.com\/index.php\/wp-json\/wp\/v2\/product_brand?post=13072"},{"taxonomy":"product_cat","embeddable":true,"href":"https:\/\/fatbike-de.com\/index.php\/wp-json\/wp\/v2\/product_cat?post=13072"},{"taxonomy":"product_tag","embeddable":true,"href":"https:\/\/fatbike-de.com\/index.php\/wp-json\/wp\/v2\/product_tag?post=13072"}],"curies":[{"name":"wp","href":"https:\/\/api.w.org\/{rel}","templated":true}]}}