{"id":13207,"date":"2024-02-27T16:39:28","date_gmt":"2024-02-27T15:39:28","guid":{"rendered":"https:\/\/fatbike-de.com\/?post_type=product&#038;p=13207"},"modified":"2024-02-27T16:39:46","modified_gmt":"2024-02-27T15:39:46","slug":"wilier-triestina-gtr-team-rennrad-campagnolo-2022","status":"publish","type":"product","link":"https:\/\/fatbike-de.com\/index.php\/product\/wilier-triestina-gtr-team-rennrad-campagnolo-2022\/","title":{"rendered":"WILIER TRIESTINA GTR TEAM RENNRAD CAMPAGNOLO 2022"},"content":{"rendered":"<div id=\"product-header-order-name\" class=\"col-lg-20 col-md-20 col-sm-20 col-xs-20\">\n<h2 class=\"heading-title-text\">WILIER TRIESTINA GTR TEAM RENNRAD CAMPAGNOLO CENTAUR 11S 700 MM ROT WEISS SCHWARZ GL\u00c4NZEND 2022<\/h2>\n<div class=\"col col-sm-12 col-md-12 col-lg-12\">\n<p>Ob Sie nun Rennen fahren oder nicht, das\u00a0<strong>Wilier Triestina GTR Team<\/strong>\u00a0ist f\u00fcr den Fahrer gedacht, der ein Fahrrad f\u00fcr mehrere Zwecke braucht. Leicht und reaktionsschnell f\u00fcr den Rennfahrer, aber komfortabel und vielseitig f\u00fcr diejenigen, die das Radfahren ohne Stress genie\u00dfen.<\/p>\n<\/p><\/div>\n<div class=\"prodsheet_bullets col col-sm-8 col-md-8 col-lg-8\">\n<h4>HAUPTMERKMALE:<\/h4>\n<ul>\n<li>Rahmen und Gabel aus Carbon Monocoque 46TON.<\/li>\n<li>Campagnolo Centaur 2&#215;11-Gang-Antriebssystem.<\/li>\n<li>Campagnolo BR17-DIDM Felgenbremsen.<\/li>\n<li>Campagnolo Calima C17-Laufradsatz.<\/li>\n<\/ul><\/div>\n<div class=\"prodsheet_specs1 col col-sm-12 col-md-12 col-lg-12\">\n<h4>EIGENSCHAFTEN:<\/h4>\n<table class=\"table table-striped\">\n<tbody>\n<tr>\n<td>Rahmen<\/td>\n<td>Carbon: GTR Team Felge &#8211; Carbon Monocoque 46TON<\/td>\n<\/tr>\n<tr>\n<td>Gabel<\/td>\n<td>Carbon: GTR Team Felge &#8211; Carbon Monocoque 46TON<\/td>\n<\/tr>\n<tr>\n<td>Schaltungen<\/td>\n<td>Campagnolo Ergopower EP18-CEB1C, 2&#215;11-fach<\/td>\n<\/tr>\n<tr>\n<td>Umwerfer<\/td>\n<td>Campagnolo Centaur FD18-CEB2B, anl\u00f6tbar<\/td>\n<\/tr>\n<tr>\n<td>Schaltwerk<\/td>\n<td>Campagnolo Centaur RD18-CEB1M, 11-fach<\/td>\n<\/tr>\n<tr>\n<td>Kassette<\/td>\n<td>Campagnolo Centaur CS18-CE22, 12-32T<\/td>\n<\/tr>\n<tr>\n<td>Kette<\/td>\n<td>Campagnolo CN17-1114<\/td>\n<\/tr>\n<tr>\n<td>Kurbelgarnitur<\/td>\n<td>Campagnolo Centaur FC18, 50\/34Z<\/td>\n<\/tr>\n<tr>\n<td>Tretlager<\/td>\n<td>Campagnolo BB Cup MC 86,5 x 41 EPS Comp Pressfit<\/td>\n<\/tr>\n<tr>\n<td>Bremsen<\/td>\n<td>Campagnolo BR17-DIDM, Felgenbremse, Direktmontage<\/td>\n<\/tr>\n<tr>\n<td>Laufradsatz<\/td>\n<td>Campagnolo Calima C17<\/td>\n<\/tr>\n<tr>\n<td>Bereifung<\/td>\n<td>Vittoria Zaffiro Pro4, 700x25C<\/td>\n<\/tr>\n<tr>\n<td>Lenker<\/td>\n<td>FSA Omega<\/td>\n<\/tr>\n<tr>\n<td>Vorbau<\/td>\n<td>FSA OS-168, Custom Wilier<\/td>\n<\/tr>\n<tr>\n<td>Steuersatz<\/td>\n<td>Ritchey Comp verj\u00fcngt PRD18228<\/td>\n<\/tr>\n<tr>\n<td>Sattel<\/td>\n<td>Selle Italia X1<\/td>\n<\/tr>\n<tr>\n<td>Sattelst\u00fctze<\/td>\n<td>FSA Gossamer SB20<\/td>\n<\/tr>\n<tr>\n<td>Gewicht<\/td>\n<td>8.3 kg (Rahmen: 1190 g \/ Gabel: 390 g)<\/td>\n<\/tr>\n<tr>\n<td>Farbe<\/td>\n<td>G27 &#8211; Rot \/ Wei\u00df \/ Schwarz; Gl\u00e4nzend<\/td>\n<\/tr>\n<tr>\n<td>Referenz<\/td>\n<td>E107ARC<\/td>\n<\/tr>\n<\/tbody>\n<\/table><\/div>\n<div class=\"prodsheet_specs2 col col-sm-8 col-md-8 col-lg-8\">\n<h4>GEOMETRIEN:<\/h4>\n<p><img decoding=\"async\" src=\"http:\/\/media1.alltricks.fr\/ckfinder\/images\/cube_route_geo_en.jpg\" \/><\/p>\n<table class=\"table table-striped\">\n<tbody>\n<tr>\n<td>Rahmengr\u00f6\u00dfe<\/td>\n<td>XS<\/td>\n<td>S<\/td>\n<td>M<\/td>\n<td>L<\/td>\n<td>XL<\/td>\n<td>XXL<\/td>\n<\/tr>\n<tr>\n<td>Sitzrohr (mm)<\/td>\n<td>450<\/td>\n<td>480<\/td>\n<td>500<\/td>\n<td>520<\/td>\n<td>550<\/td>\n<td>580<\/td>\n<\/tr>\n<tr>\n<td>Oberrohr (mm)<\/td>\n<td>513<\/td>\n<td>527<\/td>\n<td>540<\/td>\n<td>557<\/td>\n<td>572<\/td>\n<td>589<\/td>\n<\/tr>\n<tr>\n<td>Kettenstreben (mm)<\/td>\n<td>406<\/td>\n<td>406<\/td>\n<td>408<\/td>\n<td>408<\/td>\n<td>410<\/td>\n<td>411<\/td>\n<\/tr>\n<tr>\n<td>L\u00e4nge des Steuerrohrs (mm)<\/td>\n<td>115<\/td>\n<td>130<\/td>\n<td>148<\/td>\n<td>166<\/td>\n<td>184<\/td>\n<td>203<\/td>\n<\/tr>\n<tr>\n<td>Winkel des Steuerrohrs (\u00b0)<\/td>\n<td>71<\/td>\n<td>71.5<\/td>\n<td>72<\/td>\n<td>72.5<\/td>\n<td>72<\/td>\n<td>72.5<\/td>\n<\/tr>\n<tr>\n<td>Winkel des Sitzrohrs (\u00b0)<\/td>\n<td>75<\/td>\n<td>74.5<\/td>\n<td>74<\/td>\n<td>73.5<\/td>\n<td>73<\/td>\n<td>72.5<\/td>\n<\/tr>\n<tr>\n<td>Stapel (mm)<\/td>\n<td>515<\/td>\n<td>531<\/td>\n<td>548<\/td>\n<td>566<\/td>\n<td>583<\/td>\n<td>602<\/td>\n<\/tr>\n<tr>\n<td>Reichweite (mm)<\/td>\n<td>373<\/td>\n<td>378<\/td>\n<td>383<\/td>\n<td>388<\/td>\n<td>394<\/td>\n<td>399<\/td>\n<\/tr>\n<\/tbody>\n<\/table>\n<h4>WELCHE GR\u00d6SSE BRAUCHEN SIE?<\/h4>\n<p>Die Wahl der richtigen Fahrradgr\u00f6\u00dfe h\u00e4ngt von der Art des Fahrrads, Ihrer K\u00f6rpergr\u00f6\u00dfe, Ihrem Fahrstil und Ihren Vorlieben ab. Ein richtig passendes Fahrrad ist komfortabler, effizienter und macht mehr Spa\u00df zu fahren<\/p>\n<p>Messen Sie sich genau<\/p>\n<p>Messen Sie zun\u00e4chst Ihre K\u00f6rpergr\u00f6\u00dfe und verwenden Sie die Gr\u00f6\u00dfentabelle, die in jeder Produktbeschreibung verf\u00fcgbar ist.<\/p>\n<p>Was tun, wenn Sie zwischen zwei Fahrradgr\u00f6\u00dfen liegen?<\/p>\n<p>Wenn Sie an der Grenze zwischen zwei verschiedenen Fahrradgr\u00f6\u00dfen stehen, machen Sie sich keine Sorgen, Sie werden wahrscheinlich mit beiden Gr\u00f6\u00dfen in Ordnung sein (anstatt zu denken, dass eine Gr\u00f6\u00dfe schrecklich sein wird und die andere passen wird). Tats\u00e4chlich sind Fahrr\u00e4der verstellbar: Die Sattelst\u00fctze kann nach oben und unten gleiten, der Sattel kann sich vor und zur\u00fcck bewegen und Sie k\u00f6nnen sogar Teile wie den Vorbau gegen andere Gr\u00f6\u00dfen austauschen, damit das Fahrrad besser passt.<\/p>\n<p>Herauszufinden, ob Sie einen gr\u00f6\u00dferen oder kleineren Rahmen w\u00e4hlen sollten oder nicht, ist manchmal so einfach wie Ihre pers\u00f6nlichen Vorlieben, aber es gibt ein paar einfache M\u00f6glichkeiten, um herauszufinden, welcher am besten geeignet ist:<br \/> Wenn Sie flexibel sind, bevorzugen Sie m\u00f6glicherweise ein k\u00fcrzeres Steuerrohr, sodass die kleinere Gr\u00f6\u00dfe m\u00f6glicherweise besser f\u00fcr Sie geeignet ist. Sie k\u00f6nnen einen l\u00e4ngeren Vorbau verwenden, um die Reichweite angenehmer zu gestalten.<br \/> Bei einem gr\u00f6\u00dferen Fahrrad ist die Reichweite zum Lenker l\u00e4nger. Das bedeutet, dass Sie sich mit einem gr\u00f6\u00dferen Rahmen wohler f\u00fchlen, wenn Sie proportional l\u00e4ngere Arme haben.<\/p>\n<\/p><\/div>\n<\/p><\/div>\n<div id=\"product-header-order-form\" class=\"js-reload-on-event col-lg-20 col-md-20 col-sm-20 col-xs-20\" data-to-watch=\"body\" data-event=\"alltricks:cartChanged\" data-url=\"\/ajax\/product\/ajouter\/F-41505-velos-route-_-cyclocross-_-triathlon\/P-2245016-wilier_triestina_gtr_team_rennrad_campagnolo_centaur_11s_700_mm_rot_weis_schwarz_glanzend_2022\"><\/div>\n","protected":false},"excerpt":{"rendered":"<div class=\"col-lg-14 col-md-14 col-sm-14 col-xs-20\"><\/div>\n<div id=\"product-specifications-table\" class=\"col-lg-20 col-md-20 col-sm-20 col-xs-20\">\n<table class=\"table table-striped\">\n<tbody>\n<tr>\n<td class=\"spec-name\">Geschlecht<\/td>\n<td class=\"spec-value\">Herren<\/td>\n<\/tr>\n<tr>\n<td class=\"spec-name\">Gruppe<\/td>\n<td class=\"spec-value\">Campagnolo Centaur 11V<\/td>\n<\/tr>\n<tr>\n<td class=\"spec-name\">collection<\/td>\n<td class=\"spec-value\">2022<\/td>\n<\/tr>\n<\/tbody>\n<\/table><\/div>\n","protected":false},"featured_media":13224,"comment_status":"closed","ping_status":"closed","template":"","meta":[],"product_brand":[],"product_cat":[130],"product_tag":[],"class_list":{"0":"post-13207","1":"product","2":"type-product","3":"status-publish","4":"has-post-thumbnail","6":"product_cat-rennrad","8":"first","9":"instock","10":"sale","11":"shipping-taxable","12":"purchasable","13":"product-type-variable"},"_links":{"self":[{"href":"https:\/\/fatbike-de.com\/index.php\/wp-json\/wp\/v2\/product\/13207","targetHints":{"allow":["GET"]}}],"collection":[{"href":"https:\/\/fatbike-de.com\/index.php\/wp-json\/wp\/v2\/product"}],"about":[{"href":"https:\/\/fatbike-de.com\/index.php\/wp-json\/wp\/v2\/types\/product"}],"replies":[{"embeddable":true,"href":"https:\/\/fatbike-de.com\/index.php\/wp-json\/wp\/v2\/comments?post=13207"}],"wp:featuredmedia":[{"embeddable":true,"href":"https:\/\/fatbike-de.com\/index.php\/wp-json\/wp\/v2\/media\/13224"}],"wp:attachment":[{"href":"https:\/\/fatbike-de.com\/index.php\/wp-json\/wp\/v2\/media?parent=13207"}],"wp:term":[{"taxonomy":"product_brand","embeddable":true,"href":"https:\/\/fatbike-de.com\/index.php\/wp-json\/wp\/v2\/product_brand?post=13207"},{"taxonomy":"product_cat","embeddable":true,"href":"https:\/\/fatbike-de.com\/index.php\/wp-json\/wp\/v2\/product_cat?post=13207"},{"taxonomy":"product_tag","embeddable":true,"href":"https:\/\/fatbike-de.com\/index.php\/wp-json\/wp\/v2\/product_tag?post=13207"}],"curies":[{"name":"wp","href":"https:\/\/api.w.org\/{rel}","templated":true}]}}