{"id":13240,"date":"2024-02-27T16:39:48","date_gmt":"2024-02-27T15:39:48","guid":{"rendered":"https:\/\/fatbike-de.com\/?post_type=product&#038;p=13240"},"modified":"2024-02-27T16:40:13","modified_gmt":"2024-02-27T15:40:13","slug":"cannondale-topstone-4-microshift-advent-x-10v-700-mm-schwarz-2023","status":"publish","type":"product","link":"https:\/\/fatbike-de.com\/index.php\/product\/cannondale-topstone-4-microshift-advent-x-10v-700-mm-schwarz-2023\/","title":{"rendered":"CANNONDALE TOPSTONE 4 MICROSHIFT ADVENT X 10V 700 MM SCHWARZ 2023"},"content":{"rendered":"<div id=\"product-header-order-name\" class=\"col-lg-20 col-md-20 col-sm-20 col-xs-20\">\n<h1 class=\"heading-title-text\" data-titleproductread=\"\">GRAVEL BIKE CANNONDALE TOPSTONE 4 MICROSHIFT ADVENT X 10V 700 MM SCHWARZ 2023<\/h1>\n<div class=\"col col-sm-12 col-md-12 col-lg-12\">\n<p>Das\u00a0<strong>Cannondale Topstone 4\u00a0<\/strong>oder\u00a0<strong>Topstone Alloy 4\u00a0<\/strong>ist ein begabtes und vielseitiges Gravel-Bike. Es wurde entwickelt, um weit zu kommen, weniger befahrene Stra\u00dfen zu erkunden oder Ihre t\u00e4glichen Fahrten zu beschleunigen. Die SmartForm C2 Aluminiumkonstruktion des Topstone-Rahmens ist das Ergebnis der jahrzehntelangen Erfahrung von Cannondale in der Aluminiumverarbeitung. Sie sorgt f\u00fcr eine ausgewogene Sitzposition: hoch genug f\u00fcr Langstreckenkomfort und Kontrolle in schwierigem Gel\u00e4nde und weit genug nach vorne geneigt f\u00fcr Geschwindigkeit.<\/p>\n<p>Mit Halterungen f\u00fcr drei Trinkflaschen und f\u00fcr eine Aufbewahrung am Oberrohr ist das Topstone bereit f\u00fcr lange Abenteuer. Dank der vielen Positionen f\u00fcr Flaschenhalter am Unterrohr k\u00f6nnen Sie die Montage von gro\u00dfen Rahmentaschen organisieren. Sein Rahmen bietet gen\u00fcgend Freiraum f\u00fcr gro\u00dfe, 42 mm breite Reifen, die f\u00fcr Komfort, Grip und Abenteuer sorgen. Die Gabel ist komplett aus Carbon gefertigt und verf\u00fcgt \u00fcber einen konischen Steuerkopf und 12 mm Steckachsen f\u00fcr ein leichtes, komfortables vorderes Dreieck und ein pr\u00e4zises Fahrverhalten.<\/p>\n<p>Die OutFront-Technologie sorgt f\u00fcr eine leichte und gleichzeitig wendige Lenkung, bei der das Rad weiter vorne positioniert ist, um die Stabilit\u00e4t und Kontrolle auf unebenem Gel\u00e4nde zu verbessern. Mit dem zus\u00e4tzlichen Vorteil, dass bei den kleineren Rahmengr\u00f6\u00dfen das Risiko einer \u00dcberlappung zwischen Fu\u00dfspitze und Vorderrad verringert wird. Der Rahmen des Topstone ist so konstruiert, dass eine 27,2 mm Teleskopsattelst\u00fctze mit interner Kabelf\u00fchrung montiert werden kann, was bei einem Fahrrad mit solchen Offroad-F\u00e4higkeiten keine gro\u00dfe \u00dcberraschung sein sollte. Schlie\u00dflich gibt es noch einen abnehmbaren Schutzblechb\u00fcgel, der angeschraubt wird, wenn Sie ein Schutzblech ben\u00f6tigen, und abgenommen wird, wenn Sie es nicht mehr brauchen.<\/p>\n<\/p><\/div>\n<div class=\"prodsheet_bullets col col-sm-8 col-md-8 col-lg-8\">\n<h4>DIE + PRODUKTE :<\/h4>\n<ul>\n<li>Ein vielseitiges und leistungsstarkes Gravel-Bike.<\/li>\n<li>Advent X microSHIFT-Schaltung, 1&#215;10 G\u00e4nge.<\/li>\n<li>Mechanische Promax Render R 160\/160 mm Scheibenbremsen.<\/li>\n<\/ul><\/div>\n<div class=\"prodsheet_specs1 col col-sm-12 col-md-12 col-lg-12\">\n<h4>DETAILS :<\/h4>\n<table class=\"table table-striped\">\n<tbody>\n<tr>\n<td>Rahmen<\/td>\n<td>Aluminium: Lightweight SmartForm C2 Alloy, 12&#215;142 thru-axle, tapered headtube, BSA threaded BBm flat mount disc, StraightShot internal cable routing, multiple gear\/bottle mounts<\/td>\n<\/tr>\n<tr>\n<td>Gabel<\/td>\n<td>Carbon: Topstone Carbon, 1-1\/8&#8243; to 1.5&#8243; steerer, 55mm OutFront offset, flat mount disc, internal routing, 12&#215;100 thru-axle, fender\/gear mounts<\/td>\n<\/tr>\n<tr>\n<td>Schalthebel<\/td>\n<td>microSHIFT Advent X, 1&#215;10 G\u00e4nge<\/td>\n<\/tr>\n<tr>\n<td>Hinterer Umwerfer<\/td>\n<td>microSHIFT Advent X, 10-fach<\/td>\n<\/tr>\n<tr>\n<td>Kassette<\/td>\n<td>microSHIFT, 11-48 Z\u00e4hne<\/td>\n<\/tr>\n<tr>\n<td>Kette<\/td>\n<td>KMC X10<\/td>\n<\/tr>\n<tr>\n<td>Tretlager<\/td>\n<td>Prowheel, Charm 40 Z\u00e4hne<\/td>\n<\/tr>\n<tr>\n<td>Tretlagergeh\u00e4use<\/td>\n<td>Cartridge, square taper<\/td>\n<\/tr>\n<tr>\n<td>Bremsen<\/td>\n<td>Promax Render R mechanical disc, 160\/160mm Rotoren<\/td>\n<\/tr>\n<tr>\n<td>Laufr\u00e4der<\/td>\n<td>GXD 1.0, 28h<\/td>\n<\/tr>\n<tr>\n<td>Naben<\/td>\n<td>(F) Formula alloy, 12x100mm \/ (R) Formula alloy, 12x142mm<\/td>\n<\/tr>\n<tr>\n<td>Reifen<\/td>\n<td>WTB Riddler Comp, 700 x 37c<\/td>\n<\/tr>\n<tr>\n<td>Lenker<\/td>\n<td>Cannondale 3, butted 6061 Alloy, 16 deg flare drop<\/td>\n<\/tr>\n<tr>\n<td>Lenkerband<\/td>\n<td>Cannondale Bar Tape, 3.5mm<\/td>\n<\/tr>\n<tr>\n<td>Vorbau<\/td>\n<td>Cannondale 3, 6061 Alloy, 31.8, 7\u00b0<\/td>\n<\/tr>\n<tr>\n<td>Steuersatz<\/td>\n<td>Integrated, 1-1\/8&#8243; &#8211; 1-1\/2&#8243;<\/td>\n<\/tr>\n<tr>\n<td>Sattel<\/td>\n<td>Cannondale Stage CX<\/td>\n<\/tr>\n<tr>\n<td>Sattelst\u00fctze<\/td>\n<td>Cannondale 4, 6061 Alloy, 27.2 x 350mm<\/td>\n<\/tr>\n<tr>\n<td>Gewicht<\/td>\n<td>&#8212;<\/td>\n<\/tr>\n<tr>\n<td>Farben<\/td>\n<td>Schwarz<\/td>\n<\/tr>\n<\/tbody>\n<\/table><\/div>\n<div class=\"prodsheet_specs2 col col-sm-8 col-md-8 col-lg-8\">\n<h4>GEOMETRIEN :<\/h4>\n<p><img decoding=\"async\" src=\"http:\/\/media1.alltricks.fr\/ckfinder\/images\/cube_route_geo_en.jpg\" \/><\/p>\n<table class=\"table table-striped\">\n<tbody>\n<tr>\n<td>Rahmengr\u00f6\u00dfe<\/td>\n<td>XS<\/td>\n<td>S<\/td>\n<td>M<\/td>\n<td>L<\/td>\n<td>XL<\/td>\n<\/tr>\n<tr>\n<td>Sattelrohr (mm)<\/td>\n<td>410<\/td>\n<td>458<\/td>\n<td>505<\/td>\n<td>553<\/td>\n<td>600<\/td>\n<\/tr>\n<tr>\n<td>Oberes Rohr (mm)<\/td>\n<td>533<\/td>\n<td>544<\/td>\n<td>557<\/td>\n<td>572<\/td>\n<td>587<\/td>\n<\/tr>\n<tr>\n<td>L\u00e4nge der Basis (mm)<\/td>\n<td>430<\/td>\n<td>430<\/td>\n<td>430<\/td>\n<td>430<\/td>\n<td>430<\/td>\n<\/tr>\n<tr>\n<td>Lenkh\u00fclse (mm)<\/td>\n<td>89<\/td>\n<td>118<\/td>\n<td>149<\/td>\n<td>182<\/td>\n<td>214<\/td>\n<\/tr>\n<tr>\n<td>Lenkwinkel (\u00b0)<\/td>\n<td>70<\/td>\n<td>71<\/td>\n<td>71<\/td>\n<td>71<\/td>\n<td>71<\/td>\n<\/tr>\n<tr>\n<td>Winkel Sattelrohr (\u00b0)<\/td>\n<td>73.1<\/td>\n<td>73.1<\/td>\n<td>73.1<\/td>\n<td>73.1<\/td>\n<td>73.1<\/td>\n<\/tr>\n<tr>\n<td>Radstand (mm)<\/td>\n<td>1016<\/td>\n<td>1027<\/td>\n<td>1045<\/td>\n<td>1065<\/td>\n<td>1083<\/td>\n<\/tr>\n<tr>\n<td>Stack (mm)<\/td>\n<td>518<\/td>\n<td>549<\/td>\n<td>579<\/td>\n<td>610<\/td>\n<td>640<\/td>\n<\/tr>\n<tr>\n<td>Reach (mm)<\/td>\n<td>368<\/td>\n<td>377<\/td>\n<td>385<\/td>\n<td>394<\/td>\n<td>402<\/td>\n<\/tr>\n<\/tbody>\n<\/table><\/div>\n<\/p><\/div>\n<div id=\"product-header-order-form\" class=\"js-reload-on-event col-lg-20 col-md-20 col-sm-20 col-xs-20\" data-to-watch=\"body\" data-event=\"alltricks:cartChanged\" data-url=\"\/ajax\/product\/ajouter\/F-41505-velos-route-_-cyclocross-_-triathlon\/P-2304363-gravel_bike_cannondale_topstone_4_microshift_advent_x_10v_700_mm_schwarz_2023\"><\/div>\n","protected":false},"excerpt":{"rendered":"<div class=\"col-lg-14 col-md-14 col-sm-14 col-xs-20\"><\/div>\n<div id=\"product-specifications-table\" class=\"col-lg-20 col-md-20 col-sm-20 col-xs-20\">\n<table class=\"table table-striped\">\n<tbody>\n<tr>\n<td class=\"spec-name\">Geschlecht<\/td>\n<td class=\"spec-value\">Herren<\/td>\n<\/tr>\n<tr>\n<td class=\"spec-name\">Gruppe<\/td>\n<td class=\"spec-value\">microSHIFT Advent X 10S<\/td>\n<\/tr>\n<tr>\n<td class=\"spec-name\">collection<\/td>\n<td class=\"spec-value\">Restst\u00fccke<\/td>\n<\/tr>\n<\/tbody>\n<\/table><\/div>\n","protected":false},"featured_media":13265,"comment_status":"closed","ping_status":"closed","template":"","meta":[],"product_brand":[],"product_cat":[130],"product_tag":[],"class_list":{"0":"post-13240","1":"product","2":"type-product","3":"status-publish","4":"has-post-thumbnail","6":"product_cat-rennrad","8":"first","9":"instock","10":"sale","11":"shipping-taxable","12":"purchasable","13":"product-type-variable"},"_links":{"self":[{"href":"https:\/\/fatbike-de.com\/index.php\/wp-json\/wp\/v2\/product\/13240","targetHints":{"allow":["GET"]}}],"collection":[{"href":"https:\/\/fatbike-de.com\/index.php\/wp-json\/wp\/v2\/product"}],"about":[{"href":"https:\/\/fatbike-de.com\/index.php\/wp-json\/wp\/v2\/types\/product"}],"replies":[{"embeddable":true,"href":"https:\/\/fatbike-de.com\/index.php\/wp-json\/wp\/v2\/comments?post=13240"}],"wp:featuredmedia":[{"embeddable":true,"href":"https:\/\/fatbike-de.com\/index.php\/wp-json\/wp\/v2\/media\/13265"}],"wp:attachment":[{"href":"https:\/\/fatbike-de.com\/index.php\/wp-json\/wp\/v2\/media?parent=13240"}],"wp:term":[{"taxonomy":"product_brand","embeddable":true,"href":"https:\/\/fatbike-de.com\/index.php\/wp-json\/wp\/v2\/product_brand?post=13240"},{"taxonomy":"product_cat","embeddable":true,"href":"https:\/\/fatbike-de.com\/index.php\/wp-json\/wp\/v2\/product_cat?post=13240"},{"taxonomy":"product_tag","embeddable":true,"href":"https:\/\/fatbike-de.com\/index.php\/wp-json\/wp\/v2\/product_tag?post=13240"}],"curies":[{"name":"wp","href":"https:\/\/api.w.org\/{rel}","templated":true}]}}