{"id":13246,"date":"2024-02-27T16:39:48","date_gmt":"2024-02-27T15:39:48","guid":{"rendered":"https:\/\/fatbike-de.com\/?post_type=product&#038;p=13246"},"modified":"2024-02-27T16:40:13","modified_gmt":"2024-02-27T15:40:13","slug":"gravel-bike-kona-rove-dl-sram-rival-1-11v-650b-blau-azure-2022","status":"publish","type":"product","link":"https:\/\/fatbike-de.com\/index.php\/product\/gravel-bike-kona-rove-dl-sram-rival-1-11v-650b-blau-azure-2022\/","title":{"rendered":"GRAVEL BIKE KONA ROVE DL SRAM RIVAL 1 11V 650B BLAU AZURE 2022"},"content":{"rendered":"<div id=\"product-header-order-name\" class=\"col-lg-20 col-md-20 col-sm-20 col-xs-20\">\n<h2 class=\"heading-title-text\"><span style=\"vertical-align: inherit\"><span style=\"vertical-align: inherit\">GRAVEL BIKE KONA ROVE DL SRAM RIVAL 1 11V 650B BLEU AZUR 2022<\/span><\/span><\/h2>\n<div class=\"col col-sm-12 col-md-12 col-lg-12\">\n<p class=\"col col-sm-12 col-md-12 col-lg-12\">Sie suchen ein fl\u00fcssiges Fahrgef\u00fchl auf gemischtem Gel\u00e4nde. Sie sind ein Fan von Stahl. haben einen scharfsinnigen Geschmack, lassen sich aber nicht von Trends vereinnahmen. wollen ein Fahrrad, das gut aussieht, gut f\u00e4hrt und Ihnen ein Leben lang erhalten bleibt. sind die Person, die ein hervorragendes Produkt zu einem g\u00fcnstigen Preis kauft\u00a0 weiter <strong><span style=\"vertical-align: inherit\">Kona Rove DL<\/span><\/strong>.<\/p>\n<p>Dann suchen Sie nicht weiter als das\u00a0<strong>Rove DL<\/strong>. Inspiriert vom Mountainbike, aber entschieden mehr auf Touren ausgerichtet, pr\u00fcft das\u00a0<strong>Rove DL<\/strong>\u00a0alle K\u00e4stchen f\u00fcr Funktionalit\u00e4t, Komfort und Stil<\/p>\n<div class=\"prodsheet_bullets col col-sm-8 col-md-8 col-lg-8\">\n<h4>DIE PRODUKTVORTEILE :<\/h4>\n<ul>\n<li>Rahmen und Gabel Kona Butted Cromoly aus Stahl.<\/li>\n<li>Sram Rival 1, 1&#215;11-Gang-Schaltung.<\/li>\n<li>TRP-Scheibenbremsen, 160\/160 mm.<\/li>\n<\/ul><\/div>\n<div class=\"prodsheet_specs1 col col-sm-12 col-md-12 col-lg-12\">\n<h4>DETAILS:<\/h4>\n<table class=\"table table-striped\">\n<tbody>\n<tr>\n<td>Rahmen<\/td>\n<td>Stahl: Kona Butted Cromoly<\/td>\n<\/tr>\n<tr>\n<td>Gabel<\/td>\n<td>Stahl: Kona Project Two Cromoly Disc<\/td>\n<\/tr>\n<tr>\n<td>Schalthebel<\/td>\n<td>Sram Rival 1, 1&#215;11 G\u00e4nge<\/td>\n<\/tr>\n<tr>\n<td>Schaltwerk hinten<\/td>\n<td>Sram Rival 1, 11-Gang<\/td>\n<\/tr>\n<tr>\n<td>Kassette<\/td>\n<td>SramPG1130 11-42 Z\u00e4hne<\/td>\n<\/tr>\n<tr>\n<td>Kette<\/td>\n<td>Sram PC1110<\/td>\n<\/tr>\n<tr>\n<td>Tretlager<\/td>\n<td>Sram Apex, 40 Z\u00e4hne X-Sync<\/td>\n<\/tr>\n<tr>\n<td>Tretlagergeh\u00e4use<\/td>\n<td>Sram GXP 68 mm<\/td>\n<\/tr>\n<tr>\n<td>Bremsen<\/td>\n<td>TRP HDC711C Mechanical \/ Hydraulic, 160\/160 mm<\/td>\n<\/tr>\n<tr>\n<td>Laufr\u00e4der<\/td>\n<td>WTB ST i23 TCS 2.0<\/td>\n<\/tr>\n<tr>\n<td>Naben<\/td>\n<td>F: Formula 100x12mm (centerlock)<br \/> R: Formula 142x12mm (centerlock)<\/td>\n<\/tr>\n<tr>\n<td>Reifen<\/td>\n<td>WTB Venture TCS DUAL oder Maxxis Receptor EXO TR 650x47c<\/td>\n<\/tr>\n<tr>\n<td>Lenker<\/td>\n<td>Kona Road<\/td>\n<\/tr>\n<tr>\n<td>Lenkerband<\/td>\n<td>Kona Cork Tape<\/td>\n<\/tr>\n<tr>\n<td>Vorbau<\/td>\n<td>Kona Road Deluxe<\/td>\n<\/tr>\n<tr>\n<td>Steuersatz<\/td>\n<td>FSA No.1\/No.10<\/td>\n<\/tr>\n<tr>\n<td>Sattel<\/td>\n<td>WTB Volt<\/td>\n<\/tr>\n<tr>\n<td>Sattelst\u00fctze<\/td>\n<td>Kona Deluxe Thumb w\/Offset 27.2mm<\/td>\n<\/tr>\n<tr>\n<td>Gewicht<\/td>\n<td>&#8212;<\/td>\n<\/tr>\n<tr>\n<td>Farben<\/td>\n<td>Gloss Azure Blue<\/td>\n<\/tr>\n<\/tbody>\n<\/table><\/div>\n<div class=\"prodsheet_specs2 col col-sm-8 col-md-8 col-lg-8\">\n<h4>GEOMETRIEN :<\/h4>\n<p><img decoding=\"async\" src=\"http:\/\/media1.alltricks.fr\/ckfinder\/images\/cube_route_geo_fr.jpg\" \/><\/p>\n<table class=\"table table-striped\">\n<tbody>\n<tr>\n<td>Rahmengr\u00f6\u00dfe (cm)<\/td>\n<td>48<\/td>\n<td>50<\/td>\n<td>52<\/td>\n<td>54<\/td>\n<td>56<\/td>\n<td>58<\/td>\n<\/tr>\n<tr>\n<td>Sattelrohr (mm)<\/td>\n<td>480<\/td>\n<td>500<\/td>\n<td>520<\/td>\n<td>540<\/td>\n<td>560<\/td>\n<td>580<\/td>\n<\/tr>\n<tr>\n<td>Oberes Rohr (mm)<\/td>\n<td>515<\/td>\n<td>531<\/td>\n<td>546<\/td>\n<td>562<\/td>\n<td>578<\/td>\n<td>598<\/td>\n<\/tr>\n<tr>\n<td>L\u00e4nge der Basis (mm)<\/td>\n<td>435<\/td>\n<td>435<\/td>\n<td>435<\/td>\n<td>435<\/td>\n<td>435<\/td>\n<td>435<\/td>\n<\/tr>\n<tr>\n<td>Lenkh\u00fclse (mm)<\/td>\n<td>90<\/td>\n<td>110<\/td>\n<td>130<\/td>\n<td>150<\/td>\n<td>170<\/td>\n<td>190<\/td>\n<\/tr>\n<tr>\n<td>Lenkwinkel (\u00b0)<\/td>\n<td>70.5<\/td>\n<td>70.5<\/td>\n<td>71<\/td>\n<td>71<\/td>\n<td>71.5<\/td>\n<td>71.5<\/td>\n<\/tr>\n<tr>\n<td>Winkel Sattelrohr (\u00b0)<\/td>\n<td>75<\/td>\n<td>74.5<\/td>\n<td>74<\/td>\n<td>73.5<\/td>\n<td>73<\/td>\n<td>72.5<\/td>\n<\/tr>\n<tr>\n<td>Radstand (mm)<\/td>\n<td>1016<\/td>\n<td>1029<\/td>\n<td>1036<\/td>\n<td>1048<\/td>\n<td>1054<\/td>\n<td>1068<\/td>\n<\/tr>\n<tr>\n<td>Stack (mm)<\/td>\n<td>532<\/td>\n<td>551<\/td>\n<td>570<\/td>\n<td>588<\/td>\n<td>607<\/td>\n<td>626<\/td>\n<\/tr>\n<tr>\n<td>Reichweite (mm)<\/td>\n<td>372<\/td>\n<td>378<\/td>\n<td>383<\/td>\n<td>388<\/td>\n<td>392<\/td>\n<td>400<\/td>\n<\/tr>\n<\/tbody>\n<\/table><\/div>\n<\/p><\/div>\n<\/p><\/div>\n<div id=\"product-header-order-form\" class=\"js-reload-on-event col-lg-20 col-md-20 col-sm-20 col-xs-20\" data-to-watch=\"body\" data-event=\"alltricks:cartChanged\" data-url=\"\/ajax\/product\/ajouter\/F-41505-velos-route-_-cyclocross-_-triathlon\/P-2049568-gravel_bike_kona_rove_dl_sram_rival_1_11v_650b_blau_azure_2022\"><\/div>\n","protected":false},"excerpt":{"rendered":"<div class=\"col-lg-14 col-md-14 col-sm-14 col-xs-20\"><\/div>\n<div id=\"product-specifications-table\" class=\"col-lg-20 col-md-20 col-sm-20 col-xs-20\">\n<table class=\"table table-striped\">\n<tbody>\n<tr>\n<td class=\"spec-name\">Geschlecht<\/td>\n<td class=\"spec-value\">Herren<\/td>\n<\/tr>\n<tr>\n<td class=\"spec-name\">Gruppe<\/td>\n<td class=\"spec-value\">Sram Rival 1 11S<\/td>\n<\/tr>\n<tr>\n<td class=\"spec-name\">collection<\/td>\n<td class=\"spec-value\">2022<\/td>\n<\/tr>\n<\/tbody>\n<\/table><\/div>\n","protected":false},"featured_media":13270,"comment_status":"closed","ping_status":"closed","template":"","meta":[],"product_brand":[],"product_cat":[130],"product_tag":[],"class_list":{"0":"post-13246","1":"product","2":"type-product","3":"status-publish","4":"has-post-thumbnail","6":"product_cat-rennrad","8":"first","9":"instock","10":"sale","11":"shipping-taxable","12":"purchasable","13":"product-type-variable"},"_links":{"self":[{"href":"https:\/\/fatbike-de.com\/index.php\/wp-json\/wp\/v2\/product\/13246","targetHints":{"allow":["GET"]}}],"collection":[{"href":"https:\/\/fatbike-de.com\/index.php\/wp-json\/wp\/v2\/product"}],"about":[{"href":"https:\/\/fatbike-de.com\/index.php\/wp-json\/wp\/v2\/types\/product"}],"replies":[{"embeddable":true,"href":"https:\/\/fatbike-de.com\/index.php\/wp-json\/wp\/v2\/comments?post=13246"}],"wp:featuredmedia":[{"embeddable":true,"href":"https:\/\/fatbike-de.com\/index.php\/wp-json\/wp\/v2\/media\/13270"}],"wp:attachment":[{"href":"https:\/\/fatbike-de.com\/index.php\/wp-json\/wp\/v2\/media?parent=13246"}],"wp:term":[{"taxonomy":"product_brand","embeddable":true,"href":"https:\/\/fatbike-de.com\/index.php\/wp-json\/wp\/v2\/product_brand?post=13246"},{"taxonomy":"product_cat","embeddable":true,"href":"https:\/\/fatbike-de.com\/index.php\/wp-json\/wp\/v2\/product_cat?post=13246"},{"taxonomy":"product_tag","embeddable":true,"href":"https:\/\/fatbike-de.com\/index.php\/wp-json\/wp\/v2\/product_tag?post=13246"}],"curies":[{"name":"wp","href":"https:\/\/api.w.org\/{rel}","templated":true}]}}