{"id":13253,"date":"2024-02-27T16:39:49","date_gmt":"2024-02-27T15:39:49","guid":{"rendered":"https:\/\/fatbike-de.com\/?post_type=product&#038;p=13253"},"modified":"2024-02-27T16:40:13","modified_gmt":"2024-02-27T15:40:13","slug":"filz-vr-40-rennrad-shimano-tiagra-10v-700mm-aquafresh-blue-2021","status":"publish","type":"product","link":"https:\/\/fatbike-de.com\/index.php\/product\/filz-vr-40-rennrad-shimano-tiagra-10v-700mm-aquafresh-blue-2021\/","title":{"rendered":"FILZ VR 40 RENNRAD SHIMANO TIAGRA 10V 700MM AQUAFRESH BLUE 2021"},"content":{"rendered":"<div id=\"product-header-order-name\" class=\"col-lg-20 col-md-20 col-sm-20 col-xs-20\">\n<h2 class=\"heading-title-text\">FILZ VR 40 RENNRAD SHIMANO TIAGRA 10V 700MM AQUAFRESH BLUE 2021<\/h2>\n<div class=\"col col-sm-12 col-md-12 col-lg-12\">\n<p>Das\u00a0<strong>Filz VR 40<\/strong>\u00a0ist das ultimative Aluminium-Langstreckenrad. Ihr<strong>\u00a0<\/strong>Carbongabel reduziert Stra\u00dfenl\u00e4rm. Kompatibel mit Gep\u00e4cktr\u00e4gern und Kotfl\u00fcgeln f\u00fcr erstaunliche Vielseitigkeit.<\/p>\n<p>Der\u00a0<strong>VR 40<\/strong>\u00a0ist mit hydraulischen Scheibenbremsen ausgestattet. Sie bieten eine erh\u00f6hte Bremskraft, eine pr\u00e4zisere Dosierung und eine bessere Leistung unter allen Fahrbedingungen. F\u00fcr Fahrer und leistungsorientierte Fahrer verbessern Scheibenbremsen auch das allgemeine Handling des Fahrrads und tragen dazu bei, mehr Geschwindigkeit in den Kurven f\u00fcr glattere Flugbahnen aufrechtzuerhalten.<\/p>\n<\/p><\/div>\n<div class=\"prodsheet_bullets col col-sm-8 col-md-8 col-lg-8\">\n<h4>DAS + PRODUKT:<\/h4>\n<ul>\n<li>Aluminiumrahmen und Carbongabel.<\/li>\n<li>Shimano Tiagra 2&#215;10 Geschwindigkeitsantrieb.<\/li>\n<li>Shimano Tiagra 4770 hydraulische Scheibenbremsen.<\/li>\n<li>Kotfl\u00fcgel- und Gep\u00e4cktr\u00e4gerunterst\u00fctzung.<\/li>\n<\/ul><\/div>\n<div class=\"prodsheet_specs1 col col-sm-12 col-md-12 col-lg-12\">\n<h4>EINZELHEITEN:<\/h4>\n<table class=\"table table-striped\">\n<tbody>\n<tr>\n<td>Rahmen<\/td>\n<td>Aluminium: Filz VariableRoad 3.0 | SuperLite Aluminium<\/td>\n<\/tr>\n<tr>\n<td>Gabel<\/td>\n<td>Kohlenstoff: Filz VariableRoad 3.0 | UHC Advanced Kohlefaser<\/td>\n<\/tr>\n<tr>\n<td>Schalthebel<\/td>\n<td>Shimano Tiagra 4720, Geschwindigkeit 2&#215;10<\/td>\n<\/tr>\n<tr>\n<td>Umwerfer<\/td>\n<td>Shimano Tiagra 4700, Bandtyp, \u00d831,8 mm<\/td>\n<\/tr>\n<tr>\n<td>Schaltwerk<\/td>\n<td>Shimano Tiagra 4700, mittlerer K\u00e4fig, 10 Geschwindigkeit<\/td>\n<\/tr>\n<tr>\n<td>Kassette<\/td>\n<td>Shimano HG500, 11-34 Z\u00e4hne<\/td>\n<\/tr>\n<tr>\n<td>Kette<\/td>\n<td>Shimano HG54<\/td>\n<\/tr>\n<tr>\n<td>Hubs<\/td>\n<td>(Vorderseite): Shimano RS470 | J-Bend, Center Lock, 28 Stunden, TA 12 x 100 \/<br \/> (Hinten): Shimano RS470 | J-Bend, Center Lock, 28 Stunden, TA 12 x 142<\/td>\n<\/tr>\n<tr>\n<td>Speichen<\/td>\n<td>J-Bend, 2.0, Stahl, schwarz<\/td>\n<\/tr>\n<tr>\n<td>Bremsen<\/td>\n<td>Shimano Tiagra 4770, Hydr Disc. Bremsen. Shimano RT70, Center Lock, 160\/140 mm.<\/td>\n<\/tr>\n<tr>\n<td>R\u00e4der<\/td>\n<td>Devox WheelRDS.A1 mit Shimano-Naben | 23\/21<\/td>\n<\/tr>\n<tr>\n<td>Reifen<\/td>\n<td>Schwalbe LUGANO II, K-Guard, Drahtperle, 700x32c<\/td>\n<\/tr>\n<tr>\n<td>Lenker<\/td>\n<td>Devox DBar.A2<\/td>\n<\/tr>\n<tr>\n<td>Sattel<\/td>\n<td>Devox Seat.MIG<\/td>\n<\/tr>\n<tr>\n<td>Sattelschaft<\/td>\n<td>Devox Post.A3<\/td>\n<\/tr>\n<tr>\n<td>Gewicht<\/td>\n<td>10,26 kg<\/td>\n<\/tr>\n<tr>\n<td>Farben<\/td>\n<td>Aquafresh<\/td>\n<\/tr>\n<\/tbody>\n<\/table><\/div>\n<div class=\"prodsheet_specs2 col col-sm-8 col-md-8 col-lg-8\">\n<h4>GEOMETRIEN:<\/h4>\n<p><img decoding=\"async\" src=\"http:\/\/media1.alltricks.fr\/ckfinder\/images\/cube_route_geo_en.jpg\" \/><\/p>\n<table class=\"table table-striped\">\n<tbody>\n<tr>\n<td>Rahmengr\u00f6\u00dfe (cm)<\/td>\n<td>43<\/td>\n<td>47<\/td>\n<td>51<\/td>\n<td>54<\/td>\n<td>56<\/td>\n<td>58<\/td>\n<td>61<\/td>\n<\/tr>\n<tr>\n<td>Sitzrohr (mm)<\/td>\n<td>410<\/td>\n<td>430<\/td>\n<td>450<\/td>\n<td>480<\/td>\n<td>500<\/td>\n<td>520<\/td>\n<td>550<\/td>\n<\/tr>\n<tr>\n<td>Oberrohr (mm)<\/td>\n<td>495<\/td>\n<td>510<\/td>\n<td>525<\/td>\n<td>545<\/td>\n<td>563<\/td>\n<td>580<\/td>\n<td>595<\/td>\n<\/tr>\n<tr>\n<td>Grundl\u00e4nge (mm)<\/td>\n<td>412<\/td>\n<td>412<\/td>\n<td>415<\/td>\n<td>415<\/td>\n<td>415<\/td>\n<td>417<\/td>\n<td>417<\/td>\n<\/tr>\n<tr>\n<td>Steuerrohr (mm)<\/td>\n<td>115<\/td>\n<td>130<\/td>\n<td>145<\/td>\n<td>165<\/td>\n<td>185<\/td>\n<td>205<\/td>\n<td>225<\/td>\n<\/tr>\n<tr>\n<td>Lenkwinkel (\u00b0)<\/td>\n<td>70.3<\/td>\n<td>71.3<\/td>\n<td>72<\/td>\n<td>72,5<\/td>\n<td>72,5<\/td>\n<td>72,5<\/td>\n<td>72,5<\/td>\n<\/tr>\n<tr>\n<td>Sitzrohrwinkel (\u00b0)<\/td>\n<td>75.3<\/td>\n<td>74.7<\/td>\n<td>74,5<\/td>\n<td>74<\/td>\n<td>73,5<\/td>\n<td>73<\/td>\n<td>73<\/td>\n<\/tr>\n<tr>\n<td>Radstand (mm)<\/td>\n<td>977<\/td>\n<td>981<\/td>\n<td>989<\/td>\n<td>1000<\/td>\n<td>1013<\/td>\n<td>1027<\/td>\n<td>1042<\/td>\n<\/tr>\n<tr>\n<td>Stapel (mm)<\/td>\n<td>521<\/td>\n<td>539<\/td>\n<td>555<\/td>\n<td>576<\/td>\n<td>595<\/td>\n<td>614<\/td>\n<td>633<\/td>\n<\/tr>\n<tr>\n<td>Reichweite (mm)<\/td>\n<td>355<\/td>\n<td>362<\/td>\n<td>369<\/td>\n<td>379<\/td>\n<td>386<\/td>\n<td>392<\/td>\n<td>401<\/td>\n<\/tr>\n<\/tbody>\n<\/table><\/div>\n<\/p><\/div>\n<div id=\"product-header-order-form\" class=\"js-reload-on-event col-lg-20 col-md-20 col-sm-20 col-xs-20\" data-to-watch=\"body\" data-event=\"alltricks:cartChanged\" data-url=\"\/ajax\/product\/ajouter\/F-41505-velos-route-_-cyclocross-_-triathlon\/P-1664676-filz_vr_40_rennrad_shimano_tiagra_10v_700mm_aquafresh_blue_2021\"><\/div>\n","protected":false},"excerpt":{"rendered":"<div class=\"col-lg-14 col-md-14 col-sm-14 col-xs-20\"><\/div>\n<div id=\"product-specifications-table\" class=\"col-lg-20 col-md-20 col-sm-20 col-xs-20\">\n<table class=\"table table-striped\">\n<tbody>\n<tr>\n<td class=\"spec-name\">Geschlecht<\/td>\n<td class=\"spec-value\">Herren<\/td>\n<\/tr>\n<tr>\n<td class=\"spec-name\">Gruppe<\/td>\n<td class=\"spec-value\">Shimano Tiagra 10S<\/td>\n<\/tr>\n<tr>\n<td class=\"spec-name\">collection<\/td>\n<td class=\"spec-value\">2021<\/td>\n<\/tr>\n<\/tbody>\n<\/table><\/div>\n","protected":false},"featured_media":13279,"comment_status":"closed","ping_status":"closed","template":"","meta":[],"product_brand":[],"product_cat":[130],"product_tag":[],"class_list":{"0":"post-13253","1":"product","2":"type-product","3":"status-publish","4":"has-post-thumbnail","6":"product_cat-rennrad","8":"first","9":"instock","10":"shipping-taxable","11":"purchasable","12":"product-type-variable"},"_links":{"self":[{"href":"https:\/\/fatbike-de.com\/index.php\/wp-json\/wp\/v2\/product\/13253","targetHints":{"allow":["GET"]}}],"collection":[{"href":"https:\/\/fatbike-de.com\/index.php\/wp-json\/wp\/v2\/product"}],"about":[{"href":"https:\/\/fatbike-de.com\/index.php\/wp-json\/wp\/v2\/types\/product"}],"replies":[{"embeddable":true,"href":"https:\/\/fatbike-de.com\/index.php\/wp-json\/wp\/v2\/comments?post=13253"}],"wp:featuredmedia":[{"embeddable":true,"href":"https:\/\/fatbike-de.com\/index.php\/wp-json\/wp\/v2\/media\/13279"}],"wp:attachment":[{"href":"https:\/\/fatbike-de.com\/index.php\/wp-json\/wp\/v2\/media?parent=13253"}],"wp:term":[{"taxonomy":"product_brand","embeddable":true,"href":"https:\/\/fatbike-de.com\/index.php\/wp-json\/wp\/v2\/product_brand?post=13253"},{"taxonomy":"product_cat","embeddable":true,"href":"https:\/\/fatbike-de.com\/index.php\/wp-json\/wp\/v2\/product_cat?post=13253"},{"taxonomy":"product_tag","embeddable":true,"href":"https:\/\/fatbike-de.com\/index.php\/wp-json\/wp\/v2\/product_tag?post=13253"}],"curies":[{"name":"wp","href":"https:\/\/api.w.org\/{rel}","templated":true}]}}