{"id":13293,"date":"2024-02-27T16:40:15","date_gmt":"2024-02-27T15:40:15","guid":{"rendered":"https:\/\/fatbike-de.com\/?post_type=product&#038;p=13293"},"modified":"2024-02-27T16:40:30","modified_gmt":"2024-02-27T15:40:30","slug":"fuji-touring-disc-ltd-reiserad-shimano-sora-9s-700-mm-anthrazit-2021","status":"publish","type":"product","link":"https:\/\/fatbike-de.com\/index.php\/product\/fuji-touring-disc-ltd-reiserad-shimano-sora-9s-700-mm-anthrazit-2021\/","title":{"rendered":"FUJI TOURING DISC LTD REISERAD SHIMANO SORA 9S 700 MM ANTHRAZIT 2021"},"content":{"rendered":"<div id=\"product-header-order-name\" class=\"col-lg-20 col-md-20 col-sm-20 col-xs-20\">\n<h2 class=\"heading-title-text\">FUJI TOURING DISC LTD REISERAD SHIMANO SORA 9S 700 MM ANTHRAZIT 2021<\/h2>\n<\/p><\/div>\n<div id=\"product-header-order-form\" class=\"js-reload-on-event col-lg-20 col-md-20 col-sm-20 col-xs-20\" data-to-watch=\"body\" data-event=\"alltricks:cartChanged\" data-url=\"\/ajax\/product\/ajouter\/F-187976-velo-ville_voyage_vtc\/P-1669260-fuji_touring_disc_ltd_reiserad_shimano_sora_9s_700_mm_anthrazit_2021\">\n<div class=\"col col-sm-12 col-md-12 col-lg-12\">\n<p>Das\u00a0<strong>Fuji Touring Disc LTD<\/strong>\u00a0ist das perfekte Fahrrad, um mehrere lange Tage im Sattel zu verbringen und schwere Lasten an Ihr Ziel zu tragen. Das\u00a0<strong>Touring Disc LTD<\/strong>\u00a0ist Fujis klassisches Tourenrad aus Stahl. Wenn Sie nach einem zuverl\u00e4ssigen und komfortablen Fahrrad suchen, das Sie \u00fcberall hin mitnehmen kann, ist das Touring das richtige Fahrrad f\u00fcr Sie.<\/p>\n<\/p><\/div>\n<div class=\"prodsheet_bullets col col-sm-8 col-md-8 col-lg-8\">\n<h4>DAS + PRODUKT:<\/h4>\n<ul>\n<li>Stahlrahmen und Gabel.<\/li>\n<li>Shimano Sora 3&#215;9-Gang-Antrieb.<\/li>\n<li>Mechanische Scheibenbremsen TRP Spyre C, 160\/160 mm.<\/li>\n<li>Kotfl\u00fcgel und Gep\u00e4cktr\u00e4ger<\/li>\n<\/ul><\/div>\n<div class=\"prodsheet_specs1 col col-sm-12 col-md-12 col-lg-12\">\n<h4>EINZELHEITEN:<\/h4>\n<table class=\"table table-striped\">\n<tbody>\n<tr>\n<td>Rahmen<\/td>\n<td>Stahl: Reynolds 520 Chromoly, Rack &amp; Fender-Halterungen, Pump Peg &amp; Chain Hanger<\/td>\n<\/tr>\n<tr>\n<td>Gabel<\/td>\n<td>Stahl: Chromoly mit 1 1\/8 &#8222;Gabelschaft, flach montierter Scheibe, Low-Rider-Wasserflasche und Rack-Halterungen<\/td>\n<\/tr>\n<tr>\n<td>Schalthebel<\/td>\n<td>Shimano Sora 3&#215;9-Gang.<\/td>\n<\/tr>\n<tr>\n<td>Umwerfer<\/td>\n<td>Shimano Sora, 28,6 mm Klemme<\/td>\n<\/tr>\n<tr>\n<td>Schaltwerk<\/td>\n<td>Shimano Sora, 9 Geschwindigkeit<\/td>\n<\/tr>\n<tr>\n<td>Kassette<\/td>\n<td>Shimano HG400, 11-34 Z\u00e4hne, 9 Geschwindigkeit<\/td>\n<\/tr>\n<tr>\n<td>Kette<\/td>\n<td>KMC X9<\/td>\n<\/tr>\n<tr>\n<td>Kurbelgarnitur<\/td>\n<td>FSA Tempo, 50\/39\/30 Zahn<\/td>\n<\/tr>\n<tr>\n<td>Tretlager<\/td>\n<td>Abgedichtetes Patronenlager<\/td>\n<\/tr>\n<tr>\n<td>Bremsen<\/td>\n<td>TRP Spyre C Mechanische Scheibe, flach montiert, 160 \/ 160mm Centerlock-Rotoren<\/td>\n<\/tr>\n<tr>\n<td>R\u00e4der<\/td>\n<td>Alex doppelwandig, 36h, F: Shimano Hub Dynamo, R: Shimano Deore T-675 Centerlock Disc Hub<\/td>\n<\/tr>\n<tr>\n<td>Reifen<\/td>\n<td>Vittoria Randonneur Tech, 700 x 40 c, 33 tpi<\/td>\n<\/tr>\n<tr>\n<td>Lenker<\/td>\n<td>Oval Concepts 310 Ergo, 6061-Legierung, 31,8 mm Klemme, 133 mm Gef\u00e4lle, 4 \u00b0 Sweep<\/td>\n<\/tr>\n<tr>\n<td>Galgen<\/td>\n<td>3D-geschmiedet 6061, +\/- 6 \u00b0<\/td>\n<\/tr>\n<tr>\n<td>Headset<\/td>\n<td>FSA, 1 1\/8 &#8222;, versiegelt<\/td>\n<\/tr>\n<tr>\n<td>Sattel<\/td>\n<td>Oval Concepts 344, Stahlschiene<\/td>\n<\/tr>\n<tr>\n<td>Sattelschaft<\/td>\n<td>6061 Legierung, 27,2 mm Durchmesser<\/td>\n<\/tr>\n<tr>\n<td>Farben<\/td>\n<td>Anthrazit<\/td>\n<\/tr>\n<\/tbody>\n<\/table><\/div>\n<div class=\"prodsheet_specs2 col col-sm-8 col-md-8 col-lg-8\">\n<h4>GEOMETRIEN:<\/h4>\n<p><img decoding=\"async\" src=\"http:\/\/media1.alltricks.fr\/ckfinder\/images\/cube_route_geo_en.jpg\" \/><\/p>\n<table class=\"table table-striped\">\n<tbody>\n<tr>\n<td>Gr\u00f6\u00dfe<\/td>\n<td>49<\/td>\n<td>52<\/td>\n<td>54<\/td>\n<td>56<\/td>\n<td>58<\/td>\n<td>61<\/td>\n<td>64<\/td>\n<\/tr>\n<tr>\n<td>Sitzrohr (mm)<\/td>\n<td>450<\/td>\n<td>490<\/td>\n<td>510<\/td>\n<td>530<\/td>\n<td>550<\/td>\n<td>580<\/td>\n<td>610<\/td>\n<\/tr>\n<tr>\n<td>Oberrohr (mm)<\/td>\n<td>535<\/td>\n<td>540<\/td>\n<td>545<\/td>\n<td>555<\/td>\n<td>575<\/td>\n<td>590<\/td>\n<td>610<\/td>\n<\/tr>\n<tr>\n<td>Grundl\u00e4nge (mm)<\/td>\n<td>450<\/td>\n<td>450<\/td>\n<td>450<\/td>\n<td>450<\/td>\n<td>450<\/td>\n<td>450<\/td>\n<td>450<\/td>\n<\/tr>\n<tr>\n<td>Steuerrohr (mm)<\/td>\n<td>110<\/td>\n<td>120<\/td>\n<td>140<\/td>\n<td>160<\/td>\n<td>180<\/td>\n<td>200<\/td>\n<td>220<\/td>\n<\/tr>\n<tr>\n<td>Lenkwinkel (\u00b0)<\/td>\n<td>70<\/td>\n<td>70,5<\/td>\n<td>71<\/td>\n<td>71<\/td>\n<td>71<\/td>\n<td>71<\/td>\n<td>71<\/td>\n<\/tr>\n<tr>\n<td>Sitzrohrwinkel (\u00b0)<\/td>\n<td>74<\/td>\n<td>73,5<\/td>\n<td>73<\/td>\n<td>73,5<\/td>\n<td>73<\/td>\n<td>73<\/td>\n<td>72,5<\/td>\n<\/tr>\n<tr>\n<td>Radstand (mm)<\/td>\n<td>1048<\/td>\n<td>1048<\/td>\n<td>1048<\/td>\n<td>1055<\/td>\n<td>1070<\/td>\n<td>1086<\/td>\n<td>1100<\/td>\n<\/tr>\n<tr>\n<td>Stapel (mm)<\/td>\n<td>549<\/td>\n<td>561<\/td>\n<td>582<\/td>\n<td>601<\/td>\n<td>620<\/td>\n<td>638<\/td>\n<td>657<\/td>\n<\/tr>\n<tr>\n<td>Reichweite (mm)<\/td>\n<td>377<\/td>\n<td>379<\/td>\n<td>367<\/td>\n<td>377<\/td>\n<td>386<\/td>\n<td>395<\/td>\n<td>402<\/td>\n<\/tr>\n<\/tbody>\n<\/table><\/div>\n<\/p><\/div>\n","protected":false},"excerpt":{"rendered":"<div class=\"col-lg-14 col-md-14 col-sm-14 col-xs-20\"><\/div>\n<div id=\"product-specifications-table\" class=\"col-lg-20 col-md-20 col-sm-20 col-xs-20\">\n<table class=\"table table-striped\">\n<tbody>\n<tr>\n<td class=\"spec-name\">Geschlecht<\/td>\n<td class=\"spec-value\">Herren<\/td>\n<\/tr>\n<tr>\n<td class=\"spec-name\">Groupe<\/td>\n<td class=\"spec-value\">Shimano Sora 9S<\/td>\n<\/tr>\n<tr>\n<td class=\"spec-name\">collection<\/td>\n<td class=\"spec-value\">2021<\/td>\n<\/tr>\n<\/tbody>\n<\/table><\/div>\n","protected":false},"featured_media":13317,"comment_status":"closed","ping_status":"closed","template":"","meta":[],"product_brand":[],"product_cat":[130],"product_tag":[],"class_list":{"0":"post-13293","1":"product","2":"type-product","3":"status-publish","4":"has-post-thumbnail","6":"product_cat-rennrad","8":"first","9":"instock","10":"sale","11":"shipping-taxable","12":"purchasable","13":"product-type-variable"},"_links":{"self":[{"href":"https:\/\/fatbike-de.com\/index.php\/wp-json\/wp\/v2\/product\/13293","targetHints":{"allow":["GET"]}}],"collection":[{"href":"https:\/\/fatbike-de.com\/index.php\/wp-json\/wp\/v2\/product"}],"about":[{"href":"https:\/\/fatbike-de.com\/index.php\/wp-json\/wp\/v2\/types\/product"}],"replies":[{"embeddable":true,"href":"https:\/\/fatbike-de.com\/index.php\/wp-json\/wp\/v2\/comments?post=13293"}],"wp:featuredmedia":[{"embeddable":true,"href":"https:\/\/fatbike-de.com\/index.php\/wp-json\/wp\/v2\/media\/13317"}],"wp:attachment":[{"href":"https:\/\/fatbike-de.com\/index.php\/wp-json\/wp\/v2\/media?parent=13293"}],"wp:term":[{"taxonomy":"product_brand","embeddable":true,"href":"https:\/\/fatbike-de.com\/index.php\/wp-json\/wp\/v2\/product_brand?post=13293"},{"taxonomy":"product_cat","embeddable":true,"href":"https:\/\/fatbike-de.com\/index.php\/wp-json\/wp\/v2\/product_cat?post=13293"},{"taxonomy":"product_tag","embeddable":true,"href":"https:\/\/fatbike-de.com\/index.php\/wp-json\/wp\/v2\/product_tag?post=13293"}],"curies":[{"name":"wp","href":"https:\/\/api.w.org\/{rel}","templated":true}]}}