{"id":13341,"date":"2024-02-27T16:40:33","date_gmt":"2024-02-27T15:40:33","guid":{"rendered":"https:\/\/fatbike-de.com\/?post_type=product&#038;p=13341"},"modified":"2024-02-27T16:40:57","modified_gmt":"2024-02-27T15:40:57","slug":"cannondale-supersix-evo-carbonscheibe-ultegra-rennrad-mattschwarz","status":"publish","type":"product","link":"https:\/\/fatbike-de.com\/index.php\/product\/cannondale-supersix-evo-carbonscheibe-ultegra-rennrad-mattschwarz\/","title":{"rendered":"CANNONDALE SUPERSIX EVO CARBONSCHEIBE ULTEGRA RENNRAD MATTSCHWARZ"},"content":{"rendered":"<div id=\"product-header-order-name\" class=\"col-lg-20 col-md-20 col-sm-20 col-xs-20\">\n<h2 class=\"heading-title-text\">CANNONDALE SUPERSIX EVO CARBONSCHEIBE ULTEGRA RENNRAD SHIMANO ULTEGRA 11S 700 MM MATTSCHWARZ<\/h2>\n<div class=\"col col-sm-12 col-md-12 col-lg-12\">\n<p>Schnell, jetzt noch schneller. Das Cannondale SuperSix EVO ist ein reines Rennrad. Leicht, geschmeidig und ultraschnell. Die Entwicklung der klassischen Rennmaschine.<\/p>\n<p>Die\u00a0<strong>SuperSix EVO Carbon Disc<\/strong>\u00a0ist das leichteste Scheibenbremsen-Stra\u00dfenrahmenset, das jemals von Cannondale hergestellt wurde. Der neue SuperSix EVO ist bereit zu werfen, wenn die Note steigt. Der Rahmen verf\u00fcgt \u00fcber stark abgeschnittene Tragfl\u00e4chenrohrformen, die das gleiche Gewicht und die gleiche oder eine bessere Steifigkeit als runde Rohre bieten, jedoch den Luftwiderstand um bis zu 30% reduzieren.<\/p>\n<p>Das neue Rahmendesign bietet Platz f\u00fcr ernsthaft gro\u00dfe Gummis. 30-mm-Reifen passen problemlos und bieten ein neues Ma\u00df an Komfort und Leistungsf\u00e4higkeit auf jeder Stra\u00dfe. SuperSix EVO war schon immer f\u00fcr seine elegant geschmeidige Fahrqualit\u00e4t bekannt und der neue ist noch fl\u00fcssiger. Die neuen SAVE-Heckstreben, der integrierte Binder und die 27-KN\u00d8T-Sattelst\u00fctze erh\u00f6hen die Compliance um 18%.<\/p>\n<\/p><\/div>\n<div class=\"prodsheet_bullets col col-sm-8 col-md-8 col-lg-8\">\n<h4>HAUPTEIGENSCHAFTEN:<\/h4>\n<ul>\n<li>Ein reines Rennrad: Leicht, geschmeidig und ultraschnell.<\/li>\n<li>Shimano Ultegra 2&#215;11-Gang-Antrieb.<\/li>\n<li>Shimano Ultegra hydraulische Scheibenbremsen, 160\/160 mm.<\/li>\n<\/ul><\/div>\n<div class=\"prodsheet_specs1 col col-sm-12 col-md-12 col-lg-12\">\n<h4>EIGENSCHAFTEN:<\/h4>\n<table class=\"table table-striped\">\n<tbody>\n<tr>\n<td>Rahmen<\/td>\n<td>Carbon: BallisTec Carbon, integrierte Kabelf\u00fchrung mit Schaltplatte, 12&#215;142 mm Speed Release Steckachse, SAVE, PF30a, flach montierte Scheibe, integrierter Sitzbinder<\/td>\n<\/tr>\n<tr>\n<td>Gabel<\/td>\n<td>Carbon: BallisTec Carbon, SAVE, integrierter Kronenring, 12&#215;100 mm Speed Release-Steckachse, flach montierte Scheibe, interne F\u00fchrung, 1-1 \/ 8 &#8222;bis 1-1 \/ 4&#8220; Gabelschaft und 55 mm Versatz (44-54 cm) 1\/8 &#8222;bis 1-3 \/ 8&#8220; Gabelschaft und 45 mm Versatz (56-62 cm)<\/td>\n<\/tr>\n<tr>\n<td>Schalthebel<\/td>\n<td>Shimano Ultegra Hydro Scheibe, 2&#215;11-Gang<\/td>\n<\/tr>\n<tr>\n<td>Umwerfer<\/td>\n<td>Shimano Ultegra, anl\u00f6ten<\/td>\n<\/tr>\n<tr>\n<td>Schaltwerk<\/td>\n<td>Shimano Ultegra, 11-Gang<\/td>\n<\/tr>\n<tr>\n<td>Kassette<\/td>\n<td>Shimano 105, 11-32T, 11-Gang<\/td>\n<\/tr>\n<tr>\n<td>Kette<\/td>\n<td>Shimano HG601, 11-Gang<\/td>\n<\/tr>\n<tr>\n<td>Kurbelgarnitur<\/td>\n<td>Cannondale 1, BB30a, 50 \/ 34T<\/td>\n<\/tr>\n<tr>\n<td>Tretlager<\/td>\n<td>Cannondale Alloy PressFit30<\/td>\n<\/tr>\n<tr>\n<td>Bremsen<\/td>\n<td>Shimano Ultegra, Hydr. Scheibenbremse (160\/160) RT800 Rotoren<\/td>\n<\/tr>\n<tr>\n<td>Radsatz<\/td>\n<td>HollowGram 35, Carbon, 24h vorne, 28h hinten, 35 mm tief, 19 mm IW, schlauchlos bereit<\/td>\n<\/tr>\n<tr>\n<td>Hubs<\/td>\n<td>Vorderseite: Formel, 12 x 100 mm \/ R\u00fcckseite: Formel, 12 x 142 mm<\/td>\n<\/tr>\n<tr>\n<td>Reifen<\/td>\n<td>Vittoria Rubino Pro Hellschwarzer, reflektierender Streifen, 700 x 25 c<\/td>\n<\/tr>\n<tr>\n<td>Lenker<\/td>\n<td>HollowGram SAVE SystemBar, Carbon, 8 \u00b0 Steigung einstellen<\/td>\n<\/tr>\n<tr>\n<td>Bar Tape<\/td>\n<td>Cannondale Bar Tape, 3,5 mm<\/td>\n<\/tr>\n<tr>\n<td>Stengel<\/td>\n<td>HollowGram KN\u00d8T, Legierung mit Kabelabdeckung, -6 \u00b0<\/td>\n<\/tr>\n<tr>\n<td>Headset<\/td>\n<td>Integriert, 1-1 \/ 8 &#8222;- 1-1 \/ 4&#8220; (44-54 cm), 1-1 \/ 8 &#8222;- 1-3 \/ 8&#8220; (56-62 cm)<\/td>\n<\/tr>\n<tr>\n<td>Sattel<\/td>\n<td>Prologo Nago RS STN<\/td>\n<\/tr>\n<tr>\n<td>Sattelst\u00fctze<\/td>\n<td>HollowGram 27 SL KN\u00d8T, Carbon, 2 Schrauben, 330 mm<\/td>\n<\/tr>\n<tr>\n<td>Pedale<\/td>\n<td><strong>Nicht enthalten<\/strong><\/td>\n<\/tr>\n<tr>\n<td>Gewicht<\/td>\n<td>&#8212;<\/td>\n<\/tr>\n<tr>\n<td>Farbe<\/td>\n<td>Matte Black<\/td>\n<\/tr>\n<\/tbody>\n<\/table><\/div>\n<div class=\"prodsheet_specs2 col col-sm-8 col-md-8 col-lg-8\">\n<h4>GEOMETRIEN:<\/h4>\n<p><img decoding=\"async\" src=\"http:\/\/media1.alltricks.fr\/ckfinder\/images\/cube_route_geo_en.jpg\" \/><\/p>\n<table class=\"table table-striped\">\n<tbody>\n<tr>\n<td>Rahmengr\u00f6\u00dfe (cm)<\/td>\n<td>48<\/td>\n<td>51<\/td>\n<td>54<\/td>\n<td>56<\/td>\n<td>58<\/td>\n<td>60<\/td>\n<td>62<\/td>\n<\/tr>\n<tr>\n<td>Sitzrohr (mm)<\/td>\n<td>438<\/td>\n<td>477<\/td>\n<td>515<\/td>\n<td>536<\/td>\n<td>558<\/td>\n<td>579<\/td>\n<td>600<\/td>\n<\/tr>\n<tr>\n<td>Oberrohr (mm)<\/td>\n<td>520<\/td>\n<td>528<\/td>\n<td>546<\/td>\n<td>562<\/td>\n<td>578<\/td>\n<td>594<\/td>\n<td>611<\/td>\n<\/tr>\n<tr>\n<td>Kettenstreben (mm)<\/td>\n<td>408<\/td>\n<td>408<\/td>\n<td>408<\/td>\n<td>408<\/td>\n<td>408<\/td>\n<td>408<\/td>\n<td>408<\/td>\n<\/tr>\n<tr>\n<td>Steuerrohrl\u00e4nge (mm)<\/td>\n<td>114<\/td>\n<td>130<\/td>\n<td>153<\/td>\n<td>164<\/td>\n<td>188<\/td>\n<td>209<\/td>\n<td>230<\/td>\n<\/tr>\n<tr>\n<td>Steuerrohrwinkel (\u00b0)<\/td>\n<td>71.2<\/td>\n<td>71.2<\/td>\n<td>71.2<\/td>\n<td>73<\/td>\n<td>73<\/td>\n<td>73<\/td>\n<td>73<\/td>\n<\/tr>\n<tr>\n<td>Sitzrohrwinkel (\u00b0)<\/td>\n<td>74.3<\/td>\n<td>74.3<\/td>\n<td>73.7<\/td>\n<td>73.3<\/td>\n<td>72.9<\/td>\n<td>72,5<\/td>\n<td>72.1<\/td>\n<\/tr>\n<tr>\n<td>Radstand (mm)<\/td>\n<td>985<\/td>\n<td>994<\/td>\n<td>1008<\/td>\n<td>992<\/td>\n<td>1005<\/td>\n<td>1016<\/td>\n<td>1028<\/td>\n<\/tr>\n<tr>\n<td>Stapel (mm)<\/td>\n<td>519<\/td>\n<td>534<\/td>\n<td>554<\/td>\n<td>574<\/td>\n<td>594<\/td>\n<td>614<\/td>\n<td>634<\/td>\n<\/tr>\n<tr>\n<td>Reichweite (mm)<\/td>\n<td>374<\/td>\n<td>378<\/td>\n<td>384<\/td>\n<td>390<\/td>\n<td>395<\/td>\n<td>400<\/td>\n<td>406<\/td>\n<\/tr>\n<\/tbody>\n<\/table><\/div>\n<\/p><\/div>\n<div id=\"product-header-order-form\" class=\"js-reload-on-event col-lg-20 col-md-20 col-sm-20 col-xs-20\" data-to-watch=\"body\" data-event=\"alltricks:cartChanged\" data-url=\"\/ajax\/product\/ajouter\/F-41505-velos-route-_-cyclocross-_-triathlon\/P-1648456-cannondale_supersix_evo_carbonscheibe_ultegra_rennrad_shimano_ultegra_11s_700_mm_mattschwarz\"><\/div>\n","protected":false},"excerpt":{"rendered":"<div class=\"col-lg-14 col-md-14 col-sm-14 col-xs-20\"><\/div>\n<div id=\"product-specifications-table\" class=\"col-lg-20 col-md-20 col-sm-20 col-xs-20\">\n<table class=\"table table-striped\">\n<tbody>\n<tr>\n<td class=\"spec-name\">Geschlecht<\/td>\n<td class=\"spec-value\">Herren<\/td>\n<\/tr>\n<tr>\n<td class=\"spec-name\">Gruppe<\/td>\n<td class=\"spec-value\">Shimano Ultegra 11S<\/td>\n<\/tr>\n<tr>\n<td class=\"spec-name\">collection<\/td>\n<td class=\"spec-value\">Restst\u00fccke<\/td>\n<\/tr>\n<\/tbody>\n<\/table><\/div>\n","protected":false},"featured_media":13363,"comment_status":"closed","ping_status":"closed","template":"","meta":[],"product_brand":[],"product_cat":[130],"product_tag":[],"class_list":{"0":"post-13341","1":"product","2":"type-product","3":"status-publish","4":"has-post-thumbnail","6":"product_cat-rennrad","8":"first","9":"instock","10":"sale","11":"shipping-taxable","12":"purchasable","13":"product-type-variable"},"_links":{"self":[{"href":"https:\/\/fatbike-de.com\/index.php\/wp-json\/wp\/v2\/product\/13341","targetHints":{"allow":["GET"]}}],"collection":[{"href":"https:\/\/fatbike-de.com\/index.php\/wp-json\/wp\/v2\/product"}],"about":[{"href":"https:\/\/fatbike-de.com\/index.php\/wp-json\/wp\/v2\/types\/product"}],"replies":[{"embeddable":true,"href":"https:\/\/fatbike-de.com\/index.php\/wp-json\/wp\/v2\/comments?post=13341"}],"wp:featuredmedia":[{"embeddable":true,"href":"https:\/\/fatbike-de.com\/index.php\/wp-json\/wp\/v2\/media\/13363"}],"wp:attachment":[{"href":"https:\/\/fatbike-de.com\/index.php\/wp-json\/wp\/v2\/media?parent=13341"}],"wp:term":[{"taxonomy":"product_brand","embeddable":true,"href":"https:\/\/fatbike-de.com\/index.php\/wp-json\/wp\/v2\/product_brand?post=13341"},{"taxonomy":"product_cat","embeddable":true,"href":"https:\/\/fatbike-de.com\/index.php\/wp-json\/wp\/v2\/product_cat?post=13341"},{"taxonomy":"product_tag","embeddable":true,"href":"https:\/\/fatbike-de.com\/index.php\/wp-json\/wp\/v2\/product_tag?post=13341"}],"curies":[{"name":"wp","href":"https:\/\/api.w.org\/{rel}","templated":true}]}}