{"id":13349,"date":"2024-02-27T16:40:34","date_gmt":"2024-02-27T15:40:34","guid":{"rendered":"https:\/\/fatbike-de.com\/?post_type=product&#038;p=13349"},"modified":"2024-02-27T16:40:57","modified_gmt":"2024-02-27T15:40:57","slug":"cervelo-aspero-shimano-grx-810-11f-700-mm-lila-sunset-2022","status":"publish","type":"product","link":"https:\/\/fatbike-de.com\/index.php\/product\/cervelo-aspero-shimano-grx-810-11f-700-mm-lila-sunset-2022\/","title":{"rendered":"CERVELO ASPERO SHIMANO GRX 810 11F 700 MM LILA SUNSET 2022"},"content":{"rendered":"<div id=\"product-header-order-name\" class=\"col-lg-20 col-md-20 col-sm-20 col-xs-20\">\n<h2 class=\"heading-title-text\">GRAVELBIKE CERVELO ASPERO SHIMANO GRX 810 11F 700 MM LILA SUNSET 2022<\/h2>\n<\/p><\/div>\n<div id=\"product-header-order-form\" class=\"js-reload-on-event col-lg-20 col-md-20 col-sm-20 col-xs-20\" data-to-watch=\"body\" data-event=\"alltricks:cartChanged\" data-url=\"\/ajax\/product\/ajouter\/F-41505-velos-route-_-cyclocross-_-triathlon\/P-2033553-gravelbike_cervelo_aspero_shimano_grx_810_11f_700_mm_lila_sunset_2022\">\n<div class=\"col col-sm-12 col-md-12 col-lg-12\">\n<p>Es entsteht eine neue Generation von Sportlern, die die Freiheit und die Erkundung genie\u00dfen, auf denen die Gravel-Kultur CERVELO ASPERO begr\u00fcndet wurde, aber der Durst hat, in der Natur zu fahren, alles zu geben und nicht nur die Geographie, sondern auch pers\u00f6nliche Grenzen zu erkunden. Diese Grenze erfordert eine neue Art von Maschine, die nicht darauf ausgelegt ist, die Wege zu gehen, sondern sie zu t\u00f6ten.<\/p>\n<p>F\u00fcr diese Athleten haben wir eine <strong>Cervelo Aspero<\/strong>\u00a0Maschine entwickelt, die auf pure, kompromisslose Geschwindigkeit ausgelegt ist und bereit ist, die Ziellinien, KOM-Rankings, PR und FKT zu durchbrechen. Ein einzelnes Fahrrad, das erstens maximale Geschwindigkeit erzeugt und dann diese Geschwindigkeit unter den unterschiedlichen Bedingungen, die die Athleten meistern m\u00fcssen, kontrolliert. Eine Maschine ohne Grenzen gebaut, f\u00fcr L\u00e4ufer, die bereit sind, sie zu testen<br \/> .<br \/> Die Steifigkeit Ihres Fahrrads hat einen gro\u00dfen Einfluss auf Ihr Fahrerlebnis. Die unmittelbare Verbindung, die Sie beim Fahrradfahren mit effizienter Kraft\u00fcbertragung und reaktionsschnellem Grip sp\u00fcren, resultiert aus der Steifigkeit des Kurbel-, Gabel- und Steuerrohrbereichs. Cerv\u00e9lo hat Jahre damit verbracht, diese verschiedenen Steifigkeitsarten zu erforschen und zu testen, um Ihnen das bestm\u00f6gliche Fahrerlebnis zu bieten.<\/p>\n<p>Die Qualit\u00e4t des\u00a0<strong>Reitens von Cerv\u00e9lo<\/strong>\u00a0basiert auf der Erfahrung des Radfahrers. Wir definieren Fahrqualit\u00e4t als das, wie sich das Fahrrad f\u00fcr den vorgesehenen Einsatz anf\u00fchlt. Bei jedem unserer Fahrr\u00e4der wenden unsere Ingenieure Technologien und Designelemente an, die zusammenwirken, um das gew\u00fcnschte Fahrerlebnis zu schaffen.<\/p>\n<\/p><\/div>\n<div class=\"prodsheet_bullets col col-sm-8 col-md-8 col-lg-8\">\n<h4><strong>DAS + PRODUKT:<\/strong><\/h4>\n<ul>\n<li>Sauberer Carbonrahmen.<\/li>\n<li>Kompatible R\u00e4der \/ Reifen 700&#215;42 \/ 650&#215;49.<\/li>\n<li>Shimano GRX 810 2&#215;11-fach Antrieb.<\/li>\n<li>Hydraulische Shimano GRX RX810 Scheibenbremsen.<\/li>\n<\/ul><\/div>\n<div class=\"prodsheet_specs1 col col-sm-12 col-md-12 col-lg-12\">\n<h4>EINZELHEITEN:<\/h4>\n<table class=\"table table-striped\">\n<tbody>\n<tr>\n<td>Rahmen<\/td>\n<td>Carbon: Cervelo All-Carbon, Aspero<\/td>\n<\/tr>\n<tr>\n<td>Gabel<\/td>\n<td>Carbon: Cervelo All-Carbon, konische Aspero-Gabel<\/td>\n<\/tr>\n<tr>\n<td>Schalthebel<\/td>\n<td>Shimano GRX RX810, 2 x 11 G\u00e4nge<\/td>\n<\/tr>\n<tr>\n<td>Umwerfer<\/td>\n<td>Shimano GRX 810<\/td>\n<\/tr>\n<tr>\n<td>Schaltwerk<\/td>\n<td>Shimano GRX 810, 11 Gang<\/td>\n<\/tr>\n<tr>\n<td>Kassette<\/td>\n<td>Shimano HG800, 11-fach, 11-34 Z\u00e4hne<\/td>\n<\/tr>\n<tr>\n<td>Kette<\/td>\n<td>Shimano CN-HG701, 11 Gang<\/td>\n<\/tr>\n<tr>\n<td>Kurbel<\/td>\n<td>Shimano GRX 810 48\/31 Z\u00e4hne<\/td>\n<\/tr>\n<tr>\n<td>Tretlager<\/td>\n<td>JY-BB 24<\/td>\n<\/tr>\n<tr>\n<td>Bremsen<\/td>\n<td>Shimano GRX RX600 Hydraulische Scheibe \/ Shimano SM-RT66, 160 mm<\/td>\n<\/tr>\n<tr>\n<td>R\u00e4der<\/td>\n<td>Easton EA70AX, 28h (F), 28h (R), 24mm IW, Center-Lock, Tubeless Ready<\/td>\n<\/tr>\n<tr>\n<td>Reifen<\/td>\n<td>Panaracer Gravel King SK Klappbar 700 x 38<\/td>\n<\/tr>\n<tr>\n<td>Lenker<\/td>\n<td>Easton EC70 AX Carbon<\/td>\n<\/tr>\n<tr>\n<td>Stengel<\/td>\n<td>Easton EA70-Legierung<\/td>\n<\/tr>\n<tr>\n<td>Headset<\/td>\n<td>FSA IS2 1-1 \/ 8 x 1-1 \/ 2<\/td>\n<\/tr>\n<tr>\n<td>Sattel<\/td>\n<td>Prologo Dimension NDR T4.0<\/td>\n<\/tr>\n<tr>\n<td>Sattelst\u00fctze<\/td>\n<td>Easton EC70 Carbon<\/td>\n<\/tr>\n<tr>\n<td>Gesamtgewicht<\/td>\n<td>&#8212;<\/td>\n<\/tr>\n<tr>\n<td>Farben<\/td>\n<td>Lila Sonnenuntergang<\/td>\n<\/tr>\n<\/tbody>\n<\/table><\/div>\n<div class=\"prodsheet_specs2 col col-sm-8 col-md-8 col-lg-8\">\n<h4>GEOMETRIEN:<\/h4>\n<p><img decoding=\"async\" src=\"http:\/\/media1.alltricks.fr\/ckfinder\/images\/cube_route_geo_en.jpg\" \/><\/p>\n<table class=\"table table-striped\">\n<tbody>\n<tr>\n<td>Rahmengr\u00f6\u00dfe<\/td>\n<td>48 cm<\/td>\n<td>51 cm<\/td>\n<td>54 cm<\/td>\n<td>56 cm<\/td>\n<td>58 cm<\/td>\n<td>61 cm<\/td>\n<\/tr>\n<tr>\n<td>Oberrohr (mm)<\/td>\n<td>512<\/td>\n<td>532<\/td>\n<td>553<\/td>\n<td>575<\/td>\n<td>591<\/td>\n<td>608<\/td>\n<\/tr>\n<tr>\n<td>Basisl\u00e4nge (mm)<\/td>\n<td>420<\/td>\n<td>420<\/td>\n<td>420<\/td>\n<td>420<\/td>\n<td>420<\/td>\n<td>420<\/td>\n<\/tr>\n<tr>\n<td>Steuerrohr (mm)<\/td>\n<td>83<\/td>\n<td>107<\/td>\n<td>133<\/td>\n<td>159<\/td>\n<td>188<\/td>\n<td>214<\/td>\n<\/tr>\n<tr>\n<td>Lenkwinkel (\u00b0)<\/td>\n<td>71<\/td>\n<td>71,5<\/td>\n<td>72<\/td>\n<td>72<\/td>\n<td>72<\/td>\n<td>72<\/td>\n<\/tr>\n<tr>\n<td>Sitzwinkel (\u00b0)<\/td>\n<td>74,5<\/td>\n<td>74<\/td>\n<td>73,5<\/td>\n<td>73<\/td>\n<td>73<\/td>\n<td>73<\/td>\n<\/tr>\n<tr>\n<td>Radstand (mm)<\/td>\n<td>990<\/td>\n<td>1000<\/td>\n<td>1010<\/td>\n<td>1027<\/td>\n<td>1046<\/td>\n<td>1063<\/td>\n<\/tr>\n<tr>\n<td>Stapel (mm)<\/td>\n<td>505<\/td>\n<td>530<\/td>\n<td>555<\/td>\n<td>580<\/td>\n<td>605<\/td>\n<td>630<\/td>\n<\/tr>\n<tr>\n<td>Reichweite (mm)<\/td>\n<td>370<\/td>\n<td>379<\/td>\n<td>388<\/td>\n<td>397<\/td>\n<td>406<\/td>\n<td>415<\/td>\n<\/tr>\n<\/tbody>\n<\/table><\/div>\n<\/p><\/div>\n","protected":false},"excerpt":{"rendered":"<div class=\"col-lg-14 col-md-14 col-sm-14 col-xs-20\"><\/div>\n<div id=\"product-specifications-table\" class=\"col-lg-20 col-md-20 col-sm-20 col-xs-20\">\n<table class=\"table table-striped\">\n<tbody>\n<tr>\n<td class=\"spec-name\">Geschlecht<\/td>\n<td class=\"spec-value\">Damen<br \/> Herren<\/td>\n<\/tr>\n<tr>\n<td class=\"spec-name\">Gruppe<\/td>\n<td class=\"spec-value\">Shimano GRX 11V<\/td>\n<\/tr>\n<tr>\n<td class=\"spec-name\">collection<\/td>\n<td class=\"spec-value\">2022<\/td>\n<\/tr>\n<\/tbody>\n<\/table><\/div>\n","protected":false},"featured_media":13365,"comment_status":"closed","ping_status":"closed","template":"","meta":[],"product_brand":[],"product_cat":[130],"product_tag":[],"class_list":{"0":"post-13349","1":"product","2":"type-product","3":"status-publish","4":"has-post-thumbnail","6":"product_cat-rennrad","8":"first","9":"instock","10":"sale","11":"shipping-taxable","12":"purchasable","13":"product-type-variable"},"_links":{"self":[{"href":"https:\/\/fatbike-de.com\/index.php\/wp-json\/wp\/v2\/product\/13349","targetHints":{"allow":["GET"]}}],"collection":[{"href":"https:\/\/fatbike-de.com\/index.php\/wp-json\/wp\/v2\/product"}],"about":[{"href":"https:\/\/fatbike-de.com\/index.php\/wp-json\/wp\/v2\/types\/product"}],"replies":[{"embeddable":true,"href":"https:\/\/fatbike-de.com\/index.php\/wp-json\/wp\/v2\/comments?post=13349"}],"wp:featuredmedia":[{"embeddable":true,"href":"https:\/\/fatbike-de.com\/index.php\/wp-json\/wp\/v2\/media\/13365"}],"wp:attachment":[{"href":"https:\/\/fatbike-de.com\/index.php\/wp-json\/wp\/v2\/media?parent=13349"}],"wp:term":[{"taxonomy":"product_brand","embeddable":true,"href":"https:\/\/fatbike-de.com\/index.php\/wp-json\/wp\/v2\/product_brand?post=13349"},{"taxonomy":"product_cat","embeddable":true,"href":"https:\/\/fatbike-de.com\/index.php\/wp-json\/wp\/v2\/product_cat?post=13349"},{"taxonomy":"product_tag","embeddable":true,"href":"https:\/\/fatbike-de.com\/index.php\/wp-json\/wp\/v2\/product_tag?post=13349"}],"curies":[{"name":"wp","href":"https:\/\/api.w.org\/{rel}","templated":true}]}}