{"id":13378,"date":"2024-02-27T16:40:59","date_gmt":"2024-02-27T15:40:59","guid":{"rendered":"https:\/\/fatbike-de.com\/?post_type=product&#038;p=13378"},"modified":"2024-02-27T16:41:21","modified_gmt":"2024-02-27T15:41:21","slug":"gravel-bike-kona-rove-al-700-shimano-claris-8v-700-mm-rot-malve-2022","status":"publish","type":"product","link":"https:\/\/fatbike-de.com\/index.php\/product\/gravel-bike-kona-rove-al-700-shimano-claris-8v-700-mm-rot-malve-2022\/","title":{"rendered":"GRAVEL BIKE KONA ROVE AL 700 SHIMANO CLARIS 8V 700 MM ROT \/ MALVE 2022"},"content":{"rendered":"<div id=\"product-header-order-name\" class=\"col-lg-20 col-md-20 col-sm-20 col-xs-20\">\n<h1 class=\"heading-title-text\" data-titleproductread=\"\">GRAVEL BIKE KONA ROVE AL 700 SHIMANO CLARIS 8V 700 MM ROT \/ MALVE 2022<\/h1>\n<div class=\"col col-sm-12 col-md-12 col-lg-12\">\n<p><strong>KONA Rove AL ; <\/strong>Sie suchen ein fl\u00fcssiges Fahrgef\u00fchl auf gemischtem Gel\u00e4nde. Sie sind ein Fan von Stahl. Sie haben einen scharfsinnigen Geschmack, lassen sich aber nicht von Trends vereinnahmen. Sie wollen ein Fahrrad, das gut aussieht, gut f\u00e4hrt und Ihnen ein Leben lang erhalten bleibt. Sie sind die Person, die ein hervorragendes Produkt zu einem g\u00fcnstigen Preis kauft.<\/p>\n<p>Dann suchen Sie nicht weiter als das\u00a0 <strong>Rove AL <\/strong>. Inspiriert vom Mountainbike, aber entschieden mehr auf Touren ausgerichtet, pr\u00fcft das\u00a0<strong>Rove\u00a0<\/strong>alle K\u00e4stchen f\u00fcr Funktionalit\u00e4t, Komfort und Stil<\/p>\n<\/p><\/div>\n<div class=\"prodsheet_bullets col col-sm-8 col-md-8 col-lg-8\">\n<h4>DIE PRODUKTVORTEILE :<\/h4>\n<ul>\n<li>Rahmen und Kona-Gabel aus Aluminium.<\/li>\n<li>Shimano Claris 2&#215;8-Gang-Schaltung.<\/li>\n<li>Mechanische Scheibenbremsen Tektro Mira CX 160\/160 mm.<\/li>\n<\/ul><\/div>\n<div class=\"prodsheet_specs1 col col-sm-12 col-md-12 col-lg-12\">\n<h4>DETAILS:<\/h4>\n<table class=\"table table-striped\">\n<tbody>\n<tr>\n<td>Rahmen<\/td>\n<td>Aluminium: Kona 6061 Aluminum Butted<\/td>\n<\/tr>\n<tr>\n<td>Gabel<\/td>\n<td>Aluminium: Kona Project Two Aluminum Disc<\/td>\n<\/tr>\n<tr>\n<td>Schalthebel<\/td>\n<td>Shimano Claris 2&#215;8-Gang<\/td>\n<\/tr>\n<tr>\n<td>Umwerfer vorne<\/td>\n<td>Shimano Claris<\/td>\n<\/tr>\n<tr>\n<td>Schaltwerk hinten<\/td>\n<td>Shimano Claris 8-Gang<\/td>\n<\/tr>\n<tr>\n<td>Kassette<\/td>\n<td>Shimano Claris oder Microshift Mezzo 11-34 Z\u00e4hne<\/td>\n<\/tr>\n<tr>\n<td>Kette<\/td>\n<td>KMC Z8.3<\/td>\n<\/tr>\n<tr>\n<td>Tretlager<\/td>\n<td>Samox 34\/50 Z\u00e4hne<\/td>\n<\/tr>\n<tr>\n<td>Tretlagergeh\u00e4use<\/td>\n<td>Eturnity ETN52<\/td>\n<\/tr>\n<tr>\n<td>Bremsen<\/td>\n<td>Tektro Mira CX Mechanical, Tektro TR160 160\/160 mm<\/td>\n<\/tr>\n<tr>\n<td>Laufr\u00e4der<\/td>\n<td>WTB SX19<\/td>\n<\/tr>\n<tr>\n<td>Naben<\/td>\n<td>F: Formula 100x9mm \/ R: Formula 135x10mm<\/td>\n<\/tr>\n<tr>\n<td>Reifen<\/td>\n<td>WTB Riddler Comp 700x37c<\/td>\n<\/tr>\n<tr>\n<td>Lenker<\/td>\n<td>Kona Road<\/td>\n<\/tr>\n<tr>\n<td>Lenkerband<\/td>\n<td>Kona Cork Tape<\/td>\n<\/tr>\n<tr>\n<td>Vorbau<\/td>\n<td>Kona Road<\/td>\n<\/tr>\n<tr>\n<td>Steuersatz<\/td>\n<td>Feimin FP-H863<\/td>\n<\/tr>\n<tr>\n<td>Sattel<\/td>\n<td>Kona Road<\/td>\n<\/tr>\n<tr>\n<td>Sattelst\u00fctze<\/td>\n<td>Kona Thumb w\/Offset 27.2mm<\/td>\n<\/tr>\n<tr>\n<td>Gewicht<\/td>\n<td>&#8212;<\/td>\n<\/tr>\n<tr>\n<td>Farben<\/td>\n<td>Gloss Metallic Mauv<\/td>\n<\/tr>\n<\/tbody>\n<\/table><\/div>\n<div class=\"prodsheet_specs2 col col-sm-8 col-md-8 col-lg-8\">\n<h4>GEOMETRIEN :<\/h4>\n<p><img decoding=\"async\" src=\"http:\/\/media1.alltricks.fr\/ckfinder\/images\/cube_route_geo_fr.jpg\" \/><\/p>\n<table class=\"table table-striped\">\n<tbody>\n<tr>\n<td>Rahmengr\u00f6\u00dfe (cm)<\/td>\n<td>48<\/td>\n<td>50<\/td>\n<td>52<\/td>\n<td>54<\/td>\n<td>56<\/td>\n<td>58<\/td>\n<\/tr>\n<tr>\n<td>Sattelrohr (mm)<\/td>\n<td>480<\/td>\n<td>500<\/td>\n<td>520<\/td>\n<td>540<\/td>\n<td>560<\/td>\n<td>580<\/td>\n<\/tr>\n<tr>\n<td>Oberes Rohr (mm)<\/td>\n<td>515<\/td>\n<td>531<\/td>\n<td>546<\/td>\n<td>562<\/td>\n<td>578<\/td>\n<td>598<\/td>\n<\/tr>\n<tr>\n<td>L\u00e4nge der Basis (mm)<\/td>\n<td>435<\/td>\n<td>435<\/td>\n<td>435<\/td>\n<td>435<\/td>\n<td>435<\/td>\n<td>435<\/td>\n<\/tr>\n<tr>\n<td>Lenkh\u00fclse (mm)<\/td>\n<td>90<\/td>\n<td>110<\/td>\n<td>130<\/td>\n<td>150<\/td>\n<td>170<\/td>\n<td>190<\/td>\n<\/tr>\n<tr>\n<td>Lenkwinkel (\u00b0)<\/td>\n<td>70.5<\/td>\n<td>70.5<\/td>\n<td>71<\/td>\n<td>71<\/td>\n<td>71.5<\/td>\n<td>71.5<\/td>\n<\/tr>\n<tr>\n<td>Winkel Sattelrohr (\u00b0)<\/td>\n<td>75<\/td>\n<td>74.5<\/td>\n<td>74<\/td>\n<td>73.5<\/td>\n<td>73<\/td>\n<td>72.5<\/td>\n<\/tr>\n<tr>\n<td>Radstand (mm)<\/td>\n<td>1016<\/td>\n<td>1029<\/td>\n<td>1036<\/td>\n<td>1048<\/td>\n<td>1054<\/td>\n<td>1068<\/td>\n<\/tr>\n<tr>\n<td>Stack (mm)<\/td>\n<td>532<\/td>\n<td>551<\/td>\n<td>570<\/td>\n<td>588<\/td>\n<td>607<\/td>\n<td>626<\/td>\n<\/tr>\n<tr>\n<td>Reach (mm)<\/td>\n<td>372<\/td>\n<td>378<\/td>\n<td>383<\/td>\n<td>388<\/td>\n<td>392<\/td>\n<td>400<\/td>\n<\/tr>\n<\/tbody>\n<\/table>\n<h4>WELCHE GR\u00d6SSE BRAUCHEN SIE?<\/h4>\n<p>Die Wahl der richtigen Fahrradgr\u00f6\u00dfe h\u00e4ngt von der Art des Fahrrads, Ihrer K\u00f6rpergr\u00f6\u00dfe, Ihrem Fahrstil und Ihren Vorlieben ab. Ein richtig passendes Fahrrad ist komfortabler, effizienter und macht mehr Spa\u00df zu fahren<\/p>\n<p>Messen Sie sich genau<\/p>\n<p>Messen Sie zun\u00e4chst Ihre K\u00f6rpergr\u00f6\u00dfe und verwenden Sie die Gr\u00f6\u00dfentabelle, die in jeder Produktbeschreibung verf\u00fcgbar ist.<\/p>\n<p>Was tun, wenn Sie zwischen zwei Fahrradgr\u00f6\u00dfen liegen?<\/p>\n<p>Wenn Sie an der Grenze zwischen zwei verschiedenen Fahrradgr\u00f6\u00dfen stehen, machen Sie sich keine Sorgen, Sie werden wahrscheinlich mit beiden Gr\u00f6\u00dfen in Ordnung sein (anstatt zu denken, dass eine Gr\u00f6\u00dfe schrecklich sein wird und die andere passen wird). Tats\u00e4chlich sind Fahrr\u00e4der verstellbar: Die Sattelst\u00fctze kann nach oben und unten gleiten, der Sattel kann sich vor und zur\u00fcck bewegen und Sie k\u00f6nnen sogar Teile wie den Vorbau gegen andere Gr\u00f6\u00dfen austauschen, damit das Fahrrad besser passt.<\/p>\n<p>Herauszufinden, ob Sie einen gr\u00f6\u00dferen oder kleineren Rahmen w\u00e4hlen sollten oder nicht, ist manchmal so einfach wie Ihre pers\u00f6nlichen Vorlieben, aber es gibt ein paar einfache M\u00f6glichkeiten, um herauszufinden, welcher am besten geeignet ist:<br \/> Wenn Sie flexibel sind, bevorzugen Sie m\u00f6glicherweise ein k\u00fcrzeres Steuerrohr, sodass die kleinere Gr\u00f6\u00dfe m\u00f6glicherweise besser f\u00fcr Sie geeignet ist. Sie k\u00f6nnen einen l\u00e4ngeren Vorbau verwenden, um die Reichweite angenehmer zu gestalten.<br \/> Bei einem gr\u00f6\u00dferen Fahrrad ist die Reichweite zum Lenker l\u00e4nger. Das bedeutet, dass Sie sich mit einem gr\u00f6\u00dferen Rahmen wohler f\u00fchlen, wenn Sie proportional l\u00e4ngere Arme haben.<\/p>\n<\/p><\/div>\n<\/p><\/div>\n<div id=\"product-header-order-form\" class=\"js-reload-on-event col-lg-20 col-md-20 col-sm-20 col-xs-20\" data-to-watch=\"body\" data-event=\"alltricks:cartChanged\" data-url=\"\/ajax\/product\/ajouter\/F-41505-velos-route-_-cyclocross-_-triathlon\/P-2128179-gravel_bike_kona_rove_al_700_shimano_claris_8v_700_mm_rot___malve_2022\"><\/div>\n","protected":false},"excerpt":{"rendered":"<div class=\"col-lg-14 col-md-14 col-sm-14 col-xs-20\"><\/div>\n<div id=\"product-specifications-table\" class=\"col-lg-20 col-md-20 col-sm-20 col-xs-20\">\n<table class=\"table table-striped\">\n<tbody>\n<tr>\n<td class=\"spec-name\">Geschlecht<\/td>\n<td class=\"spec-value\">Herren<\/td>\n<\/tr>\n<tr>\n<td class=\"spec-name\">Gruppe<\/td>\n<td class=\"spec-value\">Shimano Claris 8S<\/td>\n<\/tr>\n<tr>\n<td class=\"spec-name\">collection<\/td>\n<td class=\"spec-value\">2022<\/td>\n<\/tr>\n<\/tbody>\n<\/table><\/div>\n","protected":false},"featured_media":13403,"comment_status":"closed","ping_status":"closed","template":"","meta":[],"product_brand":[],"product_cat":[130],"product_tag":[],"class_list":{"0":"post-13378","1":"product","2":"type-product","3":"status-publish","4":"has-post-thumbnail","6":"product_cat-rennrad","8":"first","9":"instock","10":"sale","11":"shipping-taxable","12":"purchasable","13":"product-type-variable"},"_links":{"self":[{"href":"https:\/\/fatbike-de.com\/index.php\/wp-json\/wp\/v2\/product\/13378","targetHints":{"allow":["GET"]}}],"collection":[{"href":"https:\/\/fatbike-de.com\/index.php\/wp-json\/wp\/v2\/product"}],"about":[{"href":"https:\/\/fatbike-de.com\/index.php\/wp-json\/wp\/v2\/types\/product"}],"replies":[{"embeddable":true,"href":"https:\/\/fatbike-de.com\/index.php\/wp-json\/wp\/v2\/comments?post=13378"}],"wp:featuredmedia":[{"embeddable":true,"href":"https:\/\/fatbike-de.com\/index.php\/wp-json\/wp\/v2\/media\/13403"}],"wp:attachment":[{"href":"https:\/\/fatbike-de.com\/index.php\/wp-json\/wp\/v2\/media?parent=13378"}],"wp:term":[{"taxonomy":"product_brand","embeddable":true,"href":"https:\/\/fatbike-de.com\/index.php\/wp-json\/wp\/v2\/product_brand?post=13378"},{"taxonomy":"product_cat","embeddable":true,"href":"https:\/\/fatbike-de.com\/index.php\/wp-json\/wp\/v2\/product_cat?post=13378"},{"taxonomy":"product_tag","embeddable":true,"href":"https:\/\/fatbike-de.com\/index.php\/wp-json\/wp\/v2\/product_tag?post=13378"}],"curies":[{"name":"wp","href":"https:\/\/api.w.org\/{rel}","templated":true}]}}