{"id":13392,"date":"2024-02-27T16:41:00","date_gmt":"2024-02-27T15:41:00","guid":{"rendered":"https:\/\/fatbike-de.com\/?post_type=product&#038;p=13392"},"modified":"2024-02-27T16:41:44","modified_gmt":"2024-02-27T15:41:44","slug":"gravelbike-bombtrack-munroe-sg-microshift-9v-650b-schwarz-glanz-2022","status":"publish","type":"product","link":"https:\/\/fatbike-de.com\/index.php\/product\/gravelbike-bombtrack-munroe-sg-microshift-9v-650b-schwarz-glanz-2022\/","title":{"rendered":"GRAVELBIKE BOMBTRACK MUNROE SG MICROSHIFT 9V 650B SCHWARZ GLANZ 2022"},"content":{"rendered":"<div id=\"product-header-order-name\" class=\"col-lg-20 col-md-20 col-sm-20 col-xs-20\">\n<h2 class=\"heading-title-text\">GRAVELBIKE BOMBTRACK MUNROE SG MICROSHIFT 9V 650B SCHWARZ GLANZ 2022<\/h2>\n<\/p><\/div>\n<div id=\"product-header-order-form\" class=\"js-reload-on-event col-lg-20 col-md-20 col-sm-20 col-xs-20\" data-to-watch=\"body\" data-event=\"alltricks:cartChanged\" data-url=\"\/ajax\/product\/ajouter\/F-41505-velos-route-_-cyclocross-_-triathlon\/P-2031851-gravelbike_bombtrack_munroe_sg_microshift_9v_650b_schwarz_glanz_2022\">\n<div class=\"col col-sm-12 col-md-12 col-lg-12\">\n<p>Das\u00a0<strong>Munroe SG<\/strong>\u00a0bietet eine Offroad-beeinflusste Geometrie und bietet schnelle Man\u00f6vrierf\u00e4higkeit auf Abk\u00fcrzungen am Rand des Parks f\u00fcr diejenigen, die mit etwas mehr Geschwindigkeit durch die Stadt fahren m\u00f6chten. Der Aluminiumrahmen und die Gabel sind stark und nachgiebig und profitieren von Gabel-, Schutzblech- und Flaschenhalter-Befestigungspunkten. Ein 9-Gang-Microshift-Advent-Umwerfer sorgt f\u00fcr Stabilit\u00e4t, erg\u00e4nzt durch Tektro Mira-Scheibenbremsen f\u00fcr optimale Bremskraft.<\/p>\n<\/p><\/div>\n<div class=\"prodsheet_bullets col col-sm-8 col-md-8 col-lg-8\">\n<h4>DAS + PRODUKT:<\/h4>\n<ul>\n<li>Ein Aluminiumrahmen und eine Gabel mit mehreren Halterungen.<\/li>\n<li>MicroSHIFT Advent 1&#215;9-Gang-Getriebe<\/li>\n<li>Mechanische Scheibenbremsen Tektro Mira, 160\/160 mm.<\/li>\n<\/ul><\/div>\n<div class=\"prodsheet_specs1 col col-sm-12 col-md-12 col-lg-12\">\n<h4>EINZELHEITEN:<\/h4>\n<table class=\"table table-striped\">\n<tbody>\n<tr>\n<td>Rahmen<\/td>\n<td>Aluminium: 6061-T6 dreifach konifiziertes Aluminium, QR, Gep\u00e4cktr\u00e4ger- \/ Schutzblechhalterungen, 68 mm BSA-Schale<\/td>\n<\/tr>\n<tr>\n<td>Gabel<\/td>\n<td>Aluminium: 6061 Aluminium, QR-Ausfallenden, mit Schutzblech- \/ Gep\u00e4cktr\u00e4ger- \/ Triple-Cage-Aufnahmen, interne Lichtkabelf\u00fchrung<\/td>\n<\/tr>\n<tr>\n<td>Schalthebel<\/td>\n<td>MicroSHIFT Advent SB-M090 Dual-Control-Hebel 1 x 9-Gang<\/td>\n<\/tr>\n<tr>\n<td>Schaltwerk<\/td>\n<td>MicroSHIFT RD-M6195M, 9-Gang-Kupplung<\/td>\n<\/tr>\n<tr>\n<td>Kassette<\/td>\n<td>MicroSHIFT CS-H093 9-fach, 11 &#8211; 46 Z\u00e4hne<\/td>\n<\/tr>\n<tr>\n<td>Kette<\/td>\n<td>KMC X9 Kette, 1\/2&#8220; x 11\/128&#8220;, 114L<\/td>\n<\/tr>\n<tr>\n<td>Kurbel<\/td>\n<td>Bombtrack AF19 Aluminiumkurbel, Vierkantkegel<\/td>\n<\/tr>\n<tr>\n<td>Tablett<\/td>\n<td>Schmiedestahl, schmal breit, 40 Z\u00e4hne<\/td>\n<\/tr>\n<tr>\n<td>Tretlager<\/td>\n<td>BSA abgedichtet BB, 119 mm, Vierkantkegel<\/td>\n<\/tr>\n<tr>\n<td>Bremsen<\/td>\n<td>Tektro Mira Post Mount mechanische Scheibenbremsen mit 160\/160 mm Bremsscheiben<\/td>\n<\/tr>\n<tr>\n<td>R\u00e4der<\/td>\n<td>WTB ST i21 doppelwandig, TCS 2.0, 32h<\/td>\n<\/tr>\n<tr>\n<td>Hubs<\/td>\n<td>F: Bombtrack ARC abgedichtete Nabe, 6-Loch-Scheibe, Sechskantschl\u00fcssel-Spie\u00df<br \/> R: Bombtrack ARC versiegelte Nabe, 11-fach, 6-Loch Scheibe, Sechskantschl\u00fcssel<\/td>\n<\/tr>\n<tr>\n<td>Reifen<\/td>\n<td>Kenda Kwick Seven.5 650B x 45C<\/td>\n<\/tr>\n<tr>\n<td>Lenker<\/td>\n<td>Bombtrack CX-10 Dropbar, 31,8 mm, 10\u00b0 Flare<\/td>\n<\/tr>\n<tr>\n<td>Griffe<\/td>\n<td>Bombtrack Command Bar Band<\/td>\n<\/tr>\n<tr>\n<td>Galgen<\/td>\n<td>Bombtrack Roam geschmiedeter Aluminium Vorbau, -7 \u00b0<\/td>\n<\/tr>\n<tr>\n<td>Headset<\/td>\n<td>NECO H282 gedichtetes externes Aheadset, 1.1 \/ 8&#8220;<\/td>\n<\/tr>\n<tr>\n<td>Sattel<\/td>\n<td>Bombenspur Fuzz<\/td>\n<\/tr>\n<tr>\n<td>Sattelvorbau<\/td>\n<td>Bombtrack Beech Aluminium Sattelst\u00fctze, 27,2 mm x 300 mm<\/td>\n<\/tr>\n<tr>\n<td>Sattelklemme<\/td>\n<td>Bombtrack Origin Sattelklemme aus geschmiedetem Aluminium, 31,8 mm<\/td>\n<\/tr>\n<tr>\n<td>Gewicht<\/td>\n<td>&#8212;<\/td>\n<\/tr>\n<tr>\n<td>Maximales Gewicht<\/td>\n<td>110kg inkl. Gep\u00e4ck<\/td>\n<\/tr>\n<tr>\n<td>Farben<\/td>\n<td>Gl\u00e4nzend Metallic Schwarz \/ Rot<\/td>\n<\/tr>\n<\/tbody>\n<\/table><\/div>\n<div class=\"prodsheet_specs2 col col-sm-8 col-md-8 col-lg-8\">\n<h4>GEOMETRIEN:<\/h4>\n<p><img decoding=\"async\" src=\"http:\/\/media1.alltricks.fr\/ckfinder\/images\/cube_route_geo_en.jpg\" \/><\/p>\n<table class=\"table table-striped\">\n<tbody>\n<tr>\n<td>Rahmengr\u00f6\u00dfe<\/td>\n<td>S<\/td>\n<td>M<\/td>\n<td>L<\/td>\n<\/tr>\n<tr>\n<td>Radgr\u00f6\u00dfe<\/td>\n<td>650b<\/td>\n<td>650b<\/td>\n<td>650b<\/td>\n<\/tr>\n<tr>\n<td>Sitzrohr (mm)<\/td>\n<td>490<\/td>\n<td>520<\/td>\n<td>550<\/td>\n<\/tr>\n<tr>\n<td>Oberrohr (mm)<\/td>\n<td>540<\/td>\n<td>563<\/td>\n<td>588<\/td>\n<\/tr>\n<tr>\n<td>Basisl\u00e4nge (mm)<\/td>\n<td>440<\/td>\n<td>440<\/td>\n<td>440<\/td>\n<\/tr>\n<tr>\n<td>Steuerrohr (mm)<\/td>\n<td>130<\/td>\n<td>150<\/td>\n<td>175<\/td>\n<\/tr>\n<tr>\n<td>Lenkwinkel (\u00b0)<\/td>\n<td>70,5<\/td>\n<td>70,5<\/td>\n<td>70,5<\/td>\n<\/tr>\n<tr>\n<td>Sitzwinkel (\u00b0)<\/td>\n<td>73<\/td>\n<td>73<\/td>\n<td>73<\/td>\n<\/tr>\n<tr>\n<td>Radstand (mm)<\/td>\n<td>1025<\/td>\n<td>1049<\/td>\n<td>1075<\/td>\n<\/tr>\n<tr>\n<td>Stapel (mm)<\/td>\n<td>565<\/td>\n<td>583<\/td>\n<td>607<\/td>\n<\/tr>\n<tr>\n<td>Reichweite (mm)<\/td>\n<td>368<\/td>\n<td>385<\/td>\n<td>403<\/td>\n<\/tr>\n<\/tbody>\n<\/table><\/div>\n<\/p><\/div>\n","protected":false},"excerpt":{"rendered":"<div class=\"col-lg-14 col-md-14 col-sm-14 col-xs-20\"><\/div>\n<div id=\"product-specifications-table\" class=\"col-lg-20 col-md-20 col-sm-20 col-xs-20\">\n<table class=\"table table-striped\">\n<tbody>\n<tr>\n<td class=\"spec-name\">Geschlecht<\/td>\n<td class=\"spec-value\">Herren<\/td>\n<\/tr>\n<tr>\n<td class=\"spec-name\">Gruppe<\/td>\n<td class=\"spec-value\">microSHIFT Advent 9S<\/td>\n<\/tr>\n<tr>\n<td class=\"spec-name\">collection<\/td>\n<td class=\"spec-value\">2022<\/td>\n<\/tr>\n<\/tbody>\n<\/table><\/div>\n","protected":false},"featured_media":13441,"comment_status":"closed","ping_status":"closed","template":"","meta":[],"product_brand":[],"product_cat":[130],"product_tag":[],"class_list":{"0":"post-13392","1":"product","2":"type-product","3":"status-publish","4":"has-post-thumbnail","6":"product_cat-rennrad","8":"first","9":"instock","10":"sale","11":"shipping-taxable","12":"purchasable","13":"product-type-variable"},"_links":{"self":[{"href":"https:\/\/fatbike-de.com\/index.php\/wp-json\/wp\/v2\/product\/13392","targetHints":{"allow":["GET"]}}],"collection":[{"href":"https:\/\/fatbike-de.com\/index.php\/wp-json\/wp\/v2\/product"}],"about":[{"href":"https:\/\/fatbike-de.com\/index.php\/wp-json\/wp\/v2\/types\/product"}],"replies":[{"embeddable":true,"href":"https:\/\/fatbike-de.com\/index.php\/wp-json\/wp\/v2\/comments?post=13392"}],"wp:featuredmedia":[{"embeddable":true,"href":"https:\/\/fatbike-de.com\/index.php\/wp-json\/wp\/v2\/media\/13441"}],"wp:attachment":[{"href":"https:\/\/fatbike-de.com\/index.php\/wp-json\/wp\/v2\/media?parent=13392"}],"wp:term":[{"taxonomy":"product_brand","embeddable":true,"href":"https:\/\/fatbike-de.com\/index.php\/wp-json\/wp\/v2\/product_brand?post=13392"},{"taxonomy":"product_cat","embeddable":true,"href":"https:\/\/fatbike-de.com\/index.php\/wp-json\/wp\/v2\/product_cat?post=13392"},{"taxonomy":"product_tag","embeddable":true,"href":"https:\/\/fatbike-de.com\/index.php\/wp-json\/wp\/v2\/product_tag?post=13392"}],"curies":[{"name":"wp","href":"https:\/\/api.w.org\/{rel}","templated":true}]}}