{"id":13429,"date":"2024-02-27T16:41:23","date_gmt":"2024-02-27T15:41:23","guid":{"rendered":"https:\/\/fatbike-de.com\/?post_type=product&#038;p=13429"},"modified":"2024-02-27T16:41:44","modified_gmt":"2024-02-27T15:41:44","slug":"bombtrack-beyond-2-tourenrad-sram-apex-root-beer-2021","status":"publish","type":"product","link":"https:\/\/fatbike-de.com\/index.php\/product\/bombtrack-beyond-2-tourenrad-sram-apex-root-beer-2021\/","title":{"rendered":"BOMBTRACK BEYOND 2 TOURENRAD SRAM APEX ROOT BEER 2021"},"content":{"rendered":"<div id=\"product-header-order-name\" class=\"col-lg-20 col-md-20 col-sm-20 col-xs-20\">\n<h2 class=\"heading-title-text\">BOMBTRACK BEYOND 2 TOURENRAD SRAM APEX 11S 700 MM METALLIC ROOT BEER 2021<\/h2>\n<div class=\"col col-sm-12 col-md-12 col-lg-12\">\n<p>Vorstellung des\u00a0<strong>Bombtrack Beyond 2<\/strong>\u00a0. Unser Beyond 2 Bike mit zus\u00e4tzlichem Gep\u00e4ck und Beleuchtung. Eine neue Version unseres kontinent\u00fcbergreifenden Abenteuertourers mit einer Spezifikation, die auf dem Feedback von Anwendern vor Ort basiert. Alles Gute bleibt erhalten, wie die vielseitigen und schnell rollenden 29-Zoll-R\u00e4der, die Befestigungspunkte f\u00fcr mehrere Rahmen und Gabel sowie den breiten Lenker. Jetzt kommen ein Supernova-Dynamobeleuchtungssystem und ein Front-Demi-Porteur-Rack hinzu. Der vordere Tr\u00e4ger sch\u00fctzt Sie vor dem Aufladen Ihrer Batterien und entlastet Ihren R\u00fccken. Gleichzeitig sorgt er daf\u00fcr, dass die Lenkung pr\u00e4zise bleibt.<\/p>\n<\/p><\/div>\n<div class=\"prodsheet_bullets col col-sm-8 col-md-8 col-lg-8\">\n<h4>HAUPTEIGENSCHAFTEN:<\/h4>\n<ul>\n<li>Ein Fahrrad, um in die Welt hinauszukommen.<\/li>\n<li>Sram Apex 1 1&#215;11-Gang-Antrieb.<\/li>\n<li>Mechanische Scheibenbremsen TRP Spyre C, 180\/160 mm.<\/li>\n<li>Maximaler Reifenabstand f\u00fcr Rahmen und Gabel: 29 x 2,10 &#8222;.<\/li>\n<\/ul><\/div>\n<div class=\"prodsheet_specs1 col col-sm-12 col-md-12 col-lg-12\">\n<h4>EIGENSCHAFTEN:<\/h4>\n<table class=\"table table-striped\">\n<tbody>\n<tr>\n<td>Rahmen<\/td>\n<td>Crmo: 4130 doppelt konifizierte Crmo, TA, Rack- \/ Kotfl\u00fcgelhalterungen, interne Lichtkabelf\u00fchrung, 73 mm BSA BB-Schale, 29 x 2,10 &#8222;Rahmen Maximaler Reifenabstand (ohne Kotfl\u00fcgel)<\/td>\n<\/tr>\n<tr>\n<td>Gabel<\/td>\n<td>Crmo: 4130 crmo, doppelt konifizierte Klingen, TA, 1,1 \/ 2 &#8220; &#8211; 1,1 \/ 8 &#8220;, Kotfl\u00fcgel- \/ Rack- \/ Dreifachk\u00e4fighalterungen, interne Naben-Dynamokabelf\u00fchrung<\/td>\n<\/tr>\n<tr>\n<td>Schalthebel<\/td>\n<td>Sram Apex, doppeltes Tippen, 11-Gang<\/td>\n<\/tr>\n<tr>\n<td>Schaltwerk<\/td>\n<td>Sram Apex 1, Kupplung, langer K\u00e4fig, 11-Gang<\/td>\n<\/tr>\n<tr>\n<td>Kassette<\/td>\n<td>Sram PG-1130, 11-42T<\/td>\n<\/tr>\n<tr>\n<td>Kette<\/td>\n<td>KMC X11-Kette, 1\/2 &#8220; x 11\/128 &#8220;, 114 l<\/td>\n<\/tr>\n<tr>\n<td>Kurbelgarnitur<\/td>\n<td>Bombtrack Ames geschmiedete Aluminiumkurbel, 24 mm Spindel<\/td>\n<\/tr>\n<tr>\n<td>Kettenblatt<\/td>\n<td>Aluminium, schmal breit, 36T<\/td>\n<\/tr>\n<tr>\n<td>Tretlager<\/td>\n<td>BSA versiegelte BB, Au\u00dfenbecher<\/td>\n<\/tr>\n<tr>\n<td>Bremsen<\/td>\n<td>TRP Spyre C, Mech. Scheibenbremse, 180\/160 mm<\/td>\n<\/tr>\n<tr>\n<td>Radsatz<\/td>\n<td>WTB ST i23 doppelwandig, TCS 2.0, 32h<\/td>\n<\/tr>\n<tr>\n<td>Hubs<\/td>\n<td>Vorne: KT-Dynamonabe, 6-Loch-Scheibe, 15 x 100 mm Steckachse \/ Hinten: Bombtrack Tau-Nabe, 11-Gang, 6-Loch-Scheibe, 12 x 142 mm Steckachse<\/td>\n<\/tr>\n<tr>\n<td>Reifen<\/td>\n<td>Panaracer Gravelking SK, schlauchlos, 50-622, 700x50C<\/td>\n<\/tr>\n<tr>\n<td>Lenker<\/td>\n<td>Bombtrack Beyond Travel Bar, 31,8 mm, 30 \u00b0 B\u00f6rdelung, 85 mm Reichweite, 115 mm Gef\u00e4lle<\/td>\n<\/tr>\n<tr>\n<td>Bar Tape<\/td>\n<td>Bombtrack-Befehl<\/td>\n<\/tr>\n<tr>\n<td>Stengel<\/td>\n<td>Geschmiedeter Aluminiumschaft Bombtrack Wander, + 17 \u00b0<\/td>\n<\/tr>\n<tr>\n<td>Headset<\/td>\n<td>Versiegelte Au\u00dfenvorverstellung, 1.1 \/ 2 &#8220; &#8211; 1.1 \/ 8 &#8220;, EC34 \/ 28.6 | EC44 \/ 40 (SHIS)<\/td>\n<\/tr>\n<tr>\n<td>Sattel<\/td>\n<td>Bombtrack Herkunft<\/td>\n<\/tr>\n<tr>\n<td>Sattelst\u00fctze<\/td>\n<td>Bombtrack Buche, 27,2 x 400 mm<\/td>\n<\/tr>\n<tr>\n<td>Sitzklemme<\/td>\n<td>Bombtrack Origin, 29,8 mm<\/td>\n<\/tr>\n<tr>\n<td>Gewicht<\/td>\n<td>13,2 kg (Gr\u00f6\u00dfe M)<\/td>\n<\/tr>\n<tr>\n<td>Gewichtsbeschr\u00e4nkung<\/td>\n<td>140 kg: Das maximale Systemgewicht besteht aus Fahrrad, Fahrer und Ladung (Gep\u00e4cktr\u00e4ger oder Anh\u00e4nger).<\/td>\n<\/tr>\n<tr>\n<td>Farbe<\/td>\n<td>Glossy Metallic Root Beer<\/td>\n<\/tr>\n<\/tbody>\n<\/table><\/div>\n<div class=\"prodsheet_specs2 col col-sm-8 col-md-8 col-lg-8\">\n<h4>GEOMETRIEN:<\/h4>\n<p><img decoding=\"async\" src=\"http:\/\/media1.alltricks.fr\/ckfinder\/images\/cube_route_geo_en.jpg\" \/><\/p>\n<table class=\"table table-striped\">\n<tbody>\n<tr>\n<td>Rahmengr\u00f6\u00dfe<\/td>\n<td>XS<\/td>\n<td>S<\/td>\n<td>M<\/td>\n<td>L<\/td>\n<td>XL<\/td>\n<\/tr>\n<tr>\n<td>Radgr\u00f6\u00dfe<\/td>\n<td>650b<\/td>\n<td>650b<\/td>\n<td>700c<\/td>\n<td>700c<\/td>\n<td>700c<\/td>\n<\/tr>\n<tr>\n<td>Sitzrohr (mm)<\/td>\n<td>400<\/td>\n<td>440<\/td>\n<td>480<\/td>\n<td>520<\/td>\n<td>560<\/td>\n<\/tr>\n<tr>\n<td>Oberrohr (mm)<\/td>\n<td>494<\/td>\n<td>522<\/td>\n<td>558<\/td>\n<td>590<\/td>\n<td>623<\/td>\n<\/tr>\n<tr>\n<td>Kettenstreben (mm)<\/td>\n<td>425<\/td>\n<td>425<\/td>\n<td>455<\/td>\n<td>455<\/td>\n<td>455<\/td>\n<\/tr>\n<tr>\n<td>Steuerrohrl\u00e4nge (mm)<\/td>\n<td>100<\/td>\n<td>130<\/td>\n<td>150<\/td>\n<td>190<\/td>\n<td>220<\/td>\n<\/tr>\n<tr>\n<td>Steuerrohrwinkel (\u00b0)<\/td>\n<td>70<\/td>\n<td>70,5<\/td>\n<td>71<\/td>\n<td>72<\/td>\n<td>72<\/td>\n<\/tr>\n<tr>\n<td>Sitzrohrwinkel (\u00b0)<\/td>\n<td>75<\/td>\n<td>74,5<\/td>\n<td>73,5<\/td>\n<td>73<\/td>\n<td>72,5<\/td>\n<\/tr>\n<tr>\n<td>Radstand (mm)<\/td>\n<td>1000<\/td>\n<td>1021<\/td>\n<td>1065<\/td>\n<td>1082<\/td>\n<td>1109<\/td>\n<\/tr>\n<tr>\n<td>Stapel (mm)<\/td>\n<td>538<\/td>\n<td>568<\/td>\n<td>604<\/td>\n<td>646<\/td>\n<td>675<\/td>\n<\/tr>\n<tr>\n<td>Reichweite (mm)<\/td>\n<td>349<\/td>\n<td>364<\/td>\n<td>379<\/td>\n<td>392<\/td>\n<td>411<\/td>\n<\/tr>\n<tr>\n<td>Lenkerbreite (mm)<\/td>\n<td>420<\/td>\n<td>420<\/td>\n<td>440<\/td>\n<td>440<\/td>\n<td>460<\/td>\n<\/tr>\n<tr>\n<td>Schaftl\u00e4nge (mm)<\/td>\n<td>60<\/td>\n<td>60<\/td>\n<td>80<\/td>\n<td>80<\/td>\n<td>90<\/td>\n<\/tr>\n<tr>\n<td>Kurbelarml\u00e4nge (mm)<\/td>\n<td>165<\/td>\n<td>170<\/td>\n<td>170<\/td>\n<td>175<\/td>\n<td>175<\/td>\n<\/tr>\n<\/tbody>\n<\/table><\/div>\n<div class=\"col col-lg-14 col-lg-offset-3 col-md-14 col-md-offset-3\">\n<div class=\"embed-responsive embed-responsive-16by9\"><\/div>\n<\/p><\/div>\n<\/p><\/div>\n<div id=\"product-header-order-form\" class=\"js-reload-on-event col-lg-20 col-md-20 col-sm-20 col-xs-20\" data-to-watch=\"body\" data-event=\"alltricks:cartChanged\" data-url=\"\/ajax\/product\/ajouter\/F-187976-velo-ville_voyage_vtc\/P-1649072-bombtrack_beyond_2_tourenrad_sram_apex_11s_700_mm_metallic_root_beer_2021\"><\/div>\n","protected":false},"excerpt":{"rendered":"<div class=\"col-lg-14 col-md-14 col-sm-14 col-xs-20\"><\/div>\n<div id=\"product-specifications-table\" class=\"col-lg-20 col-md-20 col-sm-20 col-xs-20\">\n<table class=\"table table-striped\">\n<tbody>\n<tr>\n<td class=\"spec-name\">Geschlecht<\/td>\n<td class=\"spec-value\">Herren<\/td>\n<\/tr>\n<tr>\n<td class=\"spec-name\">Groupe<\/td>\n<td class=\"spec-value\">Sram Apex 11S<\/td>\n<\/tr>\n<tr>\n<td class=\"spec-name\">collection<\/td>\n<td class=\"spec-value\">2021<\/td>\n<\/tr>\n<\/tbody>\n<\/table><\/div>\n","protected":false},"featured_media":13448,"comment_status":"closed","ping_status":"closed","template":"","meta":[],"product_brand":[],"product_cat":[130],"product_tag":[],"class_list":{"0":"post-13429","1":"product","2":"type-product","3":"status-publish","4":"has-post-thumbnail","6":"product_cat-rennrad","8":"first","9":"instock","10":"sale","11":"shipping-taxable","12":"purchasable","13":"product-type-variable"},"_links":{"self":[{"href":"https:\/\/fatbike-de.com\/index.php\/wp-json\/wp\/v2\/product\/13429","targetHints":{"allow":["GET"]}}],"collection":[{"href":"https:\/\/fatbike-de.com\/index.php\/wp-json\/wp\/v2\/product"}],"about":[{"href":"https:\/\/fatbike-de.com\/index.php\/wp-json\/wp\/v2\/types\/product"}],"replies":[{"embeddable":true,"href":"https:\/\/fatbike-de.com\/index.php\/wp-json\/wp\/v2\/comments?post=13429"}],"wp:featuredmedia":[{"embeddable":true,"href":"https:\/\/fatbike-de.com\/index.php\/wp-json\/wp\/v2\/media\/13448"}],"wp:attachment":[{"href":"https:\/\/fatbike-de.com\/index.php\/wp-json\/wp\/v2\/media?parent=13429"}],"wp:term":[{"taxonomy":"product_brand","embeddable":true,"href":"https:\/\/fatbike-de.com\/index.php\/wp-json\/wp\/v2\/product_brand?post=13429"},{"taxonomy":"product_cat","embeddable":true,"href":"https:\/\/fatbike-de.com\/index.php\/wp-json\/wp\/v2\/product_cat?post=13429"},{"taxonomy":"product_tag","embeddable":true,"href":"https:\/\/fatbike-de.com\/index.php\/wp-json\/wp\/v2\/product_tag?post=13429"}],"curies":[{"name":"wp","href":"https:\/\/api.w.org\/{rel}","templated":true}]}}