{"id":13473,"date":"2024-02-27T16:41:46","date_gmt":"2024-02-27T15:41:46","guid":{"rendered":"https:\/\/fatbike-de.com\/?post_type=product&#038;p=13473"},"modified":"2024-02-27T16:42:09","modified_gmt":"2024-02-27T15:42:09","slug":"gravelbike-bombtrack-arise-sg-microshift-advent-green-2022","status":"publish","type":"product","link":"https:\/\/fatbike-de.com\/index.php\/product\/gravelbike-bombtrack-arise-sg-microshift-advent-green-2022\/","title":{"rendered":"GRAVELBIKE BOMBTRACK ARISE SG MICROSHIFT ADVENT GREEN 2022"},"content":{"rendered":"<div id=\"product-header-order-name\" class=\"col-lg-20 col-md-20 col-sm-20 col-xs-20\">\n<h2 class=\"heading-title-text\">GRAVELBIKE BOMBTRACK ARISE SG MICROSHIFT ADVENT X 10V 700 MM GLOSSY COBALT GREEN 2022<\/h2>\n<\/p><\/div>\n<div id=\"product-header-order-form\" class=\"js-reload-on-event col-lg-20 col-md-20 col-sm-20 col-xs-20\" data-to-watch=\"body\" data-event=\"alltricks:cartChanged\" data-url=\"\/ajax\/product\/ajouter\/F-41505-velos-route-_-cyclocross-_-triathlon\/P-2031740-gravelbike_bombtrack_arise_sg_microshift_advent_x_10v_700_mm_glossy_cobalt_green_2022\">\n<div class=\"col col-sm-12 col-md-12 col-lg-12\">\n<p>Das\u00a0<strong>Arise SG<\/strong>\u00a0ist das neueste Bike in der Bombtrack-Flotte. Ausgestattet mit einem Rennradlenker f\u00fcr ein rassigeres Fahrgef\u00fchl im Vergleich zu Flat-Hanger-Modellen. Ein Microshift Advent X Schaltwerk und 1x Antrieb sorgen f\u00fcr Gesamtstabilit\u00e4t. Die Laufr\u00e4der sorgen f\u00fcr eine perfekte Passform, best\u00fcckt mit 650B Laufr\u00e4dern f\u00fcr die Gr\u00f6\u00dfen XS und S bzw. 700C f\u00fcr M und h\u00f6her. Getreu seiner schlankeren Natur verf\u00fcgt das\u00a0<strong>Arise SG \u00fcber<\/strong>\u00a0schlauchlose WTB-Laufr\u00e4der, die sofort einsatzbereit sind, wenn Sie sich entscheiden, sich eine Tr\u00e4gerhose zu schnappen, w\u00e4hrend die interne Kabelf\u00fchrung die \u00c4sthetik des Fahrrads beibeh\u00e4lt.<\/p>\n<\/p><\/div>\n<div class=\"prodsheet_bullets col col-sm-8 col-md-8 col-lg-8\">\n<h4>DAS + PRODUKT:<\/h4>\n<ul>\n<li>Ein Stahlrahmen und eine Gabel mit interner Kabelf\u00fchrung.<\/li>\n<li>MicroSHIFT Advent X 1&#215;10-Gang-Getriebe.<\/li>\n<li>Mechanische Scheibenbremsen Tektro Mira, 160\/160 mm.<\/li>\n<\/ul><\/div>\n<div class=\"prodsheet_specs1 col col-sm-12 col-md-12 col-lg-12\">\n<h4>EINZELHEITEN:<\/h4>\n<table class=\"table table-striped\">\n<tbody>\n<tr>\n<td>Rahmen<\/td>\n<td>Stahl: 4130 Double Butted Crmo, w\u00e4rmebehandelter Vorderrahmen, TA verschiebbare Ausfallenden, Gep\u00e4cktr\u00e4ger-\/Schutzblechhalterungen, 68 mm BSA Tretlagergeh\u00e4use<\/td>\n<\/tr>\n<tr>\n<td>Gabel<\/td>\n<td>Stahl: 4130 crmo, TA, Gep\u00e4cktr\u00e4ger-\/Schutzblechhalterungen, interne Kabelf\u00fchrung f\u00fcr Nabendynamo<\/td>\n<\/tr>\n<tr>\n<td>Schalthebel<\/td>\n<td>MicroSHIFT Advent X SB-M100 Dual-Control-Hebel 1 x 10 Geschwindigkeit<\/td>\n<\/tr>\n<tr>\n<td>Schaltwerk<\/td>\n<td>Microshift ADVENT RD-M6205GM Weitbereich, 10-Gang-Kupplung<\/td>\n<\/tr>\n<tr>\n<td>Kassette<\/td>\n<td>MicroSHIFT Advent X CS-H104 10-fach, 11 &#8211; 48 G\u00e4nge<\/td>\n<\/tr>\n<tr>\n<td>Kette<\/td>\n<td>KMC X10 Kette, 1\/2&#8220; x 11\/128&#8220;, 114L<\/td>\n<\/tr>\n<tr>\n<td>Kurbel<\/td>\n<td>Bombtrack TAF19 Aluminiumkurbel, 24 mm Achse<\/td>\n<\/tr>\n<tr>\n<td>Tablett<\/td>\n<td>Bombtrack Ridge Aluminium Kettenblatt, schmal-breit, 40 T<\/td>\n<\/tr>\n<tr>\n<td>Tretlager<\/td>\n<td>BSA versiegeltes BB, externe Becher<\/td>\n<\/tr>\n<tr>\n<td>Bremsen<\/td>\n<td>Tektro Mira Post Mount mechanische Scheibenbremsen mit 160 mm Bremsscheiben<\/td>\n<\/tr>\n<tr>\n<td>R\u00e4der<\/td>\n<td>WTB ST i19 doppelwandig, TCS 2.0, 32h<\/td>\n<\/tr>\n<tr>\n<td>Hubs<\/td>\n<td>F: Bombtrack ARC gedichtete Nabe, 6-Loch Scheibe 12 x 100 mm<br \/> R: Bombtrack ARC gedichtete Nabe, 11-fach, 6-Loch Scheibe 12 x 142 mm<\/td>\n<\/tr>\n<tr>\n<td>Reifen<\/td>\n<td>Vee Reifen Speedster<\/td>\n<\/tr>\n<tr>\n<td>Lenker<\/td>\n<td>Bombtrack CX-10 Dropbar, 31,8 mm, 10\u00b0 Flare<\/td>\n<\/tr>\n<tr>\n<td>Griffe<\/td>\n<td>Bombtrack Command Bar Band<\/td>\n<\/tr>\n<tr>\n<td>Galgen<\/td>\n<td>Bombtrack Roam geschmiedeter Aluminium Vorbau, -7 \u00b0<\/td>\n<\/tr>\n<tr>\n<td>Headset<\/td>\n<td>Neco H282 versiegeltes externes Aheadset, 1.1 \/ 8&#8220;<\/td>\n<\/tr>\n<tr>\n<td>Sattel<\/td>\n<td>Bombenspur Fuzz<\/td>\n<\/tr>\n<tr>\n<td>Sattelvorbau<\/td>\n<td>Bombengleis Buche 27,2 mm x 300 mm<\/td>\n<\/tr>\n<tr>\n<td>Sattelklemme<\/td>\n<td>Bombtrack Origin 29,8 mm<\/td>\n<\/tr>\n<tr>\n<td>Gewicht<\/td>\n<td>&#8212;<\/td>\n<\/tr>\n<tr>\n<td>Maximales Gewicht<\/td>\n<td>120kg inkl. Gep\u00e4ck<\/td>\n<\/tr>\n<tr>\n<td>Farben<\/td>\n<td>Gl\u00e4nzendes Kobaltgr\u00fcn<\/td>\n<\/tr>\n<\/tbody>\n<\/table><\/div>\n<div class=\"prodsheet_specs2 col col-sm-8 col-md-8 col-lg-8\">\n<h4>GEOMETRIEN:<\/h4>\n<p><img decoding=\"async\" src=\"http:\/\/media1.alltricks.fr\/ckfinder\/images\/cube_route_geo_en.jpg\" \/><\/p>\n<table class=\"table table-striped\">\n<tbody>\n<tr>\n<td>Rahmengr\u00f6\u00dfe<\/td>\n<td>XS<\/td>\n<td>S<\/td>\n<td>M<\/td>\n<td>L<\/td>\n<td>XL<\/td>\n<\/tr>\n<tr>\n<td>Radgr\u00f6\u00dfe<\/td>\n<td>650b<\/td>\n<td>650b<\/td>\n<td>700c<\/td>\n<td>700c<\/td>\n<td>700c<\/td>\n<\/tr>\n<tr>\n<td>Sitzrohr (mm)<\/td>\n<td>460<\/td>\n<td>490<\/td>\n<td>520<\/td>\n<td>550<\/td>\n<td>580<\/td>\n<\/tr>\n<tr>\n<td>Oberrohr (mm)<\/td>\n<td>506<\/td>\n<td>529<\/td>\n<td>554<\/td>\n<td>578<\/td>\n<td>602<\/td>\n<\/tr>\n<tr>\n<td>Basisl\u00e4nge (mm)<\/td>\n<td>420<\/td>\n<td>420<\/td>\n<td>435<\/td>\n<td>435<\/td>\n<td>435<\/td>\n<\/tr>\n<tr>\n<td>Steuerrohr (mm)<\/td>\n<td>100<\/td>\n<td>130<\/td>\n<td>150<\/td>\n<td>180<\/td>\n<td>210<\/td>\n<\/tr>\n<tr>\n<td>Lenkwinkel (\u00b0)<\/td>\n<td>70<\/td>\n<td>70,5<\/td>\n<td>70,5<\/td>\n<td>71<\/td>\n<td>71<\/td>\n<\/tr>\n<tr>\n<td>Sitzwinkel (\u00b0)<\/td>\n<td>73,5<\/td>\n<td>73,5<\/td>\n<td>73<\/td>\n<td>73<\/td>\n<td>73<\/td>\n<\/tr>\n<tr>\n<td>Radstand (mm)<\/td>\n<td>995<\/td>\n<td>1016<\/td>\n<td>1045<\/td>\n<td>1065<\/td>\n<td>1090<\/td>\n<\/tr>\n<tr>\n<td>Stapel (mm)<\/td>\n<td>508<\/td>\n<td>538<\/td>\n<td>572<\/td>\n<td>602<\/td>\n<td>631<\/td>\n<\/tr>\n<tr>\n<td>Reichweite (mm)<\/td>\n<td>351<\/td>\n<td>370<\/td>\n<td>379<\/td>\n<td>394<\/td>\n<td>409<\/td>\n<\/tr>\n<\/tbody>\n<\/table><\/div>\n<\/p><\/div>\n","protected":false},"excerpt":{"rendered":"<div class=\"col-lg-14 col-md-14 col-sm-14 col-xs-20\"><\/div>\n<div id=\"product-specifications-table\" class=\"col-lg-20 col-md-20 col-sm-20 col-xs-20\">\n<table class=\"table table-striped\">\n<tbody>\n<tr>\n<td class=\"spec-name\">Geschlecht<\/td>\n<td class=\"spec-value\">Herren<\/td>\n<\/tr>\n<tr>\n<td class=\"spec-name\">Gruppe<\/td>\n<td class=\"spec-value\">microSHIFT Advent X 10S<\/td>\n<\/tr>\n<tr>\n<td class=\"spec-name\">collection<\/td>\n<td class=\"spec-value\">2022<\/td>\n<\/tr>\n<\/tbody>\n<\/table><\/div>\n","protected":false},"featured_media":13493,"comment_status":"closed","ping_status":"closed","template":"","meta":[],"product_brand":[],"product_cat":[130],"product_tag":[],"class_list":{"0":"post-13473","1":"product","2":"type-product","3":"status-publish","4":"has-post-thumbnail","6":"product_cat-rennrad","8":"first","9":"instock","10":"sale","11":"shipping-taxable","12":"purchasable","13":"product-type-variable"},"_links":{"self":[{"href":"https:\/\/fatbike-de.com\/index.php\/wp-json\/wp\/v2\/product\/13473","targetHints":{"allow":["GET"]}}],"collection":[{"href":"https:\/\/fatbike-de.com\/index.php\/wp-json\/wp\/v2\/product"}],"about":[{"href":"https:\/\/fatbike-de.com\/index.php\/wp-json\/wp\/v2\/types\/product"}],"replies":[{"embeddable":true,"href":"https:\/\/fatbike-de.com\/index.php\/wp-json\/wp\/v2\/comments?post=13473"}],"wp:featuredmedia":[{"embeddable":true,"href":"https:\/\/fatbike-de.com\/index.php\/wp-json\/wp\/v2\/media\/13493"}],"wp:attachment":[{"href":"https:\/\/fatbike-de.com\/index.php\/wp-json\/wp\/v2\/media?parent=13473"}],"wp:term":[{"taxonomy":"product_brand","embeddable":true,"href":"https:\/\/fatbike-de.com\/index.php\/wp-json\/wp\/v2\/product_brand?post=13473"},{"taxonomy":"product_cat","embeddable":true,"href":"https:\/\/fatbike-de.com\/index.php\/wp-json\/wp\/v2\/product_cat?post=13473"},{"taxonomy":"product_tag","embeddable":true,"href":"https:\/\/fatbike-de.com\/index.php\/wp-json\/wp\/v2\/product_tag?post=13473"}],"curies":[{"name":"wp","href":"https:\/\/api.w.org\/{rel}","templated":true}]}}