{"id":13483,"date":"2024-02-27T16:41:48","date_gmt":"2024-02-27T15:41:48","guid":{"rendered":"https:\/\/fatbike-de.com\/?post_type=product&#038;p=13483"},"modified":"2024-02-27T16:42:09","modified_gmt":"2024-02-27T15:42:09","slug":"gravel-bike-accent-falcon-shimano-sora-9s-700-mm-grau-2022","status":"publish","type":"product","link":"https:\/\/fatbike-de.com\/index.php\/product\/gravel-bike-accent-falcon-shimano-sora-9s-700-mm-grau-2022\/","title":{"rendered":"GRAVEL BIKE ACCENT FALCON SHIMANO SORA 9S 700 MM GRAU 2022"},"content":{"rendered":"<div id=\"product-header-order-name\" class=\"col-lg-20 col-md-20 col-sm-20 col-xs-20\">\n<h2 class=\"heading-title-text\">GRAVEL BIKE ACCENT FALCON SHIMANO SORA 9S 700 MM GRAU 2022<\/h2>\n<div class=\"col col-sm-12 col-md-12 col-lg-12\">\n<p>Das\u00a0<strong>Accent Falcon<\/strong>\u00a0Gravelbike wurde f\u00fcr diejenigen entwickelt, die entdecken wollen, worum es beim Gravelbiken wirklich geht und wie vielseitig ein Fahrrad sein kann. Das\u00a0<strong>Falcon<\/strong>\u00a0verf\u00fcgt \u00fcber einen Aluminiumrahmen mit speziellen Accent-Laufr\u00e4dern. Der Shimano Sora 2&#215;9-Antrieb erm\u00f6glicht ein breites Spektrum an Geschwindigkeiten. Es ist mit mechanischen Tektro-Scheibenbremsen f\u00fcr effizientes und sicheres Bremsen ausgestattet. F\u00fchlen Sie sich wie ein Falke &#8211; bereit f\u00fcr die Jagd.<\/p>\n<\/p><\/div>\n<div class=\"prodsheet_bullets col col-sm-8 col-md-8 col-lg-8\">\n<h4>HAUPTMERKMALE:<\/h4>\n<ul>\n<li>Falcon Aluminiumrahmen.<\/li>\n<li>Shimano Sora 2&#215;9-Gang-Schaltung.<\/li>\n<li>Mechanische Scheibenbremsen Sram BB5 Road.<\/li>\n<\/ul><\/div>\n<div class=\"prodsheet_specs1 col col-sm-12 col-md-12 col-lg-12\">\n<h4>EINZELHEITEN:<\/h4>\n<table class=\"table table-striped\">\n<tbody>\n<tr>\n<td>Rahmen<\/td>\n<td>Aluminium:\u00a0 Falcon, Leichtmetall<\/td>\n<\/tr>\n<tr>\n<td>Gabel<\/td>\n<td>Aluminium: Acent Falcon, Leichtmetall<\/td>\n<\/tr>\n<tr>\n<td>Schaltung<\/td>\n<td>Shimano Sora R3000, 2&#215;9 Gang<\/td>\n<\/tr>\n<tr>\n<td>Umwerfer<\/td>\n<td>Shimano Sora R3000<\/td>\n<\/tr>\n<tr>\n<td>Schaltwerk<\/td>\n<td>Shimano Sora R3000 9-Gang<\/td>\n<\/tr>\n<tr>\n<td>Ritzel<\/td>\n<td>Shimano HG40, 11-32 Z\u00e4hne<\/td>\n<\/tr>\n<tr>\n<td>Kette<\/td>\n<td>Shimano HG53<\/td>\n<\/tr>\n<tr>\n<td>Kurbelsatz<\/td>\n<td>Shimano Sora R3000 50\/32T, 172,5mm (XS &#8211; 170mm)<\/td>\n<\/tr>\n<tr>\n<td>Bremsen<\/td>\n<td>Sram BB5 Road, mechanisch<\/td>\n<\/tr>\n<tr>\n<td>Laufr\u00e4der<\/td>\n<td>Accent Falcon, 32H<\/td>\n<\/tr>\n<tr>\n<td>Naben<\/td>\n<td>F: Falcon, 100mm QR, 32H \/ R: Accent Falcon, 135mm QR, 32H, Shimano 10<\/td>\n<\/tr>\n<tr>\n<td>Bereifung<\/td>\n<td>CST Pika 700x38C<\/td>\n<\/tr>\n<tr>\n<td>Lenker<\/td>\n<td>Falcon<\/td>\n<\/tr>\n<tr>\n<td>Vorbau<\/td>\n<td>Zoom<\/td>\n<\/tr>\n<tr>\n<td>Steuersatz<\/td>\n<td>Accent HSI-BASIC, halbintegriert<\/td>\n<\/tr>\n<tr>\n<td>Sattel<\/td>\n<td>Falcon<\/td>\n<\/tr>\n<tr>\n<td>Sattelst\u00fctze<\/td>\n<td>Accent Kiefer, 31,6 mm<\/td>\n<\/tr>\n<tr>\n<td>Gewicht<\/td>\n<td>11.4kg<\/td>\n<\/tr>\n<tr>\n<td>Farbe<\/td>\n<td>Grau<\/td>\n<\/tr>\n<\/tbody>\n<\/table><\/div>\n<div class=\"prodsheet_specs2 col col-sm-8 col-md-8 col-lg-8\">\n<h4>GEOMETRIEN :<\/h4>\n<p><img decoding=\"async\" src=\"http:\/\/media1.alltricks.fr\/ckfinder\/images\/cube_route_geo_en.jpg\" \/><\/p>\n<table class=\"table table-striped\">\n<tbody>\n<tr>\n<td>Rahmengr\u00f6\u00dfe<\/td>\n<td>XS<\/td>\n<td>S<\/td>\n<td>M<\/td>\n<td>L<\/td>\n<td>XL<\/td>\n<\/tr>\n<tr>\n<td>Sattelrohr (mm)<\/td>\n<td>500<\/td>\n<td>520<\/td>\n<td>540<\/td>\n<td>560<\/td>\n<td>580<\/td>\n<\/tr>\n<tr>\n<td>Oberrohr (mm)<\/td>\n<td>521<\/td>\n<td>531<\/td>\n<td>542<\/td>\n<td>560<\/td>\n<td>580<\/td>\n<\/tr>\n<tr>\n<td>L\u00e4nge der Basis (mm)<\/td>\n<td>425<\/td>\n<td>425<\/td>\n<td>425<\/td>\n<td>425<\/td>\n<td>425<\/td>\n<\/tr>\n<tr>\n<td>Lenkungsmuffe (mm)<\/td>\n<td>120<\/td>\n<td>120<\/td>\n<td>120<\/td>\n<td>140<\/td>\n<td>160<\/td>\n<\/tr>\n<tr>\n<td>Lenkungswinkel (\u00b0)<\/td>\n<td>70.5<\/td>\n<td>70.5<\/td>\n<td>71<\/td>\n<td>71.5<\/td>\n<td>71.5<\/td>\n<\/tr>\n<tr>\n<td>Sitzrohrwinkel (\u00b0)<\/td>\n<td>74<\/td>\n<td>74<\/td>\n<td>74<\/td>\n<td>74<\/td>\n<td>74<\/td>\n<\/tr>\n<tr>\n<td>Stapel (mm)<\/td>\n<td>542<\/td>\n<td>542<\/td>\n<td>544<\/td>\n<td>565<\/td>\n<td>584<\/td>\n<\/tr>\n<tr>\n<td>Reichweite (mm)<\/td>\n<td>366<\/td>\n<td>376<\/td>\n<td>386<\/td>\n<td>388<\/td>\n<td>406<\/td>\n<\/tr>\n<\/tbody>\n<\/table>\n<h4>WELCHE GR\u00d6SSE BRAUCHEN SIE?<\/h4>\n<p>Die Wahl der richtigen Fahrradgr\u00f6\u00dfe h\u00e4ngt von der Art des Fahrrads, Ihrer K\u00f6rpergr\u00f6\u00dfe, Ihrem Fahrstil und Ihren Vorlieben ab. Ein richtig passendes Fahrrad ist komfortabler, effizienter und macht mehr Spa\u00df zu fahren<\/p>\n<p>Messen Sie sich genau<\/p>\n<p>Messen Sie zun\u00e4chst Ihre K\u00f6rpergr\u00f6\u00dfe und verwenden Sie die Gr\u00f6\u00dfentabelle, die in jeder Produktbeschreibung verf\u00fcgbar ist.<\/p>\n<p>Was tun, wenn Sie zwischen zwei Fahrradgr\u00f6\u00dfen liegen?<\/p>\n<p>Wenn Sie an der Grenze zwischen zwei verschiedenen Fahrradgr\u00f6\u00dfen stehen, machen Sie sich keine Sorgen, Sie werden wahrscheinlich mit beiden Gr\u00f6\u00dfen in Ordnung sein (anstatt zu denken, dass eine Gr\u00f6\u00dfe schrecklich sein wird und die andere passen wird). Tats\u00e4chlich sind Fahrr\u00e4der verstellbar: Die Sattelst\u00fctze kann nach oben und unten gleiten, der Sattel kann sich vor und zur\u00fcck bewegen und Sie k\u00f6nnen sogar Teile wie den Vorbau gegen andere Gr\u00f6\u00dfen austauschen, damit das Fahrrad besser passt.<\/p>\n<p>Herauszufinden, ob Sie einen gr\u00f6\u00dferen oder kleineren Rahmen w\u00e4hlen sollten oder nicht, ist manchmal so einfach wie Ihre pers\u00f6nlichen Vorlieben, aber es gibt ein paar einfache M\u00f6glichkeiten, um herauszufinden, welcher am besten geeignet ist:<br \/> Wenn Sie flexibel sind, bevorzugen Sie m\u00f6glicherweise ein k\u00fcrzeres Steuerrohr, sodass die kleinere Gr\u00f6\u00dfe m\u00f6glicherweise besser f\u00fcr Sie geeignet ist. Sie k\u00f6nnen einen l\u00e4ngeren Vorbau verwenden, um die Reichweite angenehmer zu gestalten.<br \/> Bei einem gr\u00f6\u00dferen Fahrrad ist die Reichweite zum Lenker l\u00e4nger. Das bedeutet, dass Sie sich mit einem gr\u00f6\u00dferen Rahmen wohler f\u00fchlen, wenn Sie proportional l\u00e4ngere Arme haben.<\/p>\n<\/p><\/div>\n<\/p><\/div>\n<div id=\"product-header-order-form\" class=\"js-reload-on-event col-lg-20 col-md-20 col-sm-20 col-xs-20\" data-to-watch=\"body\" data-event=\"alltricks:cartChanged\" data-url=\"\/ajax\/product\/ajouter\/F-41505-velos-route-_-cyclocross-_-triathlon\/P-2299080-gravel_bike_accent_falcon_shimano_sora_9s_700_mm_grau_2022\"><\/div>\n","protected":false},"excerpt":{"rendered":"<div class=\"col-lg-14 col-md-14 col-sm-14 col-xs-20\"><\/div>\n<div id=\"product-specifications-table\" class=\"col-lg-20 col-md-20 col-sm-20 col-xs-20\">\n<table class=\"table table-striped\">\n<tbody>\n<tr>\n<td class=\"spec-name\">Geschlecht<\/td>\n<td class=\"spec-value\">Herren<\/td>\n<\/tr>\n<tr>\n<td class=\"spec-name\">Gruppe<\/td>\n<td class=\"spec-value\">Shimano Sora 9S<\/td>\n<\/tr>\n<tr>\n<td class=\"spec-name\">collection<\/td>\n<td class=\"spec-value\">2022<\/td>\n<\/tr>\n<\/tbody>\n<\/table><\/div>\n","protected":false},"featured_media":13500,"comment_status":"closed","ping_status":"closed","template":"","meta":[],"product_brand":[],"product_cat":[130],"product_tag":[],"class_list":{"0":"post-13483","1":"product","2":"type-product","3":"status-publish","4":"has-post-thumbnail","6":"product_cat-rennrad","8":"first","9":"instock","10":"sale","11":"shipping-taxable","12":"purchasable","13":"product-type-variable"},"_links":{"self":[{"href":"https:\/\/fatbike-de.com\/index.php\/wp-json\/wp\/v2\/product\/13483","targetHints":{"allow":["GET"]}}],"collection":[{"href":"https:\/\/fatbike-de.com\/index.php\/wp-json\/wp\/v2\/product"}],"about":[{"href":"https:\/\/fatbike-de.com\/index.php\/wp-json\/wp\/v2\/types\/product"}],"replies":[{"embeddable":true,"href":"https:\/\/fatbike-de.com\/index.php\/wp-json\/wp\/v2\/comments?post=13483"}],"wp:featuredmedia":[{"embeddable":true,"href":"https:\/\/fatbike-de.com\/index.php\/wp-json\/wp\/v2\/media\/13500"}],"wp:attachment":[{"href":"https:\/\/fatbike-de.com\/index.php\/wp-json\/wp\/v2\/media?parent=13483"}],"wp:term":[{"taxonomy":"product_brand","embeddable":true,"href":"https:\/\/fatbike-de.com\/index.php\/wp-json\/wp\/v2\/product_brand?post=13483"},{"taxonomy":"product_cat","embeddable":true,"href":"https:\/\/fatbike-de.com\/index.php\/wp-json\/wp\/v2\/product_cat?post=13483"},{"taxonomy":"product_tag","embeddable":true,"href":"https:\/\/fatbike-de.com\/index.php\/wp-json\/wp\/v2\/product_tag?post=13483"}],"curies":[{"name":"wp","href":"https:\/\/api.w.org\/{rel}","templated":true}]}}