{"id":13698,"date":"2024-02-27T16:43:10","date_gmt":"2024-02-27T15:43:10","guid":{"rendered":"https:\/\/fatbike-de.com\/?post_type=product&#038;p=13698"},"modified":"2024-02-27T16:43:35","modified_gmt":"2024-02-27T15:43:35","slug":"lapierre-crosshill-5-0-gravel-bike","status":"publish","type":"product","link":"https:\/\/fatbike-de.com\/index.php\/product\/lapierre-crosshill-5-0-gravel-bike\/","title":{"rendered":"Lapierre Crosshill 5.0 Gravel Bike"},"content":{"rendered":"<div class=\"product--headername\">\n<h2 class=\"product--title\"><strong>Lapierre<\/strong>\u00a0Crosshill 5.0<\/h2>\n<p>Ab ins Gel\u00e4nde! Oder vielleicht doch lieber auf der Stra\u00dfe fahren? Oder irgendwo dazwischen? Kein Problem mit dem Lapierre Crosshill 5.0 ! Denn das Gravelbike besteht alle Abenteuer, egal welcher Untergrund dir unter die R\u00e4der kommt. Der robuste Aluminium-Rahmen mit Gravel-typischer Geometrie sowie die Laufr\u00e4der sind speziell f\u00fcr die Anforderungen auf und abseits befestigter Stra\u00dfen ausgelegt. Auf geht\u2019s, starte dein Abenteuer \u2013 mit dem Crosshill von Lapierre!<\/p>\n<hr \/>\n<h3>Die Highlights des Lapierre Crosshill 5.0<\/h3>\n<ul>\n<li>Gravel-spezifischer Shimano GRX 2&#215;11-fach Antrieb<\/li>\n<li>Interne Kabelf\u00fchrung f\u00fcr einen cleanen Look<\/li>\n<li>Bikebacking-ready dank vieler Befestigungspunkte<\/li>\n<li>WTB Riddler Bereifung f\u00fcr guten Grip auf allen Untergr\u00fcnden<\/li>\n<li>Arretierungshebel der Steckachse mit Flaschen\u00f6ffner<\/li>\n<li>Schickes Design mit topografischen Grafiken an der Gabel<\/li>\n<\/ul>\n<hr \/>\n<h3>Lapierre Technologie<\/h3>\n<p><strong>ALUMINIUM<\/strong><br \/> Die Wahl des Rahmenmaterials hat einen erheblichen Einfluss auf die Performance deines Bikes. Lapierre arbeitet unerm\u00fcdlich an der Perfektionierung seiner Aluminiumrahmen. Zusammen mit den besten Spezialisten der Branche haben sie ihr Highend-Rahmenmaterial Alloy Supreme entwickelt. Es wird in drei Versionen mit unterschiedlichen Werten bei Festigkeit und Gewicht angeboten. Supreme 6 zum beispiel ist 12 % robuster und 1,5 % leichter als Aluminium 7005. Hierbei handelt es sich um eine au\u00dfergew\u00f6hnlich strapazierf\u00e4hige Aluminiumlegierung.<\/p>\n<h2>Ausstattung<\/h2>\n<div class=\"product--properties panel has--border\">\n<table class=\"product--properties-table\">\n<tbody>\n<tr class=\"product--properties-row row1\">\n<td class=\"product--properties-label is--bold\">Rahmen:<\/td>\n<td class=\"product--properties-value\">Crosshill gravel Supreme 5 alloy internal cable routing<\/td>\n<\/tr>\n<tr class=\"product--properties-row row2\">\n<td class=\"product--properties-label is--bold\">Rahmenmaterial:<\/td>\n<td class=\"product--properties-value\">Aluminium<\/td>\n<\/tr>\n<tr class=\"product--properties-row row3\">\n<td class=\"product--properties-label is--bold\">Laufradgr\u00f6\u00dfe:<\/td>\n<td class=\"product--properties-value\">28&#8243;<\/td>\n<\/tr>\n<tr class=\"product--properties-row row4\">\n<td class=\"product--properties-label is--bold\">Farbe:<\/td>\n<td class=\"product--properties-value\">GREY<\/td>\n<\/tr>\n<tr class=\"product--properties-row row5\">\n<td class=\"product--properties-label is--bold\">Gabel:<\/td>\n<td class=\"product--properties-value\">Lapierre carbon blades, alloy steerer, 12mm thru axle<\/td>\n<\/tr>\n<tr class=\"product--properties-row row6\">\n<td class=\"product--properties-label is--bold\">Bremsen:<\/td>\n<td class=\"product--properties-value\">Shimano GRX RX600 hydraulic brakes flat mount<\/td>\n<\/tr>\n<tr class=\"product--properties-row row7\">\n<td class=\"product--properties-label is--bold\">Bremsscheiben:<\/td>\n<td class=\"product--properties-value\">Shimano SM-RT70 160mm front\/rear Center Lock<\/td>\n<\/tr>\n<tr class=\"product--properties-row row8\">\n<td class=\"product--properties-label is--bold\">Steuersatz:<\/td>\n<td class=\"product--properties-value\">FSA Orbit NO.57B semi-integrated<\/td>\n<\/tr>\n<tr class=\"product--properties-row row9\">\n<td class=\"product--properties-label is--bold\">Vorbau:<\/td>\n<td class=\"product--properties-value\">Lapierre alloy, 6\u00b0, \u00d8: 31.8mm, L: 90mm (XS\/S), 100mm (M), 110mm (L), 120mm (XL)<\/td>\n<\/tr>\n<tr class=\"product--properties-row row10\">\n<td class=\"product--properties-label is--bold\">Lenker:<\/td>\n<td class=\"product--properties-value\">Lapierre alloy gravel bar, Width: 420mm (XS\/S), 440mm (M), 460mm (L\/XL), Flare: 16\u00b0<\/td>\n<\/tr>\n<tr class=\"product--properties-row row11\">\n<td class=\"product--properties-label is--bold\">Griffe:<\/td>\n<td class=\"product--properties-value\">Lapierre elastomer tape black, shock proof, 3mm thick<\/td>\n<\/tr>\n<tr class=\"product--properties-row row12\">\n<td class=\"product--properties-label is--bold\">Sattel:<\/td>\n<td class=\"product--properties-value\">Selle Royal Vivo co-branded saddle<\/td>\n<\/tr>\n<tr class=\"product--properties-row row13\">\n<td class=\"product--properties-label is--bold\">Sattelst\u00fctze:<\/td>\n<td class=\"product--properties-value\">Lapierre alloy Stealth dropper, \u00d8: 27.2mm, L: 350mm, O\/S:12mm<\/td>\n<\/tr>\n<tr class=\"product--properties-row row14\">\n<td class=\"product--properties-label is--bold\">Kurbel:<\/td>\n<td class=\"product--properties-value\">Shimano GRX FC-RX600 46-30T 170mm (XS\/S), 172.5mm (M), 175mm (L\/XL)<\/td>\n<\/tr>\n<tr class=\"product--properties-row row15\">\n<td class=\"product--properties-label is--bold\">Tretlager\/Innenlager:<\/td>\n<td class=\"product--properties-value\">Shimano external cups<\/td>\n<\/tr>\n<\/tbody>\n<\/table>\n<table class=\"product--properties-table\">\n<tbody>\n<tr class=\"product--properties-row row16\">\n<td class=\"product--properties-label is--bold\">Schaltwerk:<\/td>\n<td class=\"product--properties-value\">Shimano GRX FD-RX810, with band adaptor<\/td>\n<\/tr>\n<tr class=\"product--properties-row row17\">\n<td class=\"product--properties-label is--bold\">Schalthebel:<\/td>\n<td class=\"product--properties-value\">Shimano GRX ST-RX600 2x11s<\/td>\n<\/tr>\n<tr class=\"product--properties-row row18\">\n<td class=\"product--properties-label is--bold\">Umwerfer:<\/td>\n<td class=\"product--properties-value\">Shimano GRX FD-RX810 SHADOW PLUS 11s<\/td>\n<\/tr>\n<tr class=\"product--properties-row row19\">\n<td class=\"product--properties-label is--bold\">Kassette:<\/td>\n<td class=\"product--properties-value\">Shimano HG70011 11-34T<\/td>\n<\/tr>\n<tr class=\"product--properties-row row20\">\n<td class=\"product--properties-label is--bold\">Kette:<\/td>\n<td class=\"product--properties-value\">KMC X11 silver\/grey 1\/2&#8243;x11\/128&#8243; with CL566R link<\/td>\n<\/tr>\n<tr class=\"product--properties-row row21\">\n<td class=\"product--properties-label is--bold\">Reifen:<\/td>\n<td class=\"product--properties-value\">WTB Riddler 700x37c, Tan wall, Dual DNA compound, TCS Aramid bead<\/td>\n<\/tr>\n<tr class=\"product--properties-row row22\">\n<td class=\"product--properties-label is--bold\">Naben:<\/td>\n<td class=\"product--properties-value\">Lapierre, Center Lock 32H 12mm E-thru axle<\/td>\n<\/tr>\n<tr class=\"product--properties-row row23\">\n<td class=\"product--properties-label is--bold\">Felgen:<\/td>\n<td class=\"product--properties-value\">Mavic XC621 32H 700c 21-622<\/td>\n<\/tr>\n<tr class=\"product--properties-row row24\">\n<td class=\"product--properties-label is--bold\">Pedale:<\/td>\n<td class=\"product--properties-value\">Steel cage NW-91K<\/td>\n<\/tr>\n<tr class=\"product--properties-row row25\">\n<td class=\"product--properties-label is--bold\">Sonstiges:<\/td>\n<td class=\"product--properties-value\">Switch QR with 6mm &amp; 5mm hex. head, with built-in bottle opener, tubeless rim tape &amp; valves<\/td>\n<\/tr>\n<tr class=\"product--properties-row row26\">\n<td class=\"product--properties-label is--bold\">Gewicht Komplettrad:<\/td>\n<td class=\"product--properties-value\">11.1 kg (w\/o pedals)<\/td>\n<\/tr>\n<\/tbody>\n<\/table>\n<div class=\"product--description\">\n<h4>Empfohlene Rahmengr\u00f6\u00dfe<\/h4>\n<ul>\n<li><strong>XS:<\/strong>\u00a0155 &#8211; 162 cm<\/li>\n<li><strong>S:<\/strong>\u00a0160 &#8211; 172 cm<\/li>\n<li><strong>M:<\/strong>\u00a0170 &#8211; 182 cm<\/li>\n<li><strong>L:<\/strong>\u00a0180 &#8211; 190 cm<\/li>\n<li><strong>XL:<\/strong>\u00a0&gt;188 cm<\/li>\n<\/ul><\/div>\n<div class=\"ean-box\"><label>Hersteller Artikelnr.:<\/label>\u00a0<span class=\"supplier-number\">E4524600<\/span><br \/> <label>EAN:<\/label>\u00a0<span class=\"netz-ean\">3660423357586<\/span><br \/> <label>Modelljahr:<\/label>\u00a02022<\/div>\n<\/p><\/div>\n<div class=\"product--rating-container\"><\/div>\n<\/p><\/div>\n<div class=\"image-slider--container\"><\/div>\n","protected":false},"excerpt":{"rendered":"<p>Lapierre\u00a0Crosshill 5.0 Ab ins Gel\u00e4nde! Oder vielleicht doch lieber auf der Stra\u00dfe fahren? Oder irgendwo dazwischen? Kein Problem mit dem Lapierre Crosshill 5.0 ! Denn das Gravelbike besteht alle Abenteuer, egal welcher Untergrund dir unter die R\u00e4der kommt. Der robuste Aluminium-Rahmen mit Gravel-typischer Geometrie sowie die Laufr\u00e4der sind speziell f\u00fcr die Anforderungen auf und abseits befestigter Stra\u00dfen ausgelegt. Auf geht\u2019s,\u2026<\/p>\n","protected":false},"featured_media":13725,"comment_status":"closed","ping_status":"closed","template":"","meta":[],"product_brand":[],"product_cat":[95,129],"product_tag":[],"class_list":{"0":"post-13698","1":"product","2":"type-product","3":"status-publish","4":"has-post-thumbnail","6":"product_cat-fahrrad","7":"product_cat-gravel-bikes","9":"first","10":"instock","11":"sale","12":"shipping-taxable","13":"purchasable","14":"product-type-variable"},"_links":{"self":[{"href":"https:\/\/fatbike-de.com\/index.php\/wp-json\/wp\/v2\/product\/13698","targetHints":{"allow":["GET"]}}],"collection":[{"href":"https:\/\/fatbike-de.com\/index.php\/wp-json\/wp\/v2\/product"}],"about":[{"href":"https:\/\/fatbike-de.com\/index.php\/wp-json\/wp\/v2\/types\/product"}],"replies":[{"embeddable":true,"href":"https:\/\/fatbike-de.com\/index.php\/wp-json\/wp\/v2\/comments?post=13698"}],"wp:featuredmedia":[{"embeddable":true,"href":"https:\/\/fatbike-de.com\/index.php\/wp-json\/wp\/v2\/media\/13725"}],"wp:attachment":[{"href":"https:\/\/fatbike-de.com\/index.php\/wp-json\/wp\/v2\/media?parent=13698"}],"wp:term":[{"taxonomy":"product_brand","embeddable":true,"href":"https:\/\/fatbike-de.com\/index.php\/wp-json\/wp\/v2\/product_brand?post=13698"},{"taxonomy":"product_cat","embeddable":true,"href":"https:\/\/fatbike-de.com\/index.php\/wp-json\/wp\/v2\/product_cat?post=13698"},{"taxonomy":"product_tag","embeddable":true,"href":"https:\/\/fatbike-de.com\/index.php\/wp-json\/wp\/v2\/product_tag?post=13698"}],"curies":[{"name":"wp","href":"https:\/\/api.w.org\/{rel}","templated":true}]}}