{"id":1825,"date":"2024-02-27T10:13:37","date_gmt":"2024-02-27T09:13:37","guid":{"rendered":"https:\/\/fatbike-de.com\/?post_type=product&#038;p=1825"},"modified":"2024-02-27T11:12:26","modified_gmt":"2024-02-27T10:12:26","slug":"santa-cruz-heckler-9-c-s-e-mountainbike","status":"publish","type":"product","link":"https:\/\/fatbike-de.com\/index.php\/product\/santa-cruz-heckler-9-c-s-e-mountainbike\/","title":{"rendered":"Santa Cruz Heckler 9 C S E-MOUNTAINBIKE"},"content":{"rendered":"<h2 class=\"content--title\"><strong>Santa Cruz<\/strong>\u00a0Heckler 9 C S<\/h2>\n<p class=\"product--description\">Das E-MTB Heckler ist mittlerweile au<a href=\"http:\/\/I.i\">s<\/a> dem Portfolio der kalifornische High-End-Marke Santa Cruz Heckler 9 kaum mehr wegzudenken. Das Traum-E-Mountainbike wird 2024 von Shimanos neustem EP-8 Motor, dem EP801, befeuert und ist mit dem 720 Wh Akku ausgestattet, der formsch\u00f6n im edlen Carbon-Rahmen integriert ist!<\/p>\n<hr \/>\n<h3>Das Santa Cruz Heckler 9 C S 2024 im Detail<\/h3>\n<p>Danny MacAskill redet gerne \u00fcber Ebikes. Und viel. Er h\u00f6rt einfach nicht auf. Erst wenn er auf\u2019s Bike steigt, verstummt die Schw\u00e4rmerei. Dann jubelt und jauchzt er. Und er f\u00e4hrt und f\u00e4hrt und f\u00e4hrt. Deshalb hat Santa Cruz das Heckler so gebaut, wie es ist. Es f\u00e4hrt weiter, schneller und l\u00e4nger und macht dadurch noch mehr Spa\u00df. Das Heckler hat einen gro\u00dfen, austauschbaren Akku mit 720Wh, der es Dir erm\u00f6glicht, bisher unerreichbare und weniger befahrene Trails zu erschlie\u00dfen und mehr in weniger Zeit zu schaffen. Der VPP\u2122-Hinterbau mit 150 mm Federweg (kombiniert mit einer 160mm Gabel) ist auf Komfort und Traktion in technischen Anstiegen optimiert und bietet f\u00fcr uns das ideale Setup f\u00fcr lange Tage auf technischen Trails.<\/p>\n<p>Die Fahreigenschaften auf dem Trail zeichnen alle Bikes von Santa Cruz aus. Hier machen sie auch bei den E-Bikes keine Kompromisse. Das Carbon-Layup und das Rahmendesign wurde besonders robust gestaltet, um die hohen Kr\u00e4fte sauber aufzunehmen und langanhaltenden Fahrspa\u00df zu garantieren. Gleichzeitig ist das Bike trotzdem konkurrenzf\u00e4hig leicht. Und sinnvoll und kompromisslos gut ausgestattet. Du solltest Dich also eher um die einbrechende Dunkelheit als um m\u00f6gliche Defekte sorgen. Die Geometrie wurde bei zahllosen Testfahrten immer weiter verfeinert und &#8211; bergauf und bergab &#8211; auf Fahrspa\u00df optimiert.<\/p>\n<hr \/>\n<h3>Lebenslange Rahmen-Garantie<\/h3>\n<p>Santa Cruz Bicycles repariert oder ersetzt nach eigenem Ermessen jeden Rahmen, der von Santa Cruz Bicycles hergestellt wurde und der einen Material- oder Verarbeitungsfehler aufweist. Die Garantie gilt f\u00fcr die Lebensdauer des Rahmens und steht ausschlie\u00dflich dem Erstbesitzer zur Verf\u00fcgung. Ungeachtet des Vorstehenden sind Rahmen, die vor dem 1. Mai 2015 gekauft wurden, f\u00fcr f\u00fcnf Jahre ab dem urspr\u00fcnglichen Kaufdatum durch die vorher bestehende Garantie abgedeckt. Im Falle einer Situation, in der die Garantie nicht gilt, bietet Santa Cruz Bicycles dem Erstbesitzer Ersatzteile zu einem reduzierten Preis f\u00fcr die oben beschriebene Garantiezeit an.*<\/p>\n<hr \/>\n<h3>The NEW Santa Cruz Heckler ebike: Danny MacAskill just won&#8217;t shut up about it<\/h3>\n<p class=\"product--description\">\n<hr \/>\n<h3>Technologie<\/h3>\n<p><strong>Der Santa Cruz Carbon-Rahmen<\/strong><br \/> Die Santa Cruz CC-Rahmen werden mit den besten Materialien und den fortschrittlichsten Produktionsprozessen hergestellt. Die C-Rahmen sind genauso steif und stabil und haben die gleichen Fahreigenschaften wie die CC-Rahmen. Sie tauschen etwas mehr Gewicht f\u00fcr einen etwas g\u00fcnstigeren Preis ein. Beide Versionen werden von Santa Cruz in ihrer eigenen Fabrik hergestellt und haben eine lebenslange Garantie.*<\/p>\n<p><strong>Austauschbarer 720 Wh Akku<\/strong><br \/> Mit dem austauschbaren 720 Wh Akku im Heckler erweitert sich Deine Trailkarte \u2013 Du entdeckst bisher unerreichbare oder weniger bekannte Trails und schaffst mehr in weniger Zeit. Ein gr\u00f6\u00dferer Akku gibt Dir mehr Reichweite. Aber je gr\u00f6\u00dfer der Akku, desto h\u00f6her wird das Systemgewicht, und ab einem gewissen Punkt geht das auf Kosten der guten Fahreigenschaften. Deshalb ist Santa Cruz nach vielen Tests mit verschiedenen Akkugr\u00f6\u00dfen zu dem Schluss gekommen, dass ein 720-Wh-Akku der optimale Wert f\u00fcr lange Touren auf echten Trails ist.<\/p>\n<p><strong>Shimano STEPS EP801<\/strong><\/p>\n<p>Berge bezwingen und neue Wege erkunden mit der verbesserten Leistung und Konnektivit\u00e4t dieses leistungsstarken Mittelmotor-Systems. Die ger\u00e4uscharme und kompakte Leistung sowie die erweiterte Konnektivit\u00e4t des SHIMANO STEPS EP801 Mittelmotor-Systems erm\u00f6glichen die volle Konzentration auf die Trails. Als Ger\u00e4t der US-Klasse 3 bietet es 85 N\u00b7m angepasste Tretkraftunterst\u00fctzung f\u00fcr bis zu 25 km\/h, 20 mph. Zudem unterst\u00fctzt es die neuen CAN- und ACC-Anschl\u00fcsse und sorgt f\u00fcr die Kompatibilit\u00e4t mit der zweiten Generation des Batterie-Management-Systems.<\/p>\n<p><strong>150mm VPP-Hinterbau<\/strong><\/p>\n<p>Der VPP-Hinterbau von Santa Cruz ist eines der besten Federungssysteme, das je f\u00fcr Mountainbikes entwickelt wurden. Er arbeitet auch in hartem Gel\u00e4nde komfortabel und ist gleichzeitig extrem effizient.<\/p>\n<p>Santa Cruz arbeitet seit 2001 mit dem vielseitigen und extrem leistungsstarken VPP-Hinterbau-System. Anstatt immer komplexere und undurchsichtigere Federungsdesigns oder gar eigene D\u00e4mpfer zu bauen, nur damit sie etwas Neues zu erz\u00e4hlen haben. Sie wollen wirklich die besten Fullys f\u00fcr Euch bauen. Und nicht die sch\u00f6nsten Marketing-Luftschl\u00f6sser aufblasen.<\/p>\n<p>Die gegenl\u00e4ufigen Umlenkhebel sind kurz und stabil und sorgen f\u00fcr eine robuste und steife Rahmenkontruktion. Die Lagerpunkte sind langlebig konstruiert und leicht zu warten. Ein Abschmiernippel an der unteren Wippe sorgt au\u00dferdem f\u00fcr besondere Haltbarkeit. Und wenn doch mal ein gr\u00f6\u00dferer Service ansteht, liefert Santa Cruz dem Erstbesitzer kostenlos Ersatzlager. Ein E-Bike wird besonders stark beansprucht, daher ist Haltbarkeit und Servicebarkeit f\u00fcr langanhaltenden Fahrspa\u00df besonders wichtig. Und das wird von Santa Cruz garantiert.<\/p>\n<p>Smart Spec<\/p>\n<p>Das Shimano STEPS-System verzichtet auf ein \u00fcbergro\u00dfes Display, das beim echten Bike-Einsatz empfindlich im Weg w\u00e4re und leicht besch\u00e4digt werden k\u00f6nnte. Santa Cruz verwendet die beiden kompakten Displays EM800 (Farbe) und E7000 (schwarz-wei\u00df) von Shimano in Verbindung mit dem EM800- bzw. E7000-Schalter, um ein einfaches, \u00fcbersichtliches und integriertes Cockpit zu schaffen. Der Schalter ist unauff\u00e4llig, intuitiv und hat die beste Kompatibilit\u00e4t mit Hebeln f\u00fcr Teleskopst\u00fctzen. Das Shimano STEPS-System kann \u00fcber Bluetooth oder ein Plug-in mit Shimanos E-TUBE-App verbunden werden, um die Leistungseinstellungen der Antriebseinheit anzupassen, St\u00f6rungen zu diagnostizieren oder ausstehende Software-Updates durchzuf\u00fchren.<\/p>\n<p><strong>Performance, Zuverl\u00e4ssigkeit, bester Support<\/strong><br \/> Das sind die drei Qualit\u00e4ten, f\u00fcr die Santa Cruz Bikes bekannt sind. Bei allen Komplettbikes kombinieren sie ihre Rahmen immer mit passenden Komponenten. F\u00fcr die wichtige Antriebseinheit haben sie ausschlie\u00dflich Komponenten von Shimano STEPS verwendet &#8211; Akku, Ladeanschluss, Power-Knopf, Controller. Das bedeutet, dass alle Teile, der Service und die Garantie \u00fcber Shimano und Santa Cruz verf\u00fcgbar sind. Shimano f\u00fchrt E-Bike-Teile \u00fcber Distributoren und gut geschulte Einzelh\u00e4ndler auf der ganzen Welt. Die Shimano E-Tube-App und die STEPS-Website bieten die n\u00f6tigen Updates und alle Informationen schnell und \u00fcbersichtlich. Der Shimano-Motor und der Akku sowie alle Komponenten wurden bewusst gew\u00e4hlt, um Performance, Zuverl\u00e4ssigkeit und besten Support zu garantieren.<\/p>\n","protected":false},"excerpt":{"rendered":"<p>Santa Cruz\u00a0Heckler 9 C S Das E-MTB Heckler ist mittlerweile aus dem Portfolio der kalifornische High-End-Marke Santa Cruz Heckler 9 kaum mehr wegzudenken. Das Traum-E-Mountainbike wird 2024 von Shimanos neustem EP-8 Motor, dem EP801, befeuert und ist mit dem 720 Wh Akku ausgestattet, der formsch\u00f6n im edlen Carbon-Rahmen integriert ist! Das Santa Cruz Heckler 9 C S 2024 im Detail\u2026<\/p>\n","protected":false},"featured_media":1855,"comment_status":"closed","ping_status":"closed","template":"","meta":[],"product_brand":[],"product_cat":[93,94,95,96],"product_tag":[],"class_list":{"0":"post-1825","1":"product","2":"type-product","3":"status-publish","4":"has-post-thumbnail","6":"product_cat-e-bike","7":"product_cat-e-mountainbike","8":"product_cat-fahrrad","9":"product_cat-mountainbike","11":"first","12":"outofstock","13":"sale","14":"shipping-taxable","15":"product-type-variable"},"_links":{"self":[{"href":"https:\/\/fatbike-de.com\/index.php\/wp-json\/wp\/v2\/product\/1825","targetHints":{"allow":["GET"]}}],"collection":[{"href":"https:\/\/fatbike-de.com\/index.php\/wp-json\/wp\/v2\/product"}],"about":[{"href":"https:\/\/fatbike-de.com\/index.php\/wp-json\/wp\/v2\/types\/product"}],"replies":[{"embeddable":true,"href":"https:\/\/fatbike-de.com\/index.php\/wp-json\/wp\/v2\/comments?post=1825"}],"wp:featuredmedia":[{"embeddable":true,"href":"https:\/\/fatbike-de.com\/index.php\/wp-json\/wp\/v2\/media\/1855"}],"wp:attachment":[{"href":"https:\/\/fatbike-de.com\/index.php\/wp-json\/wp\/v2\/media?parent=1825"}],"wp:term":[{"taxonomy":"product_brand","embeddable":true,"href":"https:\/\/fatbike-de.com\/index.php\/wp-json\/wp\/v2\/product_brand?post=1825"},{"taxonomy":"product_cat","embeddable":true,"href":"https:\/\/fatbike-de.com\/index.php\/wp-json\/wp\/v2\/product_cat?post=1825"},{"taxonomy":"product_tag","embeddable":true,"href":"https:\/\/fatbike-de.com\/index.php\/wp-json\/wp\/v2\/product_tag?post=1825"}],"curies":[{"name":"wp","href":"https:\/\/api.w.org\/{rel}","templated":true}]}}