{"id":2565,"date":"2024-02-27T10:27:56","date_gmt":"2024-02-27T09:27:56","guid":{"rendered":"https:\/\/fatbike-de.com\/?post_type=product&#038;p=2565"},"modified":"2024-02-27T10:28:43","modified_gmt":"2024-02-27T09:28:43","slug":"specialized-turbo-vado-5-0-igh-herren-city-e-bike-2022","status":"publish","type":"product","link":"https:\/\/fatbike-de.com\/index.php\/product\/specialized-turbo-vado-5-0-igh-herren-city-e-bike-2022\/","title":{"rendered":"Specialized TURBO VADO 5.0 IGH &#8211; Herren City E-Bike &#8211; 2022"},"content":{"rendered":"<h2 class=\"product-detail-information-area__product-name\">Specialized TURBO VADO 5.0 IGH &#8211; Herren City E-Bike &#8211; 2022<\/h2>\n<h3>It\u2019s you, only faster!<\/h3>\n<p>Das Specialized TURBO VADO ist das Bike f\u00fcr alles, vom t\u00e4glichen Weg zur Arbeit \u00fcber schnelle Workouts bis hin zu l\u00e4ngeren Wochenend-Abenteuern. Es bietet ein sanftes Fahrerlebnis auf verschiedensten Wegen und die Option, alles Notwendige mitnehmen zu k\u00f6nnen. Die Geometrie ist auf sportliches Fahren ausgelegt und gleichzeitig komfortabel genug f\u00fcr den Einsatz in der Stadt. Die Position auf dem Rad vermittelt hohe Zuverl\u00e4ssigkeit und unterst\u00fctzt dich mit effizienter Power, um von A nach B zu kommen.<\/p>\n<h3><\/h3>\n<h3>Hauptmerkmale des Specialized TURBO VADO 5.0 IGH<\/h3>\n<ul>\n<li>E5 Aluminum-Rahmen<\/li>\n<li>Rockshox Recon Silver RL Federgabel<\/li>\n<li>automatische &amp; stufenlose Enviolo AUTOMATiQ Nabenschaltung<\/li>\n<li>ausgestattet mit St\u00e4nder, Gep\u00e4cktr\u00e4ger, Beleuchtung und Schutzblechen<\/li>\n<li>Pathfinder Sport Reifen mit Reflexstreifen<\/li>\n<li>Specialized 2.2 Motor<\/li>\n<li>Specialized U2 Akku mit 710wh<\/li>\n<li>MasterMind TCD Display mit Bluetooth &amp; integrierter Diebstahlsicherung<\/li>\n<li>Garmin Radar Sensor f\u00fcr maximale Sicherheit im Stra\u00dfenverkehr<\/li>\n<\/ul>\n<p>&nbsp;<\/p>\n<h3>Details des Specialized TURBO VADO 5.0 IGH<\/h3>\n<h4>Volle Power<\/h4>\n<p>Der Turbo Full Power 2.2 Motor und die 710 Wh Batterie bieten ein unvergleichbares Fahrerlebnis. Der harmonische, sanfte und ger\u00e4uscharme Motor unterst\u00fctzt bis zu 25 km\/h. Das interne Steuerger\u00e4t liefert die Unterst\u00fctzung des Motors, die von der Fahrerin oder dem Fahrer abgegeben wird, mit einem sehr nat\u00fcrlichen Fahrgef\u00fchl.<\/p>\n<h4>Volle Kontrolle<\/h4>\n<p>MasterMind und Mission Control &#8211; das MasterMind Display zeigt alle wichtigen Daten der Fahrt an, erm\u00f6glicht die Fahrmodi-Anpassung w\u00e4hrend der Fahrt sowie Over-the-Air Updates. Mit Hilfe der Mission Control App kann die Reichweite optimiert, Tunings vorgenommen, Fahrten aufgezeichnet werden und vieles mehr.<\/p>\n<h4>Volle Unterst\u00fctzung<\/h4>\n<p>Die automatische und stufenlose Enviolo AUTOMATiQ Getriebenabenschaltung schaltet basierend auf der Trittfrequenz in den richtigen Gang und bietet somit bei jeder Neigung ein angenehmes Fahrgef\u00fchl. Die voreingestellte pr\u00e4ferierte Trittfrequenz macht das Fahren unglaublich einfach und bietet Sicherheit und Komfort f\u00fcr die Fahrerin oder den Fahrer.<\/p>\n<h4>Voller Komfort<\/h4>\n<p>Gepr\u00fcfte, harmonische Effizienz &#8211; Specialized hat ein eigenes Testverfahren entwickelt, um kleine Spr\u00fcnge in der Motorunterst\u00fctzung f\u00fcr mehr Komfort herauszufiltern. Diese Pr\u00e4zision in Verbindung mit einer gefederten Sattelst\u00fctze, breiten Reifen und einer Federgabel lassen dich wie auf Wolken schweben.<\/p>\n<h4>Voller Schutz<\/h4>\n<p>Turbo System Diebstahlschutz &#8211; mit der Mission Control App kann der Motor gesperrt und der Bewegungssensor aktiviert werden. Dieser Schutz kann ausschlie\u00dflich von der Besitzerin oder dem Besitzer wieder deaktiviert werden.<\/p>\n<h4>Garmin Radar<\/h4>\n<p>Ein integrierter Garmin Radar Sensor warnt vor Verkehr hinter dir. Garmins Radar Technologie kann Fahrzeuge bis zu 140 Meter hinter dir erkennen. Das MasterMind TCD gibt ein visuelles, akustisches und haptisches Signal, basierend auf der Distanz und Geschwindigkeit des heranfahrenden Fahrzeuges.<\/p>\n<h4>Volle Integration<\/h4>\n<p>Die herausnehmbare und abschlie\u00dfbare Batterie ist im Unterrohr verstaut. Sie ist einfach zu entnehmen, einfach zu laden und noch einfacher zu sichern. Des Weiteren kommt das Bike mit DRYTECH Schutzblechen, LED Front- \/ R\u00fccklicht und einem Gep\u00e4cktr\u00e4ger der mit bis zu 27 kg beladen werden kann.<\/p>\n<h3 class=\"product-detail-data-sheet__title\">DATENBLATT F\u00dcR SPECIALIZED TURBO VADO 5.0 IGH &#8211; HERREN CITY E-BIKE &#8211; 2022 &#8211; CAST BLACK \/ SILVER REFLECTIVE<\/h3>\n<table class=\"product-detail-data-sheet__table\">\n<tbody>\n<tr class=\"product-detail-data-sheet__row\">\n<td class=\"product-detail-data-sheet__cell product-detail-data-sheet__cell--title\">Produktname:<\/td>\n<td class=\"product-detail-data-sheet__cell product-detail-data-sheet__cell--value\">Specialized TURBO VADO 5.0 IGH &#8211; Herren City E-Bike &#8211; 2022 &#8211; cast black \/ silver reflective<\/td>\n<\/tr>\n<tr class=\"product-detail-data-sheet__row\">\n<td class=\"product-detail-data-sheet__cell product-detail-data-sheet__cell--title\">Hersteller:<\/td>\n<td class=\"product-detail-data-sheet__cell product-detail-data-sheet__cell--value\">Specialized Bikes<\/td>\n<\/tr>\n<tr class=\"product-detail-data-sheet__row\">\n<td class=\"product-detail-data-sheet__cell product-detail-data-sheet__cell--title\">Artikelnummer:<\/td>\n<td class=\"product-detail-data-sheet__cell product-detail-data-sheet__cell--value\">SBC556776<\/td>\n<\/tr>\n<tr class=\"product-detail-data-sheet__row\">\n<td class=\"product-detail-data-sheet__cell product-detail-data-sheet__cell--title\">Aktivit\u00e4t:<\/td>\n<td class=\"product-detail-data-sheet__cell product-detail-data-sheet__cell--value\">Fahrrad<\/td>\n<\/tr>\n<tr class=\"product-detail-data-sheet__row\">\n<td class=\"product-detail-data-sheet__cell product-detail-data-sheet__cell--title\">Geschlecht:<\/td>\n<td class=\"product-detail-data-sheet__cell product-detail-data-sheet__cell--value\">Herren<\/td>\n<\/tr>\n<tr class=\"product-detail-data-sheet__row\">\n<td class=\"product-detail-data-sheet__cell product-detail-data-sheet__cell--title\">Material:<\/td>\n<td class=\"product-detail-data-sheet__cell product-detail-data-sheet__cell--value\">Aluminium<\/td>\n<\/tr>\n<tr class=\"product-detail-data-sheet__row\">\n<td class=\"product-detail-data-sheet__cell product-detail-data-sheet__cell--title\">Einsatzbereich:<\/td>\n<td class=\"product-detail-data-sheet__cell product-detail-data-sheet__cell--value\">Trekking, E-Bike, City<\/td>\n<\/tr>\n<tr class=\"product-detail-data-sheet__row\">\n<td class=\"product-detail-data-sheet__cell product-detail-data-sheet__cell--title\">Naben:<\/td>\n<td class=\"product-detail-data-sheet__cell product-detail-data-sheet__cell--value\">Specialized | enviolo Heavy Duty<\/td>\n<\/tr>\n<tr class=\"product-detail-data-sheet__row\">\n<td class=\"product-detail-data-sheet__cell product-detail-data-sheet__cell--title\">Speichen:<\/td>\n<td class=\"product-detail-data-sheet__cell product-detail-data-sheet__cell--value\">DT Swiss Industry<\/td>\n<\/tr>\n<tr class=\"product-detail-data-sheet__row\">\n<td class=\"product-detail-data-sheet__cell product-detail-data-sheet__cell--title\">Felgen:<\/td>\n<td class=\"product-detail-data-sheet__cell product-detail-data-sheet__cell--value\">650B | AL | Double Wall<\/td>\n<\/tr>\n<tr class=\"product-detail-data-sheet__row\">\n<td class=\"product-detail-data-sheet__cell product-detail-data-sheet__cell--title\">Kette:<\/td>\n<td class=\"product-detail-data-sheet__cell product-detail-data-sheet__cell--value\">Gates Carbon Drive CDX<\/td>\n<\/tr>\n<tr class=\"product-detail-data-sheet__row\">\n<td class=\"product-detail-data-sheet__cell product-detail-data-sheet__cell--title\">Kassette:<\/td>\n<td class=\"product-detail-data-sheet__cell product-detail-data-sheet__cell--value\">Gates Carbon Drive CDX<\/td>\n<\/tr>\n<tr class=\"product-detail-data-sheet__row\">\n<td class=\"product-detail-data-sheet__cell product-detail-data-sheet__cell--title\">Schaltwerk:<\/td>\n<td class=\"product-detail-data-sheet__cell product-detail-data-sheet__cell--value\">enviolo AUTOMATiQ Pro<\/td>\n<\/tr>\n<tr class=\"product-detail-data-sheet__row\">\n<td class=\"product-detail-data-sheet__cell product-detail-data-sheet__cell--title\">Kettenblatt Abstufung:<\/td>\n<td class=\"product-detail-data-sheet__cell product-detail-data-sheet__cell--value\">50<\/td>\n<\/tr>\n<tr class=\"product-detail-data-sheet__row\">\n<td class=\"product-detail-data-sheet__cell product-detail-data-sheet__cell--title\">Kurbel:<\/td>\n<td class=\"product-detail-data-sheet__cell product-detail-data-sheet__cell--value\">Custom<\/td>\n<\/tr>\n<tr class=\"product-detail-data-sheet__row\">\n<td class=\"product-detail-data-sheet__cell product-detail-data-sheet__cell--title\">Bremsen:<\/td>\n<td class=\"product-detail-data-sheet__cell product-detail-data-sheet__cell--value\">SRAM G2 RS | 180\/180mm<\/td>\n<\/tr>\n<tr class=\"product-detail-data-sheet__row\">\n<td class=\"product-detail-data-sheet__cell product-detail-data-sheet__cell--title\">Sattelst\u00fctze:<\/td>\n<td class=\"product-detail-data-sheet__cell product-detail-data-sheet__cell--value\">AL | Spring Suspension | 40mm<\/td>\n<\/tr>\n<tr class=\"product-detail-data-sheet__row\">\n<td class=\"product-detail-data-sheet__cell product-detail-data-sheet__cell--title\">Sattel:<\/td>\n<td class=\"product-detail-data-sheet__cell product-detail-data-sheet__cell--value\">Rivo Sport<\/td>\n<\/tr>\n<tr class=\"product-detail-data-sheet__row\">\n<td class=\"product-detail-data-sheet__cell product-detail-data-sheet__cell--title\">Lenker:<\/td>\n<td class=\"product-detail-data-sheet__cell product-detail-data-sheet__cell--value\">Specialized | 15\u00b0 Backsweep | 46mm Rise<\/td>\n<\/tr>\n<tr class=\"product-detail-data-sheet__row\">\n<td class=\"product-detail-data-sheet__cell product-detail-data-sheet__cell--title\">Vorbau:<\/td>\n<td class=\"product-detail-data-sheet__cell product-detail-data-sheet__cell--value\">Specialized Flowset | 20\u00b0<\/td>\n<\/tr>\n<tr class=\"product-detail-data-sheet__row\">\n<td class=\"product-detail-data-sheet__cell product-detail-data-sheet__cell--title\">Gabel:<\/td>\n<td class=\"product-detail-data-sheet__cell product-detail-data-sheet__cell--value\">Rockshox Recon Silver RL<\/td>\n<\/tr>\n<tr class=\"product-detail-data-sheet__row\">\n<td class=\"product-detail-data-sheet__cell product-detail-data-sheet__cell--title\">Rahmen:<\/td>\n<td class=\"product-detail-data-sheet__cell product-detail-data-sheet__cell--value\">E5 Aluminum<\/td>\n<\/tr>\n<tr class=\"product-detail-data-sheet__row\">\n<td class=\"product-detail-data-sheet__cell product-detail-data-sheet__cell--title\">Akku Energie:<\/td>\n<td class=\"product-detail-data-sheet__cell product-detail-data-sheet__cell--value\">710Wh<\/td>\n<\/tr>\n<tr class=\"product-detail-data-sheet__row\">\n<td class=\"product-detail-data-sheet__cell product-detail-data-sheet__cell--title\">Anzahl der Kettenbl\u00e4tter:<\/td>\n<td class=\"product-detail-data-sheet__cell product-detail-data-sheet__cell--value\">1<\/td>\n<\/tr>\n<tr class=\"product-detail-data-sheet__row\">\n<td class=\"product-detail-data-sheet__cell product-detail-data-sheet__cell--title\">Schaltbet\u00e4tigung:<\/td>\n<td class=\"product-detail-data-sheet__cell product-detail-data-sheet__cell--value\">Mechanisch<\/td>\n<\/tr>\n<tr class=\"product-detail-data-sheet__row\">\n<td class=\"product-detail-data-sheet__cell product-detail-data-sheet__cell--title\">E-Bike Akku:<\/td>\n<td class=\"product-detail-data-sheet__cell product-detail-data-sheet__cell--value\">Specialized U2-710<\/td>\n<\/tr>\n<tr class=\"product-detail-data-sheet__row\">\n<td class=\"product-detail-data-sheet__cell product-detail-data-sheet__cell--title\">Unterst\u00fctzte Geschwindigkeit:<\/td>\n<td class=\"product-detail-data-sheet__cell product-detail-data-sheet__cell--value\">max. 25 km\/h<\/td>\n<\/tr>\n<tr class=\"product-detail-data-sheet__row\">\n<td class=\"product-detail-data-sheet__cell product-detail-data-sheet__cell--title\">Antriebseinheit Hersteller:<\/td>\n<td class=\"product-detail-data-sheet__cell product-detail-data-sheet__cell--value\">Specialized<\/td>\n<\/tr>\n<tr class=\"product-detail-data-sheet__row\">\n<td class=\"product-detail-data-sheet__cell product-detail-data-sheet__cell--title\">Motorposition:<\/td>\n<td class=\"product-detail-data-sheet__cell product-detail-data-sheet__cell--value\">Mittelmotor<\/td>\n<\/tr>\n<tr class=\"product-detail-data-sheet__row\">\n<td class=\"product-detail-data-sheet__cell product-detail-data-sheet__cell--title\">Fahrrad Zusatzausstattung:<\/td>\n<td class=\"product-detail-data-sheet__cell product-detail-data-sheet__cell--value\">mit Lichtanlage, mit Schutzblech, mit Gep\u00e4cktr\u00e4ger<\/td>\n<\/tr>\n<tr class=\"product-detail-data-sheet__row\">\n<td class=\"product-detail-data-sheet__cell product-detail-data-sheet__cell--title\">Art der Bremse:<\/td>\n<td class=\"product-detail-data-sheet__cell product-detail-data-sheet__cell--value\">Scheibenbremse<\/td>\n<\/tr>\n<tr class=\"product-detail-data-sheet__row\">\n<td class=\"product-detail-data-sheet__cell product-detail-data-sheet__cell--title\">Laufradgr\u00f6\u00dfe:<\/td>\n<td class=\"product-detail-data-sheet__cell product-detail-data-sheet__cell--value\">27,5&#8243; \/ 650B (584mm)<\/td>\n<\/tr>\n<tr class=\"product-detail-data-sheet__row\">\n<td class=\"product-detail-data-sheet__cell product-detail-data-sheet__cell--title\">Fahrrad Sonderausstattung:<\/td>\n<td class=\"product-detail-data-sheet__cell product-detail-data-sheet__cell--value\">Specialized Rack | DRYTECH Fender | Garmin Radar<\/td>\n<\/tr>\n<tr class=\"product-detail-data-sheet__row\">\n<td class=\"product-detail-data-sheet__cell product-detail-data-sheet__cell--title\">Fahrrad Beleuchtung:<\/td>\n<td class=\"product-detail-data-sheet__cell product-detail-data-sheet__cell--value\">Lezyne Ebike Power E115 | Spanninga Commuter Glow XE<\/td>\n<\/tr>\n<tr class=\"product-detail-data-sheet__row\">\n<td class=\"product-detail-data-sheet__cell product-detail-data-sheet__cell--title\">Griffe:<\/td>\n<td class=\"product-detail-data-sheet__cell product-detail-data-sheet__cell--value\">ERGON GA30<\/td>\n<\/tr>\n<tr class=\"product-detail-data-sheet__row\">\n<td class=\"product-detail-data-sheet__cell product-detail-data-sheet__cell--title\">Federweg Gabel:<\/td>\n<td class=\"product-detail-data-sheet__cell product-detail-data-sheet__cell--value\">80mm<\/td>\n<\/tr>\n<tr class=\"product-detail-data-sheet__row\">\n<td class=\"product-detail-data-sheet__cell product-detail-data-sheet__cell--title\">Pedale:<\/td>\n<td class=\"product-detail-data-sheet__cell product-detail-data-sheet__cell--value\">Specialized Commuter<\/td>\n<\/tr>\n<tr class=\"product-detail-data-sheet__row\">\n<td class=\"product-detail-data-sheet__cell product-detail-data-sheet__cell--title\">Reifen:<\/td>\n<td class=\"product-detail-data-sheet__cell product-detail-data-sheet__cell--value\">Pathfinder Sport Reflect | 650B x 2.3&#8243;<\/td>\n<\/tr>\n<tr class=\"product-detail-data-sheet__row\">\n<td class=\"product-detail-data-sheet__cell product-detail-data-sheet__cell--title\">Bremsbet\u00e4tigung:<\/td>\n<td class=\"product-detail-data-sheet__cell product-detail-data-sheet__cell--value\">Hydraulisch<\/td>\n<\/tr>\n<tr class=\"product-detail-data-sheet__row\">\n<td class=\"product-detail-data-sheet__cell product-detail-data-sheet__cell--title\">Modelljahr:<\/td>\n<td class=\"product-detail-data-sheet__cell product-detail-data-sheet__cell--value\">2022<\/td>\n<\/tr>\n<tr class=\"product-detail-data-sheet__row\">\n<td class=\"product-detail-data-sheet__cell product-detail-data-sheet__cell--title\">Kollektion:<\/td>\n<td class=\"product-detail-data-sheet__cell product-detail-data-sheet__cell--value\">Ganzj\u00e4hrig<\/td>\n<\/tr>\n<tr class=\"product-detail-data-sheet__row\">\n<td class=\"product-detail-data-sheet__cell product-detail-data-sheet__cell--title\">Farbe:<\/td>\n<td class=\"product-detail-data-sheet__cell product-detail-data-sheet__cell--value\">Schwarz<\/td>\n<\/tr>\n<tr class=\"product-detail-data-sheet__row\">\n<td class=\"product-detail-data-sheet__cell product-detail-data-sheet__cell--title\">Gabel Bauart:<\/td>\n<td class=\"product-detail-data-sheet__cell product-detail-data-sheet__cell--value\">klassische Federgabel<\/td>\n<\/tr>\n<tr class=\"product-detail-data-sheet__row\">\n<td class=\"product-detail-data-sheet__cell product-detail-data-sheet__cell--title\">Herstellerartikelnummer:<\/td>\n<td class=\"product-detail-data-sheet__cell product-detail-data-sheet__cell--value\">95322-34<\/td>\n<\/tr>\n<tr class=\"product-detail-data-sheet__row\">\n<td class=\"product-detail-data-sheet__cell product-detail-data-sheet__cell--title\">Zugverlegung:<\/td>\n<td class=\"product-detail-data-sheet__cell product-detail-data-sheet__cell--value\">intern<\/td>\n<\/tr>\n<tr class=\"product-detail-data-sheet__row\">\n<td class=\"product-detail-data-sheet__cell product-detail-data-sheet__cell--title\">Display \/ Bedienelement:<\/td>\n<td class=\"product-detail-data-sheet__cell product-detail-data-sheet__cell--value\">Specialized Master Mind TCD<\/td>\n<\/tr>\n<tr class=\"product-detail-data-sheet__row\">\n<td class=\"product-detail-data-sheet__cell product-detail-data-sheet__cell--title\">Antriebseinheit Model:<\/td>\n<td class=\"product-detail-data-sheet__cell product-detail-data-sheet__cell--value\">Specialized 2.2<\/td>\n<\/tr>\n<\/tbody>\n<\/table>\n","protected":false},"excerpt":{"rendered":"<p>Specialized TURBO VADO 5.0 IGH &#8211; Herren City E-Bike &#8211; 2022 It\u2019s you, only faster! Das Specialized TURBO VADO ist das Bike f\u00fcr alles, vom t\u00e4glichen Weg zur Arbeit \u00fcber schnelle Workouts bis hin zu l\u00e4ngeren Wochenend-Abenteuern. Es bietet ein sanftes Fahrerlebnis auf verschiedensten Wegen und die Option, alles Notwendige mitnehmen zu k\u00f6nnen. Die Geometrie ist auf sportliches Fahren ausgelegt\u2026<\/p>\n","protected":false},"featured_media":2602,"comment_status":"closed","ping_status":"closed","template":"","meta":[],"product_brand":[],"product_cat":[93,97,102],"product_tag":[],"class_list":{"0":"post-2565","1":"product","2":"type-product","3":"status-publish","4":"has-post-thumbnail","6":"product_cat-e-bike","7":"product_cat-e-bike-trekking","8":"product_cat-e-bikes-2022","10":"first","11":"instock","12":"sale","13":"shipping-taxable","14":"purchasable","15":"product-type-variable"},"_links":{"self":[{"href":"https:\/\/fatbike-de.com\/index.php\/wp-json\/wp\/v2\/product\/2565","targetHints":{"allow":["GET"]}}],"collection":[{"href":"https:\/\/fatbike-de.com\/index.php\/wp-json\/wp\/v2\/product"}],"about":[{"href":"https:\/\/fatbike-de.com\/index.php\/wp-json\/wp\/v2\/types\/product"}],"replies":[{"embeddable":true,"href":"https:\/\/fatbike-de.com\/index.php\/wp-json\/wp\/v2\/comments?post=2565"}],"wp:featuredmedia":[{"embeddable":true,"href":"https:\/\/fatbike-de.com\/index.php\/wp-json\/wp\/v2\/media\/2602"}],"wp:attachment":[{"href":"https:\/\/fatbike-de.com\/index.php\/wp-json\/wp\/v2\/media?parent=2565"}],"wp:term":[{"taxonomy":"product_brand","embeddable":true,"href":"https:\/\/fatbike-de.com\/index.php\/wp-json\/wp\/v2\/product_brand?post=2565"},{"taxonomy":"product_cat","embeddable":true,"href":"https:\/\/fatbike-de.com\/index.php\/wp-json\/wp\/v2\/product_cat?post=2565"},{"taxonomy":"product_tag","embeddable":true,"href":"https:\/\/fatbike-de.com\/index.php\/wp-json\/wp\/v2\/product_tag?post=2565"}],"curies":[{"name":"wp","href":"https:\/\/api.w.org\/{rel}","templated":true}]}}