{"id":2782,"date":"2024-02-27T10:31:33","date_gmt":"2024-02-27T09:31:33","guid":{"rendered":"https:\/\/fatbike-de.com\/?post_type=product&#038;p=2782"},"modified":"2024-02-27T10:32:56","modified_gmt":"2024-02-27T09:32:56","slug":"prophete-e-bike-geniesser-e3000-7-gang-shimano-nexus","status":"publish","type":"product","link":"https:\/\/fatbike-de.com\/index.php\/product\/prophete-e-bike-geniesser-e3000-7-gang-shimano-nexus\/","title":{"rendered":"Prophete E-Bike Geniesser e3000\u00ab, 7 Gang Shimano Nexus"},"content":{"rendered":"<h2 class=\"pdp_variation-name pl_headline100\" data-qa=\"variationName\">Prophete E-Bike Geniesser e3000\u00ab, 7 Gang Shimano Nexus Schaltwerk, Nabenschaltung<\/h2>\n<p>Das Prophete retro City E-Bike Prophete E-Bike Geniesser ist in Vintage-Design gehalten. Das 28 Zoll Damenrad ist mit dem roten Rahmen ein echter Hingucker. Sogar der Kettenkasten und der Scheinwerfer entsprechen dem Retrolook. Die Ergo-Lenkergriffe, der Nietensattel und die komfortablen Ballon-Reifen in Creme setzen dabei stilvolle Akzente. Doch nicht nur das Auge kommt bei diesem E-Bike auf seine Kosten, auch die technische Leistung \u00fcberzeugt. Mit dem Vorderradmotor von BLAUPUNKT ist man flott unterwegs und kann dabei zwischen verschiedenen Unterst\u00fctzungsstufen w\u00e4hlen. Mittels eines Drehgriffschalters w\u00e4hlen Sie den bevorzugten Gang der 7-Gang-Schaltung von Shimano aus. Die Schiebehilfe gibt Ihnen bei Schrittgeschwindigkeit, an Steigungen oder mit viel Gep\u00e4ck ordentlich Anschub. Ein 496,8 Wh-Akku sorgt nicht nur f\u00fcr eine ordentliche Reichweite, sondern versorgt auch die Lichtanlage mit Strom. Dank Light-On-Funktion funktioniert die Beleuchtung auch im Stand oder bei Schritttempo. Mit dem PROPHETE retro ist man jederzeit sicher und bequem unterwegs!<\/p>\n<h2 class=\"pl_headline200 pl_mb50\">Details<\/h2>\n<div class=\"pl_text-expander pl_copy100 pdp_details__text-expander js_pdp_details__text-expander pl_text-expander--has-more pl_text-expander--expanded\" lang=\"de\">\n<div class=\"pdp_details__characteristics-html\">\n<table class=\"dv_characteristicsTable\">\n<caption>MOTOR \/ AKKU<\/caption>\n<tbody>\n<tr>\n<td class=\"left\">Marke Motor<\/td>\n<td>Blaupunkt<\/td>\n<\/tr>\n<tr>\n<td class=\"left\">Typ Motor<\/td>\n<td>Frontmotor<\/td>\n<\/tr>\n<tr>\n<td class=\"left\">Position Motor<\/td>\n<td>Nabe<\/td>\n<\/tr>\n<tr>\n<td class=\"left\">H\u00f6chstgeschwindigkeit<\/td>\n<td>25 km\/h<\/td>\n<\/tr>\n<tr>\n<td class=\"left\">Leistung Motor<\/td>\n<td>250 W<\/td>\n<\/tr>\n<tr>\n<td class=\"left\">Leistung Motor in V<\/td>\n<td>36 V<\/td>\n<\/tr>\n<tr>\n<td class=\"left\">Leistung Motor in Nm<\/td>\n<td>30 Nm<\/td>\n<\/tr>\n<tr>\n<td class=\"left\">Details Motor<\/td>\n<td>b\u00fcrstenlos<br \/> wartungsfrei<\/td>\n<\/tr>\n<tr>\n<td class=\"left\">Anzahl Unterst\u00fctzungsstufen<\/td>\n<td>5<\/td>\n<\/tr>\n<tr>\n<td class=\"left\">Position Akku<\/td>\n<td>Gep\u00e4cktr\u00e4ger<\/td>\n<\/tr>\n<tr>\n<td class=\"left\">Details Akku<\/td>\n<td>abnehmbar<br \/> abschlie\u00dfbar<br \/> Hochleistungszellen<\/td>\n<\/tr>\n<tr>\n<td class=\"left\">Batterie-\/Akku-Technologie<\/td>\n<td>Lithium-Ionen (Li-Ion)<\/td>\n<\/tr>\n<tr>\n<td class=\"left\">Leistung Akku<\/td>\n<td>496,8 Wh<\/td>\n<\/tr>\n<tr>\n<td class=\"left\">Spannung Akku<\/td>\n<td>36 V<\/td>\n<\/tr>\n<tr>\n<td class=\"left\">Akkukapazit\u00e4t<\/td>\n<td>13800 mAh<\/td>\n<\/tr>\n<tr>\n<td class=\"left\">Ladezyklen Akku<\/td>\n<td>500<\/td>\n<\/tr>\n<tr>\n<td class=\"left\">Ladezeit Akku<\/td>\n<td>6 Std.<\/td>\n<\/tr>\n<tr>\n<td class=\"left\">Gewicht Akku<\/td>\n<td>2,7 kg<\/td>\n<\/tr>\n<tr>\n<td class=\"left\">Reichweite Akku<\/td>\n<td>130 km<\/td>\n<\/tr>\n<tr>\n<td class=\"left\">Details Reichweite Akku<\/td>\n<td>je nach Fahrweise<\/td>\n<\/tr>\n<tr>\n<td class=\"left\">Anzahl Akkus<\/td>\n<td>1 St.<\/td>\n<\/tr>\n<tr>\n<td class=\"left\">Fahrhilfen<\/td>\n<td>Schiebehilfe<\/td>\n<\/tr>\n<\/tbody>\n<\/table>\n<table class=\"dv_characteristicsTable\">\n<caption>GABEL<\/caption>\n<tbody>\n<tr>\n<td class=\"left\">Material Gabel<\/td>\n<td>Aluminium<\/td>\n<\/tr>\n<tr>\n<td class=\"left\">Bauart Gabel<\/td>\n<td>Starrgabel<\/td>\n<\/tr>\n<tr>\n<td class=\"left\">Farbe Gabel<\/td>\n<td>rot<\/td>\n<\/tr>\n<\/tbody>\n<\/table>\n<table class=\"dv_characteristicsTable\">\n<caption>SCHALTUNG \/ ANTRIEB<\/caption>\n<tbody>\n<tr>\n<td class=\"left\">Antriebsform<\/td>\n<td>Kettenantrieb<\/td>\n<\/tr>\n<tr>\n<td class=\"left\">Anzahl G\u00e4nge<\/td>\n<td>7<\/td>\n<\/tr>\n<tr>\n<td class=\"left\">Typ Schaltung<\/td>\n<td>Nabenschaltung<\/td>\n<\/tr>\n<tr>\n<td class=\"left\">Marke Schaltwerk<\/td>\n<td>Shimano<\/td>\n<\/tr>\n<tr>\n<td class=\"left\">Modell Schaltwerk<\/td>\n<td>Nexus<\/td>\n<\/tr>\n<tr>\n<td class=\"left\">Anzahl Kettenbl\u00e4tter<\/td>\n<td>1<\/td>\n<\/tr>\n<tr>\n<td class=\"left\">Anzahl Ritzel<\/td>\n<td>1<\/td>\n<\/tr>\n<tr>\n<td class=\"left\">Schalthebel<\/td>\n<td>Drehgriff<\/td>\n<\/tr>\n<tr>\n<td class=\"left\">Kettenschutz<\/td>\n<td>Kettenschutzkasten<\/td>\n<\/tr>\n<tr>\n<td class=\"left\">Art Kettenschutz<\/td>\n<td>Kettenschutzkasten<\/td>\n<\/tr>\n<tr>\n<td class=\"left\">Details Pedale<\/td>\n<td>rutschfest<\/td>\n<\/tr>\n<tr>\n<td class=\"left\">Material Pedale<\/td>\n<td>Kunststoff<\/td>\n<\/tr>\n<\/tbody>\n<\/table>\n<table class=\"dv_characteristicsTable\">\n<caption>BREMSE<\/caption>\n<tbody>\n<tr>\n<td class=\"left\">Marke Vorderbremse<\/td>\n<td>Promax<\/td>\n<\/tr>\n<tr>\n<td class=\"left\">Typ Vorderbremse<\/td>\n<td>V-Brake<\/td>\n<\/tr>\n<tr>\n<td class=\"left\">Bauart Vorderbremse<\/td>\n<td>mechanisch<\/td>\n<\/tr>\n<tr>\n<td class=\"left\">Marke Hinterbremse<\/td>\n<td>Promax<\/td>\n<\/tr>\n<tr>\n<td class=\"left\">Typ Hinterbremse<\/td>\n<td>R\u00fccktrittbremse<\/td>\n<\/tr>\n<tr>\n<td class=\"left\">Bauart Hinterbremse<\/td>\n<td>mechanisch<\/td>\n<\/tr>\n<\/tbody>\n<\/table>\n<table class=\"dv_characteristicsTable\">\n<caption>LAUFR\u00c4DER<\/caption>\n<tbody>\n<tr>\n<td class=\"left\">Gr\u00f6\u00dfe Laufrad<\/td>\n<td>28 Zoll (71,12 cm)<\/td>\n<\/tr>\n<tr>\n<td class=\"left\">Typ Felge<\/td>\n<td>Hohlkammerfelge<\/td>\n<\/tr>\n<tr>\n<td class=\"left\">Details Reifen<\/td>\n<td>Pannenschutz<\/td>\n<\/tr>\n<\/tbody>\n<\/table>\n<table class=\"dv_characteristicsTable\">\n<caption>RAHMEN<\/caption>\n<tbody>\n<tr>\n<td class=\"left\">Material Rahmen<\/td>\n<td>Aluminium<\/td>\n<\/tr>\n<tr>\n<td class=\"left\">Bauart Rahmen<\/td>\n<td>Waverahmen<\/td>\n<\/tr>\n<tr>\n<td class=\"left\">Farbe Rahmen<\/td>\n<td>rot<\/td>\n<\/tr>\n<tr>\n<td class=\"left\">Rahmenh\u00f6he<\/td>\n<td>50 cm<\/td>\n<\/tr>\n<\/tbody>\n<\/table>\n<table class=\"dv_characteristicsTable\">\n<caption>LENKER<\/caption>\n<tbody>\n<tr>\n<td class=\"left\">Typ Lenker<\/td>\n<td>Citylenker<\/td>\n<\/tr>\n<tr>\n<td class=\"left\">Material Lenker<\/td>\n<td>Stahl<\/td>\n<\/tr>\n<tr>\n<td class=\"left\">Farbe Lenker<\/td>\n<td>aluminiumfarben<\/td>\n<\/tr>\n<tr>\n<td class=\"left\">Material Lenkergriff<\/td>\n<td>Gummi<\/td>\n<\/tr>\n<tr>\n<td class=\"left\">Eigenschaften Lenkergriff<\/td>\n<td>rutschfest<br \/> wetterbest\u00e4ndig<\/td>\n<\/tr>\n<tr>\n<td class=\"left\">Material Vorbau<\/td>\n<td>Aluminium<\/td>\n<\/tr>\n<tr>\n<td class=\"left\">Typ Vorbau<\/td>\n<td>Schaft<\/td>\n<\/tr>\n<tr>\n<td class=\"left\">Eigenschaften Vorbau<\/td>\n<td>nicht verstellbar<\/td>\n<\/tr>\n<\/tbody>\n<\/table>\n<table class=\"dv_characteristicsTable\">\n<caption>SATTEL<\/caption>\n<tbody>\n<tr>\n<td class=\"left\">Typ Sattel<\/td>\n<td>Citysattel<\/td>\n<\/tr>\n<tr>\n<td class=\"left\">Eigenschaften Sattel<\/td>\n<td>gepolstert<\/td>\n<\/tr>\n<tr>\n<td class=\"left\">Material Federung Sattel<\/td>\n<td>Aluminium<\/td>\n<\/tr>\n<tr>\n<td class=\"left\">Farbe Sattel<\/td>\n<td>beige<\/td>\n<\/tr>\n<tr>\n<td class=\"left\">Sitzposition<\/td>\n<td>komfortorientiert<\/td>\n<\/tr>\n<tr>\n<td class=\"left\">Material Sattelst\u00fctze<\/td>\n<td>Aluminium<\/td>\n<\/tr>\n<tr>\n<td class=\"left\">Typ Sattelst\u00fctze<\/td>\n<td>Patentsattelst\u00fctze<\/td>\n<\/tr>\n<tr>\n<td class=\"left\">Eigenschaften Sattelst\u00fctze<\/td>\n<td>h\u00f6henverstellbar<\/td>\n<\/tr>\n<tr>\n<td class=\"left\">Fixierung Sattelst\u00fctze<\/td>\n<td>Sattelklemme<\/td>\n<\/tr>\n<\/tbody>\n<\/table>\n<table class=\"dv_characteristicsTable\">\n<caption>BELEUCHTUNG<\/caption>\n<tbody>\n<tr>\n<td class=\"left\">Art Stromversorgung<\/td>\n<td>Akku<\/td>\n<\/tr>\n<tr>\n<td class=\"left\">Art Leuchtmittel Frontlicht<\/td>\n<td>LED<\/td>\n<\/tr>\n<tr>\n<td class=\"left\">St\u00e4rke Beleuchtung Frontlicht<\/td>\n<td>20 lx<\/td>\n<\/tr>\n<tr>\n<td class=\"left\">Art Leuchtmittel R\u00fccklicht<\/td>\n<td>LED<\/td>\n<\/tr>\n<tr>\n<td class=\"left\">Reflektoren<\/td>\n<td>Pedalreflektoren<br \/> Reflektorstreifen<\/td>\n<\/tr>\n<\/tbody>\n<\/table>\n<table class=\"dv_characteristicsTable\">\n<caption>PRODUKTDETAILS<\/caption>\n<tbody>\n<tr>\n<td class=\"left\">Typ E-Bike<\/td>\n<td>Cityrad<\/td>\n<\/tr>\n<tr>\n<td class=\"left\">Einsatzbereich<\/td>\n<td>Alltag<br \/> Ausflug<br \/> Kurzstrecke<br \/> Langstrecke<br \/> Reise<br \/> Tagesausflug<\/td>\n<\/tr>\n<tr>\n<td class=\"left\">Besondere Merkmale<\/td>\n<td>mit Fahrradkorb<\/td>\n<\/tr>\n<tr>\n<td class=\"left\">Ausstattung<\/td>\n<td>Fahrradst\u00e4nder<\/td>\n<\/tr>\n<tr>\n<td class=\"left\">Fahrradst\u00e4nder<\/td>\n<td>Seitenst\u00e4nder<\/td>\n<\/tr>\n<tr>\n<td class=\"left\">Modelljahr<\/td>\n<td>2022<\/td>\n<\/tr>\n<\/tbody>\n<\/table>\n<table class=\"dv_characteristicsTable\">\n<caption>HINWEISE<\/caption>\n<tbody>\n<tr>\n<td class=\"left\">Montagehinweise<\/td>\n<td>Lenker gerade stellen.<br \/> Schrauben nachziehen.<br \/> Der Artikel ist fast vollst\u00e4ndig vormontiert. Die Endmontage durch eine fachkundige Person wird empfohlen.<\/td>\n<\/tr>\n<tr>\n<td class=\"left\">Noch zu montieren<\/td>\n<td>Pedale<\/td>\n<\/tr>\n<tr>\n<td class=\"left\">Nutzungsbereich<\/td>\n<td>innerhalb der StVZO<\/td>\n<\/tr>\n<tr>\n<td class=\"left\">Gewicht Fahrrad<\/td>\n<td>23,3 kg<\/td>\n<\/tr>\n<tr>\n<td class=\"left\">Zul\u00e4ssiges Gesamtgewicht<\/td>\n<td>140 kg<\/td>\n<\/tr>\n<\/tbody>\n<\/table><\/div>\n<\/p><\/div>\n","protected":false},"excerpt":{"rendered":"<p>Prophete E-Bike Geniesser e3000\u00ab, 7 Gang Shimano Nexus Schaltwerk, Nabenschaltung Das Prophete retro City E-Bike Prophete E-Bike Geniesser ist in Vintage-Design gehalten. Das 28 Zoll Damenrad ist mit dem roten Rahmen ein echter Hingucker. Sogar der Kettenkasten und der Scheinwerfer entsprechen dem Retrolook. Die Ergo-Lenkergriffe, der Nietensattel und die komfortablen Ballon-Reifen in Creme setzen dabei stilvolle Akzente. Doch nicht nur\u2026<\/p>\n","protected":false},"featured_media":2839,"comment_status":"closed","ping_status":"closed","template":"","meta":[],"product_brand":[],"product_cat":[93,101,102],"product_tag":[],"class_list":{"0":"post-2782","1":"product","2":"type-product","3":"status-publish","4":"has-post-thumbnail","6":"product_cat-e-bike","7":"product_cat-e-bike-city-urban","8":"product_cat-e-bikes-2022","10":"first","11":"instock","12":"shipping-taxable","13":"purchasable","14":"product-type-simple"},"_links":{"self":[{"href":"https:\/\/fatbike-de.com\/index.php\/wp-json\/wp\/v2\/product\/2782","targetHints":{"allow":["GET"]}}],"collection":[{"href":"https:\/\/fatbike-de.com\/index.php\/wp-json\/wp\/v2\/product"}],"about":[{"href":"https:\/\/fatbike-de.com\/index.php\/wp-json\/wp\/v2\/types\/product"}],"replies":[{"embeddable":true,"href":"https:\/\/fatbike-de.com\/index.php\/wp-json\/wp\/v2\/comments?post=2782"}],"wp:featuredmedia":[{"embeddable":true,"href":"https:\/\/fatbike-de.com\/index.php\/wp-json\/wp\/v2\/media\/2839"}],"wp:attachment":[{"href":"https:\/\/fatbike-de.com\/index.php\/wp-json\/wp\/v2\/media?parent=2782"}],"wp:term":[{"taxonomy":"product_brand","embeddable":true,"href":"https:\/\/fatbike-de.com\/index.php\/wp-json\/wp\/v2\/product_brand?post=2782"},{"taxonomy":"product_cat","embeddable":true,"href":"https:\/\/fatbike-de.com\/index.php\/wp-json\/wp\/v2\/product_cat?post=2782"},{"taxonomy":"product_tag","embeddable":true,"href":"https:\/\/fatbike-de.com\/index.php\/wp-json\/wp\/v2\/product_tag?post=2782"}],"curies":[{"name":"wp","href":"https:\/\/api.w.org\/{rel}","templated":true}]}}