{"id":2830,"date":"2024-02-27T10:32:45","date_gmt":"2024-02-27T09:32:45","guid":{"rendered":"https:\/\/fatbike-de.com\/?post_type=product&#038;p=2830"},"modified":"2024-02-27T10:35:53","modified_gmt":"2024-02-27T09:35:53","slug":"smart-elektrische-fahrrad-27-5-zoll-reifen-moped-250w","status":"publish","type":"product","link":"https:\/\/fatbike-de.com\/index.php\/product\/smart-elektrische-fahrrad-27-5-zoll-reifen-moped-250w\/","title":{"rendered":"Smart Elektrische Fahrrad 27.5 Zoll Reifen Moped 250W"},"content":{"rendered":"<h2 class=\"rd-title\" title=\"Fahrrad 27.5 Zoll Reifen Moped Smart Elektrische Fahrrad 250W Motor e-bike 10.4Ah Batterie Max 25 km\/h , Max ca.65 KM,Belastung 120kg,Elektrische Fahrrad\">Smart Elektrische Fahrrad 27.5 Zoll Reifen Moped 250W<\/h2>\n<p><strong>1:[ALL-TERRAIN-ANPASSBARKEIT]:<\/strong>\u00a0 Smart Elektrische Fahrrad 27.5 Zoll rutschfeste, verschlei\u00dffeste Reifen sind f\u00fcr verschiedene Gel\u00e4nde geeignet. Die abschlie\u00dfbare Vorderradgabel absorbiert die St\u00f6\u00dfe in holprigem Gel\u00e4nde und bietet ein angenehmes Fahrgef\u00fchl. Hinweis: Das Elektrofahrrad verf\u00fcgt \u00fcber zwei Fahrmodi: den kraftunterst\u00fctzten Modus und den menschlichen Fahrmodus.<\/p>\n<p><strong>2:[250W LEISTUNGSF\u00c4HIGER MOTOR]:<\/strong>\u00a0Mit einem leistungsstarken 250-Watt-Motor ist das Fahrrad, mit dem Sie m\u00fchelos Geschwindigkeiten von bis zu 25 km \/ h erreichen k\u00f6nnen, st\u00e4rker, erh\u00f6ht die Bergsteigerleistung und erh\u00f6ht die Anpassungsf\u00e4higkeit des Gel\u00e4ndes. Das Fahrrad verwendet einen Shimano 7-Gang \u00dcbertragungssystem, so dass Sie die Geschwindigkeit nach Ihren Bed\u00fcrfnissen w\u00e4hlen k\u00f6nnen.<br \/> <strong>3:[ENTFERNBARE BATTERIE]:<\/strong>\u00a0Mit einer Batterie mit einer Kapazit\u00e4t von 36 V und 10 Ah kann das Fahrrad im Servounterst\u00fctzungsmodus bis zu 65 km weit fahren. Der Akku ist herausnehmbar und kann zu Hause oder im B\u00fcro aufgeladen werden.<br \/> <strong>4:[DOPPELTE SCHEIBENBREMSEN]:<\/strong>\u00a0Mechanische Scheibenbremsen vorne und hinten sorgen f\u00fcr k\u00fcrzeren Bremsweg und Fahrsicherheit. Das 7-Gang-Getriebesystem sorgt f\u00fcr pr\u00e4zises und sanftes Schalten.<br \/> <strong>5:[SICHERES UND KOMFORTABLES DESIGN]:\u00a0<\/strong>Der helle Scheinwerfer kann Sie nachts in Sicherheit bringen. Die vorderen und hinteren Scheibenbremsen bieten leistungsstarke Bremsfunktionen. Stellen Sie den Fahrradsitz einfach ein, um die perfekte Position f\u00fcr Ihre bequeme Fahrt zu finden. Wir werden Ihnen so schnell wie m\u00f6glich antworten.<\/p>\n<p><strong>Produktbeschreibungen<\/strong><br \/> Das Fahrrad ist mit 27,5-Zoll-Scheibenreifen vorne und hinten und abschlie\u00dfbaren Y-Bremsen f\u00fcr die Vorderradgabel ausgestattet, was es perfekt f\u00fcr verschiedene Gel\u00e4nde macht. Es unterst\u00fctzt Fahrer bis zu 120 kg. Der 36-V-10-Ah-Ionenbatterie-Lithium-Motor mit 250 Watt l\u00e4uft 40 -50 km bei voller Ladung (das sind 5-6 Stunden) Mit einer Digitalanzeige am Lenker k\u00f6nnen Sie Ihren Fortschritt auf dem Laufenden halten. Das Fahrrad ist die Akkulaufzeit und mehr<\/p>\n<h4><strong>Eigenschaften:<\/strong><\/h4>\n<p>250W LEISTUNGSF\u00c4HIGER MOTOR: Mit einem leistungsstarken 250-Watt-Motor ist das Fahrrad, mit dem Sie m\u00fchelos Geschwindigkeiten von bis zu 25 km \/ h erreichen k\u00f6nnen, st\u00e4rker, erh\u00f6ht die Bergsteigerleistung und erh\u00f6ht die Anpassungsf\u00e4higkeit des Gel\u00e4ndes<\/p>\n<p>27,5-Zoll-Gro\u00dfreifen: Der 27,5-Zoll-Gro\u00dfreifen ist rutschfest und verschlei\u00dffest, sodass Sie jedes Gel\u00e4nde problemlos bew\u00e4ltigen k\u00f6nnen!<\/p>\n<p>DIGITALE ANZEIGE: Das Fahrrad verf\u00fcgt \u00fcber eine Digitalanzeige am Lenker f\u00fcr eine bessere Lesbarkeit w\u00e4hrend der Fahrt, sodass Sie mit voller Geschwindigkeit und Ladezeit des Akkus auf Hochtouren bleiben k\u00f6nnen<\/p>\n<p><strong>Spezifikationen<\/strong>:<\/p>\n<p>Modell: KRE27.5<br \/> Farbe Blau<br \/> Motor: 250 W.<br \/> Getriebe: 7-Gang<br \/> Reifendurchmesser: 27,5 &#8220;<br \/> Tragf\u00e4higkeit: 120 kg<br \/> Optimale Geschwindigkeit: 20 km \/ h<br \/> H\u00f6chstgeschwindigkeit: 25 km \/ h<br \/> Maximale Gradf\u00e4higkeit: 30 \u00b0<br \/> Betriebstemperatur: -10 \u00b0 C-45 \u00b0 C.<br \/> Wasserdicht: IP54<br \/> Batterie: 36V 10Ah Lithium-Ionen-Batterie<br \/> Ladezeit: 5-6 Stunden<br \/> Reichweite: 60-65 km<br \/> Bremse: Vordere und hintere Scheibenbremsen<br \/> Entfaltete Gr\u00f6\u00dfe: 180 * 108 * 66 cm<br \/> Einstellbare Sitzh\u00f6he: 81 cm &#8211; 103 cm<br \/> Lenkerl\u00e4nge: 66 cm<br \/> Lenkerh\u00f6he: 108 cm<br \/> Produkt Nettogewicht: 21,7 kg<\/p>\n","protected":false},"excerpt":{"rendered":"<p>Smart Elektrische Fahrrad 27.5 Zoll Reifen Moped 250W 1:[ALL-TERRAIN-ANPASSBARKEIT]:\u00a0 Smart Elektrische Fahrrad 27.5 Zoll rutschfeste, verschlei\u00dffeste Reifen sind f\u00fcr verschiedene Gel\u00e4nde geeignet. Die abschlie\u00dfbare Vorderradgabel absorbiert die St\u00f6\u00dfe in holprigem Gel\u00e4nde und bietet ein angenehmes Fahrgef\u00fchl. Hinweis: Das Elektrofahrrad verf\u00fcgt \u00fcber zwei Fahrmodi: den kraftunterst\u00fctzten Modus und den menschlichen Fahrmodus. 2:[250W LEISTUNGSF\u00c4HIGER MOTOR]:\u00a0Mit einem leistungsstarken 250-Watt-Motor ist das Fahrrad, mit\u2026<\/p>\n","protected":false},"featured_media":2880,"comment_status":"closed","ping_status":"closed","template":"","meta":[],"product_brand":[],"product_cat":[93,103,104],"product_tag":[],"class_list":{"0":"post-2830","1":"product","2":"type-product","3":"status-publish","4":"has-post-thumbnail","6":"product_cat-e-bike","7":"product_cat-e-bike-kids","8":"product_cat-kinderfahrrad","10":"first","11":"instock","12":"shipping-taxable","13":"purchasable","14":"product-type-variable"},"_links":{"self":[{"href":"https:\/\/fatbike-de.com\/index.php\/wp-json\/wp\/v2\/product\/2830","targetHints":{"allow":["GET"]}}],"collection":[{"href":"https:\/\/fatbike-de.com\/index.php\/wp-json\/wp\/v2\/product"}],"about":[{"href":"https:\/\/fatbike-de.com\/index.php\/wp-json\/wp\/v2\/types\/product"}],"replies":[{"embeddable":true,"href":"https:\/\/fatbike-de.com\/index.php\/wp-json\/wp\/v2\/comments?post=2830"}],"wp:featuredmedia":[{"embeddable":true,"href":"https:\/\/fatbike-de.com\/index.php\/wp-json\/wp\/v2\/media\/2880"}],"wp:attachment":[{"href":"https:\/\/fatbike-de.com\/index.php\/wp-json\/wp\/v2\/media?parent=2830"}],"wp:term":[{"taxonomy":"product_brand","embeddable":true,"href":"https:\/\/fatbike-de.com\/index.php\/wp-json\/wp\/v2\/product_brand?post=2830"},{"taxonomy":"product_cat","embeddable":true,"href":"https:\/\/fatbike-de.com\/index.php\/wp-json\/wp\/v2\/product_cat?post=2830"},{"taxonomy":"product_tag","embeddable":true,"href":"https:\/\/fatbike-de.com\/index.php\/wp-json\/wp\/v2\/product_tag?post=2830"}],"curies":[{"name":"wp","href":"https:\/\/api.w.org\/{rel}","templated":true}]}}