{"id":2858,"date":"2024-02-27T10:33:38","date_gmt":"2024-02-27T09:33:38","guid":{"rendered":"https:\/\/fatbike-de.com\/?post_type=product&#038;p=2858"},"modified":"2024-02-27T10:38:24","modified_gmt":"2024-02-27T09:38:24","slug":"hawk-bikes-cityrad-gent-deluxe-7-gang-shimano","status":"publish","type":"product","link":"https:\/\/fatbike-de.com\/index.php\/product\/hawk-bikes-cityrad-gent-deluxe-7-gang-shimano\/","title":{"rendered":"HAWK Bikes Cityrad \u00bbGent Deluxe\u00ab, 7 Gang Shimano"},"content":{"rendered":"<h2 class=\"pdp_variation-name pl_headline100\" data-qa=\"variationName\">HAWK Bikes Cityrad \u00bbGent Deluxe\u00ab, 7 Gang Shimano, Nabenschaltung<\/h2>\n<div class=\"pl_block pl_block--no-gap pdp_description js_pdp_description\">\n<p class=\"pl_text-expander pl_copy100 pdp_description__text-expander js_pdp_description__text-expander\">Sportlich komfortabel &#8211; so l\u00e4sst sich das HAWK Bikes Cityrad Gent Deluxe Gent Deluxe am besten beschreiben, denn es vereint gekonnt die sportiven Eigenschaften eines Trekking-Rahmens mit modernen Citybike-Komponenten. So stellen der leichte Aluminiumrahmen sowie eine perfekt auf den Rahmen abgestimmte Federgabel die Basis dieses tollen Stadt- und Touring-Bikes dar. Die Shimano 7-Gang-Nabenschaltung steht bei kleinen und gro\u00dfen Anstiegen zuverl\u00e4ssig zur Seite, w\u00e4hrend der Gep\u00e4cktr\u00e4ger und der Shimano Nabendynamo ein Mehr an Komfort und Sicherheit bieten. Als besonderes Highlight kommen Continental Contact Reifen mit Pannenschutzeinlage zum Einsatz. Und somit steht einer dauerthaft sorgenfreien Fahrt nichts im Wege.<\/p>\n<\/p><\/div>\n<div id=\"pdp-image-gallery\" class=\"js_pdp_image-gallery pdp_image-gallery pl_block\" data-ft5-view-tracking=\"{ &quot;product_ImageGallery&quot;: &quot;view&quot; }\" data-image-count=\"6\">\n<div class=\"pdp_image-gallery__flex-desktop\">\n<div class=\"pdp_image-gallery__flex-column\">\n<h2 class=\"pl_headline200 pl_mb50\">Details<\/h2>\n<div class=\"pl_text-expander pl_copy100 pdp_details__text-expander js_pdp_details__text-expander pl_text-expander--has-more pl_text-expander--expanded\" lang=\"de\">\n<div class=\"pdp_details__characteristics-html\">\n<table class=\"dv_characteristicsTable\">\n<caption>RAHMEN<\/caption>\n<tbody>\n<tr>\n<td class=\"left\">Rahmenh\u00f6he<\/td>\n<td>57 cm<\/td>\n<\/tr>\n<tr>\n<td class=\"left\">Material Rahmen<\/td>\n<td>Aluminium<\/td>\n<\/tr>\n<tr>\n<td class=\"left\">Farbe Rahmen<\/td>\n<td>blau<\/td>\n<\/tr>\n<\/tbody>\n<\/table>\n<table class=\"dv_characteristicsTable\">\n<caption>GABEL<\/caption>\n<tbody>\n<tr>\n<td class=\"left\">Marke Gabel<\/td>\n<td>Zoom<\/td>\n<\/tr>\n<tr>\n<td class=\"left\">Bauart Gabel<\/td>\n<td>Federgabel<\/td>\n<\/tr>\n<\/tbody>\n<\/table>\n<table class=\"dv_characteristicsTable\">\n<caption>BREMSE<\/caption>\n<tbody>\n<tr>\n<td class=\"left\">Typ Vorderbremse<\/td>\n<td>V-Brake<\/td>\n<\/tr>\n<tr>\n<td class=\"left\">Typ Hinterbremse<\/td>\n<td>V-Brake<\/td>\n<\/tr>\n<\/tbody>\n<\/table>\n<table class=\"dv_characteristicsTable\">\n<caption>LAUFR\u00c4DER<\/caption>\n<tbody>\n<tr>\n<td class=\"left\">Marke Reifen<\/td>\n<td>Continental<\/td>\n<\/tr>\n<tr>\n<td class=\"left\">Gr\u00f6\u00dfe Laufrad<\/td>\n<td>28 Zoll (71,12 cm)<\/td>\n<\/tr>\n<\/tbody>\n<\/table>\n<table class=\"dv_characteristicsTable\">\n<caption>SCHALTUNG \/ ANTRIEB<\/caption>\n<tbody>\n<tr>\n<td class=\"left\">Anzahl G\u00e4nge<\/td>\n<td>7<\/td>\n<\/tr>\n<tr>\n<td class=\"left\">Typ Schaltung<\/td>\n<td>Nabenschaltung<\/td>\n<\/tr>\n<tr>\n<td class=\"left\">Marke Schaltwerk<\/td>\n<td>Shimano<\/td>\n<\/tr>\n<\/tbody>\n<\/table>\n<table class=\"dv_characteristicsTable\">\n<caption>PRODUKTDETAILS<\/caption>\n<tbody>\n<tr>\n<td class=\"left\">Einsatzbereich<\/td>\n<td>Kurzstrecke<br \/> Langstrecke<br \/> Tagesausflug<\/td>\n<\/tr>\n<tr>\n<td class=\"left\">Ausstattung<\/td>\n<td>Fahrradst\u00e4nder<br \/> Klingel<\/td>\n<\/tr>\n<tr>\n<td class=\"left\">Fahrradst\u00e4nder<\/td>\n<td>Seitenst\u00e4nder<\/td>\n<\/tr>\n<\/tbody>\n<\/table>\n<table class=\"dv_characteristicsTable\">\n<caption>HINWEISE<\/caption>\n<tbody>\n<tr>\n<td class=\"left\">Noch zu montieren<\/td>\n<td>Lenker<br \/> Pedale<\/td>\n<\/tr>\n<tr>\n<td class=\"left\">Nutzungsbereich<\/td>\n<td>innerhalb der StVZO<\/td>\n<\/tr>\n<tr>\n<td class=\"left\">Zul\u00e4ssiges Gesamtgewicht<\/td>\n<td>120 kg<\/td>\n<\/tr>\n<\/tbody>\n<\/table>\n<table class=\"dv_characteristicsTable\">\n<caption>FARBE<\/caption>\n<tbody>\n<tr>\n<td class=\"left\">Herstellerfarbbezeichnung<\/td>\n<td>ozeanblau<\/td>\n<\/tr>\n<\/tbody>\n<\/table><\/div>\n<\/p><\/div>\n<\/p><\/div>\n<\/p><\/div>\n<\/p><\/div>\n<div id=\"pdp-image-gallery\" class=\"js_pdp_image-gallery pdp_image-gallery pl_block\" data-ft5-view-tracking=\"{ &quot;product_ImageGallery&quot;: &quot;view&quot; }\" data-image-count=\"6\">\n<div class=\"pdp_image-gallery__flex-desktop\">\n<div class=\"pdp_image-gallery__flex-column\">\n<div class=\"pl_text-expander pl_copy100 pdp_details__text-expander js_pdp_details__text-expander pl_text-expander--has-more pl_text-expander--expanded\" lang=\"de\"><\/div>\n<\/p><\/div>\n<\/p><\/div>\n<\/p><\/div>\n","protected":false},"excerpt":{"rendered":"<p>HAWK Bikes Cityrad \u00bbGent Deluxe\u00ab, 7 Gang Shimano, Nabenschaltung Sportlich komfortabel &#8211; so l\u00e4sst sich das HAWK Bikes Cityrad Gent Deluxe Gent Deluxe am besten beschreiben, denn es vereint gekonnt die sportiven Eigenschaften eines Trekking-Rahmens mit modernen Citybike-Komponenten. So stellen der leichte Aluminiumrahmen sowie eine perfekt auf den Rahmen abgestimmte Federgabel die Basis dieses tollen Stadt- und Touring-Bikes dar. Die\u2026<\/p>\n","protected":false},"featured_media":2930,"comment_status":"closed","ping_status":"closed","template":"","meta":[],"product_brand":[],"product_cat":[93,101],"product_tag":[],"class_list":{"0":"post-2858","1":"product","2":"type-product","3":"status-publish","4":"has-post-thumbnail","6":"product_cat-e-bike","7":"product_cat-e-bike-city-urban","9":"first","10":"instock","11":"shipping-taxable","12":"purchasable","13":"product-type-variable"},"_links":{"self":[{"href":"https:\/\/fatbike-de.com\/index.php\/wp-json\/wp\/v2\/product\/2858","targetHints":{"allow":["GET"]}}],"collection":[{"href":"https:\/\/fatbike-de.com\/index.php\/wp-json\/wp\/v2\/product"}],"about":[{"href":"https:\/\/fatbike-de.com\/index.php\/wp-json\/wp\/v2\/types\/product"}],"replies":[{"embeddable":true,"href":"https:\/\/fatbike-de.com\/index.php\/wp-json\/wp\/v2\/comments?post=2858"}],"wp:featuredmedia":[{"embeddable":true,"href":"https:\/\/fatbike-de.com\/index.php\/wp-json\/wp\/v2\/media\/2930"}],"wp:attachment":[{"href":"https:\/\/fatbike-de.com\/index.php\/wp-json\/wp\/v2\/media?parent=2858"}],"wp:term":[{"taxonomy":"product_brand","embeddable":true,"href":"https:\/\/fatbike-de.com\/index.php\/wp-json\/wp\/v2\/product_brand?post=2858"},{"taxonomy":"product_cat","embeddable":true,"href":"https:\/\/fatbike-de.com\/index.php\/wp-json\/wp\/v2\/product_cat?post=2858"},{"taxonomy":"product_tag","embeddable":true,"href":"https:\/\/fatbike-de.com\/index.php\/wp-json\/wp\/v2\/product_tag?post=2858"}],"curies":[{"name":"wp","href":"https:\/\/api.w.org\/{rel}","templated":true}]}}