{"id":2941,"date":"2024-02-27T10:38:26","date_gmt":"2024-02-27T09:38:26","guid":{"rendered":"https:\/\/fatbike-de.com\/?post_type=product&#038;p=2941"},"modified":"2024-02-27T10:41:32","modified_gmt":"2024-02-27T09:41:32","slug":"zundapp-z502-e-bike-damen-fahrrad-ab-155-cm-28-zoll","status":"publish","type":"product","link":"https:\/\/fatbike-de.com\/index.php\/product\/zundapp-z502-e-bike-damen-fahrrad-ab-155-cm-28-zoll\/","title":{"rendered":"Z\u00fcndapp Z502 E Bike Damen Fahrrad ab 155 cm 28 Zoll"},"content":{"rendered":"<h2>Z\u00fcndapp Z502 E Bike Damen Fahrrad ab 155 cm mit R\u00fccktritt 28 Zoll<\/h2>\n<p>Das Z\u00fcndapp Z502 700c ist ein sch\u00f6nes E-Bike im Stil eines klassischen Hollandrads. Mit diesem umweltfreundlichen Pedelec kannst du ganz entspannt im Stadtverkehr Ampeln und Staus umfahren und deine Ziele stressfrei erreichen! Nicht umsonst etablieren sich Elektrofahrr\u00e4der gerade innerhalb der Stadt immer mehr als Alternative zum Auto!<\/p>\n<p>Das Cityrad hat einen Tiefeinsteiger-Rahmen aus leichtem, widerstandsf\u00e4higem Aluminium. Da der \u00dcberstand lediglich 44 cm betr\u00e4gt, f\u00e4llt das Auf- und Absteigen auch in ihrer Mobilit\u00e4t eingeschr\u00e4nkten Personen leicht. Durch den tiefen Schwerpunkt l\u00e4sst sich das Rad auch leicht ausbalancieren. In Verbindung mit dem nach hinten gekr\u00f6pften Lenker und dem winkelverstellbaren Vorbau f\u00f6rdert der Rahmen eine aufrechte, schonende Sitzposition.<\/p>\n<p>Durch seine umfangreiche Ausstattung ist das Z502 hervorragend auf seinen Einsatz als Alltagsrad vorbereitet. Der Gep\u00e4cktr\u00e4ger bietet viel Platz f\u00fcr Eink\u00e4ufe und alles andere, was transportiert werden muss. Schutzbleche und Kettenschutz sind ebenfalls schon verbaut und halten Stra\u00dfendreck von dir fern. Zuletzt sorgen Reflektoren und die StVZO-konforme Beleuchtung f\u00fcr deine Sicherheit.<\/p>\n<p>Angetrieben wird das Z502 von einem Ananda Radnabenmotor am Vorderrad mit 250 Watt Leistung. 5 Unterst\u00fctzungslevel stehen neben der Schiebehilfe zur Auswahl. Das \u00fcbersichtliche LED-Display am Lenker l\u00e4sst sich einfach bedienen und bietet \u00dcberblick \u00fcber die wichtigsten Daten wie gew\u00e4hltes Fahrlevel oder Akkuladestand. Der Motor wird von einem Gep\u00e4cktr\u00e4gerakku mit einer Kapazit\u00e4t von 468 Wh gespeist, mit dem eine Reichweite von ca. 35 &#8211; 135 km m\u00f6glich ist. Da neben dem Gesamtgewicht auch das gew\u00e4hlte Unterst\u00fctzungslevel, die Gel\u00e4ndebedingungen und Wetterverh\u00e4ltnisse wie beispielsweise Gegenwind Einfluss nehmen, ist eine exakte Angabe der Reichweite von E-Bike Akkus kaum m\u00f6glich. Unsere Angaben sollen daher als Richtwert verstanden werden.<\/p>\n<p>Zus\u00e4tzlich steht auch ein Kettenantrieb mit Shimano Nexus 7 Gang-Nabenschaltung zur Verf\u00fcgung. Eine Nabenschaltung ist besonders wartungsarm, da durch ihre abgedichtete Bauweise kein Schmutz eindringen kann. Da es nur ein Ritzel gibt und die Kette nicht weitergegeben werden muss, springt sie kaum ab. Zudem kann die Kette ganz gerade gef\u00fchrt werden, was Verschlei\u00dferscheinungen verringert.<\/p>\n<p>F\u00fcr die Fahrsicherheit sorgen die kr\u00e4ftigen Promax V-Brakes an beiden R\u00e4dern. Felgenbremsen lassen sich besonders pr\u00e4zise in ihrer Wirkung dosieren und zeichnen sich ebenfalls dadurch aus, dass sie sehr wenig Wartung ben\u00f6tigen.<\/p>\n<p>Die 40c schmalen Kenda Khan II Stra\u00dfenreifen mit 700c bzw. 28 Zoll Durchmesser bewegen sich auf der Stra\u00dfe leichtl\u00e4ufig und effizient. Ohne viel Kraftaufwand ist eine ordentliche Geschwindigkeit m\u00f6glich. Dabei musst du nicht auf den notwendigen Grip verzichten, der das Rad sicher in Balance h\u00e4lt. Der umlaufende Reflexstreifen erh\u00f6ht deine Sicherheit im Stra\u00dfenverkehr.<\/p>\n<p>Wir empfehlen das Z502 mit einer Rahmenh\u00f6he von 48 cm f\u00fcr Personen mit einer K\u00f6rpergr\u00f6\u00dfe zwischen 155 und 185 cm K\u00f6rpergr\u00f6\u00dfe.<\/p>\n<p>Die N\u00fcrnberger Traditionsmarke Z\u00fcndapp, gegr\u00fcndet 1917, machte vor allem durch die Produktion von erschwinglichen Leichtkraftr\u00e4dern \u201cf\u00fcr jedermann\u201d auf sich aufmerksam, die sich besonders durch ihre Zuverl\u00e4ssigkeit und die f\u00fcr damalige Verh\u00e4ltnisse hochmoderne Technik auszeichneten. Heute werden unter dem Namen Z\u00fcndapp Fahrr\u00e4der und &#8211; in Anlehnung an die Motorradherstellung &#8211; nat\u00fcrlich moderne E-Bikes sowie Ersatzteile produziert. Alle R\u00e4der, ob E-Bike, Klapprad oder Mountainbike, entsprechen den traditionellen Standards kombiniert mit moderner Technik.<\/p>\n<p>Das Credo lautet: preiswert, zuverl\u00e4ssig und unkompliziert &#8211; eben Fahrr\u00e4der f\u00fcr jedermann.<\/p>\n<table border=\"0\" cellspacing=\"0\" cellpadding=\"0\">\n<thead>\n<tr>\n<th colspan=\"2\" scope=\"col\">\n<h3>Technische Daten Z\u00fcndapp Z502 E Bike Damen:<\/h3>\n<\/th>\n<\/tr>\n<\/thead>\n<tbody>\n<tr>\n<td>Hersteller:<\/td>\n<td>Z\u00fcndapp<\/td>\n<\/tr>\n<tr>\n<td>Modell:<\/td>\n<td>Z502<\/td>\n<\/tr>\n<tr>\n<td>Farbe:<\/td>\n<td>grau\/gr\u00fcn, schwarz\/gr\u00fcn, schwarz\/orange<\/td>\n<\/tr>\n<tr>\n<td>G\u00e4nge:<\/td>\n<td>7<\/td>\n<\/tr>\n<tr>\n<td>Rahmengr\u00f6\u00dfe:<\/td>\n<td>48 cm<\/td>\n<\/tr>\n<tr>\n<td>Laufradgr\u00f6\u00dfe:<\/td>\n<td>700c\/28 Zoll<\/td>\n<\/tr>\n<tr>\n<td>Rahmen:<\/td>\n<td>Z\u00fcndapp Aluminium Tiefeinsteiger<\/td>\n<\/tr>\n<tr>\n<td>Gabel:<\/td>\n<td>Zoom 730 AMS Federgabel mit 63 mm Federweg<\/td>\n<\/tr>\n<tr>\n<td>Steuersatz:<\/td>\n<td>1&#8242; halbintegriert<\/td>\n<\/tr>\n<tr>\n<td>Vorbau:<\/td>\n<td>Zoom Aluminium, winkelverstellbar -10\u00b0 bis +50\u00b0, L\u00e4nge: 95 mm, H\u00f6he: 100 mm<\/td>\n<\/tr>\n<tr>\n<td>Lenker:<\/td>\n<td>Z\u00fcndapp Citylenker, Breite: 610 mm, Klemmung: 25,4 mm<\/td>\n<\/tr>\n<tr>\n<td>Griffe:<\/td>\n<td>Herr Ergo, L\u00e4nge: 90\/120 mm<\/td>\n<\/tr>\n<tr>\n<td>Schalthebel:<\/td>\n<td>Shimano Nexus SL-C3000 RevoShift Drehgriffschalter 7-fach<\/td>\n<\/tr>\n<tr>\n<td>Bremshebel:<\/td>\n<td>Aluminium Dreifingertyp<\/td>\n<\/tr>\n<tr>\n<td>Kurbelgarnitur:<\/td>\n<td>Z\u00fcndapp einfach, 38 Z\u00e4hne, Kurbelarme: 170 mm<\/td>\n<\/tr>\n<tr>\n<td>Kette:<\/td>\n<td>KMC S1 1\/2&#8242; x 1\/8&#8242;<\/td>\n<\/tr>\n<tr>\n<td>Freilauf:<\/td>\n<td>Einfachritzel f\u00fcr Getriebenabe, 19 Z\u00e4hne<\/td>\n<\/tr>\n<tr>\n<td>Innenlager:<\/td>\n<td>Paso 128 mm<\/td>\n<\/tr>\n<tr>\n<td>Bremsen:<\/td>\n<td>Promax TX117 V-Brakes, R\u00fccktrittbremse<\/td>\n<\/tr>\n<tr>\n<td>Reifen:<\/td>\n<td>Kenda Khan II 42-622 \/ 700c x 40c mit Stra\u00dfenprofil und Reflexstreifen<\/td>\n<\/tr>\n<tr>\n<td>Felgen:<\/td>\n<td>Z\u00fcndapp Aluminium Doublewall<\/td>\n<\/tr>\n<tr>\n<td>Naben:<\/td>\n<td>Shimano Nexus C3001-7C Getriebenabe 7-fach hinten<\/td>\n<\/tr>\n<tr>\n<td>Pedale:<\/td>\n<td>Kunststoff Plattformpedale<\/td>\n<\/tr>\n<tr>\n<td>\n<h5>Sattel:<\/h5>\n<\/td>\n<td>Selle Royal Alpine Komfortsattel<\/td>\n<\/tr>\n<tr>\n<td>Sattelst\u00fctze:<\/td>\n<td>Z\u00fcndapp Aluminium, L\u00e4nge: 300 mm, Durchmesser: 27,2 mm<\/td>\n<\/tr>\n<tr>\n<td>Gep\u00e4cktr\u00e4ger:<\/td>\n<td>Aluminium mit Akku-Aufnahme<\/td>\n<\/tr>\n<tr>\n<td>Schutzbleche:<\/td>\n<td>Kunststoff, schwarz<\/td>\n<\/tr>\n<tr>\n<td>Beleuchtung:<\/td>\n<td>H-Light Tour 30 vorne, R-Light Edge hinten, gem\u00e4\u00df StVZO<\/td>\n<\/tr>\n<tr>\n<td>Kettenschutz:<\/td>\n<td>AXA Mach 1, Kunststoff, halbe Kettenabdeckung<\/td>\n<\/tr>\n<tr>\n<td>Motor:<\/td>\n<td>Ananda M129 Radnabenmotor Vorderrad, 36 V, 250 W, max. 40 Nm<\/td>\n<\/tr>\n<tr>\n<td>Akku:<\/td>\n<td>Greenway Gep\u00e4cktr\u00e4gerakku 13 Ah, 468 Wh, 36 V, 4,2 kg<\/td>\n<\/tr>\n<tr>\n<td>Reichweite:<\/td>\n<td>ca. 35 &#8211; 135 km je nach Zuladung und Fahrweise<\/td>\n<\/tr>\n<tr>\n<td>Trittunterst\u00fctzung:<\/td>\n<td>bis max. 25 km\/h<\/td>\n<\/tr>\n<tr>\n<td>Display:<\/td>\n<td>Ananda D13 LCD<\/td>\n<\/tr>\n<tr>\n<td>Unterst\u00fctzungslevel:<\/td>\n<td>5 + Schiebehilfe<\/td>\n<\/tr>\n<tr>\n<td>empfohlene Fahrergr\u00f6\u00dfe:<\/td>\n<td>155 &#8211; 185 cm<\/td>\n<\/tr>\n<tr>\n<td>zul\u00e4ssiges Gesamtgewicht:<\/td>\n<td>120 kg<\/td>\n<\/tr>\n<tr>\n<td><\/td>\n<td>98 % vormontiert<\/td>\n<\/tr>\n<tr>\n<td>Lieferumfang:<\/td>\n<td>1 St\u00fcck Fahrrad, Zubeh\u00f6r (Reflektoren, Glocke, Schutzbleche, Seitenst\u00e4nder, Kettenschutz, Beleuchtung, Ladeger\u00e4t, Betriebsanleitung. Frontkorb nur mit schwarz\/gr\u00fcnem Fahrrad mitgeliefert.)<\/td>\n<\/tr>\n<\/tbody>\n<\/table>\n","protected":false},"excerpt":{"rendered":"<p>Z\u00fcndapp Z502 E Bike Damen Fahrrad ab 155 cm mit R\u00fccktritt 28 Zoll Das Z\u00fcndapp Z502 700c ist ein sch\u00f6nes E-Bike im Stil eines klassischen Hollandrads. Mit diesem umweltfreundlichen Pedelec kannst du ganz entspannt im Stadtverkehr Ampeln und Staus umfahren und deine Ziele stressfrei erreichen! Nicht umsonst etablieren sich Elektrofahrr\u00e4der gerade innerhalb der Stadt immer mehr als Alternative zum Auto!\u2026<\/p>\n","protected":false},"featured_media":2989,"comment_status":"closed","ping_status":"closed","template":"","meta":[],"product_brand":[],"product_cat":[93,94,95,96],"product_tag":[],"class_list":{"0":"post-2941","1":"product","2":"type-product","3":"status-publish","4":"has-post-thumbnail","6":"product_cat-e-bike","7":"product_cat-e-mountainbike","8":"product_cat-fahrrad","9":"product_cat-mountainbike","11":"first","12":"instock","13":"shipping-taxable","14":"purchasable","15":"product-type-simple"},"_links":{"self":[{"href":"https:\/\/fatbike-de.com\/index.php\/wp-json\/wp\/v2\/product\/2941","targetHints":{"allow":["GET"]}}],"collection":[{"href":"https:\/\/fatbike-de.com\/index.php\/wp-json\/wp\/v2\/product"}],"about":[{"href":"https:\/\/fatbike-de.com\/index.php\/wp-json\/wp\/v2\/types\/product"}],"replies":[{"embeddable":true,"href":"https:\/\/fatbike-de.com\/index.php\/wp-json\/wp\/v2\/comments?post=2941"}],"wp:featuredmedia":[{"embeddable":true,"href":"https:\/\/fatbike-de.com\/index.php\/wp-json\/wp\/v2\/media\/2989"}],"wp:attachment":[{"href":"https:\/\/fatbike-de.com\/index.php\/wp-json\/wp\/v2\/media?parent=2941"}],"wp:term":[{"taxonomy":"product_brand","embeddable":true,"href":"https:\/\/fatbike-de.com\/index.php\/wp-json\/wp\/v2\/product_brand?post=2941"},{"taxonomy":"product_cat","embeddable":true,"href":"https:\/\/fatbike-de.com\/index.php\/wp-json\/wp\/v2\/product_cat?post=2941"},{"taxonomy":"product_tag","embeddable":true,"href":"https:\/\/fatbike-de.com\/index.php\/wp-json\/wp\/v2\/product_tag?post=2941"}],"curies":[{"name":"wp","href":"https:\/\/api.w.org\/{rel}","templated":true}]}}