{"id":2945,"date":"2024-02-27T10:38:26","date_gmt":"2024-02-27T09:38:26","guid":{"rendered":"https:\/\/fatbike-de.com\/?post_type=product&#038;p=2945"},"modified":"2024-02-27T10:42:32","modified_gmt":"2024-02-27T09:42:32","slug":"dohiker-kre27-5-250w-elektro-mountainbike-275-zoll-schwarz","status":"publish","type":"product","link":"https:\/\/fatbike-de.com\/index.php\/product\/dohiker-kre27-5-250w-elektro-mountainbike-275-zoll-schwarz\/","title":{"rendered":"Dohiker KRE27.5 250W Elektro-Mountainbike 27,5-Zoll Schwarz"},"content":{"rendered":"<h2><strong>Dohiker KRE27.5 250W Elektro-Mountainbike 27,5-Zoll-Luftreifen Abnehmbare Batterie Vollfederung Aluminiumlegierung Rahmen Shimano 7-Gang-Getriebe Schwarz<\/strong><\/h2>\n<p><strong>Eigenschaften <\/strong><strong>Dohiker KRE27.5 <\/strong><strong>:<\/strong><br \/> 1. B\u00fcrstenloser Motor: Mit dem 250-<a href=\"http:\/\/i.i\">W<\/a>-Motor und dem 10-Ah-Lithium-Ionen-Akku k\u00f6nnen die max. Der Kilometerstand betr\u00e4gt bis zu 65 km.<br \/> 2. Sto\u00dffest: 27,5-Zoll-Anti-Skip-Reifen, Vorderradaufh\u00e4ngungssystem, die problemlos verschiedene Gebiete wie Berg- oder holprige Stra\u00dfen erobern k\u00f6nnen.<br \/> 3. 7-Gang-Getriebe: Mit dem 7-Gang-Umwerfer k\u00f6nnen Sie die Geschwindigkeit unterwegs \u00e4ndern und problemlos auf schlammigen, holprigen Stra\u00dfen treten.<br \/> 4. Herausnehmbarer Akku: Der 36-V-, 10-Ah-Akku kann abgenommen werden und kann bequem am oder am Rahmen aufgeladen werden.<br \/> 5. Heller Scheinwerfer: Das helle LED-Licht macht Ihre Nachtfahrten sicherer.<\/p>\n<p><strong>Spezifikationen:<\/strong><br \/> Marke: Dohiker<br \/> Artikeltyp: Elektrofahrrad<br \/> MODELL NR.: KRE27.5<br \/> Farbe schwarz<br \/> Rahmenmaterial: Aluminiumlegierung<br \/> Reifentyp: Luftreifen<br \/> Motorleistung: 250W<br \/> Antriebstyp: Hinterer Antrieb<br \/> Max. Geschwindigkeit: 25 km \/ h<br \/> Max. Reichweite: 65 km<br \/> Max. Gradierbarkeit: 30 \u00b0<br \/> \u00dcbertragung: SHIMANO 7S<br \/> Anzeige: LCD-Anzeige<br \/> Bremse: Scheibenbremsen vorne und hinten<br \/> Steuerung: Intelligentes 5-Gang-Steuerungssystem<br \/> Pedal: Ausklappen<br \/> Fahrmodus: Pedalmodus, kraftunterst\u00fctzter Modus<br \/> Betriebstemperatur: -30 \u2103 80 \u2103 \/ -22 \u2109 176 \u2109<br \/> Wasserdichtigkeit: IPX5<br \/> Batterie:<br \/> Batterietyp: Lithium-Ionen<br \/> Nennspannung: 36V<br \/> Eingangsspannung: 40-54V<br \/> Batteriekapazit\u00e4t: 10Ah<br \/> Ladeger\u00e4t:<br \/> Eingangsspannung: 110-240V<br \/> Nennstrom: 2A<br \/> Ladezeit: 6 Std<\/p>\n<p><strong>Abmessungen &amp; Gewicht:<\/strong><br \/> Reifengr\u00f6\u00dfe: 27,5 Zoll<br \/> Entfaltete Gr\u00f6\u00dfe: 180 * 108 * 66 cm \/ 71 * 43 * 27 Zoll<br \/> Empfohlene Fahrerh\u00f6he: 165-198 cm<br \/> Packungsgr\u00f6\u00dfe: 142 * 78 * 24 cm \/ Zoll<br \/> Tragf\u00e4higkeit: 120 kg<br \/> Batteriegewicht: 2,5 kg \/ lb.<br \/> Nettogewicht: 21,7 kg \/ lb.<br \/> Paketgewicht: 29 kg \/ lb.<\/p>\n<p><strong>Paket Inhalt:<\/strong><br \/> DOHIKER Elektrofahrrad<br \/> Ladeger\u00e4t<br \/> Werkzeugsatz<br \/> Benutzerhandbuch<\/p>\n","protected":false},"excerpt":{"rendered":"<p>Dohiker KRE27.5 250W Elektro-Mountainbike 27,5-Zoll-Luftreifen Abnehmbare Batterie Vollfederung Aluminiumlegierung Rahmen Shimano 7-Gang-Getriebe Schwarz Eigenschaften Dohiker KRE27.5 : 1. B\u00fcrstenloser Motor: Mit dem 250-W-Motor und dem 10-Ah-Lithium-Ionen-Akku k\u00f6nnen die max. Der Kilometerstand betr\u00e4gt bis zu 65 km. 2. Sto\u00dffest: 27,5-Zoll-Anti-Skip-Reifen, Vorderradaufh\u00e4ngungssystem, die problemlos verschiedene Gebiete wie Berg- oder holprige Stra\u00dfen erobern k\u00f6nnen. 3. 7-Gang-Getriebe: Mit dem 7-Gang-Umwerfer k\u00f6nnen Sie die Geschwindigkeit\u2026<\/p>\n","protected":false},"featured_media":3011,"comment_status":"closed","ping_status":"closed","template":"","meta":[],"product_brand":[],"product_cat":[93,94,95,96],"product_tag":[],"class_list":{"0":"post-2945","1":"product","2":"type-product","3":"status-publish","4":"has-post-thumbnail","6":"product_cat-e-bike","7":"product_cat-e-mountainbike","8":"product_cat-fahrrad","9":"product_cat-mountainbike","11":"first","12":"instock","13":"shipping-taxable","14":"purchasable","15":"product-type-simple"},"_links":{"self":[{"href":"https:\/\/fatbike-de.com\/index.php\/wp-json\/wp\/v2\/product\/2945","targetHints":{"allow":["GET"]}}],"collection":[{"href":"https:\/\/fatbike-de.com\/index.php\/wp-json\/wp\/v2\/product"}],"about":[{"href":"https:\/\/fatbike-de.com\/index.php\/wp-json\/wp\/v2\/types\/product"}],"replies":[{"embeddable":true,"href":"https:\/\/fatbike-de.com\/index.php\/wp-json\/wp\/v2\/comments?post=2945"}],"wp:featuredmedia":[{"embeddable":true,"href":"https:\/\/fatbike-de.com\/index.php\/wp-json\/wp\/v2\/media\/3011"}],"wp:attachment":[{"href":"https:\/\/fatbike-de.com\/index.php\/wp-json\/wp\/v2\/media?parent=2945"}],"wp:term":[{"taxonomy":"product_brand","embeddable":true,"href":"https:\/\/fatbike-de.com\/index.php\/wp-json\/wp\/v2\/product_brand?post=2945"},{"taxonomy":"product_cat","embeddable":true,"href":"https:\/\/fatbike-de.com\/index.php\/wp-json\/wp\/v2\/product_cat?post=2945"},{"taxonomy":"product_tag","embeddable":true,"href":"https:\/\/fatbike-de.com\/index.php\/wp-json\/wp\/v2\/product_tag?post=2945"}],"curies":[{"name":"wp","href":"https:\/\/api.w.org\/{rel}","templated":true}]}}