{"id":3050,"date":"2024-02-27T10:43:11","date_gmt":"2024-02-27T09:43:11","guid":{"rendered":"https:\/\/fatbike-de.com\/?post_type=product&#038;p=3050"},"modified":"2024-02-27T10:44:04","modified_gmt":"2024-02-27T09:44:04","slug":"cube-reaction-hybrid-slx-750-rubyrednblack","status":"publish","type":"product","link":"https:\/\/fatbike-de.com\/index.php\/product\/cube-reaction-hybrid-slx-750-rubyrednblack\/","title":{"rendered":"Cube Reaction Hybrid SLX 750 rubyred\u00b4n\u00b4black"},"content":{"rendered":"<h2 class=\"product--title\"><strong>Cube<\/strong>\u00a0Reaction Hybrid SLX 750 rubyred\u00b4n\u00b4black<\/h2>\n<p>CUBE hat es schon wieder getan: Sie haben mit dem Reaction Hybrid SLX 750 die Me\u00dflatte f\u00fcr E-Mountainbike-Hardtails noch mal ein St\u00fcck h\u00f6her gelegt. Zum einen, indem sie einen hochkapazitiven 750 Wh starken Akku und einen geschmeidig arbeitenden Bosch CX Motor der vierten Generation mit Smart System verbaut haben.<\/p>\n<hr \/>\n<p><a href=\"https:\/\/www.cube.eu\/360\/634323\" target=\"_blank\" rel=\"noopener\"><img decoding=\"async\" title=\"360\u00b0\" src=\"https:\/\/cd.bike-discount.de\/media\/image\/3a\/ee\/83\/360.png\" alt=\"\" width=\"40\" height=\"39\" data-mid=\"729769\" data-src=\"media\/image\/360.png\" \/>360\u00b0-Ansicht \u00f6ffnen<\/a><\/p>\n<hr \/>\n<p>Zum anderen, weil sie dieses Bike mit verschiedenen Rahmenvarianten und -gr\u00f6\u00dfen anbieten \u2013 da ist f\u00fcr jeden die richtige Passform mit dabei. Der Fahrkomfort kommt aus dem Hause Fox, in Form einer Fox 34 AWL Federgabel. Sicher und sauber gebremst wird mit der 4-Kolben Scheibenbremsanlage von Shimano. Shimano steuert auch seine unschlagbare XT 12-fach Schaltung bei \u2013 damit wechselst du in jeder Situation ganz leicht per Klick am Lenker in den passenden Gang. Ein geniales Gesamtpaket f\u00fcr alles, was es mit dem Mountainbike zu erleben gibt \u2013 und mehr!<\/p>\n<hr \/>\n<p><strong>In der Rahmengr\u00f6\u00dfe S (15&#8243;) als 27,5er. In den Rahmengr\u00f6\u00dfen M (17&#8243;), L (19&#8243;), XL (21&#8243;) und XXL (23&#8243;) als 29er.<\/strong><\/p>\n<hr \/>\n<h3>RAHMEN Cube Reaction Hybrid SLX 750<\/h3>\n<p>Beim Reaction Hybrid liegt die Qualit\u00e4t im Detail: Dieses Chassis ist so clever und formsch\u00f6n designt, dass der hochkapazitive Bosch Akku \u2013 jetzt sogar bei kleineren Rahmengr\u00f6\u00dfen mit bis zu 750 Wh \u2013 kaum auff\u00e4llt. Was aber auff\u00e4llt, ist der kraftvolle Vortrieb dank leistungsstarkem Bosch CX Motor der vierten Generation mit Smart System! Die Agile Ride Geometry sorgt dabei f\u00fcr ein erwartungsgem\u00e4\u00df zuverl\u00e4ssiges Handling. Und dann die Vielfalt: Der Rahmen kann mit einer versenkbaren Sattelst\u00fctze nachger\u00fcstet werden, au\u00dferdem gibt es ihn auch als Tiefeinsteiger und in der neuen Gr\u00f6\u00dfe S mit 27.5 Zoll Laufr\u00e4dern \u2013 da ist f\u00fcr alle Anforderungen die richtige Passform mit dabei. Gut, dass die Kabelz\u00fcge im Inneren verlaufen, denn das reduziert den Wartungaufwand auf ein Minimum und dir bleibt mehr Zeit zum Biken!<\/p>\n<h2>Ausstattung<\/h2>\n<div class=\"product--properties panel has--border\">\n<table class=\"product--properties-table\">\n<tbody>\n<tr class=\"product--properties-row row1\">\n<td class=\"product--properties-label is--bold\">Rahmen:<\/td>\n<td class=\"product--properties-value\">Aluminium Superlite, Gravity Casting, Agile Ride Geometry, 1.5 Headtube, Boost 148, Full Integrated Battery, Advanced Internal Cable Routing, Kickstand\/Fender\/Carrier Mounting Points<\/td>\n<\/tr>\n<tr class=\"product--properties-row row2\">\n<td class=\"product--properties-label is--bold\">Rahmenmaterial:<\/td>\n<td class=\"product--properties-value\">Aluminium<\/td>\n<\/tr>\n<tr class=\"product--properties-row row3\">\n<td class=\"product--properties-label is--bold\">Laufradgr\u00f6\u00dfe:<\/td>\n<td class=\"product--properties-value\">Size Split: 27.5: S (15&#8243;) \/\/ 29&#8243;: M (17&#8243;), L (19&#8243;), XL (21&#8243;), XXL (23&#8243;)<\/td>\n<\/tr>\n<tr class=\"product--properties-row row4\">\n<td class=\"product--properties-label is--bold\">Farbe:<\/td>\n<td class=\"product--properties-value\">rubyred\u00b4n\u00b4black<\/td>\n<\/tr>\n<tr class=\"product--properties-row row5\">\n<td class=\"product--properties-label is--bold\">Gabel:<\/td>\n<td class=\"product--properties-value\">Fox 34 Float AWL, 2-Position Sweep-Adjust RAIL Damper, Tapered, 15x110mm, E-Bike Optimized, 120mm<\/td>\n<\/tr>\n<tr class=\"product--properties-row row6\">\n<td class=\"product--properties-label is--bold\">Federweg:<\/td>\n<td class=\"product--properties-value\">120mm<\/td>\n<\/tr>\n<tr class=\"product--properties-row row7\">\n<td class=\"product--properties-label is--bold\">Bremsen:<\/td>\n<td class=\"product--properties-value\">Sram DB8, Hydr. Disc Brake<\/td>\n<\/tr>\n<tr class=\"product--properties-row row8\">\n<td class=\"product--properties-label is--bold\">Bremsscheiben:<\/td>\n<td class=\"product--properties-value\">200\/200mm<\/td>\n<\/tr>\n<tr class=\"product--properties-row row9\">\n<td class=\"product--properties-label is--bold\">Steuersatz:<\/td>\n<td class=\"product--properties-value\">ACROS AZF-1035, ICR (Integrated Cable Routing), BlockLock 120\u00b0, Top Zero-Stack 1 1\/2&#8243; (ZS 56mm), Bottom Zero-Stack 1 1\/2&#8243; (ZS 56mm)<\/td>\n<\/tr>\n<tr class=\"product--properties-row row10\">\n<td class=\"product--properties-label is--bold\">Vorbau:<\/td>\n<td class=\"product--properties-value\">CUBE Performance Stem E-MTB, 31.8mm<\/td>\n<\/tr>\n<tr class=\"product--properties-row row11\">\n<td class=\"product--properties-label is--bold\">Lenker:<\/td>\n<td class=\"product--properties-value\">CUBE Rise Trail Bar Pro, 740mm<\/td>\n<\/tr>\n<tr class=\"product--properties-row row12\">\n<td class=\"product--properties-label is--bold\">Griffe:<\/td>\n<td class=\"product--properties-value\">ACID React Pro<\/td>\n<\/tr>\n<tr class=\"product--properties-row row13\">\n<td class=\"product--properties-label is--bold\">Sattel:<\/td>\n<td class=\"product--properties-value\">Natural Fit Sequence<\/td>\n<\/tr>\n<tr class=\"product--properties-row row14\">\n<td class=\"product--properties-label is--bold\">Sattelst\u00fctze:<\/td>\n<td class=\"product--properties-value\">CUBE Performance Post, 30.9mm<\/td>\n<\/tr>\n<tr class=\"product--properties-row row15\">\n<td class=\"product--properties-label is--bold\">Sattelklemme:<\/td>\n<td class=\"product--properties-value\">CUBE Screwlock Semi Integrated w\/ Hidden Tool, 36mm<\/td>\n<\/tr>\n<\/tbody>\n<\/table>\n<table class=\"product--properties-table\">\n<tbody>\n<tr class=\"product--properties-row row16\">\n<td class=\"product--properties-label is--bold\">Kurbel:<\/td>\n<td class=\"product--properties-value\">ACID E-Crank, 38T, 175mm<\/td>\n<\/tr>\n<tr class=\"product--properties-row row17\">\n<td class=\"product--properties-label is--bold\">Schaltwerk:<\/td>\n<td class=\"product--properties-value\">Shimano XT RD-M8100-SGS, ShadowPlus, 12-Speed<\/td>\n<\/tr>\n<tr class=\"product--properties-row row18\">\n<td class=\"product--properties-label is--bold\">Schalthebel:<\/td>\n<td class=\"product--properties-value\">Shimano Deore SL-M6100-IR, Direct Attach, Rapidfire-Plus<\/td>\n<\/tr>\n<tr class=\"product--properties-row row19\">\n<td class=\"product--properties-label is--bold\">Kassette:<\/td>\n<td class=\"product--properties-value\">Shimano Deore CS-M6100, 10-51T<\/td>\n<\/tr>\n<tr class=\"product--properties-row row20\">\n<td class=\"product--properties-label is--bold\">Kette:<\/td>\n<td class=\"product--properties-value\">Shimano CN-M6100<\/td>\n<\/tr>\n<tr class=\"product--properties-row row21\">\n<td class=\"product--properties-label is--bold\">Reifen:<\/td>\n<td class=\"product--properties-value\">Schwalbe Smart Sam, Performance, Double Defense, 2.6, Next Gen<\/td>\n<\/tr>\n<tr class=\"product--properties-row row22\">\n<td class=\"product--properties-label is--bold\">Nabe Vorderrad:<\/td>\n<td class=\"product--properties-value\">Shimano HB-MT400-B, 15mm, Boost, Centerlock<\/td>\n<\/tr>\n<tr class=\"product--properties-row row23\">\n<td class=\"product--properties-label is--bold\">Nabe Hinterrad:<\/td>\n<td class=\"product--properties-value\">Shimano FH-MT410-B, 12mm, Boost, Centerlock<\/td>\n<\/tr>\n<tr class=\"product--properties-row row24\">\n<td class=\"product--properties-label is--bold\">Felgen:<\/td>\n<td class=\"product--properties-value\">CUBE EX30, 32H, Disc, Tubeless Ready<\/td>\n<\/tr>\n<tr class=\"product--properties-row row25\">\n<td class=\"product--properties-label is--bold\">Display:<\/td>\n<td class=\"product--properties-value\">Bosch LED Remote, Bosch Kiox 300<\/td>\n<\/tr>\n<tr class=\"product--properties-row row26\">\n<td class=\"product--properties-label is--bold\">Akku:<\/td>\n<td class=\"product--properties-value\">Bosch PowerTube 750<\/td>\n<\/tr>\n<tr class=\"product--properties-row row27\">\n<td class=\"product--properties-label is--bold\">Ladeger\u00e4t:<\/td>\n<td class=\"product--properties-value\">Bosch 4A<\/td>\n<\/tr>\n<tr class=\"product--properties-row row28\">\n<td class=\"product--properties-label is--bold\">Motor:<\/td>\n<td class=\"product--properties-value\">Bosch Drive Unit Performance CX Generation 4 (85Nm) Cruise (250Watt), Smart System<\/td>\n<\/tr>\n<tr class=\"product--properties-row row29\">\n<td class=\"product--properties-label is--bold\">Pedale:<\/td>\n<td class=\"product--properties-value\">ACID PP MTB<\/td>\n<\/tr>\n<tr class=\"product--properties-row row30\">\n<td class=\"product--properties-label is--bold\">Zul\u00e4ssiges Gesamtgewicht:<\/td>\n<td class=\"product--properties-value\">160 kg (K\u00f6rpergewicht + Fahrrad + Ausr\u00fcstung)<\/td>\n<\/tr>\n<tr class=\"product--properties-row row31\">\n<td class=\"product--properties-label is--bold\">Gewicht Komplettrad:<\/td>\n<td class=\"product--properties-value\">ab 24,5 kg<\/td>\n<\/tr>\n<\/tbody>\n<\/table><\/div>\n","protected":false},"excerpt":{"rendered":"<p>Cube\u00a0Reaction Hybrid SLX 750 rubyred\u00b4n\u00b4black CUBE hat es schon wieder getan: Sie haben mit dem Reaction Hybrid SLX 750 die Me\u00dflatte f\u00fcr E-Mountainbike-Hardtails noch mal ein St\u00fcck h\u00f6her gelegt. Zum einen, indem sie einen hochkapazitiven 750 Wh starken Akku und einen geschmeidig arbeitenden Bosch CX Motor der vierten Generation mit Smart System verbaut haben. 360\u00b0-Ansicht \u00f6ffnen Zum anderen, weil sie\u2026<\/p>\n","protected":false},"featured_media":3094,"comment_status":"closed","ping_status":"closed","template":"","meta":[],"product_brand":[],"product_cat":[93,98,94],"product_tag":[],"class_list":{"0":"post-3050","1":"product","2":"type-product","3":"status-publish","4":"has-post-thumbnail","6":"product_cat-e-bike","7":"product_cat-e-bikes-2023","8":"product_cat-e-mountainbike","10":"first","11":"instock","12":"shipping-taxable","13":"purchasable","14":"product-type-variable"},"_links":{"self":[{"href":"https:\/\/fatbike-de.com\/index.php\/wp-json\/wp\/v2\/product\/3050","targetHints":{"allow":["GET"]}}],"collection":[{"href":"https:\/\/fatbike-de.com\/index.php\/wp-json\/wp\/v2\/product"}],"about":[{"href":"https:\/\/fatbike-de.com\/index.php\/wp-json\/wp\/v2\/types\/product"}],"replies":[{"embeddable":true,"href":"https:\/\/fatbike-de.com\/index.php\/wp-json\/wp\/v2\/comments?post=3050"}],"wp:featuredmedia":[{"embeddable":true,"href":"https:\/\/fatbike-de.com\/index.php\/wp-json\/wp\/v2\/media\/3094"}],"wp:attachment":[{"href":"https:\/\/fatbike-de.com\/index.php\/wp-json\/wp\/v2\/media?parent=3050"}],"wp:term":[{"taxonomy":"product_brand","embeddable":true,"href":"https:\/\/fatbike-de.com\/index.php\/wp-json\/wp\/v2\/product_brand?post=3050"},{"taxonomy":"product_cat","embeddable":true,"href":"https:\/\/fatbike-de.com\/index.php\/wp-json\/wp\/v2\/product_cat?post=3050"},{"taxonomy":"product_tag","embeddable":true,"href":"https:\/\/fatbike-de.com\/index.php\/wp-json\/wp\/v2\/product_tag?post=3050"}],"curies":[{"name":"wp","href":"https:\/\/api.w.org\/{rel}","templated":true}]}}