{"id":3204,"date":"2024-02-27T10:46:23","date_gmt":"2024-02-27T09:46:23","guid":{"rendered":"https:\/\/fatbike-de.com\/?post_type=product&#038;p=3204"},"modified":"2024-02-27T10:47:13","modified_gmt":"2024-02-27T09:47:13","slug":"lapierre-overvolt-tr-5-6","status":"publish","type":"product","link":"https:\/\/fatbike-de.com\/index.php\/product\/lapierre-overvolt-tr-5-6\/","title":{"rendered":"Lapierre Overvolt TR 5.6"},"content":{"rendered":"<h2 class=\"product--title\"><strong>Lapierre<\/strong>\u00a0Overvolt TR 5.6<\/h2>\n<p>Das E-Trailbike Overvolt TR 5.6 der franz\u00f6sichen Firma Lapierre sorgt f\u00fcr maximalen Fahrspa\u00df auf dem Trail \u2013 und das nicht nur bergab, sondern auch auf knackigen Anstiegen. Das E-MTB ist mit dem Bosch Performance Line CX Motor ausgestattet, welcher mit einem maximalen Drehmoment von 85 Nm kommt.<\/p>\n<hr \/>\n<h3>Die Highlights des Lapierre Overvolt TR 5.6<\/h3>\n<p>Das Trailbike hat dank dem gro\u00dfen internen Bosch-Akku mit 625 Wh eine gro\u00dfe Reichweite, so dass du noch mehr Trails pro Ladung genie\u00dfen kannst. F\u00fcr viel Spa\u00df sorgen die wendigen Laufr\u00e4der mit 27,5\u201c, die dank 2,6\u201c breiten Maxxis Reifen massig Grip auf die Strecke bringen. Das Fahrwerk des elektrischen Trailbikes besteht aus RockShox 35 Silver TK Solo Air Gabel und Lapierre D\u00e4mpfer, beide mit 130 mm Federweg. F\u00fcr perfekte Bremsperformance sorgt die Shimano M4100 Bremse mit 4 Kolben vorne und 2 hinten.<\/p>\n<hr \/>\n<h3>Lapierre Technologie<\/h3>\n<p><strong>ALUMINIUM<\/strong><br \/> Die Wahl des Rahmenmaterials hat einen erheblichen Einfluss auf die Performance deines Bikes. Lapierre arbeitet unerm\u00fcdlich an der Perfektionierung seiner Aluminiumrahmen. Zusammen mit den besten Spezialisten der Branche haben sie ihr Highend-Rahmenmaterial Alloy Supreme entwickelt. Es wird in drei Versionen mit unterschiedlichen Werten bei Festigkeit und Gewicht angeboten. Supreme 6 zum beispiel ist 12 % robuster und 1,5 % leichter als Aluminium 7005. Hierbei handelt es sich um eine au\u00dfergew\u00f6hnlich strapazierf\u00e4hige Aluminiumlegierung.<\/p>\n<hr \/>\n<h3>Empfohlene Rahmengr\u00f6\u00dfe<\/h3>\n<ul>\n<li><b>S:<\/b>\u00a0150 &#8211; 170 cm<\/li>\n<li><b>M:<\/b>\u00a0168 &#8211; 178 cm<\/li>\n<li><b>L:<\/b>\u00a0176 &#8211; 186 cm<\/li>\n<li><b>XL:<\/b>\u00a0&gt;184 cm<br \/> <br \/>\n<h2>Ausstattung<\/h2>\n<div class=\"product--properties panel has--border\">\n<table class=\"product--properties-table\">\n<tbody>\n<tr class=\"product--properties-row row1\">\n<td class=\"product--properties-label is--bold\">Rahmen:<\/td>\n<td class=\"product--properties-value\">Overvolt FS 130mm travel integrated Bosch Supreme 5 alloy (UDH Dropout )<\/td>\n<\/tr>\n<tr class=\"product--properties-row row2\">\n<td class=\"product--properties-label is--bold\">Rahmenmaterial:<\/td>\n<td class=\"product--properties-value\">Aluminium<\/td>\n<\/tr>\n<tr class=\"product--properties-row row3\">\n<td class=\"product--properties-label is--bold\">Laufradgr\u00f6\u00dfe:<\/td>\n<td class=\"product--properties-value\">27.5&#8243;<\/td>\n<\/tr>\n<tr class=\"product--properties-row row4\">\n<td class=\"product--properties-label is--bold\">Farbe:<\/td>\n<td class=\"product--properties-value\">GREY<\/td>\n<\/tr>\n<tr class=\"product--properties-row row5\">\n<td class=\"product--properties-label is--bold\">Gabel:<\/td>\n<td class=\"product--properties-value\">RockShox 35 Silver TK Solo Air 15x110mm, 29&#8220;, 140mm travel, 44mm offset Fender compatible<\/td>\n<\/tr>\n<tr class=\"product--properties-row row6\">\n<td class=\"product--properties-label is--bold\">D\u00e4mpfer:<\/td>\n<td class=\"product--properties-value\">Lapierre Shock Trunnion 185x50mm<\/td>\n<\/tr>\n<tr class=\"product--properties-row row7\">\n<td class=\"product--properties-label is--bold\">Federweg:<\/td>\n<td class=\"product--properties-value\">130mm \/ 130mm<\/td>\n<\/tr>\n<tr class=\"product--properties-row row8\">\n<td class=\"product--properties-label is--bold\">Bremsen:<\/td>\n<td class=\"product--properties-value\">Shimano M4100 4 (front) \/ 2 (rear) pistons<\/td>\n<\/tr>\n<tr class=\"product--properties-row row9\">\n<td class=\"product--properties-label is--bold\">Bremsscheiben:<\/td>\n<td class=\"product--properties-value\">Shimano SMRT30 203mm (front) \/ RTEM300 with Magnet 180mm (XS\/S\/M), 203mm (L\/XL) (rear) centerlock<\/td>\n<\/tr>\n<tr class=\"product--properties-row row10\">\n<td class=\"product--properties-label is--bold\">Steuersatz:<\/td>\n<td class=\"product--properties-value\">FSA NO.55R\/57E, Anodized black 1-1\/8&#8243;-1.5&#8243;<\/td>\n<\/tr>\n<tr class=\"product--properties-row row11\">\n<td class=\"product--properties-label is--bold\">Vorbau:<\/td>\n<td class=\"product--properties-value\">Lapierre CNC, 0\u00b0, \u00d8: 31.8mm, L: 40mm (XS) L: 45mm (S\/M), 50mm (L\/XL)<\/td>\n<\/tr>\n<tr class=\"product--properties-row row12\">\n<td class=\"product--properties-label is--bold\">Lenker:<\/td>\n<td class=\"product--properties-value\">Lapierre alloy 6061DB, Width: 760mm, Rise: 15mm (XS\/S\/M), 30mm (L\/XL), \u00d8: 31.8mm<\/td>\n<\/tr>\n<tr class=\"product--properties-row row13\">\n<td class=\"product--properties-label is--bold\">Griffe:<\/td>\n<td class=\"product--properties-value\">Lapierre grips, XS\/S\/M: small diameter, L\/XL: large diameter<\/td>\n<\/tr>\n<tr class=\"product--properties-row row14\">\n<td class=\"product--properties-label is--bold\">Sattel:<\/td>\n<td class=\"product--properties-value\">Selle Royal Vivo<\/td>\n<\/tr>\n<tr class=\"product--properties-row row15\">\n<td class=\"product--properties-label is--bold\">Sattelst\u00fctze:<\/td>\n<td class=\"product--properties-value\">Lapierre dropper, \u00d8: 31.6mm, travel 80mm (XS), 100mm (S), 130mm (M) 150mm (L\/XL) + Shimano lever<\/td>\n<\/tr>\n<\/tbody>\n<\/table>\n<table class=\"product--properties-table\">\n<tbody>\n<tr class=\"product--properties-row row16\">\n<td class=\"product--properties-label is--bold\">Kurbel:<\/td>\n<td class=\"product--properties-value\">Lapierre Overvolt ISIS 160mm (S\/M) \/ 165mm (L\/XL) + E13 steel ring 34T<\/td>\n<\/tr>\n<tr class=\"product--properties-row row17\">\n<td class=\"product--properties-label is--bold\">Schaltwerk:<\/td>\n<td class=\"product--properties-value\">Shimano Deore RD-M5100, 11s<\/td>\n<\/tr>\n<tr class=\"product--properties-row row18\">\n<td class=\"product--properties-label is--bold\">Schalthebel:<\/td>\n<td class=\"product--properties-value\">Shimano Deore SL-M5100 11s<\/td>\n<\/tr>\n<tr class=\"product--properties-row row19\">\n<td class=\"product--properties-label is--bold\">Kassette:<\/td>\n<td class=\"product--properties-value\">Shimano Deore CS-M5100 11-51T 11s<\/td>\n<\/tr>\n<tr class=\"product--properties-row row20\">\n<td class=\"product--properties-label is--bold\">Kette:<\/td>\n<td class=\"product--properties-value\">KMC E11 Turbo 11s<\/td>\n<\/tr>\n<tr class=\"product--properties-row row21\">\n<td class=\"product--properties-label is--bold\">Reifen vorne:<\/td>\n<td class=\"product--properties-value\">Maxxis 27.5&#215;2.6 Minion DHF, 60TPI, EXO, TR<\/td>\n<\/tr>\n<tr class=\"product--properties-row row22\">\n<td class=\"product--properties-label is--bold\">Reifen hinten:<\/td>\n<td class=\"product--properties-value\">Maxxis 27.5&#215;2.6 Rekon 60TPI, EXO, TR<\/td>\n<\/tr>\n<tr class=\"product--properties-row row23\">\n<td class=\"product--properties-label is--bold\">Nabe Vorderrad:<\/td>\n<td class=\"product--properties-value\">Lapierre DA210, boost 15&#215;110, 32H Center Lock<\/td>\n<\/tr>\n<tr class=\"product--properties-row row24\">\n<td class=\"product--properties-label is--bold\">Nabe Hinterrad:<\/td>\n<td class=\"product--properties-value\">Lapierre DA210, 4 sealed bearings, boost 12&#215;148, 32H Center Lock<\/td>\n<\/tr>\n<tr class=\"product--properties-row row25\">\n<td class=\"product--properties-label is--bold\">Felgen:<\/td>\n<td class=\"product--properties-value\">Lapierre eAM+ 32H, 584&#215;35 Tubeless Ready<\/td>\n<\/tr>\n<tr class=\"product--properties-row row26\">\n<td class=\"product--properties-label is--bold\">Display:<\/td>\n<td class=\"product--properties-value\">Bosch Purion<\/td>\n<\/tr>\n<tr class=\"product--properties-row row27\">\n<td class=\"product--properties-label is--bold\">Akku:<\/td>\n<td class=\"product--properties-value\">Bosch 625Wh PowerTube<\/td>\n<\/tr>\n<tr class=\"product--properties-row row28\">\n<td class=\"product--properties-label is--bold\">Ladeger\u00e4t:<\/td>\n<td class=\"product--properties-value\">Bosch Charger 4A<\/td>\n<\/tr>\n<tr class=\"product--properties-row row29\">\n<td class=\"product--properties-label is--bold\">Motor:<\/td>\n<td class=\"product--properties-value\">Bosch Performance Line CX Gen4<\/td>\n<\/tr>\n<tr class=\"product--properties-row row30\">\n<td class=\"product--properties-label is--bold\">Pedale:<\/td>\n<td class=\"product--properties-value\">VP VPE-527<\/td>\n<\/tr>\n<tr class=\"product--properties-row row31\">\n<td class=\"product--properties-label is--bold\">Sonstiges:<\/td>\n<td class=\"product--properties-value\">Thru axle multitool lever \/ Tubeless flap + valves<\/td>\n<\/tr>\n<\/tbody>\n<\/table><\/div>\n<\/li>\n<\/ul>\n","protected":false},"excerpt":{"rendered":"<p>Lapierre\u00a0Overvolt TR 5.6 Das E-Trailbike Overvolt TR 5.6 der franz\u00f6sichen Firma Lapierre sorgt f\u00fcr maximalen Fahrspa\u00df auf dem Trail \u2013 und das nicht nur bergab, sondern auch auf knackigen Anstiegen. Das E-MTB ist mit dem Bosch Performance Line CX Motor ausgestattet, welcher mit einem maximalen Drehmoment von 85 Nm kommt. Die Highlights des Lapierre Overvolt TR 5.6 Das Trailbike hat\u2026<\/p>\n","protected":false},"featured_media":3242,"comment_status":"closed","ping_status":"closed","template":"","meta":[],"product_brand":[],"product_cat":[93,102,94],"product_tag":[],"class_list":{"0":"post-3204","1":"product","2":"type-product","3":"status-publish","4":"has-post-thumbnail","6":"product_cat-e-bike","7":"product_cat-e-bikes-2022","8":"product_cat-e-mountainbike","10":"first","11":"instock","12":"shipping-taxable","13":"purchasable","14":"product-type-variable"},"_links":{"self":[{"href":"https:\/\/fatbike-de.com\/index.php\/wp-json\/wp\/v2\/product\/3204","targetHints":{"allow":["GET"]}}],"collection":[{"href":"https:\/\/fatbike-de.com\/index.php\/wp-json\/wp\/v2\/product"}],"about":[{"href":"https:\/\/fatbike-de.com\/index.php\/wp-json\/wp\/v2\/types\/product"}],"replies":[{"embeddable":true,"href":"https:\/\/fatbike-de.com\/index.php\/wp-json\/wp\/v2\/comments?post=3204"}],"wp:featuredmedia":[{"embeddable":true,"href":"https:\/\/fatbike-de.com\/index.php\/wp-json\/wp\/v2\/media\/3242"}],"wp:attachment":[{"href":"https:\/\/fatbike-de.com\/index.php\/wp-json\/wp\/v2\/media?parent=3204"}],"wp:term":[{"taxonomy":"product_brand","embeddable":true,"href":"https:\/\/fatbike-de.com\/index.php\/wp-json\/wp\/v2\/product_brand?post=3204"},{"taxonomy":"product_cat","embeddable":true,"href":"https:\/\/fatbike-de.com\/index.php\/wp-json\/wp\/v2\/product_cat?post=3204"},{"taxonomy":"product_tag","embeddable":true,"href":"https:\/\/fatbike-de.com\/index.php\/wp-json\/wp\/v2\/product_tag?post=3204"}],"curies":[{"name":"wp","href":"https:\/\/api.w.org\/{rel}","templated":true}]}}