{"id":3300,"date":"2024-02-27T10:47:49","date_gmt":"2024-02-27T09:47:49","guid":{"rendered":"https:\/\/fatbike-de.com\/?post_type=product&#038;p=3300"},"modified":"2024-02-27T10:48:14","modified_gmt":"2024-02-27T09:48:14","slug":"radon-render-10-0-750","status":"publish","type":"product","link":"https:\/\/fatbike-de.com\/index.php\/product\/radon-render-10-0-750\/","title":{"rendered":"Radon Render 10.0 750"},"content":{"rendered":"<div class=\"product--headername\">\n<div class=\"product--headername\">\n<div class=\"product--headername\">\n<div class=\"product--headername\">\n<h2 class=\"product--title\"><strong>Radon<\/strong>\u00a0Render 10.0 750<\/h2>\n<p>Unser RENDER 10.0 750 l\u00e4sst beim Trailbiker und Abenteurer keine W\u00fcnsche mehr offen, sowohl der Rahmen als Basis wie auch die Komponentenwahl und nicht zuletzt der Motor sind state of the art. Der neue RENDER 750 Rahmen kommt mit allen Vorz\u00fcgen, die das RENDER schon immer ausgezeichnet und es mehrfach zum Testsieger gemacht haben: die perfekte Kombination aus Gewicht und Steifigkeit, die elegante Erscheinung des Carbonrahmens mit der im Fl\u00fcgel zwischen Ober- und Unterrohr integrierten D\u00e4mpferaufnahme und die superbe Kinematik, die jederzeit feinf\u00fchlig anspricht und dennoch Reserven f\u00fcr grobes Gel\u00e4uf hat.<\/p>\n<hr \/>\n<h3>Die Highlights des Render 10.0 750<\/h3>\n<p>Neu ist beim RENDER 750 Rahmen die M\u00f6glichkeit, den gro\u00dfen 750 Wh Akku f\u00fcr das Bosch Smart System aufzunehmen, der in das Ausfallende integrierte Speedsensor sowie die Aufnahmem\u00f6glichkeit f\u00fcr ein Display im Oberrohr. Herzst\u00fcck des RENDER 10.0 750 ist der Bosch Performance CX Motor mit seinen kr\u00e4ftigern 85Nm Drehmoment und den 340% maximaler Tretunterst\u00fctzung, die Dir in jeder Lebenslage ausreichend Kraft zur Verf\u00fcgung stellen. Dank der 750 Wh Batterikapazit\u00e4t des Powertube 750 kannst Du Deine Trailabenteuer auch ins weitere Umland ausdehnen, je nach Wahl der Unterst\u00fctzungsstufe sind richtig gro\u00dfe Reichweiten realisierbar.<\/p>\n<p>Zus\u00e4tzlich zur Wahl der Motor-Modi kannst Du mit dieser Wahl der richtigen \u00dcbersetzung helfen, den Motor effizient arbeiten zu lassen. Daf\u00fcr montieren wir eine SRAM X01 Eagle 12fach Schaltung ans RENDER, die mit ihrer 10-52 Z\u00e4hne umfassenden Kassette eine enorme Bandbreite zur Verf\u00fcgung stellt, die Dich jeden noch so steilen Anstieg erklimmen l\u00e4sst. Die SRAM-typisch knackigen Gangwechsel passen perfekt zum Charakter des Bikes. Dieser wird auch gepr\u00e4gt vom Top-Fahrwerk aus den Hause Fox, was seidenweich anspricht, aber auch bei fahrtechnischen Herausforderungen und Steilstufen satt im Federweg steht und Dich souver\u00e4n unterst\u00fctzt. An der Front federt und d\u00e4mpft die Fox 36 Float Factory 3Position und gibt 160mm Federweg frei, perfekt erg\u00e4nzt wird sie am Heck vom brandneuen Fox Float X Luftd\u00e4mpfer, der 140mm Travel generiert.<\/p>\n<hr \/>\n<h3>Die Render Familie<\/h3>\n<p>Das RENDER ist mittlerweile ein moderner Klassiker, der mit PS und Dauerleistung protzt. Angetrieben wird unser Trail-Allrounder mit Bosch&#8217;s st\u00e4rkstem Motor, dem Performance Line CX mit seinen 85 Nm Drehmoment und einer maximalen Unterst\u00fctzung von 340%. Und das auch noch richtig lange, denn im RENDER Unterrohr sitzt der gro\u00dfe Powertube Akku mit 625 Wh Kapazit\u00e4t. Dieser ist formsch\u00f6n in das Unterrohr integriert, welches auch alle Z\u00fcge f\u00fcr die Schaltung oder die Variost\u00fctze in einem Schienensystem aufnimmt.<\/p>\n<p>Der Frontrahmen ist aus Carbon und in seiner Form einzigartig mit der fl\u00fcgelartigen Verbindung von Ober- und Unterrohr, die auch den D\u00e4mpfer aufnimmt. 160 mm Federweg an der Front und 140mm am Heck sorgen zusammen mit den 29&#8243; Laufr\u00e4dern f\u00fcr enorme Laufruhe und Sicherheit, kurze Kettenstreben und eine ausgekl\u00fcgelte Geometrie halten das RENDER sehr agil und wendig. Die zentrale Sitzposition vermittelt viel Kontrolle \u00fcber das Bike und l\u00e4dt zu epischen Touren ein. RENDER your ride.<\/p>\n<hr \/>\n<h3>Der Render Rahmen<\/h3>\n<p>Unser RENDER ist ein moderner Klassiker, f\u00fcr die Saison 2022 kommt er zus\u00e4tzlich noch als \u00dcberarbeitung f\u00fcr das neue Bosch Smart System. Was bleibt, sind der hochmoderne, leichte und sehr steife Carbonrahmen mit dem pr\u00e4gnanten Fl\u00fcgel zwischen Ober- und Unterrohr, der elegant auch den D\u00e4mpfer aufnimmt. Ebenso erhalten bleiben die 140mm Federweg am Hinterbau, die wir an der Front mit 160mm Federgabeln kombinieren.<\/p>\n<p>Im Unterrohr wird der kapazit\u00e4tsstarke 750 Wh Akku untergebracht, der den brutal starken Bosch Performance CX Motor mit seinen 85 Nm antreibt. Neu ist auch die Ladebuchse f\u00fcr die Batterie, die auf der linken Seite des Sitzrohrs liegt und bei Nichtbenutzung von einer kleinen, drehbaren Scheibe vor Schmutz gesch\u00fctzt wird. Der Speedsensor sitzt bei der neuesten RENDER Variante im Ausfallende, der Signal gebende Magnet dreht sich in der hinteren Bremsscheibe.<\/p>\n<hr \/>\n<h2>The all new RADON RENDER E-MTB<\/h2>\n<hr \/>\n<p><em><b>Zul\u00e4ssiges Gesamtgewicht: 135 kg (K\u00f6rpergewicht + Fahrrad + Ausr\u00fcstung)<\/b><\/em><\/p>\n<hr \/>\n<hr \/>\n<p><img fetchpriority=\"high\" decoding=\"async\" title=\" BikeSize Render \" src=\"https:\/\/cd.bike-discount.de\/media\/image\/68\/35\/a3\/bikesize_render.jpg\" alt=\"\" width=\"640\" height=\"401\" data-mid=\"618199\" data-src=\"media\/image\/bikesize_render.jpg\" \/><\/p>\n<p>Mit Hilfe unserer Grafik wollen wir Dir eine Empfehlung bei der Suche nach Deiner richtigen Rahmengr\u00f6\u00dfe geben. Neben Schrittl\u00e4nge sowie K\u00f6rpergr\u00f6\u00dfe spielt nat\u00fcrlich auch Dein pers\u00f6nlicher Fahrstil, Einsatzbereich sowie Vorliebe eine gro\u00dfe Rolle. Wenn Du mit Deinen Angaben im Grenzbereich liegen solltest, kannst Du zwischen zwei Rahmenh\u00f6hen w\u00e4hlen: die kleinere Rahmengr\u00f6\u00dfe ist agiler\/wendiger\/verspielter, die n\u00e4chstgr\u00f6\u00dfere Rahmenh\u00f6he laufruhiger\/spurtreuer und hat im Uphill die Nase vorn.<\/p>\n<p>&nbsp;<\/p>\n<h2>Ausstattung<\/h2>\n<div class=\"product--properties panel has--border\">\n<table class=\"product--properties-table\">\n<tbody>\n<tr class=\"product--properties-row row1\">\n<td class=\"product--properties-label is--bold\">Rahmen:<\/td>\n<td class=\"product--properties-value\">RENDER<\/td>\n<\/tr>\n<tr class=\"product--properties-row row2\">\n<td class=\"product--properties-label is--bold\">Rahmenmaterial:<\/td>\n<td class=\"product--properties-value\">Carbon Hauptrahmen\/Aluminium Hinterbau Maximale Reifenbreite: 2.6&#8243;<\/td>\n<\/tr>\n<tr class=\"product--properties-row row3\">\n<td class=\"product--properties-label is--bold\">Laufradgr\u00f6\u00dfe:<\/td>\n<td class=\"product--properties-value\">29&#8243;<\/td>\n<\/tr>\n<tr class=\"product--properties-row row4\">\n<td class=\"product--properties-label is--bold\">Farbe:<\/td>\n<td class=\"product--properties-value\">nanogrey \/ deepblack<\/td>\n<\/tr>\n<tr class=\"product--properties-row row5\">\n<td class=\"product--properties-label is--bold\">Gabel:<\/td>\n<td class=\"product--properties-value\">Fox 36 Factory, FIT4 3-Pos., Kashima, E-Tuned, Boost \/ Nachlauf: 44mm<\/td>\n<\/tr>\n<tr class=\"product--properties-row row6\">\n<td class=\"product--properties-label is--bold\">D\u00e4mpfer:<\/td>\n<td class=\"product--properties-value\">Fox Float X Factory, 2-Pos., EVOL LV \/ Einbauma\u00df: 210 x 55mm \/ Buchsenma\u00df: Body 8 x 30mm, Shaft: DU-Bushing 12.7mm<\/td>\n<\/tr>\n<tr class=\"product--properties-row row7\">\n<td class=\"product--properties-label is--bold\">Federweg:<\/td>\n<td class=\"product--properties-value\">160mm \/ 140mm<\/td>\n<\/tr>\n<tr class=\"product--properties-row row8\">\n<td class=\"product--properties-label is--bold\">Bremsen:<\/td>\n<td class=\"product--properties-value\">Magura MT5<\/td>\n<\/tr>\n<tr class=\"product--properties-row row9\">\n<td class=\"product--properties-label is--bold\">Bremsscheiben:<\/td>\n<td class=\"product--properties-value\">Magura MDR-C, 203\/203mm, 6-bolt<\/td>\n<\/tr>\n<tr class=\"product--properties-row row10\">\n<td class=\"product--properties-label is--bold\">Steuersatz:<\/td>\n<td class=\"product--properties-value\">Acros Block-Lock, ZS56\/ZS56<\/td>\n<\/tr>\n<tr class=\"product--properties-row row11\">\n<td class=\"product--properties-label is--bold\">Vorbau:<\/td>\n<td class=\"product--properties-value\">Race Face Turbine R, \u00d835mm \/ M: 40mm, L: 40mm, XL: 50mm<\/td>\n<\/tr>\n<tr class=\"product--properties-row row12\">\n<td class=\"product--properties-label is--bold\">Lenker:<\/td>\n<td class=\"product--properties-value\">Race Face Turbine R, 35 x 780mm, 20mm rise<\/td>\n<\/tr>\n<tr class=\"product--properties-row row13\">\n<td class=\"product--properties-label is--bold\">Griffe:<\/td>\n<td class=\"product--properties-value\">SDG Thrice<\/td>\n<\/tr>\n<tr class=\"product--properties-row row14\">\n<td class=\"product--properties-label is--bold\">Sattel:<\/td>\n<td class=\"product--properties-value\">SDG Bel Air V3, Lux alloy<\/td>\n<\/tr>\n<tr class=\"product--properties-row row15\">\n<td class=\"product--properties-label is--bold\">Sattelst\u00fctze:<\/td>\n<td class=\"product--properties-value\">SDG Tellis, 31.6mm \/ M: 125mm Hub, L: 150mm Hub, XL: 150mm Hub<\/td>\n<\/tr>\n<\/tbody>\n<\/table>\n<table class=\"product--properties-table\">\n<tbody>\n<tr class=\"product--properties-row row16\">\n<td class=\"product--properties-label is--bold\">Kurbel:<\/td>\n<td class=\"product--properties-value\">e*thirteen e*spec Plus, 165mm, SRAM Eagle Chainring, 34T<\/td>\n<\/tr>\n<tr class=\"product--properties-row row17\">\n<td class=\"product--properties-label is--bold\">Schaltwerk:<\/td>\n<td class=\"product--properties-value\">SRAM X01 Eagle, 12-speed<\/td>\n<\/tr>\n<tr class=\"product--properties-row row18\">\n<td class=\"product--properties-label is--bold\">Schalthebel:<\/td>\n<td class=\"product--properties-value\">SRAM GX Eagle, single click, Shiftmix<\/td>\n<\/tr>\n<tr class=\"product--properties-row row19\">\n<td class=\"product--properties-label is--bold\">Kettenf\u00fchrung:<\/td>\n<td class=\"product--properties-value\">Reverse Components Flip-Guide, direct mount<\/td>\n<\/tr>\n<tr class=\"product--properties-row row20\">\n<td class=\"product--properties-label is--bold\">Kassette:<\/td>\n<td class=\"product--properties-value\">SRAM GX Eagle XG-1275, 10-52<\/td>\n<\/tr>\n<tr class=\"product--properties-row row21\">\n<td class=\"product--properties-label is--bold\">Kette:<\/td>\n<td class=\"product--properties-value\">SRAM GX Eagle<\/td>\n<\/tr>\n<tr class=\"product--properties-row row22\">\n<td class=\"product--properties-label is--bold\">Reifen vorne:<\/td>\n<td class=\"product--properties-value\">Schwalbe Magic Mary, Addix-Soft, Super Trail, TLE, 29&#8243; x 2.4&#8243;<\/td>\n<\/tr>\n<tr class=\"product--properties-row row23\">\n<td class=\"product--properties-label is--bold\">Reifen hinten:<\/td>\n<td class=\"product--properties-value\">Schwalbe Big Betty, Addix-Soft, Super Trail, TLE, 29&#8243; x 2.4&#8243;<\/td>\n<\/tr>\n<tr class=\"product--properties-row row24\">\n<td class=\"product--properties-label is--bold\">Laufradsatz:<\/td>\n<td class=\"product--properties-value\">Newmen Evolution SL E.G.30, 30mm, 110\/148mm<\/td>\n<\/tr>\n<tr class=\"product--properties-row row25\">\n<td class=\"product--properties-label is--bold\">Display:<\/td>\n<td class=\"product--properties-value\">Bosch Kiox 300<\/td>\n<\/tr>\n<tr class=\"product--properties-row row26\">\n<td class=\"product--properties-label is--bold\">Akku:<\/td>\n<td class=\"product--properties-value\">Bosch Powertube 750Wh<\/td>\n<\/tr>\n<tr class=\"product--properties-row row27\">\n<td class=\"product--properties-label is--bold\">Ladeger\u00e4t:<\/td>\n<td class=\"product--properties-value\">Bosch Standard Charger 4A<\/td>\n<\/tr>\n<tr class=\"product--properties-row row28\">\n<td class=\"product--properties-label is--bold\">Motor:<\/td>\n<td class=\"product--properties-value\">Bosch Performance Line CX Gen4 Smart System<\/td>\n<\/tr>\n<tr class=\"product--properties-row row29\">\n<td class=\"product--properties-label is--bold\">Pedale:<\/td>\n<td class=\"product--properties-value\">nicht im Lieferumfang enthalten<\/td>\n<\/tr>\n<tr class=\"product--properties-row row30\">\n<td class=\"product--properties-label is--bold\">Zul\u00e4ssiges Gesamtgewicht:<\/td>\n<td class=\"product--properties-value\">135 kg (K\u00f6rpergewicht + Fahrrad + Ausr\u00fcstung)<\/td>\n<\/tr>\n<tr class=\"product--properties-row row31\">\n<td class=\"product--properties-label is--bold\">Gewicht Komplettrad:<\/td>\n<td class=\"product--properties-value\">ab 23,85 kg<\/td>\n<\/tr>\n<\/tbody>\n<\/table><\/div>\n<\/p><\/div>\n<\/p><\/div>\n<\/p><\/div>\n<\/p><\/div>\n","protected":false},"excerpt":{"rendered":"<p>Radon\u00a0Render 10.0 750 Unser RENDER 10.0 750 l\u00e4sst beim Trailbiker und Abenteurer keine W\u00fcnsche mehr offen, sowohl der Rahmen als Basis wie auch die Komponentenwahl und nicht zuletzt der Motor sind state of the art. Der neue RENDER 750 Rahmen kommt mit allen Vorz\u00fcgen, die das RENDER schon immer ausgezeichnet und es mehrfach zum Testsieger gemacht haben: die perfekte Kombination\u2026<\/p>\n","protected":false},"featured_media":3330,"comment_status":"closed","ping_status":"closed","template":"","meta":[],"product_brand":[],"product_cat":[93,102,94],"product_tag":[],"class_list":{"0":"post-3300","1":"product","2":"type-product","3":"status-publish","4":"has-post-thumbnail","6":"product_cat-e-bike","7":"product_cat-e-bikes-2022","8":"product_cat-e-mountainbike","10":"first","11":"instock","12":"sale","13":"shipping-taxable","14":"purchasable","15":"product-type-variable"},"_links":{"self":[{"href":"https:\/\/fatbike-de.com\/index.php\/wp-json\/wp\/v2\/product\/3300","targetHints":{"allow":["GET"]}}],"collection":[{"href":"https:\/\/fatbike-de.com\/index.php\/wp-json\/wp\/v2\/product"}],"about":[{"href":"https:\/\/fatbike-de.com\/index.php\/wp-json\/wp\/v2\/types\/product"}],"replies":[{"embeddable":true,"href":"https:\/\/fatbike-de.com\/index.php\/wp-json\/wp\/v2\/comments?post=3300"}],"wp:featuredmedia":[{"embeddable":true,"href":"https:\/\/fatbike-de.com\/index.php\/wp-json\/wp\/v2\/media\/3330"}],"wp:attachment":[{"href":"https:\/\/fatbike-de.com\/index.php\/wp-json\/wp\/v2\/media?parent=3300"}],"wp:term":[{"taxonomy":"product_brand","embeddable":true,"href":"https:\/\/fatbike-de.com\/index.php\/wp-json\/wp\/v2\/product_brand?post=3300"},{"taxonomy":"product_cat","embeddable":true,"href":"https:\/\/fatbike-de.com\/index.php\/wp-json\/wp\/v2\/product_cat?post=3300"},{"taxonomy":"product_tag","embeddable":true,"href":"https:\/\/fatbike-de.com\/index.php\/wp-json\/wp\/v2\/product_tag?post=3300"}],"curies":[{"name":"wp","href":"https:\/\/api.w.org\/{rel}","templated":true}]}}