{"id":3343,"date":"2024-02-27T10:48:16","date_gmt":"2024-02-27T09:48:16","guid":{"rendered":"https:\/\/fatbike-de.com\/?post_type=product&#038;p=3343"},"modified":"2024-02-27T11:13:50","modified_gmt":"2024-02-27T10:13:50","slug":"cube-reaction-hybrid-pro-625-allroad-lady-greynred","status":"publish","type":"product","link":"https:\/\/fatbike-de.com\/index.php\/product\/cube-reaction-hybrid-pro-625-allroad-lady-greynred\/","title":{"rendered":"Cube Reaction Hybrid Pro 625 Allroad Lady grey\u00b4n\u00b4red"},"content":{"rendered":"<div class=\"product--headername\">\n<div class=\"product--headername\">\n<div class=\"product--headername\">\n<h2 class=\"product--title\"><strong>Cube<\/strong>\u00a0Reaction Hybrid Pro 625 Allroad Lady grey\u00b4n\u00b4red<\/h2>\n<p>Das Cube Reaction Hybrid Pro Allroad ist der &#8222;Hans Dampf in allen Gassen&#8220; unter den Bosch E-Bikes: Sein Bosch CX Antrieb der vierten Generation mit hochkapazitivem Powertube Akku und Purion Display liefert geschmeidigen Support, genial vor allem bei l\u00e4ngeren (Abenteuer-)Touren am Wochenende.<\/p>\n<hr \/>\n<p><a href=\"https:\/\/www.cube.eu\/360\/534172Z\" target=\"_blank\" rel=\"nofollow noopener\"><img decoding=\"async\" title=\"360\u00b0\" src=\"https:\/\/cd.bike-discount.de\/media\/image\/3a\/ee\/83\/360.png\" alt=\"\" width=\"40\" height=\"39\" data-mid=\"729769\" data-src=\"media\/image\/360.png\" \/>360\u00b0-Ansicht \u00f6ffnen<\/a><\/p>\n<hr \/>\n<p>Mit der breit gef\u00e4cherten Deore 11-fach Schaltung von Shimano wechselt man leicht und pr\u00e4zise von Gang zu Gang und meistert jede Route und jeden Anstieg ohne Probleme. Die hydraulischen Shimano Scheibenbremsen verz\u00f6gern und stoppen die 2.35 Zoll Schwalbe Reifen kontrolliert und gleichm\u00e4\u00dfig. Und wer auf holprigen Wegen unterwegs ist, profitiert von der X-Fusion Luftfedergabel f\u00fcr Fahrkomfort und Spurtreue. \u00fcbrigens, f\u00fcr den t\u00e4glichen Weg ins B\u00fcro oder die Shoppingtour durch die City haben wir praktisches Zubeh\u00f6r verbaut: extralange Schutzbleche, Seitenst\u00e4nder, Lichter.<\/p>\n<hr \/>\n<p><strong>In der Rahmengr\u00f6\u00dfe S (15&#8243;) als 27,5er. In den Rahmengr\u00f6\u00dfen M (17&#8243;) und L (19&#8243;) als 29er.<\/strong><\/p>\n<hr \/>\n<h3>RAHMEN Cube Reaction Hybrid Pro 625 Allroad Lady grey\u00b4n\u00b4red<\/h3>\n<p>Die Qualit\u00e4t liegt im Detail &#8211; was vor allem auf das elegante PowerTube Design unseres Reaction Hybrid Rahmens zutrifft. Der formsch\u00f6n integrierte hochkapazitive Akku und der bew\u00e4hrte Bosch CX Motor der vierten Generation liefern jede Menge Power f\u00fcr s\u00e4mtliche Routen, Touren und Anstiege. Die Agile Ride Geometry und das 1.5 Zoll Steuerrohr sorgen f\u00fcr ein Handling, das seinesgleichen sucht: souver\u00e4n, pr\u00e4zise, agil. Im Rahmeninneren verlaufende Z\u00fcge garantieren reibunglose, superpr\u00e4zise Schaltvorg\u00e4nge und reduzieren den Wartungsaufwand. Und dank optionaler Trapezvariante und Size Split System findet jeder und jede die f\u00fcr sich optimale Abstimmung und Rahmenversion. Allroad-Alltagstauglichkeit bringen praktische lange Schutzbleche, einen Seitenst\u00e4nder und ein Beleuchtungssystem mit.<\/p>\n<h2>Ausstattung<\/h2>\n<div class=\"product--properties panel has--border\">\n<table class=\"product--properties-table\">\n<tbody>\n<tr class=\"product--properties-row row1\">\n<td class=\"product--properties-label is--bold\">Rahmen:<\/td>\n<td class=\"product--properties-value\">Aluminium Superlite, Gravity Casting, Agile Ride Geometry, 1.5 Headtube, Internal Cable Routing, Full Integrated Battery, Kickstand\/Fender\/Carrier Mounting Points<\/td>\n<\/tr>\n<tr class=\"product--properties-row row2\">\n<td class=\"product--properties-label is--bold\">Rahmenmaterial:<\/td>\n<td class=\"product--properties-value\">Aluminium<\/td>\n<\/tr>\n<tr class=\"product--properties-row row3\">\n<td class=\"product--properties-label is--bold\">Laufradgr\u00f6\u00dfe:<\/td>\n<td class=\"product--properties-value\">27.5: S (15&#8243;) \/\/ 29: M (17&#8243;), L (19&#8243;)<\/td>\n<\/tr>\n<tr class=\"product--properties-row row4\">\n<td class=\"product--properties-label is--bold\">Farbe:<\/td>\n<td class=\"product--properties-value\">grey\u00b4n\u00b4red<\/td>\n<\/tr>\n<tr class=\"product--properties-row row5\">\n<td class=\"product--properties-label is--bold\">Gabel:<\/td>\n<td class=\"product--properties-value\">X-Fusion MIG32 Air, Tapered, 15x110mm, 100mm, Lockout<\/td>\n<\/tr>\n<tr class=\"product--properties-row row6\">\n<td class=\"product--properties-label is--bold\">Federweg:<\/td>\n<td class=\"product--properties-value\">100mm<\/td>\n<\/tr>\n<tr class=\"product--properties-row row7\">\n<td class=\"product--properties-label is--bold\">Bremsen:<\/td>\n<td class=\"product--properties-value\">Shimano BR-MT200, Hydr. Disc Brake (180\/180)<\/td>\n<\/tr>\n<tr class=\"product--properties-row row8\">\n<td class=\"product--properties-label is--bold\">Steuersatz:<\/td>\n<td class=\"product--properties-value\">27.5: ACROS AZX-1032, BlockLock 120\u00b0, Top Zero-Stack 1 1\/2&#8243; (ZS 56mm), Bottom Zero-Stack 1 1\/2&#8243; (ZS 56mm) \/\/ 29: ACROS AZX-1030, Top Zero-Stack 1 1\/2&#8243; (ZS 56mm), Bottom Zero-Stack 1 1\/2&#8243; (ZS 56mm)<\/td>\n<\/tr>\n<tr class=\"product--properties-row row9\">\n<td class=\"product--properties-label is--bold\">Vorbau:<\/td>\n<td class=\"product--properties-value\">CUBE Performance Stem E-MTB, 31.8mm<\/td>\n<\/tr>\n<tr class=\"product--properties-row row10\">\n<td class=\"product--properties-label is--bold\">Lenker:<\/td>\n<td class=\"product--properties-value\">CUBE Rise Trail Bar, 720mm<\/td>\n<\/tr>\n<tr class=\"product--properties-row row11\">\n<td class=\"product--properties-label is--bold\">Griffe:<\/td>\n<td class=\"product--properties-value\">ACID React Pro<\/td>\n<\/tr>\n<tr class=\"product--properties-row row12\">\n<td class=\"product--properties-label is--bold\">Sattel:<\/td>\n<td class=\"product--properties-value\">Natural Fit Sequence<\/td>\n<\/tr>\n<tr class=\"product--properties-row row13\">\n<td class=\"product--properties-label is--bold\">Sattelst\u00fctze:<\/td>\n<td class=\"product--properties-value\">CUBE Performance Post, 30.9mm<\/td>\n<\/tr>\n<tr class=\"product--properties-row row14\">\n<td class=\"product--properties-label is--bold\">Sattelklemme:<\/td>\n<td class=\"product--properties-value\">CUBE Varioclose, 34.9mm<\/td>\n<\/tr>\n<tr class=\"product--properties-row row15\">\n<td class=\"product--properties-label is--bold\">Kurbel:<\/td>\n<td class=\"product--properties-value\">ACID E-Crank, 175mm, 38T<\/td>\n<\/tr>\n<\/tbody>\n<\/table>\n<table class=\"product--properties-table\">\n<tbody>\n<tr class=\"product--properties-row row16\">\n<td class=\"product--properties-label is--bold\">Schaltwerk:<\/td>\n<td class=\"product--properties-value\">Shimano DEORE RD-M5100-SGS, 11-speed<\/td>\n<\/tr>\n<tr class=\"product--properties-row row17\">\n<td class=\"product--properties-label is--bold\">Schalthebel:<\/td>\n<td class=\"product--properties-value\">Shimano Deore SL-M5100, Rapidfire-Plus<\/td>\n<\/tr>\n<tr class=\"product--properties-row row18\">\n<td class=\"product--properties-label is--bold\">Kassette:<\/td>\n<td class=\"product--properties-value\">Shimano Deore CS-M5100, 11-51T<\/td>\n<\/tr>\n<tr class=\"product--properties-row row19\">\n<td class=\"product--properties-label is--bold\">Kette:<\/td>\n<td class=\"product--properties-value\">KMC X11<\/td>\n<\/tr>\n<tr class=\"product--properties-row row20\">\n<td class=\"product--properties-label is--bold\">Reifen:<\/td>\n<td class=\"product--properties-value\">Schwalbe Smart Sam, Active, 2.35<\/td>\n<\/tr>\n<tr class=\"product--properties-row row21\">\n<td class=\"product--properties-label is--bold\">Nabe Vorderrad:<\/td>\n<td class=\"product--properties-value\">Shimano HB-MT400-B, 15mm, Boost, Centerlock<\/td>\n<\/tr>\n<tr class=\"product--properties-row row22\">\n<td class=\"product--properties-label is--bold\">Nabe Hinterrad:<\/td>\n<td class=\"product--properties-value\">Shimano FH-TX505, QR, Centerlock<\/td>\n<\/tr>\n<tr class=\"product--properties-row row23\">\n<td class=\"product--properties-label is--bold\">Felgen:<\/td>\n<td class=\"product--properties-value\">CUBE EX30, 32H, Disc, Tubeless Ready<\/td>\n<\/tr>\n<tr class=\"product--properties-row row24\">\n<td class=\"product--properties-label is--bold\">Display:<\/td>\n<td class=\"product--properties-value\">Bosch Purion<\/td>\n<\/tr>\n<tr class=\"product--properties-row row25\">\n<td class=\"product--properties-label is--bold\">Akku:<\/td>\n<td class=\"product--properties-value\">Bosch PowerTube 625<\/td>\n<\/tr>\n<tr class=\"product--properties-row row26\">\n<td class=\"product--properties-label is--bold\">Ladeger\u00e4t:<\/td>\n<td class=\"product--properties-value\">Bosch 2A<\/td>\n<\/tr>\n<tr class=\"product--properties-row row27\">\n<td class=\"product--properties-label is--bold\">Motor:<\/td>\n<td class=\"product--properties-value\">Bosch Drive Unit Performance CX Generation 4 (85Nm) Cruise (250Watt)<\/td>\n<\/tr>\n<tr class=\"product--properties-row row28\">\n<td class=\"product--properties-label is--bold\">Scheinwerfer:<\/td>\n<td class=\"product--properties-value\">CUBE Shiny 50 Lux, 12V, DC<\/td>\n<\/tr>\n<tr class=\"product--properties-row row29\">\n<td class=\"product--properties-label is--bold\">R\u00fccklicht:<\/td>\n<td class=\"product--properties-value\">ACID Mudguard Rear Light PRO-E, 12V, DC<\/td>\n<\/tr>\n<tr class=\"product--properties-row row30\">\n<td class=\"product--properties-label is--bold\">Gep\u00e4cktr\u00e4ger:<\/td>\n<td class=\"product--properties-value\">ACID Gep\u00e4cktr\u00e4ger Rail, SIC<\/td>\n<\/tr>\n<tr class=\"product--properties-row row31\">\n<td class=\"product--properties-label is--bold\">Pedale:<\/td>\n<td class=\"product--properties-value\">CUBE PP MTB<\/td>\n<\/tr>\n<tr class=\"product--properties-row row32\">\n<td class=\"product--properties-label is--bold\">Sonstiges:<\/td>\n<td class=\"product--properties-value\">Schutzblech, St\u00e4nder, Glocke<\/td>\n<\/tr>\n<tr class=\"product--properties-row row33\">\n<td class=\"product--properties-label is--bold\">Zul\u00e4ssiges Gesamtgewicht:<\/td>\n<td class=\"product--properties-value\">160 kg -&gt; 135 kg (K\u00f6rpergewicht + Fahrrad + Ausr\u00fcstung) + 25 kg Zuladung (Gep\u00e4cktr\u00e4ger)<\/td>\n<\/tr>\n<tr class=\"product--properties-row row34\">\n<td class=\"product--properties-label is--bold\">Gewicht Komplettrad:<\/td>\n<td class=\"product--properties-value\">ab 25,3 kg<\/td>\n<\/tr>\n<\/tbody>\n<\/table><\/div>\n<\/p><\/div>\n<\/p><\/div>\n<\/p><\/div>\n","protected":false},"excerpt":{"rendered":"<p>Cube\u00a0Reaction Hybrid Pro 625 Allroad Lady grey\u00b4n\u00b4red Das Cube Reaction Hybrid Pro Allroad ist der &#8222;Hans Dampf in allen Gassen&#8220; unter den Bosch E-Bikes: Sein Bosch CX Antrieb der vierten Generation mit hochkapazitivem Powertube Akku und Purion Display liefert geschmeidigen Support, genial vor allem bei l\u00e4ngeren (Abenteuer-)Touren am Wochenende. 360\u00b0-Ansicht \u00f6ffnen Mit der breit gef\u00e4cherten Deore 11-fach Schaltung von Shimano\u2026<\/p>\n","protected":false},"featured_media":3362,"comment_status":"closed","ping_status":"closed","template":"","meta":[],"product_brand":[],"product_cat":[93,102,94],"product_tag":[],"class_list":{"0":"post-3343","1":"product","2":"type-product","3":"status-publish","4":"has-post-thumbnail","6":"product_cat-e-bike","7":"product_cat-e-bikes-2022","8":"product_cat-e-mountainbike","10":"first","11":"instock","12":"shipping-taxable","13":"purchasable","14":"product-type-variable"},"_links":{"self":[{"href":"https:\/\/fatbike-de.com\/index.php\/wp-json\/wp\/v2\/product\/3343","targetHints":{"allow":["GET"]}}],"collection":[{"href":"https:\/\/fatbike-de.com\/index.php\/wp-json\/wp\/v2\/product"}],"about":[{"href":"https:\/\/fatbike-de.com\/index.php\/wp-json\/wp\/v2\/types\/product"}],"replies":[{"embeddable":true,"href":"https:\/\/fatbike-de.com\/index.php\/wp-json\/wp\/v2\/comments?post=3343"}],"wp:featuredmedia":[{"embeddable":true,"href":"https:\/\/fatbike-de.com\/index.php\/wp-json\/wp\/v2\/media\/3362"}],"wp:attachment":[{"href":"https:\/\/fatbike-de.com\/index.php\/wp-json\/wp\/v2\/media?parent=3343"}],"wp:term":[{"taxonomy":"product_brand","embeddable":true,"href":"https:\/\/fatbike-de.com\/index.php\/wp-json\/wp\/v2\/product_brand?post=3343"},{"taxonomy":"product_cat","embeddable":true,"href":"https:\/\/fatbike-de.com\/index.php\/wp-json\/wp\/v2\/product_cat?post=3343"},{"taxonomy":"product_tag","embeddable":true,"href":"https:\/\/fatbike-de.com\/index.php\/wp-json\/wp\/v2\/product_tag?post=3343"}],"curies":[{"name":"wp","href":"https:\/\/api.w.org\/{rel}","templated":true}]}}