{"id":3407,"date":"2024-02-27T11:13:52","date_gmt":"2024-02-27T10:13:52","guid":{"rendered":"https:\/\/fatbike-de.com\/?post_type=product&#038;p=3407"},"modified":"2024-02-27T11:14:41","modified_gmt":"2024-02-27T10:14:41","slug":"cube-stereo-hybrid-140-hpc-race-750-dazzlenorange","status":"publish","type":"product","link":"https:\/\/fatbike-de.com\/index.php\/product\/cube-stereo-hybrid-140-hpc-race-750-dazzlenorange\/","title":{"rendered":"Cube Stereo Hybrid 140 HPC Race 750 dazzle\u00b4n\u00b4orange"},"content":{"rendered":"<h2 class=\"product--title\"><strong>Cube<\/strong>\u00a0Stereo Hybrid 140 HPC Race 750 dazzle\u00b4n\u00b4orange<\/h2>\n<p>Wer den ganzen Tag am Berg verbringt, muss sich voll und ganz auf sein Bike &#8211; und nat\u00fcrlich all seine Komponenten &#8211; verlassen k\u00f6nnen. Deshalb hat Cube dem Stereo Hybrid 140 HPC Race 750 auch eine RockShox 35 Silver Air Gabel und den dazu passenden Deluxe Select+ D\u00e4mpfer verpasst.<\/p>\n<hr \/>\n<p><a href=\"https:\/\/www.cube.eu\/360\/636123\" target=\"_blank\" rel=\"noopener\"><img decoding=\"async\" title=\"360\u00b0\" src=\"https:\/\/cd.bike-discount.de\/media\/image\/3a\/ee\/83\/360.png\" alt=\"\" width=\"40\" height=\"39\" data-mid=\"729769\" data-src=\"media\/image\/360.png\" \/>360\u00b0-Ansicht \u00f6ffnen<\/a><\/p>\n<hr \/>\n<p>In Kombination mit supergriffigen 2.6 Zoll Schwalbe Reifen, hydraulischen Sram 4-Kolben Scheibenbremsen und der versenkbaren Sattelst\u00fctze mit Remote ist abseits befestigter Stra\u00dfen und Forstwege kaum eine Herausforderung zu gro\u00df. Lange Routen und steile Anstiege macht die extrem zuverl\u00e4ssige Shimano XT 12-fach Schaltung im Team mit dem geschmeidig arbeitenden Bosch CX Antrieb der vierten Generation zum Kinderspiel. Das Set-up steht, der Trail ruft &#8211; los geht&#8217;s!<\/p>\n<hr \/>\n<p><strong>In der Rahmengr\u00f6\u00dfe S (16&#8243;) als 27,5er. In den Rahmengr\u00f6\u00dfen M (18&#8243;), L (20&#8243;) und XL (22&#8243;) als 29er.<\/strong><\/p>\n<hr \/>\n<h3>RAHMEN Cube Stereo Hybrid 140 HPC Race 750<\/h3>\n<p>Cubes vielseitiger Trail-Profi Stereo Hybrid 140 HPC 750 bringt Stabilit\u00e4t und Agilit\u00e4t gekonnt auf einen Nenner. Sein Bosch CX Motor der vierten Generation und der 750 Wh starke Akku sind dank dem Modular Battery System von CUBE elegant ins Design integriert und zugleich effizient vor Schmutz und Feuchtigkeit gesch\u00fctzt. Unschlagbares Handling und geringen Wartungsaufwand versprechen die Boost 148 Steckachse, gro\u00dfe Drehlager und die ins Rahmeninnere verlegten Schalt- und Bremsz\u00fcge. Und dank des Split Size System findet jeder und jede die f\u00fcr sich perfekte Abstimmung von Laufrad- und Rahmengr\u00f6\u00dfe. Last, but not least: die durchdachte All Mountain Geometry, die sowohl auf die Federungskinematik als auch auf das Bosch Antriebssystem optimal abgestimmt ist. Das Ergebnis ist ein stabiles, laufruhiges Bike, das Selbstvertrauen vermittelt und riesig Spa\u00df macht!<\/p>\n<h2>Ausstattung<\/h2>\n<div class=\"product--properties panel has--border\">\n<table class=\"product--properties-table\">\n<tbody>\n<tr class=\"product--properties-row row1\">\n<td class=\"product--properties-label is--bold\">Rahmen:<\/td>\n<td class=\"product--properties-value\">C:62\u00ae Monocoque Advanced Twin Mold Technology, Aluminium 6061 T6 Rear Triangle, Efficient Trail Control, FSP 4-Link, Agile Trail Geometry, Boost 148, UDH\u2122, Full Integrated Battery, Advanced Internal Cable Routing<\/td>\n<\/tr>\n<tr class=\"product--properties-row row2\">\n<td class=\"product--properties-label is--bold\">Rahmenmaterial:<\/td>\n<td class=\"product--properties-value\">Carbonfrontrahmen, Aluminium Hinterbau<\/td>\n<\/tr>\n<tr class=\"product--properties-row row3\">\n<td class=\"product--properties-label is--bold\">Laufradgr\u00f6\u00dfe:<\/td>\n<td class=\"product--properties-value\">Size Split: 27.5: S (16&#8243;) \/\/ 29: M (18&#8243;), L (20&#8243;), XL (22&#8243;)<\/td>\n<\/tr>\n<tr class=\"product--properties-row row4\">\n<td class=\"product--properties-label is--bold\">Farbe:<\/td>\n<td class=\"product--properties-value\">dazzle\u00b4n\u00b4orange<\/td>\n<\/tr>\n<tr class=\"product--properties-row row5\">\n<td class=\"product--properties-label is--bold\">Gabel:<\/td>\n<td class=\"product--properties-value\">RockShox 35 Silver TK Air, Tapered, 15x110mm, eMTB Approved, 150mm, Lockout<\/td>\n<\/tr>\n<tr class=\"product--properties-row row6\">\n<td class=\"product--properties-label is--bold\">D\u00e4mpfer:<\/td>\n<td class=\"product--properties-value\">RockShox Deluxe Select+, 205x60mm (27.5: 185x55mm), Rebound Adjust, Trunnion Mount, Lockout<\/td>\n<\/tr>\n<tr class=\"product--properties-row row7\">\n<td class=\"product--properties-label is--bold\">Federweg:<\/td>\n<td class=\"product--properties-value\">150mm \/ 140mm<\/td>\n<\/tr>\n<tr class=\"product--properties-row row8\">\n<td class=\"product--properties-label is--bold\">Bremsen:<\/td>\n<td class=\"product--properties-value\">Sram DB8, Hydr. Disc Brake<\/td>\n<\/tr>\n<tr class=\"product--properties-row row9\">\n<td class=\"product--properties-label is--bold\">Bremsscheiben:<\/td>\n<td class=\"product--properties-value\">203\/203 mm<\/td>\n<\/tr>\n<tr class=\"product--properties-row row10\">\n<td class=\"product--properties-label is--bold\">Steuersatz:<\/td>\n<td class=\"product--properties-value\">ACROS AZF-1035, ICR (Integrated Cable Routing), BlockLock 120\u00b0, Top Zero-Stack 1 1\/2&#8243; (ZS 56mm), Bottom Zero-Stack 1 1\/2&#8243; (ZS 56mm)<\/td>\n<\/tr>\n<tr class=\"product--properties-row row11\">\n<td class=\"product--properties-label is--bold\">Vorbau:<\/td>\n<td class=\"product--properties-value\">CUBE Performance Stem E-MTB, 31.8mm<\/td>\n<\/tr>\n<tr class=\"product--properties-row row12\">\n<td class=\"product--properties-label is--bold\">Lenker:<\/td>\n<td class=\"product--properties-value\">Newmen Evolution SL 318.25, 760mm<\/td>\n<\/tr>\n<tr class=\"product--properties-row row13\">\n<td class=\"product--properties-label is--bold\">Griffe:<\/td>\n<td class=\"product--properties-value\">ACID React Pro<\/td>\n<\/tr>\n<tr class=\"product--properties-row row14\">\n<td class=\"product--properties-label is--bold\">Sattel:<\/td>\n<td class=\"product--properties-value\">Natural Fit Venec<\/td>\n<\/tr>\n<tr class=\"product--properties-row row15\">\n<td class=\"product--properties-label is--bold\">Sattelst\u00fctze:<\/td>\n<td class=\"product--properties-value\">CUBE Dropper Post, Handlebar Lever, Internal Cable Routing, 30.9mm<\/td>\n<\/tr>\n<\/tbody>\n<\/table>\n<table class=\"product--properties-table\">\n<tbody>\n<tr class=\"product--properties-row row16\">\n<td class=\"product--properties-label is--bold\">Sattelklemme:<\/td>\n<td class=\"product--properties-value\">CUBE Screwlock Semi Integrated, 34.9mm<\/td>\n<\/tr>\n<tr class=\"product--properties-row row17\">\n<td class=\"product--properties-label is--bold\">Kurbel:<\/td>\n<td class=\"product--properties-value\">ACID E-Crank, 165mm (27.5&#8243;: 36T \/\/ 29&#8243;: 34T)<\/td>\n<\/tr>\n<tr class=\"product--properties-row row18\">\n<td class=\"product--properties-label is--bold\">Schaltwerk:<\/td>\n<td class=\"product--properties-value\">Shimano XT RD-M8100-SGS, ShadowPlus, 12-Speed<\/td>\n<\/tr>\n<tr class=\"product--properties-row row19\">\n<td class=\"product--properties-label is--bold\">Schalthebel:<\/td>\n<td class=\"product--properties-value\">Shimano Deore SL-M6100, Rapidfire-Plus<\/td>\n<\/tr>\n<tr class=\"product--properties-row row20\">\n<td class=\"product--properties-label is--bold\">Kassette:<\/td>\n<td class=\"product--properties-value\">Shimano Deore CS-M6100, 10-51T<\/td>\n<\/tr>\n<tr class=\"product--properties-row row21\">\n<td class=\"product--properties-label is--bold\">Kette:<\/td>\n<td class=\"product--properties-value\">Shimano CN-M6100<\/td>\n<\/tr>\n<tr class=\"product--properties-row row22\">\n<td class=\"product--properties-label is--bold\">Reifen:<\/td>\n<td class=\"product--properties-value\">Schwalbe Nobby Nic, PerfL, 2.6<\/td>\n<\/tr>\n<tr class=\"product--properties-row row23\">\n<td class=\"product--properties-label is--bold\">Nabe Vorderrad:<\/td>\n<td class=\"product--properties-value\">Shimano HB-MT400-B, 15mm, Boost, Centerlock<\/td>\n<\/tr>\n<tr class=\"product--properties-row row24\">\n<td class=\"product--properties-label is--bold\">Nabe Hinterrad:<\/td>\n<td class=\"product--properties-value\">Shimano FH-MT410-B, 12mm, Boost, Centerlock<\/td>\n<\/tr>\n<tr class=\"product--properties-row row25\">\n<td class=\"product--properties-label is--bold\">Felgen:<\/td>\n<td class=\"product--properties-value\">CUBE EX30, 32H, Disc, Tubeless Ready<\/td>\n<\/tr>\n<tr class=\"product--properties-row row26\">\n<td class=\"product--properties-label is--bold\">Display:<\/td>\n<td class=\"product--properties-value\">Bosch Kiox 300, Bosch LED Remote<\/td>\n<\/tr>\n<tr class=\"product--properties-row row27\">\n<td class=\"product--properties-label is--bold\">Akku:<\/td>\n<td class=\"product--properties-value\">Bosch PowerTube 750<\/td>\n<\/tr>\n<tr class=\"product--properties-row row28\">\n<td class=\"product--properties-label is--bold\">Ladeger\u00e4t:<\/td>\n<td class=\"product--properties-value\">Bosch 4A<\/td>\n<\/tr>\n<tr class=\"product--properties-row row29\">\n<td class=\"product--properties-label is--bold\">Motor:<\/td>\n<td class=\"product--properties-value\">Bosch Drive Unit Performance CX Generation 4 (85Nm) Cruise (250Watt), Smart System<\/td>\n<\/tr>\n<tr class=\"product--properties-row row30\">\n<td class=\"product--properties-label is--bold\">Lagerdimension:<\/td>\n<td class=\"product--properties-value\">Top: 54mm Trunnion Mount, Bottom: 22.2x8mm<\/td>\n<\/tr>\n<tr class=\"product--properties-row row31\">\n<td class=\"product--properties-label is--bold\">Zul\u00e4ssiges Gesamtgewicht:<\/td>\n<td class=\"product--properties-value\">150 kg (K\u00f6rpergewicht + Fahrrad + Ausr\u00fcstung)<\/td>\n<\/tr>\n<tr class=\"product--properties-row row32\">\n<td class=\"product--properties-label is--bold\">Gewicht Komplettrad:<\/td>\n<td class=\"product--properties-value\">ab 24,8 kg<\/td>\n<\/tr>\n<\/tbody>\n<\/table><\/div>\n","protected":false},"excerpt":{"rendered":"<p>Cube\u00a0Stereo Hybrid 140 HPC Race 750 dazzle\u00b4n\u00b4orange Wer den ganzen Tag am Berg verbringt, muss sich voll und ganz auf sein Bike &#8211; und nat\u00fcrlich all seine Komponenten &#8211; verlassen k\u00f6nnen. Deshalb hat Cube dem Stereo Hybrid 140 HPC Race 750 auch eine RockShox 35 Silver Air Gabel und den dazu passenden Deluxe Select+ D\u00e4mpfer verpasst. 360\u00b0-Ansicht \u00f6ffnen In Kombination\u2026<\/p>\n","protected":false},"featured_media":3441,"comment_status":"closed","ping_status":"closed","template":"","meta":[],"product_brand":[],"product_cat":[93,94],"product_tag":[],"class_list":{"0":"post-3407","1":"product","2":"type-product","3":"status-publish","4":"has-post-thumbnail","6":"product_cat-e-bike","7":"product_cat-e-mountainbike","9":"first","10":"instock","11":"shipping-taxable","12":"purchasable","13":"product-type-variable"},"_links":{"self":[{"href":"https:\/\/fatbike-de.com\/index.php\/wp-json\/wp\/v2\/product\/3407","targetHints":{"allow":["GET"]}}],"collection":[{"href":"https:\/\/fatbike-de.com\/index.php\/wp-json\/wp\/v2\/product"}],"about":[{"href":"https:\/\/fatbike-de.com\/index.php\/wp-json\/wp\/v2\/types\/product"}],"replies":[{"embeddable":true,"href":"https:\/\/fatbike-de.com\/index.php\/wp-json\/wp\/v2\/comments?post=3407"}],"wp:featuredmedia":[{"embeddable":true,"href":"https:\/\/fatbike-de.com\/index.php\/wp-json\/wp\/v2\/media\/3441"}],"wp:attachment":[{"href":"https:\/\/fatbike-de.com\/index.php\/wp-json\/wp\/v2\/media?parent=3407"}],"wp:term":[{"taxonomy":"product_brand","embeddable":true,"href":"https:\/\/fatbike-de.com\/index.php\/wp-json\/wp\/v2\/product_brand?post=3407"},{"taxonomy":"product_cat","embeddable":true,"href":"https:\/\/fatbike-de.com\/index.php\/wp-json\/wp\/v2\/product_cat?post=3407"},{"taxonomy":"product_tag","embeddable":true,"href":"https:\/\/fatbike-de.com\/index.php\/wp-json\/wp\/v2\/product_tag?post=3407"}],"curies":[{"name":"wp","href":"https:\/\/api.w.org\/{rel}","templated":true}]}}