{"id":3470,"date":"2024-02-27T11:15:10","date_gmt":"2024-02-27T10:15:10","guid":{"rendered":"https:\/\/fatbike-de.com\/?post_type=product&#038;p=3470"},"modified":"2024-02-27T16:34:00","modified_gmt":"2024-02-27T15:34:00","slug":"lapierre-overvolt-am-5-6","status":"publish","type":"product","link":"https:\/\/fatbike-de.com\/index.php\/product\/lapierre-overvolt-am-5-6\/","title":{"rendered":"Lapierre Overvolt AM 5.6"},"content":{"rendered":"<h2 class=\"product--title\"><strong>Lapierre<\/strong>\u00a0Overvolt AM 5.6<\/h2>\n<p>Das E-Mountainbike Overvolt AM 5.6 \u00fcberzeugt nicht nur mit dem Lapierre-typischen unverwechselbarem Design, sondern auch mit dem effizienten Bosch-Antieb. Der Bosch Performance Line CX Motor kommt mit einem maximalen Drehmoment von 85 Nm &#8211; beste Performance in jedem Gel\u00e4nde ist garantiert. Dazu kommst du mit dem im Unterrohr integrierten gro\u00dfen 625 Wh Akku richtig weit. Mehr Reichweite, mehr Trails, mehr Fun!<\/p>\n<p>Das Overvolt AM ist ein echtes Allroundtalent f\u00fcr die Berge: Es kann sowohl bergauf als auch bergab fahren. Dieses Mountainbike mit Elektrounterst\u00fctzung, bei dessen Entwicklung die Zentralisierung und die Senkung des Schwerpunkts im Vordergrund standen, bew\u00e4ltigt auch die technisch anspruchsvollsten Trails. Die unterschiedlichen Laufr\u00e4der erm\u00f6glichen es, die beiden Reifengr\u00f6\u00dfen optimal zu nutzen. Das Ergebnis: ein herrliches Fahrgef\u00fchl und grenzenloser Fahrspa\u00df.<\/p>\n<hr \/>\n<h3>Die Highlights des Lapierre Overvolt AM 5.6<\/h3>\n<p>Eine Besonderheit beim Lapierre Overvolt AM ist der Laufradsatz: dieser kommt vorne mit 29\u201c und hinten mit 27,5\u201c. Dieser Laufrad-Mix, auch \u201eMullet\u201c genannt, soll das Beste aus beiden Welten vereinen. Zum einen die Wendigkeit, f\u00fcr die Mountainbikes mit 27,5\u201c bekannt sind, zum anderen bessere Traktion und ein gutes \u00dcberrollverhalten, was f\u00fcr die gr\u00f6\u00dferen 29\u201c R\u00e4der typisch ist. Das Fahrwerk des All Mountain E-MTBs besteht aus RockShox 35 Gold RL Gabel und Lapierre D\u00e4mpfer, beide mit 160 mm Federweg. F\u00fcr perfekte Bremsperformance sorgt die Shimano M4100 Bremse mit 4 Kolben. Den optimalen Grip auf den Trail bringen die breiten Maxxis Reifen, vorne mit einer Breite von 2,5\u201c, hinten mit 2,8\u201c.<\/p>\n<hr \/>\n<h3>Lapierre Technologie<\/h3>\n<p><strong>ALUMINIUM<\/strong><br \/> Die Wahl des Rahmenmaterials hat einen erheblichen Einfluss auf die Performance deines Bikes. Lapierre arbeitet unerm\u00fcdlich an der Perfektionierung seiner Aluminiumrahmen. Zusammen mit den besten Spezialisten der Branche haben sie ihr Highend-Rahmenmaterial Alloy Supreme entwickelt. Es wird in drei Versionen mit unterschiedlichen Werten bei Festigkeit und Gewicht angeboten. Supreme 6 zum beispiel ist 12 % robuster und 1,5 % leichter als Aluminium 7005. Hierbei handelt es sich um eine au\u00dfergew\u00f6hnlich strapazierf\u00e4hige Aluminiumlegierung.<\/p>\n<hr \/>\n<h3>Empfohlene Rahmengr\u00f6\u00dfe<\/h3>\n<ul>\n<li><b>S:<\/b>\u00a0150 &#8211; 170 cm<\/li>\n<li><b>M:<\/b>\u00a0168 &#8211; 178 cm<\/li>\n<li><b>L:<\/b>\u00a0176 &#8211; 186 cm<\/li>\n<li><b>XL:<\/b>\u00a0&gt;184 cm<br \/> <br \/>\n<h2>Ausstattung<\/h2>\n<div class=\"product--properties panel has--border\">\n<table class=\"product--properties-table\">\n<tbody>\n<tr class=\"product--properties-row row1\">\n<td class=\"product--properties-label is--bold\">Rahmen:<\/td>\n<td class=\"product--properties-value\">Overvolt FS 160mm travel integrated Bosch Supreme 5 alloy (UDH Dropout)<\/td>\n<\/tr>\n<tr class=\"product--properties-row row2\">\n<td class=\"product--properties-label is--bold\">Rahmenmaterial:<\/td>\n<td class=\"product--properties-value\">Aluminium<\/td>\n<\/tr>\n<tr class=\"product--properties-row row3\">\n<td class=\"product--properties-label is--bold\">Laufradgr\u00f6\u00dfe:<\/td>\n<td class=\"product--properties-value\">29&#8243; \/ 27.5&#8243;<\/td>\n<\/tr>\n<tr class=\"product--properties-row row4\">\n<td class=\"product--properties-label is--bold\">Farbe:<\/td>\n<td class=\"product--properties-value\">GREY<\/td>\n<\/tr>\n<tr class=\"product--properties-row row5\">\n<td class=\"product--properties-label is--bold\">Gabel:<\/td>\n<td class=\"product--properties-value\">RockShox 35 Gold RL 15x110mm, 29&#8220;, 160mm travel, 44mm offset<\/td>\n<\/tr>\n<tr class=\"product--properties-row row6\">\n<td class=\"product--properties-label is--bold\">D\u00e4mpfer:<\/td>\n<td class=\"product--properties-value\">Lapierre Shock Trunnion 205x60mm<\/td>\n<\/tr>\n<tr class=\"product--properties-row row7\">\n<td class=\"product--properties-label is--bold\">Federweg:<\/td>\n<td class=\"product--properties-value\">160mm \/ 160mm<\/td>\n<\/tr>\n<tr class=\"product--properties-row row8\">\n<td class=\"product--properties-label is--bold\">Bremsen:<\/td>\n<td class=\"product--properties-value\">Shimano M4100 4 pistons<\/td>\n<\/tr>\n<tr class=\"product--properties-row row9\">\n<td class=\"product--properties-label is--bold\">Bremsscheiben:<\/td>\n<td class=\"product--properties-value\">Shimano SMRT30 203mm (front) \/ RTEM300 with Magnet, 203mm (rear) centerlock<\/td>\n<\/tr>\n<tr class=\"product--properties-row row10\">\n<td class=\"product--properties-label is--bold\">Steuersatz:<\/td>\n<td class=\"product--properties-value\">FSA NO.55R\/57E, Anodized black 1-1\/8&#8243;-1.5&#8243;<\/td>\n<\/tr>\n<tr class=\"product--properties-row row11\">\n<td class=\"product--properties-label is--bold\">Vorbau:<\/td>\n<td class=\"product--properties-value\">Lapierre CNC, \u00d8: 31.8mm, L: 40mm (S\/M), 45mm (L\/XL)<\/td>\n<\/tr>\n<tr class=\"product--properties-row row12\">\n<td class=\"product--properties-label is--bold\">Lenker:<\/td>\n<td class=\"product--properties-value\">Lapierre alloy 6061DB, Width: 780mm, Rise: 15mm (S\/M), Width: 780mm, Rise: 30mm (L\/XL), \u00d8: 31.8mm<\/td>\n<\/tr>\n<tr class=\"product--properties-row row13\">\n<td class=\"product--properties-label is--bold\">Griffe:<\/td>\n<td class=\"product--properties-value\">Lapierre grips, S\/M: small diameter, L\/XL: large diameter<\/td>\n<\/tr>\n<tr class=\"product--properties-row row14\">\n<td class=\"product--properties-label is--bold\">Sattel:<\/td>\n<td class=\"product--properties-value\">Selle Royal Vivo<\/td>\n<\/tr>\n<tr class=\"product--properties-row row15\">\n<td class=\"product--properties-label is--bold\">Sattelst\u00fctze:<\/td>\n<td class=\"product--properties-value\">Lapierre Dropper by JD \u00d8: 31.6mm Travel 100mm(S) 130mm(M) 150mm (L, XL) + Shimano Lever<\/td>\n<\/tr>\n<\/tbody>\n<\/table>\n<table class=\"product--properties-table\">\n<tbody>\n<tr class=\"product--properties-row row16\">\n<td class=\"product--properties-label is--bold\">Kurbel:<\/td>\n<td class=\"product--properties-value\">Lapierre Overvolt ISIS 160mm (S\/M) \/ 165mm (L\/XL) + E13 steel ring 34T<\/td>\n<\/tr>\n<tr class=\"product--properties-row row17\">\n<td class=\"product--properties-label is--bold\">Schaltwerk:<\/td>\n<td class=\"product--properties-value\">Shimano Deore RD-M5100, 11s<\/td>\n<\/tr>\n<tr class=\"product--properties-row row18\">\n<td class=\"product--properties-label is--bold\">Schalthebel:<\/td>\n<td class=\"product--properties-value\">Shimano Deore SL-M5100 11s<\/td>\n<\/tr>\n<tr class=\"product--properties-row row19\">\n<td class=\"product--properties-label is--bold\">Kassette:<\/td>\n<td class=\"product--properties-value\">Shimano Deore CS-M5100 11-51T 11s<\/td>\n<\/tr>\n<tr class=\"product--properties-row row20\">\n<td class=\"product--properties-label is--bold\">Kette:<\/td>\n<td class=\"product--properties-value\">KMC E11 Turbo 11s<\/td>\n<\/tr>\n<tr class=\"product--properties-row row21\">\n<td class=\"product--properties-label is--bold\">Reifen vorne:<\/td>\n<td class=\"product--properties-value\">Maxxis 29&#215;2.5 WT Assegai, 60TPI, EXO+, 3C MaxxGrip, TR<\/td>\n<\/tr>\n<tr class=\"product--properties-row row22\">\n<td class=\"product--properties-label is--bold\">Reifen hinten:<\/td>\n<td class=\"product--properties-value\">Maxxis 27.5&#215;2.8 Minion DHR II 60TPI, EXO+, 3C Maxxterra, TR<\/td>\n<\/tr>\n<tr class=\"product--properties-row row23\">\n<td class=\"product--properties-label is--bold\">Nabe Vorderrad:<\/td>\n<td class=\"product--properties-value\">Lapierre DA210, boost 15&#215;110, 32H Center Lock<\/td>\n<\/tr>\n<tr class=\"product--properties-row row24\">\n<td class=\"product--properties-label is--bold\">Nabe Hinterrad:<\/td>\n<td class=\"product--properties-value\">Lapierre DA210, 4 sealed bearings, boost 12&#215;148, 32H Center Lock<\/td>\n<\/tr>\n<tr class=\"product--properties-row row25\">\n<td class=\"product--properties-label is--bold\">Felgen:<\/td>\n<td class=\"product--properties-value\">Lapierre eAM+ 32H, front: 622&#215;30 rear: 584&#215;35 Tubeless Ready<\/td>\n<\/tr>\n<tr class=\"product--properties-row row26\">\n<td class=\"product--properties-label is--bold\">Display:<\/td>\n<td class=\"product--properties-value\">Purion<\/td>\n<\/tr>\n<tr class=\"product--properties-row row27\">\n<td class=\"product--properties-label is--bold\">Akku:<\/td>\n<td class=\"product--properties-value\">PowerTube 625Wh<\/td>\n<\/tr>\n<tr class=\"product--properties-row row28\">\n<td class=\"product--properties-label is--bold\">Ladeger\u00e4t:<\/td>\n<td class=\"product--properties-value\">Bosch Charger 4A<\/td>\n<\/tr>\n<tr class=\"product--properties-row row29\">\n<td class=\"product--properties-label is--bold\">Motor:<\/td>\n<td class=\"product--properties-value\">Bosch Performance Line CX Gen4<\/td>\n<\/tr>\n<tr class=\"product--properties-row row30\">\n<td class=\"product--properties-label is--bold\">Pedale:<\/td>\n<td class=\"product--properties-value\">VP VPE-527<\/td>\n<\/tr>\n<tr class=\"product--properties-row row31\">\n<td class=\"product--properties-label is--bold\">Sonstiges:<\/td>\n<td class=\"product--properties-value\">thru axle multitool lever, Tubeless flap + valves<\/td>\n<\/tr>\n<\/tbody>\n<\/table><\/div>\n<\/li>\n<\/ul>\n","protected":false},"excerpt":{"rendered":"<p>Lapierre\u00a0Overvolt AM 5.6 Das E-Mountainbike Overvolt AM 5.6 \u00fcberzeugt nicht nur mit dem Lapierre-typischen unverwechselbarem Design, sondern auch mit dem effizienten Bosch-Antieb. Der Bosch Performance Line CX Motor kommt mit einem maximalen Drehmoment von 85 Nm &#8211; beste Performance in jedem Gel\u00e4nde ist garantiert. Dazu kommst du mit dem im Unterrohr integrierten gro\u00dfen 625 Wh Akku richtig weit. Mehr Reichweite,\u2026<\/p>\n","protected":false},"featured_media":3492,"comment_status":"closed","ping_status":"closed","template":"","meta":[],"product_brand":[],"product_cat":[93,102,94],"product_tag":[],"class_list":{"0":"post-3470","1":"product","2":"type-product","3":"status-publish","4":"has-post-thumbnail","6":"product_cat-e-bike","7":"product_cat-e-bikes-2022","8":"product_cat-e-mountainbike","10":"first","11":"instock","12":"sale","13":"shipping-taxable","14":"purchasable","15":"product-type-variable"},"_links":{"self":[{"href":"https:\/\/fatbike-de.com\/index.php\/wp-json\/wp\/v2\/product\/3470","targetHints":{"allow":["GET"]}}],"collection":[{"href":"https:\/\/fatbike-de.com\/index.php\/wp-json\/wp\/v2\/product"}],"about":[{"href":"https:\/\/fatbike-de.com\/index.php\/wp-json\/wp\/v2\/types\/product"}],"replies":[{"embeddable":true,"href":"https:\/\/fatbike-de.com\/index.php\/wp-json\/wp\/v2\/comments?post=3470"}],"wp:featuredmedia":[{"embeddable":true,"href":"https:\/\/fatbike-de.com\/index.php\/wp-json\/wp\/v2\/media\/3492"}],"wp:attachment":[{"href":"https:\/\/fatbike-de.com\/index.php\/wp-json\/wp\/v2\/media?parent=3470"}],"wp:term":[{"taxonomy":"product_brand","embeddable":true,"href":"https:\/\/fatbike-de.com\/index.php\/wp-json\/wp\/v2\/product_brand?post=3470"},{"taxonomy":"product_cat","embeddable":true,"href":"https:\/\/fatbike-de.com\/index.php\/wp-json\/wp\/v2\/product_cat?post=3470"},{"taxonomy":"product_tag","embeddable":true,"href":"https:\/\/fatbike-de.com\/index.php\/wp-json\/wp\/v2\/product_tag?post=3470"}],"curies":[{"name":"wp","href":"https:\/\/api.w.org\/{rel}","templated":true}]}}