{"id":3573,"date":"2024-02-27T11:17:26","date_gmt":"2024-02-27T10:17:26","guid":{"rendered":"https:\/\/fatbike-de.com\/?post_type=product&#038;p=3573"},"modified":"2024-02-27T11:18:21","modified_gmt":"2024-02-27T10:18:21","slug":"santa-cruz-blur-cc-x01-axs-rsv","status":"publish","type":"product","link":"https:\/\/fatbike-de.com\/index.php\/product\/santa-cruz-blur-cc-x01-axs-rsv\/","title":{"rendered":"Santa Cruz Blur CC X01 AXS RSV"},"content":{"rendered":"<h2 class=\"content--title\"><strong>Santa Cruz<\/strong>\u00a0Blur CC X01 AXS RSV<\/h2>\n<p class=\"product--description\">Das Blur CC X01 AXS ist das absolute High-End Race-Fully von Santa Cruz. Rennerprobt \u00fcberwindet dieses Bike rasend schnell jede Herausforderung im XC-Bereich \u2013 und dar\u00fcber hinaus. Der superleichte, steife Carbon-Rahmen l\u00e4sst dich in Verbindung mit der elektronischen SRAM X01 AXS Schaltgruppe richtig Gas geben. Und mit dem hochwertigen RockShox-Fahrwerk kannst du locker auch die h\u00e4rtesten Streckenabschnitte meistern. Bei dem RSV-Modell sind die extrem stabilen und fast unkaputtbaren Carbon-Laufr\u00e4der &#8222;Reserve&#8220; von Santa Cruz verbaut &#8211; erfahre echte Performance!<\/p>\n<hr \/>\n<h3>Das Santa Cruz Blur CC X01 AXS RSV im Detail<\/h3>\n<p>Jedes Wochenende gibt es bei Rennen auf der ganzen Welt einen Fahrer, der auf die Schultern der Menge gehoben und zum Podium getragen wird. Oder zumindest mit einer Radflasche als Preis nach Hause geht. Und zwischen jedem dieser Rennen schwitzen unz\u00e4hlige Biker auf der Rolle und im Fitnessstudio, weil auch sie vom Siegen tr\u00e4umen. Sie wissen, dass Erfolg das Ergebnis harter Arbeit ist. Und genau da kommt das Blur ins Spiel.<\/p>\n<p>Santa Cruz wirft alles auf die Rennstrecke, was sie \u00fcber die Jahre bei der Entwicklung von hochwertigen vollgefederten Carbon-Bikes gelernt haben, um so wenig (Gewicht) wie m\u00f6glich in den Blur-Rahmen zu stecken. Der schlanke Rahmen und die super-effiziente Superlight\u2122-Federung sind der Schl\u00fcssel, um Muskelkraft in Vortrieb umzusetzen.<\/p>\n<p>Aber das Blur ist nicht nur f\u00fcr Short Track Cross Country gedacht. Zwei Trinkflaschenhalterungen im Hauptrahmen versorgen auch den durstigsten Racer. Und die hochwertige Verarbeitung und stabile Carbon-Konstruktion versprechen bei Mehrtages-Rennen ein sorgenfreies Leben &#8211; das hei\u00dft, es gibt keine fummeligen L\u00f6sungen und Spezialteile, mit denen Du im Fahrerlager vom Cape Epic oder der Transalp stranden k\u00f6nntest. Der Carbon-Rahmen ist super leicht, aber dennoch robust. Und wie bei allen Santa Cruz R\u00e4dern, stehen sie mit der lebenslangen Santa Cruz-Garantie* und dem Rider Support-Team mit vollem Qualit\u00e4tsversprechen hinter Deinen Ambitionen.<\/p>\n<p>Das Blur garantiert zwar nicht den Sieg, aber es ist das leichteste vollgefederte Carbon-XC-Bike, das Santa Cruz je gebaut hat. Der Rahmen ist 289g leichter als sein Vorg\u00e4nger. Und das kann den entscheidenden Unterschied bringen, ob im Sprint um Platz 1 &#8230; oder einfach nur um die Ziellinie Deiner pers\u00f6nlichen Herausforderung zu erreichen.<\/p>\n<hr \/>\n<h3>Lebenslange Rahmen-Garantie<\/h3>\n<p>Santa Cruz Bicycles repariert oder ersetzt nach eigenem Ermessen jeden Rahmen, der von Santa Cruz Bicycles hergestellt wurde und der einen Material- oder Verarbeitungsfehler aufweist. Die Garantie gilt f\u00fcr die Lebensdauer des Rahmens und steht ausschlie\u00dflich dem Erstbesitzer zur Verf\u00fcgung. Ungeachtet des Vorstehenden sind Rahmen, die vor dem 1. Mai 2015 gekauft wurden, f\u00fcr f\u00fcnf Jahre ab dem urspr\u00fcnglichen Kaufdatum durch die vorher bestehende Garantie abgedeckt. Im Falle einer Situation, in der die Garantie nicht gilt, bietet Santa Cruz Bicycles dem Erstbesitzer Ersatzteile zu einem reduzierten Preis f\u00fcr die oben beschriebene Garantiezeit an.*<\/p>\n<h3>Lebenslange Garantie auf Reserve-Carbon-Laufr\u00e4der<\/h3>\n<p>Santa Cruz Bicycles repariert oder ersetzt nach eigenem Ermessen jegliche von Santa Cruz Bicycles hergestellte Reservefelge, die durch das Fahren besch\u00e4digt oder zerst\u00f6rt wurden. Die Garantie gilt f\u00fcr die Lebensdauer der Felge und steht ausschlie\u00dflich dem Erstbesitzer zur Verf\u00fcgung.*<\/p>\n<hr \/>\n<h3>Technologie<\/h3>\n<p><strong>Der Santa Cruz Carbon-Rahmen<\/strong><\/p>\n<p>Santa Cruz nutzt Carbon f\u00fcr seine Mountainbikes nicht nur, weil es cool aussieht und weil es alle anderen tun. Sie sind Vorreiter bei der Verwendung fortschrittlicher Materialien und Produktionsmethoden, um m\u00f6glichst stabile und leistungsf\u00e4hige Bikes zu bauen. Durch ihre langj\u00e4hrige Erfahrung im Umgang mit Carbon kann Santa Cruz echten Fahrspa\u00df und volles Vertrauen in die Produkte garantieren.<\/p>\n<p>Die Carbon-Technologie wird direkt in Santa Cruz, Kalifornien, entwickelt. Im eigenen Carbon-Labor erforschen und testen die Santa Cruz-Ingenieure neue Herstellungsverfahren und -techniken. Au\u00dferdem kann im hauseigenen Prototypenbau das Carbon-Layup eines Teils so entwickelt werden, dass jeder Serien-Rahmen von den Erkenntnissen profitiert. Dadurch sind die Serienbikes von Santa Cruz extrem robust. Und durch st\u00e4ndige Weiterentwicklung des Wissens f\u00fcr die Vorteile neuer Materialien und verfeinerter Technologien entwickeln sich die Bikes stetig weiter.<\/p>\n<p>Die Carbon-Rahmen werden in Santa Cruz\u2018 exklusiver Fabrik produziert. Sie haben diese Produktionsst\u00e4tte selbst gegr\u00fcndet, um kontrollieren zu k\u00f6nnen, dass die Entw\u00fcrfe richtig umgesetzt werden, um eine optimale Qualit\u00e4tssicherung zu gew\u00e4hrleisten und um sicherzustellen, dass Technologien und Erkenntnisse nicht au\u00dfer Haus gelangen. Wenn etwas verbessert werden muss, hat Santa Cruz die Kapazit\u00e4t und die M\u00f6glichkeit, zeitnah zu reagieren und den Produktionsprozess zu optimieren, bevor das fertige Produkt in deine H\u00e4nde gelangt.<\/p>\n<h4 class=\"product--description\"><strong>Das Santa Cruz Virtual Pivot Point (VPP\u00ae) Hinterbau-System<\/strong><\/h4>\n<table class=\"graf_tab\">\n<tbody>\n<tr>\n<td width=\"20%\"><img decoding=\"async\" title=\"Santa Cruz VPP\" src=\"https:\/\/cd.bike-discount.de\/media\/image\/55\/1b\/39\/santa-cruz-vpp_technology_htlt_action-01.jpg\" alt=\"\" data-src=\"media\/image\/santa-cruz-vpp_technology_htlt_action-01.jpg\" \/><\/td>\n<td>Santa Cruz arbeitet seit 2001 mit dem VPP\u00ae-System. Und sie halten an ihrem vielseitigen und extrem leistungsstarken Hinterbau-System weiter fest, anstatt eine Reihe von verr\u00fcckten Erfindern zu beauftragen, immer komplexere und undurchsichtigere Federungsdesigns oder gar eigene D\u00e4mpfer zu bauen, nur damit die Marketingabteilung neues Futter hat. VPP\u00ae wurde entwickelt, um stets mit der besten und zuverl\u00e4ssigsten Technologie der Fahrwerkshersteller arbeiten zu k\u00f6nnen. Es werden also keine neuartigen D\u00e4mpfer oder Bauteile ben\u00f6tigt, sondern nur Komponenten, die m\u00f6glichst langfristig verf\u00fcgbar sind.<\/td>\n<\/tr>\n<\/tbody>\n<\/table>\n<table class=\"graf_tab\">\n<tbody>\n<tr>\n<td width=\"20%\"><img decoding=\"async\" title=\"Santa Cruz VPP\" src=\"https:\/\/cd.bike-discount.de\/media\/image\/6b\/a2\/e8\/santa-cruz-vpp_technology_detail_02.jpg\" alt=\"\" data-src=\"media\/image\/santa-cruz-vpp_technology_detail_02.jpg\" \/><\/td>\n<td>Das VPP\u00ae-System kann f\u00fcr jedes Bike so optimiert werden, dass stets die richtige Balance zwischen Antriebs-Effizienz und Hinterbauperformance erreicht wird. Die Federung der XC-Bikes ist dabei so abgestimmt, dass trotz effektiver Federung s\u00e4mtliche Energie in Vortrieb umgesetzt wird. Bei den langhubigeren Trailbikes nimmt der Hinterbau souver\u00e4n auch gr\u00f6\u00dfte Schl\u00e4ge auf, um eine m\u00f6glichst sichere und effiziente Fahrt in grobem Gel\u00e4nde zu gew\u00e4hrleisten. Das Sch\u00f6ne am VPP\u00ae-System ist, dass die kurzen Umlenkhebel eine kompakte, aufger\u00e4umte Fahrwerkskonstruktionen erm\u00f6glichen. Kombiniert mit Achsen mit gro\u00dfem Durchmesser, die auf Schr\u00e4gkugellagern laufen, erh\u00e4lt man die Zuverl\u00e4ssigkeit, das Ansprechverhalten und die Pr\u00e4zision, f\u00fcr die Santa Cruz Rahmen ber\u00fchmt sind.<\/td>\n<\/tr>\n<\/tbody>\n<\/table>\n<table class=\"graf_tab\">\n<tbody>\n<tr>\n<td width=\"20%\"><img decoding=\"async\" title=\"Santa Cruz VPP\" src=\"https:\/\/cd.bike-discount.de\/media\/image\/8d\/3d\/09\/santa-cruz-vpp_technology_detail_03.jpg\" alt=\"\" data-src=\"media\/image\/santa-cruz-vpp_technology_detail_03.jpg\" \/><\/td>\n<td>Mittlerweile gibt es zwei Arten des VPP\u00ae-Designs. Die am unteren Umlenkhebel montierte D\u00e4mpferaufnahme bietet eine sehr progressiv-lineare Federkennlinie mit feinem Ansprechverhalten, guten Support im mittlerem Federweg und gegen Ende des Federwegs eine starke Progression. Ideal f\u00fcr Bikes, die f\u00fcr anspruchsvolles Gel\u00e4nde ausgelegt sind. Der am oberen Umlenkhebel gelagerte D\u00e4mpfer, der bei den kurzhubigeren Trail-Bikes verwendet wird, bietet mehr Pedalplattform und ist dadurch noch antriebsneutraler. Dieses Design ist ideal f\u00fcr schnelle und agile Bikes, die maximalen Support und guten Bottom-Out-Widerstand brauchen, und sich dadurch besonders leichtf\u00fc\u00dfig bewegen. Die Kontrolle \u00fcber ein vielseitiges Design wie dieses zu haben, erm\u00f6glicht es Santa Cruz, das Hinterbausystem eines Bikes jeweils mit den Eigenschaften auszustatten, die sie sich f\u00fcr den spezifischen Einsatzbereich w\u00fcnschen.<\/td>\n<\/tr>\n<\/tbody>\n<\/table>\n<h2>Ausstattung<\/h2>\n<div class=\"product--properties panel has--border\">\n<table class=\"product--properties-table\">\n<tbody>\n<tr class=\"product--properties-row row1\">\n<td class=\"product--properties-label is--bold\">Rahmen:<\/td>\n<td class=\"product--properties-value\">Carbon CC 29&#8243; 100mm Travel VPP\u2122<\/td>\n<\/tr>\n<tr class=\"product--properties-row row2\">\n<td class=\"product--properties-label is--bold\">Rahmenmaterial:<\/td>\n<td class=\"product--properties-value\">Carbon<\/td>\n<\/tr>\n<tr class=\"product--properties-row row3\">\n<td class=\"product--properties-label is--bold\">Laufradgr\u00f6\u00dfe:<\/td>\n<td class=\"product--properties-value\">29&#8243;<\/td>\n<\/tr>\n<tr class=\"product--properties-row row4\">\n<td class=\"product--properties-label is--bold\">Farbe:<\/td>\n<td class=\"product--properties-value\">Dark Matter<\/td>\n<\/tr>\n<tr class=\"product--properties-row row5\">\n<td class=\"product--properties-label is--bold\">Gabel:<\/td>\n<td class=\"product--properties-value\">RockShox Sid SL Ultimate, 100mm, 29&#8243; w\/Remote<\/td>\n<\/tr>\n<tr class=\"product--properties-row row6\">\n<td class=\"product--properties-label is--bold\">D\u00e4mpfer:<\/td>\n<td class=\"product--properties-value\">RockShox SidLuxe Ultimate<\/td>\n<\/tr>\n<tr class=\"product--properties-row row7\">\n<td class=\"product--properties-label is--bold\">Federweg:<\/td>\n<td class=\"product--properties-value\">100mm \/ 100mm<\/td>\n<\/tr>\n<tr class=\"product--properties-row row8\">\n<td class=\"product--properties-label is--bold\">Bremsen:<\/td>\n<td class=\"product--properties-value\">SRAM Level TLM<\/td>\n<\/tr>\n<tr class=\"product--properties-row row9\">\n<td class=\"product--properties-label is--bold\">Bremsscheiben:<\/td>\n<td class=\"product--properties-value\">SRAM CLX Center Lock 160 mm \/ 160 mm<\/td>\n<\/tr>\n<tr class=\"product--properties-row row10\">\n<td class=\"product--properties-label is--bold\">Steuersatz:<\/td>\n<td class=\"product--properties-value\">Cane Creek 40 IS Integrated Headset<\/td>\n<\/tr>\n<tr class=\"product--properties-row row11\">\n<td class=\"product--properties-label is--bold\">Vorbau:<\/td>\n<td class=\"product--properties-value\">Syntace LiteForce<\/td>\n<\/tr>\n<tr class=\"product--properties-row row12\">\n<td class=\"product--properties-label is--bold\">Lenker:<\/td>\n<td class=\"product--properties-value\">Santa Cruz Bicycles Carbon Flat Bar, 760mm<\/td>\n<\/tr>\n<tr class=\"product--properties-row row13\">\n<td class=\"product--properties-label is--bold\">Griffe:<\/td>\n<td class=\"product--properties-value\">SRAM Twistlock<\/td>\n<\/tr>\n<tr class=\"product--properties-row row14\">\n<td class=\"product--properties-label is--bold\">Sattel:<\/td>\n<td class=\"product--properties-value\">WTB Silverado Medium Ti Fusion Saddle or WTB Volt<\/td>\n<\/tr>\n<tr class=\"product--properties-row row15\">\n<td class=\"product--properties-label is--bold\">Sattelst\u00fctze:<\/td>\n<td class=\"product--properties-value\">FOX Transfer SL Performance Elite, 100mm, 31.6<\/td>\n<\/tr>\n<\/tbody>\n<\/table>\n<table class=\"product--properties-table\">\n<tbody>\n<tr class=\"product--properties-row row16\">\n<td class=\"product--properties-label is--bold\">Kurbel:<\/td>\n<td class=\"product--properties-value\">SRAM X1 Eagle Carbon 148 DUB, 34t<\/td>\n<\/tr>\n<tr class=\"product--properties-row row17\">\n<td class=\"product--properties-label is--bold\">Tretlager\/Innenlager:<\/td>\n<td class=\"product--properties-value\">SRAM DUB 68\/73mm Threaded BB<\/td>\n<\/tr>\n<tr class=\"product--properties-row row18\">\n<td class=\"product--properties-label is--bold\">Schaltwerk:<\/td>\n<td class=\"product--properties-value\">SRAM X01 Eagle AXS, 12spd<\/td>\n<\/tr>\n<tr class=\"product--properties-row row19\">\n<td class=\"product--properties-label is--bold\">Schalthebel:<\/td>\n<td class=\"product--properties-value\">SRAM GX AXS Controller<\/td>\n<\/tr>\n<tr class=\"product--properties-row row20\">\n<td class=\"product--properties-label is--bold\">Kettenf\u00fchrung:<\/td>\n<td class=\"product--properties-value\">OneUp Chainguide<\/td>\n<\/tr>\n<tr class=\"product--properties-row row21\">\n<td class=\"product--properties-label is--bold\">Kassette:<\/td>\n<td class=\"product--properties-value\">SRAM XG1295 Eagle, 12spd, 10-50t<\/td>\n<\/tr>\n<tr class=\"product--properties-row row22\">\n<td class=\"product--properties-label is--bold\">Kette:<\/td>\n<td class=\"product--properties-value\">SRAM X01 Eagle, 12spd<\/td>\n<\/tr>\n<tr class=\"product--properties-row row23\">\n<td class=\"product--properties-label is--bold\">Reifen vorne:<\/td>\n<td class=\"product--properties-value\">Maxxis Aspen, 29&#8243;x2.4WT, 3C, EXO, TR<\/td>\n<\/tr>\n<tr class=\"product--properties-row row24\">\n<td class=\"product--properties-label is--bold\">Reifen hinten:<\/td>\n<td class=\"product--properties-value\">Maxxis Aspen, 29&#8243;x2.4WT, 3C, EXO, TR<\/td>\n<\/tr>\n<tr class=\"product--properties-row row25\">\n<td class=\"product--properties-label is--bold\">Nabe Vorderrad:<\/td>\n<td class=\"product--properties-value\">Industry Nine 1\/1, 110&#215;15, Centerlock, 24h<\/td>\n<\/tr>\n<tr class=\"product--properties-row row26\">\n<td class=\"product--properties-label is--bold\">Nabe Hinterrad:<\/td>\n<td class=\"product--properties-value\">Industry Nine 1\/1, 148&#215;12, XD, Centerlock, 24h<\/td>\n<\/tr>\n<tr class=\"product--properties-row row27\">\n<td class=\"product--properties-label is--bold\">Speichen:<\/td>\n<td class=\"product--properties-value\">Sapim D-light<\/td>\n<\/tr>\n<tr class=\"product--properties-row row28\">\n<td class=\"product--properties-label is--bold\">Felgen:<\/td>\n<td class=\"product--properties-value\">Reserve 28|XC Carbon Rim<\/td>\n<\/tr>\n<tr class=\"product--properties-row row29\">\n<td class=\"product--properties-label is--bold\">Pedale:<\/td>\n<td class=\"product--properties-value\">nicht im Lieferumfang enthalten<\/td>\n<\/tr>\n<tr class=\"product--properties-row row30\">\n<td class=\"product--properties-label is--bold\">Sonstiges:<\/td>\n<td class=\"product--properties-value\">Stan&#8217;s Sealant<\/td>\n<\/tr>\n<tr class=\"product--properties-row row31\">\n<td class=\"product--properties-label is--bold\">Zul\u00e4ssiges Gesamtgewicht:<\/td>\n<td class=\"product--properties-value\">136 kg (K\u00f6rpergewicht + Fahrrad + Ausr\u00fcstung)<\/td>\n<\/tr>\n<tr class=\"product--properties-row row32\">\n<td class=\"product--properties-label is--bold\">Gewicht Komplettrad:<\/td>\n<td class=\"product--properties-value\">10.39 kg<\/td>\n<\/tr>\n<\/tbody>\n<\/table><\/div>\n","protected":false},"excerpt":{"rendered":"<div class=\"tab-menu--product js--tab-menu\">\n<div class=\"tab--container-list\">\n<div class=\"tab--container description has--content is--active\">\n<div class=\"tab--content box-description\">\n<div class=\"content--description\">\n<div class=\"ean-box\"><label><strong>Modelljahr<\/strong>: <span style=\"font-size: 16px\">2023<\/span><\/label><\/div>\n<\/p><\/div>\n<\/p><\/div>\n<\/p><\/div>\n<\/p><\/div>\n<\/p><\/div>\n<p><a class=\"rating-link-info--box\" name=\"product--publish-comment\"><\/a><\/p>\n<div id=\"detail--product-reviews\" class=\"content--product-reviews 123\"><\/div>\n","protected":false},"featured_media":3588,"comment_status":"closed","ping_status":"closed","template":"","meta":[],"product_brand":[],"product_cat":[94,95,106,96],"product_tag":[],"class_list":{"0":"post-3573","1":"product","2":"type-product","3":"status-publish","4":"has-post-thumbnail","6":"product_cat-e-mountainbike","7":"product_cat-fahrrad","8":"product_cat-fullsuspension","9":"product_cat-mountainbike","11":"first","12":"instock","13":"sale","14":"shipping-taxable","15":"purchasable","16":"product-type-variable"},"_links":{"self":[{"href":"https:\/\/fatbike-de.com\/index.php\/wp-json\/wp\/v2\/product\/3573","targetHints":{"allow":["GET"]}}],"collection":[{"href":"https:\/\/fatbike-de.com\/index.php\/wp-json\/wp\/v2\/product"}],"about":[{"href":"https:\/\/fatbike-de.com\/index.php\/wp-json\/wp\/v2\/types\/product"}],"replies":[{"embeddable":true,"href":"https:\/\/fatbike-de.com\/index.php\/wp-json\/wp\/v2\/comments?post=3573"}],"wp:featuredmedia":[{"embeddable":true,"href":"https:\/\/fatbike-de.com\/index.php\/wp-json\/wp\/v2\/media\/3588"}],"wp:attachment":[{"href":"https:\/\/fatbike-de.com\/index.php\/wp-json\/wp\/v2\/media?parent=3573"}],"wp:term":[{"taxonomy":"product_brand","embeddable":true,"href":"https:\/\/fatbike-de.com\/index.php\/wp-json\/wp\/v2\/product_brand?post=3573"},{"taxonomy":"product_cat","embeddable":true,"href":"https:\/\/fatbike-de.com\/index.php\/wp-json\/wp\/v2\/product_cat?post=3573"},{"taxonomy":"product_tag","embeddable":true,"href":"https:\/\/fatbike-de.com\/index.php\/wp-json\/wp\/v2\/product_tag?post=3573"}],"curies":[{"name":"wp","href":"https:\/\/api.w.org\/{rel}","templated":true}]}}