{"id":3607,"date":"2024-02-27T11:17:59","date_gmt":"2024-02-27T10:17:59","guid":{"rendered":"https:\/\/fatbike-de.com\/?post_type=product&#038;p=3607"},"modified":"2024-02-27T11:18:44","modified_gmt":"2024-02-27T10:18:44","slug":"cube-stereo-hybrid-140-hpc-tm-750-flashgreynolive","status":"publish","type":"product","link":"https:\/\/fatbike-de.com\/index.php\/product\/cube-stereo-hybrid-140-hpc-tm-750-flashgreynolive\/","title":{"rendered":"Cube Stereo Hybrid 140 HPC TM 750 flashgrey\u00b4n\u00b4olive"},"content":{"rendered":"<h2 class=\"product--title\"><strong>Cube<\/strong>\u00a0Stereo Hybrid 140 HPC TM 750 flashgrey\u00b4n\u00b4olive<\/h2>\n<p class=\"product--rating-container\">Passionierte Trail-Fahrer sind immer auf der Suche. Wonach? Nach dem perfekten Gel\u00e4nde nat\u00fcrlich! Das Stereo Hybrid 140 HPC TM 750 ist daf\u00fcr das Bike der Wahl. Es kommt mit einem leistungsstarken Bosch CX Motor, robusten Fox Fahrwerk und top abgestimmten CUBE Rahmen daher. Und es l\u00e4sst sich m\u00fchelos auf deine Anforderungen abstimmen und bringt immer top Support. Dein Ticket f\u00fcr genialen Fahrspa\u00df am Berg!<\/p>\n<hr \/>\n<h3 class=\"product--rating-container\"><a href=\"https:\/\/www.cube.eu\/360\/636203\" target=\"_blank\" rel=\"noopener\"><img decoding=\"async\" title=\"360\u00b0\" src=\"https:\/\/cd.bike-discount.de\/media\/image\/3a\/ee\/83\/360.png\" alt=\"\" width=\"40\" height=\"39\" data-mid=\"729769\" data-src=\"media\/image\/360.png\" \/>360\u00b0-Ansicht \u00f6ffnen<\/a><\/h3>\n<hr \/>\n<p>Das CUBE Stereo Hybrid 140 HPC TM 750 f\u00fchlt sich vor allem auf anspruchsvollen Trails zu Hause \u2013 und begegnet dieser Herausforderung mit einer pr\u00e4zise arbeitenden Fox 36 Performance Federgabel an der Front und einem Fox Float X Performance D\u00e4mpfer mit Ausgleichsbeh\u00e4lter am Heck. Dazu kommen leichte und dennoch robuste Newmen Laufr\u00e4der, auf die CUBE 2.5 Zoll Maxxis Assegai und 2.4 Zoll Minion DHR II 2.4 Pneus aufgezogen hat. Top Geschwindigkeitskontrolle ist das Spezialgebiet der leistungsstarken Magura MT7 Bremsen.<\/p>\n<p>Und durch die Zusammenarbeit des Bosch CX Motors der vierten Generation mit der breit gef\u00e4cherten, leichtg\u00e4ngigen Sram GX Eagle Schaltung geht&#8217;s schnell und geschmeidig vorw\u00e4rts. CUBE hat sogar eine versenkbare Sattelst\u00fctze verbaut \u2013 denn wer wei\u00df, welches Hindernis dich hinter der n\u00e4chsten Spitzkehre erwartet?<\/p>\n<hr \/>\n<h3 class=\"product--rating-container\"><strong>In der Rahmengr\u00f6\u00dfe S (16&#8243;) als 27,5er. In den Rahmengr\u00f6\u00dfen M (18&#8243;), L (20&#8243;) und XL (22&#8243;) als 29er.<\/strong><\/h3>\n<hr \/>\n<h3>RAHMEN Cube Stereo Hybrid 140 HPC TM 750<\/h3>\n<p>Weiterentwicklung ist CUBE&#8217;s zweiter Vorname, weshalb jetzt alle Stereo Hybrid 140 HPC Rahmen innerhalb des SizeSplit Systems auch mit einem 750 Wh starken Akku bepackt werden k\u00f6nnen \u2013 optimal unter einem Cover vor Matsch und Spritzwasser gesch\u00fctzt. Du profitierst also von der Power des Bosch CX Antriebs der vierten Generation mit kraftvollen 85 Nm Drehmoment, egal mit welchem Rahmen und wie lange du unterwegs bist.<\/p>\n<p>Eine Boost 148 Steckachse, gro\u00dfe Lager und unsere All Mountain Geometry versprechen sicheres Handling, selbst wenn du die 140 mm Federweg hinten und 150 mm vorne voll ausreizt. Und weil sich St\u00fcrze trotzdem nicht immer vermeiden lassen, hat CUBE dem Bike ein einfach austauschbares UDH Schaltauge von Sram spendiert. Im Inneren verlaufende Kabel und Z\u00fcge reduzieren den Wartungsaufwand und geben dem cleanen Look dieses Carbonhauptrahmens den letzten Schliff.<\/p>\n<hr \/>\n<h3>Technologien<\/h3>\n<p><strong>Boost 148<\/strong><br \/> Das Konzept hinter der Boost 148 Steckachse: Eine breitere Nabe f\u00fcr steifere, stabilere Laufr\u00e4der und damit besseres Handling und zudem gen\u00fcgend Platz f\u00fcr den Einbau breiterer Reifen f\u00fcr mehr Performance. Dabei bleiben die Schaltpr\u00e4zision beziehungsweise Effizienz des Antriebs voll erhalten. So kannst du noch kompromissloser Gas geben und profitierst zugleich von besserem Handling und stabileren Laufr\u00e4dern.<\/p>\n<p><strong>Efficient Trail Control<\/strong><br \/> CUBE&#8217;s Efficient Trail Control ist ein System, das im Hintergrund \u201edie F\u00e4den zieht&#8220;, damit du dein Trailriding-Erlebnis in vollen Z\u00fcgen genie\u00dfen kannst. Dabei sind die Fahrwerke trotz viel nutzbarem Federweg sehr gut bergauf zu pedalieren, sacken nicht ein und bleiben in jeder Situation sensibel und agil. Bei starken Schl\u00e4gen verhalten sie sich jedoch extrem ruhig, stellen den gesamten Federweg sofort wieder zur Verf\u00fcgung und bieten so ungeheure Reserven bei der Abfahrt.<\/p>\n<h2>Ausstattung<\/h2>\n<div class=\"product--properties panel has--border\">\n<table class=\"product--properties-table\">\n<tbody>\n<tr class=\"product--properties-row row1\">\n<td class=\"product--properties-label is--bold\">Rahmen:<\/td>\n<td class=\"product--properties-value\">C:62\u00ae Monocoque Advanced Twin Mold Technology, Aluminium 6061 T6 Rear Triangle, Efficient Trail Control, FSP 4-Link, Agile Trail Geometry, Boost 148, UDH\u2122, Full Integrated Battery, Advanced Internal Cable Routing<\/td>\n<\/tr>\n<tr class=\"product--properties-row row2\">\n<td class=\"product--properties-label is--bold\">Rahmenmaterial:<\/td>\n<td class=\"product--properties-value\">Carbonfrontrahmen, Aluminium Hinterbau<\/td>\n<\/tr>\n<tr class=\"product--properties-row row3\">\n<td class=\"product--properties-label is--bold\">Laufradgr\u00f6\u00dfe:<\/td>\n<td class=\"product--properties-value\">Size Split: 27.5: S (16&#8243;) \/\/ 29: M (18&#8243;), L (20&#8243;), XL (22&#8243;)<\/td>\n<\/tr>\n<tr class=\"product--properties-row row4\">\n<td class=\"product--properties-label is--bold\">Farbe:<\/td>\n<td class=\"product--properties-value\">flashgrey\u00b4n\u00b4olive<\/td>\n<\/tr>\n<tr class=\"product--properties-row row5\">\n<td class=\"product--properties-label is--bold\">\n<h5>Gabel:<\/h5>\n<\/td>\n<td class=\"product--properties-value\">Fox 36 Float Performance GRIP, 3-Position w\/Micro Adjust, Tapered, 15x110mm, E-Bike Optimized, 150mm<\/td>\n<\/tr>\n<tr class=\"product--properties-row row6\">\n<td class=\"product--properties-label is--bold\">D\u00e4mpfer:<\/td>\n<td class=\"product--properties-value\">Fox Float X Performance, 205x60mm (27.5: 185x55mm), Trunnion Mount, Adjustable LSR w\/ 2-Pos. Lever<\/td>\n<\/tr>\n<tr class=\"product--properties-row row7\">\n<td class=\"product--properties-label is--bold\">Federweg:<\/td>\n<td class=\"product--properties-value\">150mm \/ 140mm<\/td>\n<\/tr>\n<tr class=\"product--properties-row row8\">\n<td class=\"product--properties-label is--bold\">Bremsen:<\/td>\n<td class=\"product--properties-value\">Magura MT7, Hydr. Disc Brake<\/td>\n<\/tr>\n<tr class=\"product--properties-row row9\">\n<td class=\"product--properties-label is--bold\">Bremsscheiben:<\/td>\n<td class=\"product--properties-value\">203\/203 mm<\/td>\n<\/tr>\n<tr class=\"product--properties-row row10\">\n<td class=\"product--properties-label is--bold\">Steuersatz:<\/td>\n<td class=\"product--properties-value\">ACROS AZF-1035, ICR (Integrated Cable Routing), BlockLock 120\u00b0, Top Zero-Stack 1 1\/2&#8243; (ZS 56mm), Bottom Zero-Stack 1 1\/2&#8243; (ZS 56mm)<\/td>\n<\/tr>\n<tr class=\"product--properties-row row11\">\n<td class=\"product--properties-label is--bold\">Vorbau:<\/td>\n<td class=\"product--properties-value\">CUBE Performance Stem E-MTB, 31.8mm<\/td>\n<\/tr>\n<tr class=\"product--properties-row row12\">\n<td class=\"product--properties-label is--bold\">Lenker:<\/td>\n<td class=\"product--properties-value\">Newmen Evolution SL 318.25, 800mm<\/td>\n<\/tr>\n<tr class=\"product--properties-row row13\">\n<td class=\"product--properties-label is--bold\">Griffe:<\/td>\n<td class=\"product--properties-value\">ACID Disrupt, Soft Compound<\/td>\n<\/tr>\n<tr class=\"product--properties-row row14\">\n<td class=\"product--properties-label is--bold\">Sattel:<\/td>\n<td class=\"product--properties-value\">Natural Fit Venec<\/td>\n<\/tr>\n<tr class=\"product--properties-row row15\">\n<td class=\"product--properties-label is--bold\">Sattelst\u00fctze:<\/td>\n<td class=\"product--properties-value\">CUBE Dropper Post, Handlebar Lever, Internal Cable Routing, 31.6mm<\/td>\n<\/tr>\n<\/tbody>\n<\/table>\n<table class=\"product--properties-table\">\n<tbody>\n<tr class=\"product--properties-row row16\">\n<td class=\"product--properties-label is--bold\">Sattelklemme:<\/td>\n<td class=\"product--properties-value\">CUBE Screwlock Semi Integrated, 34.9mm<\/td>\n<\/tr>\n<tr class=\"product--properties-row row17\">\n<td class=\"product--properties-label is--bold\">Kurbel:<\/td>\n<td class=\"product--properties-value\">ACID E-Crank, 165mm (27.5&#8243;: 36T \/\/ 29&#8243;: 34T)<\/td>\n<\/tr>\n<tr class=\"product--properties-row row18\">\n<td class=\"product--properties-label is--bold\">Schaltwerk:<\/td>\n<td class=\"product--properties-value\">Sram GX Eagle\u2122, 12-Speed<\/td>\n<\/tr>\n<tr class=\"product--properties-row row19\">\n<td class=\"product--properties-label is--bold\">Schalthebel:<\/td>\n<td class=\"product--properties-value\">Sram GX Eagle\u2122 Trigger, Single Click<\/td>\n<\/tr>\n<tr class=\"product--properties-row row20\">\n<td class=\"product--properties-label is--bold\">Kassette:<\/td>\n<td class=\"product--properties-value\">Sram XG-1275 Eagle\u2122, 10-52T<\/td>\n<\/tr>\n<tr class=\"product--properties-row row21\">\n<td class=\"product--properties-label is--bold\">Kette:<\/td>\n<td class=\"product--properties-value\">Sram NX Eagle\u2122<\/td>\n<\/tr>\n<tr class=\"product--properties-row row22\">\n<td class=\"product--properties-label is--bold\">Reifen vorne:<\/td>\n<td class=\"product--properties-value\">Maxxis Assegai, MaxxGrip\/EXO+, Tubeless Ready, 2.5 WT<\/td>\n<\/tr>\n<tr class=\"product--properties-row row23\">\n<td class=\"product--properties-label is--bold\">Reifen hinten:<\/td>\n<td class=\"product--properties-value\">Maxxis Minion DHR II, MaxxGrip\/DoubleDown, Tubeless Ready, 2.4 WT<\/td>\n<\/tr>\n<tr class=\"product--properties-row row24\">\n<td class=\"product--properties-label is--bold\">Laufradsatz:<\/td>\n<td class=\"product--properties-value\">Newmen Performance 30, 28\/28 Spokes, 15x110mm\/12x148mm, Tubeless Ready<\/td>\n<\/tr>\n<tr class=\"product--properties-row row25\">\n<td class=\"product--properties-label is--bold\">Display:<\/td>\n<td class=\"product--properties-value\">Bosch Kiox 300, Bosch LED Remote<\/td>\n<\/tr>\n<tr class=\"product--properties-row row26\">\n<td class=\"product--properties-label is--bold\">Akku:<\/td>\n<td class=\"product--properties-value\">Bosch PowerTube 750<\/td>\n<\/tr>\n<tr class=\"product--properties-row row27\">\n<td class=\"product--properties-label is--bold\">\n<h6>Ladeger\u00e4t:<\/h6>\n<\/td>\n<td class=\"product--properties-value\">Bosch 4A<\/td>\n<\/tr>\n<tr class=\"product--properties-row row28\">\n<td class=\"product--properties-label is--bold\">Motor:<\/td>\n<td class=\"product--properties-value\">Bosch Drive Unit Performance CX Generation 4 (85Nm) Cruise (250Watt), Smart System<\/td>\n<\/tr>\n<tr class=\"product--properties-row row29\">\n<td class=\"product--properties-label is--bold\">Lagerdimension:<\/td>\n<td class=\"product--properties-value\">Top: 54mm Trunnion Mount, Bottom: 22.2x8mm<\/td>\n<\/tr>\n<tr class=\"product--properties-row row30\">\n<td class=\"product--properties-label is--bold\">Zul\u00e4ssiges Gesamtgewicht:<\/td>\n<td class=\"product--properties-value\">160 kg (K\u00f6rpergewicht + Fahrrad + Ausr\u00fcstung)<\/td>\n<\/tr>\n<tr class=\"product--properties-row row31\">\n<td class=\"product--properties-label is--bold\">Gewicht Komplettrad:<\/td>\n<td class=\"product--properties-value\">ab 24,6 kg<\/td>\n<\/tr>\n<\/tbody>\n<\/table><\/div>\n","protected":false},"excerpt":{"rendered":"<p>Cube\u00a0Stereo Hybrid 140 HPC TM 750 flashgrey\u00b4n\u00b4olive Passionierte Trail-Fahrer sind immer auf der Suche. Wonach? Nach dem perfekten Gel\u00e4nde nat\u00fcrlich! Das Stereo Hybrid 140 HPC TM 750 ist daf\u00fcr das Bike der Wahl. Es kommt mit einem leistungsstarken Bosch CX Motor, robusten Fox Fahrwerk und top abgestimmten CUBE Rahmen daher. Und es l\u00e4sst sich m\u00fchelos auf deine Anforderungen abstimmen und\u2026<\/p>\n","protected":false},"featured_media":3642,"comment_status":"closed","ping_status":"closed","template":"","meta":[],"product_brand":[],"product_cat":[93,101,102,94],"product_tag":[],"class_list":{"0":"post-3607","1":"product","2":"type-product","3":"status-publish","4":"has-post-thumbnail","6":"product_cat-e-bike","7":"product_cat-e-bike-city-urban","8":"product_cat-e-bikes-2022","9":"product_cat-e-mountainbike","11":"first","12":"instock","13":"shipping-taxable","14":"purchasable","15":"product-type-variable"},"_links":{"self":[{"href":"https:\/\/fatbike-de.com\/index.php\/wp-json\/wp\/v2\/product\/3607","targetHints":{"allow":["GET"]}}],"collection":[{"href":"https:\/\/fatbike-de.com\/index.php\/wp-json\/wp\/v2\/product"}],"about":[{"href":"https:\/\/fatbike-de.com\/index.php\/wp-json\/wp\/v2\/types\/product"}],"replies":[{"embeddable":true,"href":"https:\/\/fatbike-de.com\/index.php\/wp-json\/wp\/v2\/comments?post=3607"}],"wp:featuredmedia":[{"embeddable":true,"href":"https:\/\/fatbike-de.com\/index.php\/wp-json\/wp\/v2\/media\/3642"}],"wp:attachment":[{"href":"https:\/\/fatbike-de.com\/index.php\/wp-json\/wp\/v2\/media?parent=3607"}],"wp:term":[{"taxonomy":"product_brand","embeddable":true,"href":"https:\/\/fatbike-de.com\/index.php\/wp-json\/wp\/v2\/product_brand?post=3607"},{"taxonomy":"product_cat","embeddable":true,"href":"https:\/\/fatbike-de.com\/index.php\/wp-json\/wp\/v2\/product_cat?post=3607"},{"taxonomy":"product_tag","embeddable":true,"href":"https:\/\/fatbike-de.com\/index.php\/wp-json\/wp\/v2\/product_tag?post=3607"}],"curies":[{"name":"wp","href":"https:\/\/api.w.org\/{rel}","templated":true}]}}