{"id":3732,"date":"2024-02-27T11:19:44","date_gmt":"2024-02-27T10:19:44","guid":{"rendered":"https:\/\/fatbike-de.com\/?post_type=product&#038;p=3732"},"modified":"2024-02-27T11:21:30","modified_gmt":"2024-02-27T10:21:30","slug":"radon-deft-9-0-750","status":"publish","type":"product","link":"https:\/\/fatbike-de.com\/index.php\/product\/radon-deft-9-0-750\/","title":{"rendered":"Radon Deft 9.0 750"},"content":{"rendered":"<div class=\"product--headername\">\n<div class=\"product--headername\">\n<h2 class=\"product--title\"><strong>Radon<\/strong>\u00a0Deft 9.0 750<\/h2>\n<p>DEFT 9.0 750 hat das Zeug zum Bestseller, hier ist alles an Bord, was Du f\u00fcr ausgedehnte Trailabenteuer brauchst! Das f\u00e4ngt an mit dem Bosch Performance CX Motor neuester Generation inklusive Smart System.<\/p>\n<hr \/>\n<h3>Die Highlights des DEFT 9.0 750<\/h3>\n<p>Mit seinen gewaltigen 85Nm Drehmoment und bis zu 340% Tretunterst\u00fctzung bringt Dich der CX spielend auf die Spitze des Bergs, mit den vier Fahrmodi bestimmst Du die Geschwindigkeit und kannst echten Uphill Flow geniessen. Und der kann durchaus eine ganze Weile andauern, denn die gro\u00dfe 750Wh Powertube Batterie bringt viel Kapazit\u00e4t mit, um bei gro\u00dfer Entdeckerlust auch noch den n\u00e4chsten Gipfel mitzunehmen. Alle erdenklichen Eck- und Leistungsdaten kannst Du dem Kiox 300 Display entnehmen, was zentral vor Dir neben dem Vorbau thront und bestens ablesbar ist.<\/p>\n<hr \/>\n<h3>Der DEFT Rahmen<\/h3>\n<p>Der DEFT Rahmen ist eine absolute Augenweide und ist technisch mit neuesten Finessen ausgestattet. Mit 170mm Federweg an Front und Heck bieten wir nicht nur ein reinrassiges E-Enduro, sondern auch enorme Reserven im Trail und sorgen somit f\u00fcr eine Menge Fahrspa\u00df. F\u00fcr den cleanen Look sorgen die komplett durch den Steuersatz verlegten Z\u00fcge und Leitungen. Ebenfalls verf\u00fcgt dieser \u00fcber eine Block-Lock Funktion, wodurch Folgesch\u00e4den im Falle eines Sturzes verhindert werden.<\/p>\n<hr \/>\n<p>&nbsp;<\/p>\n<h3>The all new RADON DEFT &#8211; All day long<\/h3>\n<p>&nbsp;<\/p>\n<hr \/>\n<p><strong>Zul\u00e4ssiges Gesamtgewicht: 135 kg (K\u00f6rpergewicht + Fahrrad + Ausr\u00fcstung)<\/strong><\/p>\n<h2>Ausstattung<\/h2>\n<div class=\"product--properties panel has--border\">\n<table class=\"product--properties-table\">\n<tbody>\n<tr class=\"product--properties-row row1\">\n<td class=\"product--properties-label is--bold\">Rahmen:<\/td>\n<td class=\"product--properties-value\">RADON DEFT, maximale Reifenbreite: 2.6&#8243;<\/td>\n<\/tr>\n<tr class=\"product--properties-row row2\">\n<td class=\"product--properties-label is--bold\">Rahmenmaterial:<\/td>\n<td class=\"product--properties-value\">Carbon Hauptrahmen \/ Aluminium Hinterbau<\/td>\n<\/tr>\n<tr class=\"product--properties-row row3\">\n<td class=\"product--properties-label is--bold\">Laufradgr\u00f6\u00dfe:<\/td>\n<td class=\"product--properties-value\">29&#8243;<\/td>\n<\/tr>\n<tr class=\"product--properties-row row4\">\n<td class=\"product--properties-label is--bold\">Farbe:<\/td>\n<td class=\"product--properties-value\">coolgray \/ nearlyblack<\/td>\n<\/tr>\n<tr class=\"product--properties-row row5\">\n<td class=\"product--properties-label is--bold\">Gabel:<\/td>\n<td class=\"product--properties-value\">Fox 38 Performance Elite, FIT GRIP2, E-Tuned, Boost, Nachlauf 44mm<\/td>\n<\/tr>\n<tr class=\"product--properties-row row6\">\n<td class=\"product--properties-label is--bold\">D\u00e4mpfer:<\/td>\n<td class=\"product--properties-value\">Fox Float X Performance Elite, 2-Pos., EVOL LV, Einbauma\u00df: 205 x 65mm, Buchsenma\u00df: oben: Trunnion, unten: DU-Bushing 12.7mm<\/td>\n<\/tr>\n<tr class=\"product--properties-row row7\">\n<td class=\"product--properties-label is--bold\">Federweg:<\/td>\n<td class=\"product--properties-value\">170mm \/ 170mm<\/td>\n<\/tr>\n<tr class=\"product--properties-row row8\">\n<td class=\"product--properties-label is--bold\">Bremsen:<\/td>\n<td class=\"product--properties-value\">Magura MT5<\/td>\n<\/tr>\n<tr class=\"product--properties-row row9\">\n<td class=\"product--properties-label is--bold\">Bremsscheiben:<\/td>\n<td class=\"product--properties-value\">Magura MDR-C, 203\/203mm, 6-bolt<\/td>\n<\/tr>\n<tr class=\"product--properties-row row10\">\n<td class=\"product--properties-label is--bold\">Steuersatz:<\/td>\n<td class=\"product--properties-value\">Acros Block-Lock, ZS56\/ZS56, Internal cable routing<\/td>\n<\/tr>\n<tr class=\"product--properties-row row11\">\n<td class=\"product--properties-label is--bold\">Vorbau:<\/td>\n<td class=\"product--properties-value\">Race Face Turbine R, \u00d835mm (M: 40mm, L: 40mm, XL: 60mm)<\/td>\n<\/tr>\n<tr class=\"product--properties-row row12\">\n<td class=\"product--properties-label is--bold\">Lenker:<\/td>\n<td class=\"product--properties-value\">Race Face Turbine R, 35 x 780mm, 35mm rise<\/td>\n<\/tr>\n<tr class=\"product--properties-row row13\">\n<td class=\"product--properties-label is--bold\">Griffe:<\/td>\n<td class=\"product--properties-value\">SDG Thrice<\/td>\n<\/tr>\n<tr class=\"product--properties-row row14\">\n<td class=\"product--properties-label is--bold\">Sattel:<\/td>\n<td class=\"product--properties-value\">SDG Bel Air V3<\/td>\n<\/tr>\n<tr class=\"product--properties-row row15\">\n<td class=\"product--properties-label is--bold\">Sattelst\u00fctze:<\/td>\n<td class=\"product--properties-value\">RADON Competition Dropper, 31.6mm (M: 125mm Hub, L: 150mm Hub, XL: 150mm Hub)<\/td>\n<\/tr>\n<\/tbody>\n<\/table>\n<table class=\"product--properties-table\">\n<tbody>\n<tr class=\"product--properties-row row16\">\n<td class=\"product--properties-label is--bold\">Kurbel:<\/td>\n<td class=\"product--properties-value\">e*thirteen e*spec Plus, 165mm, SRAM Eagle Chainring X-SYNC 2 , 34T<\/td>\n<\/tr>\n<tr class=\"product--properties-row row17\">\n<td class=\"product--properties-label is--bold\">Schaltwerk:<\/td>\n<td class=\"product--properties-value\">SRAM GX Eagle, 12-speed<\/td>\n<\/tr>\n<tr class=\"product--properties-row row18\">\n<td class=\"product--properties-label is--bold\">Schalthebel:<\/td>\n<td class=\"product--properties-value\">SRAM NX Eagle, single click, Shiftmix<\/td>\n<\/tr>\n<tr class=\"product--properties-row row19\">\n<td class=\"product--properties-label is--bold\">Kettenf\u00fchrung:<\/td>\n<td class=\"product--properties-value\">Reverse Components Flip-Guide, direct mount<\/td>\n<\/tr>\n<tr class=\"product--properties-row row20\">\n<td class=\"product--properties-label is--bold\">Kassette:<\/td>\n<td class=\"product--properties-value\">SRAM GX Eagle XG-1275, 10-52<\/td>\n<\/tr>\n<tr class=\"product--properties-row row21\">\n<td class=\"product--properties-label is--bold\">Kette:<\/td>\n<td class=\"product--properties-value\">SRAM NX Eagle<\/td>\n<\/tr>\n<tr class=\"product--properties-row row22\">\n<td class=\"product--properties-label is--bold\">Reifen vorne:<\/td>\n<td class=\"product--properties-value\">Maxxis Assegai, 3C, MaxxTerra, EXO+, TR, 29&#8243; x 2.5&#8243; WT<\/td>\n<\/tr>\n<tr class=\"product--properties-row row23\">\n<td class=\"product--properties-label is--bold\">Reifen hinten:<\/td>\n<td class=\"product--properties-value\">Maxxis Minion DHR II, 3C, MaxxTerra, EXO+, TR, 29&#8243; x 2.4&#8243; WT<\/td>\n<\/tr>\n<tr class=\"product--properties-row row24\">\n<td class=\"product--properties-label is--bold\">Laufradsatz:<\/td>\n<td class=\"product--properties-value\">SUNringl\u00e9 D\u00fcroc SD37 Expert, 32mm, 110\/148mm<\/td>\n<\/tr>\n<tr class=\"product--properties-row row25\">\n<td class=\"product--properties-label is--bold\">Display:<\/td>\n<td class=\"product--properties-value\">Bosch LED Remote \/ Bosch Kiox 300<\/td>\n<\/tr>\n<tr class=\"product--properties-row row26\">\n<td class=\"product--properties-label is--bold\">Akku:<\/td>\n<td class=\"product--properties-value\">Bosch Powertube 750Wh<\/td>\n<\/tr>\n<tr class=\"product--properties-row row27\">\n<td class=\"product--properties-label is--bold\">Ladeger\u00e4t:<\/td>\n<td class=\"product--properties-value\">Bosch Standard Charger 4A<\/td>\n<\/tr>\n<tr class=\"product--properties-row row28\">\n<td class=\"product--properties-label is--bold\">Motor:<\/td>\n<td class=\"product--properties-value\">Bosch Performance Line CX Gen4 Smart System<\/td>\n<\/tr>\n<tr class=\"product--properties-row row29\">\n<td class=\"product--properties-label is--bold\">Pedale:<\/td>\n<td class=\"product--properties-value\">nicht im Lieferumfang enthalten<\/td>\n<\/tr>\n<tr class=\"product--properties-row row30\">\n<td class=\"product--properties-label is--bold\">Zul\u00e4ssiges Gesamtgewicht:<\/td>\n<td class=\"product--properties-value\">135 kg (K\u00f6rpergewicht + Fahrrad + Ausr\u00fcstung)<\/td>\n<\/tr>\n<tr class=\"product--properties-row row31\">\n<td class=\"product--properties-label is--bold\">Gewicht Komplettrad:<\/td>\n<td class=\"product--properties-value\">ab 24,6 kg<\/td>\n<\/tr>\n<\/tbody>\n<\/table><\/div>\n<\/p><\/div>\n<\/p><\/div>\n","protected":false},"excerpt":{"rendered":"<p>Radon\u00a0Deft 9.0 750 DEFT 9.0 750 hat das Zeug zum Bestseller, hier ist alles an Bord, was Du f\u00fcr ausgedehnte Trailabenteuer brauchst! Das f\u00e4ngt an mit dem Bosch Performance CX Motor neuester Generation inklusive Smart System. Die Highlights des DEFT 9.0 750 Mit seinen gewaltigen 85Nm Drehmoment und bis zu 340% Tretunterst\u00fctzung bringt Dich der CX spielend auf die Spitze\u2026<\/p>\n","protected":false},"featured_media":3776,"comment_status":"closed","ping_status":"closed","template":"","meta":[],"product_brand":[],"product_cat":[93,102,94],"product_tag":[],"class_list":{"0":"post-3732","1":"product","2":"type-product","3":"status-publish","4":"has-post-thumbnail","6":"product_cat-e-bike","7":"product_cat-e-bikes-2022","8":"product_cat-e-mountainbike","10":"first","11":"instock","12":"sale","13":"shipping-taxable","14":"purchasable","15":"product-type-variable"},"_links":{"self":[{"href":"https:\/\/fatbike-de.com\/index.php\/wp-json\/wp\/v2\/product\/3732","targetHints":{"allow":["GET"]}}],"collection":[{"href":"https:\/\/fatbike-de.com\/index.php\/wp-json\/wp\/v2\/product"}],"about":[{"href":"https:\/\/fatbike-de.com\/index.php\/wp-json\/wp\/v2\/types\/product"}],"replies":[{"embeddable":true,"href":"https:\/\/fatbike-de.com\/index.php\/wp-json\/wp\/v2\/comments?post=3732"}],"wp:featuredmedia":[{"embeddable":true,"href":"https:\/\/fatbike-de.com\/index.php\/wp-json\/wp\/v2\/media\/3776"}],"wp:attachment":[{"href":"https:\/\/fatbike-de.com\/index.php\/wp-json\/wp\/v2\/media?parent=3732"}],"wp:term":[{"taxonomy":"product_brand","embeddable":true,"href":"https:\/\/fatbike-de.com\/index.php\/wp-json\/wp\/v2\/product_brand?post=3732"},{"taxonomy":"product_cat","embeddable":true,"href":"https:\/\/fatbike-de.com\/index.php\/wp-json\/wp\/v2\/product_cat?post=3732"},{"taxonomy":"product_tag","embeddable":true,"href":"https:\/\/fatbike-de.com\/index.php\/wp-json\/wp\/v2\/product_tag?post=3732"}],"curies":[{"name":"wp","href":"https:\/\/api.w.org\/{rel}","templated":true}]}}