{"id":3761,"date":"2024-02-27T11:20:09","date_gmt":"2024-02-27T10:20:09","guid":{"rendered":"https:\/\/fatbike-de.com\/?post_type=product&#038;p=3761"},"modified":"2024-02-27T11:22:26","modified_gmt":"2024-02-27T10:22:26","slug":"radon-render-9-0-625","status":"publish","type":"product","link":"https:\/\/fatbike-de.com\/index.php\/product\/radon-render-9-0-625\/","title":{"rendered":"Radon Render 9.0 625"},"content":{"rendered":"<h2 class=\"product--title\"><strong>Radon<\/strong>\u00a0Render 9.0 625<\/h2>\n<p>Ein Liebling und Bestseller ist und bleibt im RADON Lineup unser RENDER 9.0. Dieses Modell vereint Testsiege und Pr\u00e4dikate der Fachpresse auf sich wie kaum ein anderes und wir sagen: zu Recht! Die Kombination aus top Rahmen, Benchmark &#8211; Antrieb und geschickter Komponentenwahl f\u00fcr epische Trailrides sucht ihresgleichen und macht den Spitzendeal aus.<\/p>\n<hr \/>\n<h3>Die Render Familie<\/h3>\n<p>Das RENDER ist mittlerweile ein moderner Klassiker, der mit PS und Dauerleistung protzt. Angetrieben wird unser Trail-Allrounder mit Bosch&#8217;s st\u00e4rkstem Motor, dem Performance Line CX mit seinen 85 Nm Drehmoment und einer maximalen Unterst\u00fctzung von 340%. Und das auch noch richtig lange, denn im RENDER Unterrohr sitzt der gro\u00dfe Powertube Akku mit 625 Wh Kapazit\u00e4t. Dieser ist formsch\u00f6n in das Unterrohr integriert, welches auch alle Z\u00fcge f\u00fcr die Schaltung oder die Variost\u00fctze in einem Schienensystem aufnimmt.<\/p>\n<hr \/>\n<h2>The all new RADON RENDER E-MTB<\/h2>\n<hr \/>\n<p><em><b>Zul\u00e4ssiges Gesamtgewicht: 135 kg (K\u00f6rpergewicht + Fahrrad + Ausr\u00fcstung)<\/b><\/em><\/p>\n<h2>Ausstattung<\/h2>\n<div class=\"product--properties panel has--border\">\n<table class=\"product--properties-table\">\n<tbody>\n<tr class=\"product--properties-row row1\">\n<td class=\"product--properties-label is--bold\">Rahmen:<\/td>\n<td class=\"product--properties-value\">RENDER HYBRID, Maximale Reifenbreite: 2.6&#8243;, Powertube Akku 625 Wh<\/td>\n<\/tr>\n<tr class=\"product--properties-row row2\">\n<td class=\"product--properties-label is--bold\">Rahmenmaterial:<\/td>\n<td class=\"product--properties-value\">Carbonfrontrahmen, Aluminium Hinterbau<\/td>\n<\/tr>\n<tr class=\"product--properties-row row3\">\n<td class=\"product--properties-label is--bold\">Laufradgr\u00f6\u00dfe:<\/td>\n<td class=\"product--properties-value\">29&#8243;<\/td>\n<\/tr>\n<tr class=\"product--properties-row row4\">\n<td class=\"product--properties-label is--bold\">Farbe:<\/td>\n<td class=\"product--properties-value\">mustard \/ deepblack<\/td>\n<\/tr>\n<tr class=\"product--properties-row row5\">\n<td class=\"product--properties-label is--bold\">Gabel:<\/td>\n<td class=\"product--properties-value\">Fox 36 Performance, FIT GRIP 3-Pos., E-Tuned, Boost<\/td>\n<\/tr>\n<tr class=\"product--properties-row row6\">\n<td class=\"product--properties-label is--bold\">D\u00e4mpfer:<\/td>\n<td class=\"product--properties-value\">Fox Float X Performance, 2-Pos., EVOL LV, Einbauma\u00df: 210 x 55mm, Buchsenma\u00df: Body 8 x 30mm, Shaft: DU-Bushing 12.7mm<\/td>\n<\/tr>\n<tr class=\"product--properties-row row7\">\n<td class=\"product--properties-label is--bold\">Federweg:<\/td>\n<td class=\"product--properties-value\">160mm \/ 140mm<\/td>\n<\/tr>\n<tr class=\"product--properties-row row8\">\n<td class=\"product--properties-label is--bold\">Bremsen:<\/td>\n<td class=\"product--properties-value\">Shimano XT BR-M8120<\/td>\n<\/tr>\n<tr class=\"product--properties-row row9\">\n<td class=\"product--properties-label is--bold\">Bremsscheiben:<\/td>\n<td class=\"product--properties-value\">Shimano SM-RT66, 203\/203mm, 6-bolt<\/td>\n<\/tr>\n<tr class=\"product--properties-row row10\">\n<td class=\"product--properties-label is--bold\">Steuersatz:<\/td>\n<td class=\"product--properties-value\">Acros Block-Lock, ZS56\/ZS56<\/td>\n<\/tr>\n<tr class=\"product--properties-row row11\">\n<td class=\"product--properties-label is--bold\">Vorbau:<\/td>\n<td class=\"product--properties-value\">Race Face \u00c6ffect R, \u00d835mm (M: 40mm, L: 40mm, XL: 60mm)<\/td>\n<\/tr>\n<tr class=\"product--properties-row row12\">\n<td class=\"product--properties-label is--bold\">Lenker:<\/td>\n<td class=\"product--properties-value\">Race Face \u00c6ffect R, 35 x 780mm, 20mm rise<\/td>\n<\/tr>\n<tr class=\"product--properties-row row13\">\n<td class=\"product--properties-label is--bold\">Griffe:<\/td>\n<td class=\"product--properties-value\">SDG Thrice<\/td>\n<\/tr>\n<tr class=\"product--properties-row row14\">\n<td class=\"product--properties-label is--bold\">Sattel:<\/td>\n<td class=\"product--properties-value\">SDG Bel Air V3<\/td>\n<\/tr>\n<tr class=\"product--properties-row row15\">\n<td class=\"product--properties-label is--bold\">Sattelst\u00fctze:<\/td>\n<td class=\"product--properties-value\">Radon Competition Dropper, 31.6mm (M\/125mm Hub, L\/150mm Hub, XL\/150mm Hub)<\/td>\n<\/tr>\n<\/tbody>\n<\/table>\n<table class=\"product--properties-table\">\n<tbody>\n<tr class=\"product--properties-row row16\">\n<td class=\"product--properties-label is--bold\">Kurbel:<\/td>\n<td class=\"product--properties-value\">e*thirteen e*spec Plus, 165mm, e*thirteen Chainring Alu, 34T<\/td>\n<\/tr>\n<tr class=\"product--properties-row row17\">\n<td class=\"product--properties-label is--bold\">Schaltwerk:<\/td>\n<td class=\"product--properties-value\">Shimano XT RD-M8100-SGS, 12-speed<\/td>\n<\/tr>\n<tr class=\"product--properties-row row18\">\n<td class=\"product--properties-label is--bold\">Schalthebel:<\/td>\n<td class=\"product--properties-value\">Shimano XT SL-M8100-IR, I-Spec EV<\/td>\n<\/tr>\n<tr class=\"product--properties-row row19\">\n<td class=\"product--properties-label is--bold\">Kettenf\u00fchrung:<\/td>\n<td class=\"product--properties-value\">E*thirteen E*Spec Plus<\/td>\n<\/tr>\n<tr class=\"product--properties-row row20\">\n<td class=\"product--properties-label is--bold\">Kassette:<\/td>\n<td class=\"product--properties-value\">Shimano Deore CS-M6100, 10-51<\/td>\n<\/tr>\n<tr class=\"product--properties-row row21\">\n<td class=\"product--properties-label is--bold\">Kette:<\/td>\n<td class=\"product--properties-value\">Shimano Deore CN-M6100<\/td>\n<\/tr>\n<tr class=\"product--properties-row row22\">\n<td class=\"product--properties-label is--bold\">Reifen vorne:<\/td>\n<td class=\"product--properties-value\">Maxxis Minion DHF, 3C, Maxterra, EXO+, TR, 29&#8243; x 2.5&#8243; WT<\/td>\n<\/tr>\n<tr class=\"product--properties-row row23\">\n<td class=\"product--properties-label is--bold\">Reifen hinten:<\/td>\n<td class=\"product--properties-value\">Maxxis Minion DHR II, 3C, Maxterra, EXO+, TR, 29&#8243; x 2.4&#8243; WT<\/td>\n<\/tr>\n<tr class=\"product--properties-row row24\">\n<td class=\"product--properties-label is--bold\">Laufradsatz:<\/td>\n<td class=\"product--properties-value\">SUNringl\u00e9 D\u00fcroc SD37 Expert, 32mm, 110\/148mm<\/td>\n<\/tr>\n<tr class=\"product--properties-row row25\">\n<td class=\"product--properties-label is--bold\">Display:<\/td>\n<td class=\"product--properties-value\">Bosch Kiox<\/td>\n<\/tr>\n<tr class=\"product--properties-row row26\">\n<td class=\"product--properties-label is--bold\">Akku:<\/td>\n<td class=\"product--properties-value\">Bosch PowerTube 625Wh<\/td>\n<\/tr>\n<tr class=\"product--properties-row row27\">\n<td class=\"product--properties-label is--bold\">Ladeger\u00e4t:<\/td>\n<td class=\"product--properties-value\">Bosch Compact Charger 2A<\/td>\n<\/tr>\n<tr class=\"product--properties-row row28\">\n<td class=\"product--properties-label is--bold\">Motor:<\/td>\n<td class=\"product--properties-value\">Bosch Performance Line CX Gen4<\/td>\n<\/tr>\n<tr class=\"product--properties-row row29\">\n<td class=\"product--properties-label is--bold\">Pedale:<\/td>\n<td class=\"product--properties-value\">nicht im Lieferumfang enthalten<\/td>\n<\/tr>\n<tr class=\"product--properties-row row30\">\n<td class=\"product--properties-label is--bold\">Zul\u00e4ssiges Gesamtgewicht:<\/td>\n<td class=\"product--properties-value\">135 kg (K\u00f6rpergewicht + Fahrrad + Ausr\u00fcstung)<\/td>\n<\/tr>\n<tr class=\"product--properties-row row31\">\n<td class=\"product--properties-label is--bold\">Gewicht Komplettrad:<\/td>\n<td class=\"product--properties-value\">ab 23,5 kg<\/td>\n<\/tr>\n<\/tbody>\n<\/table><\/div>\n","protected":false},"excerpt":{"rendered":"<p>Radon\u00a0Render 9.0 625 Ein Liebling und Bestseller ist und bleibt im RADON Lineup unser RENDER 9.0. Dieses Modell vereint Testsiege und Pr\u00e4dikate der Fachpresse auf sich wie kaum ein anderes und wir sagen: zu Recht! Die Kombination aus top Rahmen, Benchmark &#8211; Antrieb und geschickter Komponentenwahl f\u00fcr epische Trailrides sucht ihresgleichen und macht den Spitzendeal aus. Die Render Familie Das\u2026<\/p>\n","protected":false},"featured_media":3813,"comment_status":"closed","ping_status":"closed","template":"","meta":[],"product_brand":[],"product_cat":[93,94],"product_tag":[],"class_list":{"0":"post-3761","1":"product","2":"type-product","3":"status-publish","4":"has-post-thumbnail","6":"product_cat-e-bike","7":"product_cat-e-mountainbike","9":"first","10":"instock","11":"sale","12":"shipping-taxable","13":"purchasable","14":"product-type-variable"},"_links":{"self":[{"href":"https:\/\/fatbike-de.com\/index.php\/wp-json\/wp\/v2\/product\/3761","targetHints":{"allow":["GET"]}}],"collection":[{"href":"https:\/\/fatbike-de.com\/index.php\/wp-json\/wp\/v2\/product"}],"about":[{"href":"https:\/\/fatbike-de.com\/index.php\/wp-json\/wp\/v2\/types\/product"}],"replies":[{"embeddable":true,"href":"https:\/\/fatbike-de.com\/index.php\/wp-json\/wp\/v2\/comments?post=3761"}],"wp:featuredmedia":[{"embeddable":true,"href":"https:\/\/fatbike-de.com\/index.php\/wp-json\/wp\/v2\/media\/3813"}],"wp:attachment":[{"href":"https:\/\/fatbike-de.com\/index.php\/wp-json\/wp\/v2\/media?parent=3761"}],"wp:term":[{"taxonomy":"product_brand","embeddable":true,"href":"https:\/\/fatbike-de.com\/index.php\/wp-json\/wp\/v2\/product_brand?post=3761"},{"taxonomy":"product_cat","embeddable":true,"href":"https:\/\/fatbike-de.com\/index.php\/wp-json\/wp\/v2\/product_cat?post=3761"},{"taxonomy":"product_tag","embeddable":true,"href":"https:\/\/fatbike-de.com\/index.php\/wp-json\/wp\/v2\/product_tag?post=3761"}],"curies":[{"name":"wp","href":"https:\/\/api.w.org\/{rel}","templated":true}]}}