{"id":3853,"date":"2024-02-27T11:22:28","date_gmt":"2024-02-27T10:22:28","guid":{"rendered":"https:\/\/fatbike-de.com\/?post_type=product&#038;p=3853"},"modified":"2024-02-27T11:24:29","modified_gmt":"2024-02-27T10:24:29","slug":"scott-axis-eride-20-2022","status":"publish","type":"product","link":"https:\/\/fatbike-de.com\/index.php\/product\/scott-axis-eride-20-2022\/","title":{"rendered":"Scott Axis eRIDE 20 2022"},"content":{"rendered":"<h2 id=\"productTitle\" class=\"kmt-productmain-title\">Scott Axis eRIDE 20 2022<\/h2>\n<div class=\"kmt-tablist-content is-opened\">\n<div class=\"kmt-tablist-content-inner\">\n<div id=\"description\" class=\"kmt-textblockwithbuttonlist\">\n<div class=\"kmt-textblockwithbuttonlist-textblock kmt-textblock\">\n<p>Mit dem Scott Axis eRIDE 20 bekommst du ein gut ausgestattetes und leistungsstarkes Trekking-E-Bike mit angesagter Gravel Bereifung.<\/p>\n<p>Das Bosch E-Bike System des Axis eRIDE 20 setzt sich aus dem kr\u00e4ftigen Bosch Performance Motor, dem kompakten Purion Display und dem 500 Wh Akku zusammen, welcher dank des zweifach-konifizierten Aluminiumrahmens mit Range-Extender-Ready auf bis zu 1000 Wh aufger\u00fcstet werden kann.<\/p>\n<p>Kraftvolle BR-MT 400 Scheibenbremsen und ein wertiges Deore 11-fach Schaltwerk kommen vom Marktf\u00fchrer Shimano und geben dem Scott Axis eRIDE 20 ein hohe Brems- und Schaltleistung auf langen Touren. Die 100 mm SR Suntour LockOut-Federgabel und die 2,25 Zoll breite Schwalbe G-ONE Bereifung geben dir Sicherheit auf gr\u00f6beren Untergr\u00fcnden.<\/p>\n<p>Mit Gep\u00e4cktr\u00e4ger, Schutzblechen und fest installierter Lichtanlage ausger\u00fcstet, kannst du das sportive Scott Axis eRIDE 20 nat\u00fcrlich auch einfach im Alltag in der Stadt verwenden.<\/p>\n<\/p><\/div>\n<div class=\"kmt-textblockwithbuttonlist-buttonlist kmt-buttonlist kmt-buttonlist--display-inline-right kmt-buttonlist--layout-column\"><button class=\"kmt-btn kmt-btn--size-xl kmt-btn--type-darkbg kmt-btn--align-left kmt-btn--hideborder kmt-sizechart-btn kmt-bikesizing-second-trigger notactive\"><i class=\"kmt-icon kmt-icon--groessenhelfer_beratung\"><\/i>Die richtige Gr\u00f6\u00dfe f\u00fcr dich<br \/> <small>Zum Rahmengr\u00f6\u00dfen-Rechner<\/small><\/button><button class=\"kmt-btn kmt-btn--size-xl kmt-btn--type-darkbg kmt-btn--align-left kmt-btn--hideborder\" data-init=\"kmt-modal\" data-guid=\"f37bffb5-4c87-441c-ac72-8711de8bda5f\"><i class=\"kmt-icon kmt-icon--pick-up-service\"><\/i>So kommt dein Fahrrad<br \/> <small>Mehr \u00fcber diesen Service<\/small><\/button><\/div>\n<\/p><\/div>\n<\/p><\/div>\n<\/p><\/div>\n<div class=\"kmt-tablist-content\">\n<h2>SPEZIFIKATION<\/h2>\n<div class=\"kmt-tablist-content-inner\">\n<div id=\"attributes\">\n<div class=\"kmt-stackedfeed kmt-attr-wrapper\">\n<div class=\"kmt-attr-column\">\n<div class=\"kmt-attrgrp\">\n<h4 class=\"kmt-attrgrp-title\">E-BIKE SYSTEM<\/h4>\n<table class=\"attributes table table-striped\">\n<tbody>\n<tr class=\"kmt-attrgrp-item\">\n<td class=\"kmt-attrgrp-itemtitle\">Akkutyp<\/td>\n<td class=\"kmt-attrgrp-value\" data-title=\"Akkutyp\">PowerTube 500Wh 500<\/td>\n<\/tr>\n<tr class=\"kmt-attrgrp-item\">\n<td class=\"kmt-attrgrp-itemtitle\">Motor<\/td>\n<td class=\"kmt-attrgrp-value\" data-title=\"Motor\">Bosch Performance, EU: 25kmh\/US: 20mph<\/td>\n<\/tr>\n<tr class=\"kmt-attrgrp-item\">\n<td class=\"kmt-attrgrp-itemtitle\">Akku-Leistung<\/td>\n<td class=\"kmt-attrgrp-value\" data-title=\"Akku-Leistung\">500 Wh<\/td>\n<\/tr>\n<tr class=\"kmt-attrgrp-item\">\n<td class=\"kmt-attrgrp-itemtitle\">Display<\/td>\n<td class=\"kmt-attrgrp-value\" data-title=\"Display\">Bosch PURION: kompakt; beleuchtet; spiegelfrei; Anzeige von Ladezustand, Geschwindigkeit, Fahrmodus, Reichweite, Trip-Distanz und Gesamt-Distanz<\/td>\n<\/tr>\n<tr class=\"kmt-attrgrp-item\">\n<td class=\"kmt-attrgrp-itemtitle\">Ladeger\u00e4t<\/td>\n<td class=\"kmt-attrgrp-value\" data-title=\"Ladeger\u00e4t\">2A Charger<\/td>\n<\/tr>\n<\/tbody>\n<\/table><\/div>\n<div class=\"kmt-attrgrp\">\n<h4 class=\"kmt-attrgrp-title\">SCHALTUNG<\/h4>\n<table class=\"attributes table table-striped\">\n<tbody>\n<tr class=\"kmt-attrgrp-item\">\n<td class=\"kmt-attrgrp-itemtitle\">Schaltungsart<\/td>\n<td class=\"kmt-attrgrp-value\" data-title=\"Schaltungsart\">Kettenschaltung<\/td>\n<\/tr>\n<tr class=\"kmt-attrgrp-item\">\n<td class=\"kmt-attrgrp-itemtitle\">Ganganzahl<\/td>\n<td class=\"kmt-attrgrp-value\" data-title=\"Ganganzahl\">11<\/td>\n<\/tr>\n<tr class=\"kmt-attrgrp-item\">\n<td class=\"kmt-attrgrp-itemtitle\">Schaltwerk<\/td>\n<td class=\"kmt-attrgrp-value\" data-title=\"Schaltwerk\">Shimano Deore\/11 Speed<\/td>\n<\/tr>\n<tr class=\"kmt-attrgrp-item\">\n<td class=\"kmt-attrgrp-itemtitle\">Schalthebel<\/td>\n<td class=\"kmt-attrgrp-value\" data-title=\"Schalthebel\">Shimano Deore Trigger SLM5100RA<\/td>\n<\/tr>\n<tr class=\"kmt-attrgrp-item\">\n<td class=\"kmt-attrgrp-itemtitle\">Zahnkr\u00e4nze<\/td>\n<td class=\"kmt-attrgrp-value\" data-title=\"Zahnkr\u00e4nze\">Shimano CS-M5100-11 11-51T 11S<\/td>\n<\/tr>\n<\/tbody>\n<\/table><\/div>\n<div class=\"kmt-attrgrp\">\n<h4 class=\"kmt-attrgrp-title\">BREMSANLAGE<\/h4>\n<table class=\"attributes table table-striped\">\n<tbody>\n<tr class=\"kmt-attrgrp-item\">\n<td class=\"kmt-attrgrp-itemtitle\">Bremstyp<\/td>\n<td class=\"kmt-attrgrp-value\" data-title=\"Bremstyp\">hydraulische Scheibenbremse<\/td>\n<\/tr>\n<tr class=\"kmt-attrgrp-item\">\n<td class=\"kmt-attrgrp-itemtitle\">Bremse<\/td>\n<td class=\"kmt-attrgrp-value\" data-title=\"Bremse\">Shimano BR-MT400 Disc<\/td>\n<\/tr>\n<\/tbody>\n<\/table><\/div>\n<div class=\"kmt-attrgrp\">\n<h4 class=\"kmt-attrgrp-title\">ANTRIEB<\/h4>\n<table class=\"attributes table table-striped\">\n<tbody>\n<tr class=\"kmt-attrgrp-item\">\n<td class=\"kmt-attrgrp-itemtitle\">Reifen<\/td>\n<td class=\"kmt-attrgrp-value\" data-title=\"Reifen\">Schwalbe G-One Allround Performance, 29&#215;2.25 Wired<\/td>\n<\/tr>\n<tr class=\"kmt-attrgrp-item\">\n<td class=\"kmt-attrgrp-itemtitle\">Felgen<\/td>\n<td class=\"kmt-attrgrp-value\" data-title=\"Felgen\">Syncros X18 Disc\/32H, Tubeless ready<\/td>\n<\/tr>\n<tr class=\"kmt-attrgrp-item\">\n<td class=\"kmt-attrgrp-itemtitle\">Nabe hinten<\/td>\n<td class=\"kmt-attrgrp-value\" data-title=\"Nabe hinten\">Shimano FH-MT400B\/Boost 12x148mm<\/td>\n<\/tr>\n<tr class=\"kmt-attrgrp-item\">\n<td class=\"kmt-attrgrp-itemtitle\">Kurbelsatz<\/td>\n<td class=\"kmt-attrgrp-value\" data-title=\"Kurbelsatz\">Miranda 172,5MM<\/td>\n<\/tr>\n<\/tbody>\n<\/table><\/div>\n<\/p><\/div>\n<div class=\"kmt-attr-column\">\n<div class=\"kmt-attrgrp\">\n<h4 class=\"kmt-attrgrp-title\">RAHMEN<\/h4>\n<table class=\"attributes table table-striped\">\n<tbody>\n<tr class=\"kmt-attrgrp-item\">\n<td class=\"kmt-attrgrp-itemtitle\">Rahmenform<\/td>\n<td class=\"kmt-attrgrp-value\" data-title=\"Rahmenform\">Diamant<\/td>\n<\/tr>\n<tr class=\"kmt-attrgrp-item\">\n<td class=\"kmt-attrgrp-itemtitle\">Rahmenmaterial<\/td>\n<td class=\"kmt-attrgrp-value\" data-title=\"Rahmenmaterial\">Aluminium<\/td>\n<\/tr>\n<tr class=\"kmt-attrgrp-item\">\n<td class=\"kmt-attrgrp-itemtitle\">Gabel<\/td>\n<td class=\"kmt-attrgrp-value\" data-title=\"Gabel\">SR Suntour XCR34 Coil\/Tapered\/S-XL 29 100mm Travel\/15&#215;110 bolt Axle\/Lock Out<\/td>\n<\/tr>\n<\/tbody>\n<\/table><\/div>\n<div class=\"kmt-attrgrp\">\n<h4 class=\"kmt-attrgrp-title\">KONTAKTPUNKTE<\/h4>\n<table class=\"attributes table table-striped\">\n<tbody>\n<tr class=\"kmt-attrgrp-item\">\n<td class=\"kmt-attrgrp-itemtitle\">Lenker<\/td>\n<td class=\"kmt-attrgrp-value\" data-title=\"Lenker\">Syncros 3.0 720mm\/31.8mm\/8\/20mm rise<\/td>\n<\/tr>\n<tr class=\"kmt-attrgrp-item\">\n<td class=\"kmt-attrgrp-itemtitle\">Griffe<\/td>\n<td class=\"kmt-attrgrp-value\" data-title=\"Griffe\">Syncros lock-on grips<\/td>\n<\/tr>\n<tr class=\"kmt-attrgrp-item\">\n<td class=\"kmt-attrgrp-itemtitle\">Vorbau<\/td>\n<td class=\"kmt-attrgrp-value\" data-title=\"Vorbau\">Syncros UC3.0 with integrated Light<\/td>\n<\/tr>\n<tr class=\"kmt-attrgrp-item\">\n<td class=\"kmt-attrgrp-itemtitle\">Steuersatz<\/td>\n<td class=\"kmt-attrgrp-value\" data-title=\"Steuersatz\">Syncros FL2.0 Urban\/Tapered 1.5-1 1\/8, semi integ. OD 50\/61mm\/ID 44\/55mm<\/td>\n<\/tr>\n<tr class=\"kmt-attrgrp-item\">\n<td class=\"kmt-attrgrp-itemtitle\">Sattel<\/td>\n<td class=\"kmt-attrgrp-value\" data-title=\"Sattel\">Syncros Capilano<\/td>\n<\/tr>\n<tr class=\"kmt-attrgrp-item\">\n<td class=\"kmt-attrgrp-itemtitle\">Sattelst\u00fctze<\/td>\n<td class=\"kmt-attrgrp-value\" data-title=\"Sattelst\u00fctze\">Syncros M3.0\/31.6<\/td>\n<\/tr>\n<\/tbody>\n<\/table><\/div>\n<div class=\"kmt-attrgrp\">\n<h4 class=\"kmt-attrgrp-title\">STRASSENAUSSTATTUN<\/h4>\n<table class=\"attributes table table-striped\">\n<tbody>\n<tr class=\"kmt-attrgrp-item\">\n<td class=\"kmt-attrgrp-itemtitle\">Stra\u00dfenausstattung<\/td>\n<td class=\"kmt-attrgrp-value\" data-title=\"Stra\u00dfenausstattung\">ja<\/td>\n<\/tr>\n<tr class=\"kmt-attrgrp-item\">\n<td class=\"kmt-attrgrp-itemtitle\">Scheinwerfer<\/td>\n<td class=\"kmt-attrgrp-value\" data-title=\"Scheinwerfer\">Spanninga XE\/40 Lux integrated front light<\/td>\n<\/tr>\n<tr class=\"kmt-attrgrp-item\">\n<td class=\"kmt-attrgrp-itemtitle\">R\u00fccklicht<\/td>\n<td class=\"kmt-attrgrp-value\" data-title=\"R\u00fccklicht\">Pimento<\/td>\n<\/tr>\n<tr class=\"kmt-attrgrp-item\">\n<td class=\"kmt-attrgrp-itemtitle\">St\u00e4nder<\/td>\n<td class=\"kmt-attrgrp-value\" data-title=\"St\u00e4nder\">Ursus<\/td>\n<\/tr>\n<tr class=\"kmt-attrgrp-item\">\n<td class=\"kmt-attrgrp-itemtitle\">Gep\u00e4cktr\u00e4ger<\/td>\n<td class=\"kmt-attrgrp-value\" data-title=\"Gep\u00e4cktr\u00e4ger\">Axis by Racktime SnapIt 2.0 25KG<\/td>\n<\/tr>\n<tr class=\"kmt-attrgrp-item\">\n<td class=\"kmt-attrgrp-itemtitle\">Schutzbleche<\/td>\n<td class=\"kmt-attrgrp-value\" data-title=\"Schutzbleche\">Curana alloy profile Fender<\/td>\n<\/tr>\n<\/tbody>\n<\/table><\/div>\n<div class=\"kmt-attrgrp\">\n<h4 class=\"kmt-attrgrp-title\">SONSTIGE INFORMATIONEN<\/h4>\n<table class=\"attributes table table-striped\">\n<tbody>\n<tr class=\"kmt-attrgrp-item\">\n<td class=\"kmt-attrgrp-itemtitle\">Modelljahr<\/td>\n<td class=\"kmt-attrgrp-value\" data-title=\"Modelljahr\">2022<\/td>\n<\/tr>\n<tr class=\"kmt-attrgrp-item\">\n<td class=\"kmt-attrgrp-itemtitle\">Typ<\/td>\n<td class=\"kmt-attrgrp-value\" data-title=\"Typ\">unisex<\/td>\n<\/tr>\n<tr class=\"kmt-attrgrp-item\">\n<td class=\"kmt-attrgrp-itemtitle\">Gewicht<\/td>\n<td class=\"kmt-attrgrp-value\" data-title=\"Gewicht\">26,40<\/td>\n<\/tr>\n<\/tbody>\n<\/table><\/div>\n<h4 class=\"kmt-attrgrp-title\">MARKE<\/h4>\n<div class=\"kmt-tablist-content-inner\">\n<div id=\"brand_details\" class=\"kmt-branddetail\">\n<div class=\"kmt-branddetail-text\">\n<p>Scott Sports ist in der Schweiz (Givisiez) ans\u00e4ssig und produziert Lauf- und Radsport Artikel. 1978 wurde das europ\u00e4ische Headquarter in Givisiez in der N\u00e4he von Freiburg er\u00f6ffnet.<\/p>\n<\/p><\/div>\n<\/p><\/div>\n<\/p><\/div>\n<\/p><\/div>\n<\/p><\/div>\n<\/p><\/div>\n<\/p><\/div>\n<\/p><\/div>\n","protected":false},"excerpt":{"rendered":"<p>Scott Axis eRIDE 20 2022 Mit dem Scott Axis eRIDE 20 bekommst du ein gut ausgestattetes und leistungsstarkes Trekking-E-Bike mit angesagter Gravel Bereifung. Das Bosch E-Bike System des Axis eRIDE 20 setzt sich aus dem kr\u00e4ftigen Bosch Performance Motor, dem kompakten Purion Display und dem 500 Wh Akku zusammen, welcher dank des zweifach-konifizierten Aluminiumrahmens mit Range-Extender-Ready auf bis zu 1000\u2026<\/p>\n","protected":false},"featured_media":3933,"comment_status":"closed","ping_status":"closed","template":"","meta":[],"product_brand":[],"product_cat":[93,101,102],"product_tag":[],"class_list":{"0":"post-3853","1":"product","2":"type-product","3":"status-publish","4":"has-post-thumbnail","6":"product_cat-e-bike","7":"product_cat-e-bike-city-urban","8":"product_cat-e-bikes-2022","10":"first","11":"instock","12":"sale","13":"shipping-taxable","14":"purchasable","15":"product-type-variable"},"_links":{"self":[{"href":"https:\/\/fatbike-de.com\/index.php\/wp-json\/wp\/v2\/product\/3853","targetHints":{"allow":["GET"]}}],"collection":[{"href":"https:\/\/fatbike-de.com\/index.php\/wp-json\/wp\/v2\/product"}],"about":[{"href":"https:\/\/fatbike-de.com\/index.php\/wp-json\/wp\/v2\/types\/product"}],"replies":[{"embeddable":true,"href":"https:\/\/fatbike-de.com\/index.php\/wp-json\/wp\/v2\/comments?post=3853"}],"wp:featuredmedia":[{"embeddable":true,"href":"https:\/\/fatbike-de.com\/index.php\/wp-json\/wp\/v2\/media\/3933"}],"wp:attachment":[{"href":"https:\/\/fatbike-de.com\/index.php\/wp-json\/wp\/v2\/media?parent=3853"}],"wp:term":[{"taxonomy":"product_brand","embeddable":true,"href":"https:\/\/fatbike-de.com\/index.php\/wp-json\/wp\/v2\/product_brand?post=3853"},{"taxonomy":"product_cat","embeddable":true,"href":"https:\/\/fatbike-de.com\/index.php\/wp-json\/wp\/v2\/product_cat?post=3853"},{"taxonomy":"product_tag","embeddable":true,"href":"https:\/\/fatbike-de.com\/index.php\/wp-json\/wp\/v2\/product_tag?post=3853"}],"curies":[{"name":"wp","href":"https:\/\/api.w.org\/{rel}","templated":true}]}}