{"id":3999,"date":"2024-02-27T11:25:00","date_gmt":"2024-02-27T10:25:00","guid":{"rendered":"https:\/\/fatbike-de.com\/?post_type=product&#038;p=3999"},"modified":"2024-02-27T11:25:50","modified_gmt":"2024-02-27T10:25:50","slug":"scott-axis-eride-fs-2022","status":"publish","type":"product","link":"https:\/\/fatbike-de.com\/index.php\/product\/scott-axis-eride-fs-2022\/","title":{"rendered":"Scott Axis eRIDE FS 2022"},"content":{"rendered":"<h2 id=\"productTitle\" class=\"kmt-productmain-title\">Scott Axis eRIDE FS 2022<\/h2>\n<div class=\"kmt-tablist-content is-opened\">\n<div class=\"kmt-tablist-content-inner\">\n<div id=\"description\" class=\"kmt-textblockwithbuttonlist\">\n<div class=\"kmt-textblockwithbuttonlist-textblock kmt-textblock\">\n<p>Die Geometrie und den Antrieb eines vollgefederten E-Mountainbikes, kombiniert mit der Alltags- und Tourentauglichkeit eines Trekkingpedelecs: Das Scott Axis eRide FS bringt im Alltag jede Menge Offroad-Qualit\u00e4ten auf die Stra\u00dfe.<\/p>\n<p>F\u00fcr die elektrische Fahrunterst\u00fctzung hat Scott sein Axis eRide FS mit einen Bosch-Antrieb aus dem leistungsstarken Performance Line CX Motor, einem gro\u00dfen 625 Wh Akku und dem Kiox Farb-Display ausger\u00fcstet. So kann auch auf Feldwegen richtig Fahrt aufgenommen werden. Daf\u00fcr bieten die 130 mm SR Suntour Federgabel vorne und der X-Fusion D\u00e4mpfer hinten, sowie die hydraulische Shimano 4-Kolben Scheibenbremse und die 2,25 Zoll breite Schwalbe G-One Allround Bereifung massig Komfort und Kontrolle.<\/p>\n<p>F\u00fcr die manuelle \u00dcbersetzung ist das exzellente 12-fach XT Mountainbike-Schaltwerk von Shimano mit an Bord. Zusammen mit dem Deore Schalthebel, hast du bei dem komfortablen Scott Axis eRide FS SUV-Bike feine Schaltvorg\u00e4nge f\u00fcr eine energiesparende oder antriebsstarke \u00dcbersetzung inklusive.<\/p>\n<p>Zur rundum stra\u00dfentauglichen Ausstattung dieses Scott E-All-Terrain-Bikes, geh\u00f6ren ein stabiler Ursus St\u00e4nder, ein Racktime-kompatibler Gep\u00e4cktr\u00e4ger, eine besonders hochwertige Lichtanlage von Supernova und nat\u00fcrlich ein Satz Schutzbleche.<\/p>\n<p>Ein SUV unter den E-Bikes mit voller Rahmenfederung: Das Scott Axis eRide FS.<\/p>\n<\/p><\/div>\n<div class=\"kmt-textblockwithbuttonlist-buttonlist kmt-buttonlist kmt-buttonlist--display-inline-right kmt-buttonlist--layout-column\"><button class=\"kmt-btn kmt-btn--size-xl kmt-btn--type-darkbg kmt-btn--align-left kmt-btn--hideborder kmt-sizechart-btn kmt-bikesizing-second-trigger notactive\"><i class=\"kmt-icon kmt-icon--groessenhelfer_beratung\"><\/i>Die richtige Gr\u00f6\u00dfe f\u00fcr dich<br \/> <small>Zum Rahmengr\u00f6\u00dfen-Rechner<\/small><\/button><button class=\"kmt-btn kmt-btn--size-xl kmt-btn--type-darkbg kmt-btn--align-left kmt-btn--hideborder\" data-init=\"kmt-modal\" data-guid=\"0ebe836e-72ee-4857-bdf9-3a885eba9a31\"><i class=\"kmt-icon kmt-icon--pick-up-service\"><\/i>So kommt dein Fahrrad<br \/> <small>Mehr \u00fcber diesen Service<\/small><\/button><\/div>\n<\/p><\/div>\n<\/p><\/div>\n<\/p><\/div>\n<div class=\"kmt-tablist-content\">\n<h2>SPEZIFIKATION<\/h2>\n<div class=\"kmt-tablist-content-inner\">\n<div id=\"attributes\">\n<div class=\"kmt-stackedfeed kmt-attr-wrapper\">\n<div class=\"kmt-attr-column\">\n<div class=\"kmt-attrgrp\">\n<h4 class=\"kmt-attrgrp-title\">E-BIKE SYSTEM<\/h4>\n<table class=\"attributes table table-striped\">\n<tbody>\n<tr class=\"kmt-attrgrp-item\">\n<td class=\"kmt-attrgrp-itemtitle\">Akkutyp<\/td>\n<td class=\"kmt-attrgrp-value\" data-title=\"Akkutyp\">PowerTube 625Wh 625<\/td>\n<\/tr>\n<tr class=\"kmt-attrgrp-item\">\n<td class=\"kmt-attrgrp-itemtitle\">Motor<\/td>\n<td class=\"kmt-attrgrp-value\" data-title=\"Motor\">Bosch Performance CX<\/td>\n<\/tr>\n<tr class=\"kmt-attrgrp-item\">\n<td class=\"kmt-attrgrp-itemtitle\">Akku-Leistung<\/td>\n<td class=\"kmt-attrgrp-value\" data-title=\"Akku-Leistung\">625 Wh<\/td>\n<\/tr>\n<tr class=\"kmt-attrgrp-item\">\n<td class=\"kmt-attrgrp-itemtitle\">Display<\/td>\n<td class=\"kmt-attrgrp-value\" data-title=\"Display\">Bosch KIOX: Farbdisplay; Navigation, Routenplanung, Fitnessdaten und mehr per App (Bluetooth); praktische Magnethalterung; bruchsicheres Gorillaglas; separate Bedieneinheit<\/td>\n<\/tr>\n<tr class=\"kmt-attrgrp-item\">\n<td class=\"kmt-attrgrp-itemtitle\">Ladeger\u00e4t<\/td>\n<td class=\"kmt-attrgrp-value\" data-title=\"Ladeger\u00e4t\">4A Charger<\/td>\n<\/tr>\n<\/tbody>\n<\/table><\/div>\n<div class=\"kmt-attrgrp\">\n<h4 class=\"kmt-attrgrp-title\">SCHALTUNG<\/h4>\n<table class=\"attributes table table-striped\">\n<tbody>\n<tr class=\"kmt-attrgrp-item\">\n<td class=\"kmt-attrgrp-itemtitle\">Schaltungsart<\/td>\n<td class=\"kmt-attrgrp-value\" data-title=\"Schaltungsart\">Kettenschaltung<\/td>\n<\/tr>\n<tr class=\"kmt-attrgrp-item\">\n<td class=\"kmt-attrgrp-itemtitle\">Ganganzahl<\/td>\n<td class=\"kmt-attrgrp-value\" data-title=\"Ganganzahl\">12<\/td>\n<\/tr>\n<tr class=\"kmt-attrgrp-item\">\n<td class=\"kmt-attrgrp-itemtitle\">Schaltwerk<\/td>\n<td class=\"kmt-attrgrp-value\" data-title=\"Schaltwerk\">Shimano XT 12 Speed<\/td>\n<\/tr>\n<tr class=\"kmt-attrgrp-item\">\n<td class=\"kmt-attrgrp-itemtitle\">Schalthebel<\/td>\n<td class=\"kmt-attrgrp-value\" data-title=\"Schalthebel\">Shimano Deore Trigger SL-M6100RA<\/td>\n<\/tr>\n<tr class=\"kmt-attrgrp-item\">\n<td class=\"kmt-attrgrp-itemtitle\">Umwerfer<\/td>\n<td class=\"kmt-attrgrp-value\" data-title=\"Umwerfer\">SCOTT Chainguide<\/td>\n<\/tr>\n<tr class=\"kmt-attrgrp-item\">\n<td class=\"kmt-attrgrp-itemtitle\">Zahnkr\u00e4nze<\/td>\n<td class=\"kmt-attrgrp-value\" data-title=\"Zahnkr\u00e4nze\">Shimano CS-M7100-12 10-51T 12S<\/td>\n<\/tr>\n<\/tbody>\n<\/table><\/div>\n<div class=\"kmt-attrgrp\">\n<h4 class=\"kmt-attrgrp-title\">BREMSANLAGE<\/h4>\n<table class=\"attributes table table-striped\">\n<tbody>\n<tr class=\"kmt-attrgrp-item\">\n<td class=\"kmt-attrgrp-itemtitle\">Bremstyp<\/td>\n<td class=\"kmt-attrgrp-value\" data-title=\"Bremstyp\">hydraulische Scheibenbremse<\/td>\n<\/tr>\n<tr class=\"kmt-attrgrp-item\">\n<td class=\"kmt-attrgrp-itemtitle\">Bremse<\/td>\n<td class=\"kmt-attrgrp-value\" data-title=\"Bremse\">Shimano BR-MT520 4 Piston<\/td>\n<\/tr>\n<\/tbody>\n<\/table><\/div>\n<div class=\"kmt-attrgrp\">\n<h4 class=\"kmt-attrgrp-title\">ANTRIEB<\/h4>\n<table class=\"attributes table table-striped\">\n<tbody>\n<tr class=\"kmt-attrgrp-item\">\n<td class=\"kmt-attrgrp-itemtitle\">Reifen<\/td>\n<td class=\"kmt-attrgrp-value\" data-title=\"Reifen\">Schwalbe G-One Allround Performance, 29&#215;2.25 Wired<\/td>\n<\/tr>\n<tr class=\"kmt-attrgrp-item\">\n<td class=\"kmt-attrgrp-itemtitle\">Felgen<\/td>\n<td class=\"kmt-attrgrp-value\" data-title=\"Felgen\">Syncros MAXX Disc\/32H, Tubeless ready<\/td>\n<\/tr>\n<tr class=\"kmt-attrgrp-item\">\n<td class=\"kmt-attrgrp-itemtitle\">Nabe hinten<\/td>\n<td class=\"kmt-attrgrp-value\" data-title=\"Nabe hinten\">Formula MSC-148S\/Boost 12x148mm<\/td>\n<\/tr>\n<tr class=\"kmt-attrgrp-item\">\n<td class=\"kmt-attrgrp-itemtitle\">Kurbelsatz<\/td>\n<td class=\"kmt-attrgrp-value\" data-title=\"Kurbelsatz\">FSA CK-745 IS GEN4 MTB 170MM<\/td>\n<\/tr>\n<\/tbody>\n<\/table><\/div>\n<\/p><\/div>\n<div class=\"kmt-attr-column\">\n<div class=\"kmt-attrgrp\">\n<h4 class=\"kmt-attrgrp-title\">RAHMEN<\/h4>\n<table class=\"attributes table table-striped\">\n<tbody>\n<tr class=\"kmt-attrgrp-item\">\n<td class=\"kmt-attrgrp-itemtitle\">Rahmenform<\/td>\n<td class=\"kmt-attrgrp-value\" data-title=\"Rahmenform\">Diamant<\/td>\n<\/tr>\n<tr class=\"kmt-attrgrp-item\">\n<td class=\"kmt-attrgrp-itemtitle\">Rahmenmaterial<\/td>\n<td class=\"kmt-attrgrp-value\" data-title=\"Rahmenmaterial\">Aluminium<\/td>\n<\/tr>\n<tr class=\"kmt-attrgrp-item\">\n<td class=\"kmt-attrgrp-itemtitle\">Gabel<\/td>\n<td class=\"kmt-attrgrp-value\" data-title=\"Gabel\">Suntour XCR34\/Tapered\/S-XL 29\/ 130mm Travel\/Maxle Lite\/Remote Lock Out<\/td>\n<\/tr>\n<tr class=\"kmt-attrgrp-item\">\n<td class=\"kmt-attrgrp-itemtitle\">D\u00e4mpfer<\/td>\n<td class=\"kmt-attrgrp-value\" data-title=\"D\u00e4mpfer\">X-Fusion NUDE Trunnion, SCOTT custom w. travel\/geo adj., 3 modes: Lockout-Traction Control -Descend, Reb. Adj., Travel 130-85-Lockout\/185X50mm<\/td>\n<\/tr>\n<\/tbody>\n<\/table><\/div>\n<div class=\"kmt-attrgrp\">\n<h4 class=\"kmt-attrgrp-title\">KONTAKTPUNKTE<\/h4>\n<table class=\"attributes table table-striped\">\n<tbody>\n<tr class=\"kmt-attrgrp-item\">\n<td class=\"kmt-attrgrp-itemtitle\">Lenker<\/td>\n<td class=\"kmt-attrgrp-value\" data-title=\"Lenker\">Syncros 3.0 720mm\/31.8mm\/8\/20mm rise<\/td>\n<\/tr>\n<tr class=\"kmt-attrgrp-item\">\n<td class=\"kmt-attrgrp-itemtitle\">Griffe<\/td>\n<td class=\"kmt-attrgrp-value\" data-title=\"Griffe\">Syncros lock-on grips<\/td>\n<\/tr>\n<tr class=\"kmt-attrgrp-item\">\n<td class=\"kmt-attrgrp-itemtitle\">Vorbau<\/td>\n<td class=\"kmt-attrgrp-value\" data-title=\"Vorbau\">Syncros FL3.0 with front Light mount and Kiox mount<\/td>\n<\/tr>\n<tr class=\"kmt-attrgrp-item\">\n<td class=\"kmt-attrgrp-itemtitle\">Steuersatz<\/td>\n<td class=\"kmt-attrgrp-value\" data-title=\"Steuersatz\">Syncros FL2.0 Press Fit E2\/Tapered 1.5-1 1\/8, OD 50\/62mm\/ID 44\/56mm<\/td>\n<\/tr>\n<tr class=\"kmt-attrgrp-item\">\n<td class=\"kmt-attrgrp-itemtitle\">Sattel<\/td>\n<td class=\"kmt-attrgrp-value\" data-title=\"Sattel\">Syncros Capilano<\/td>\n<\/tr>\n<tr class=\"kmt-attrgrp-item\">\n<td class=\"kmt-attrgrp-itemtitle\">Sattelst\u00fctze<\/td>\n<td class=\"kmt-attrgrp-value\" data-title=\"Sattelst\u00fctze\">Syncros FL3.0\/31.6<\/td>\n<\/tr>\n<\/tbody>\n<\/table><\/div>\n<div class=\"kmt-attrgrp\">\n<h4 class=\"kmt-attrgrp-title\">STRASSENAUSSTATTUN<\/h4>\n<table class=\"attributes table table-striped\">\n<tbody>\n<tr class=\"kmt-attrgrp-item\">\n<td class=\"kmt-attrgrp-itemtitle\">Stra\u00dfenausstattung<\/td>\n<td class=\"kmt-attrgrp-value\" data-title=\"Stra\u00dfenausstattung\">ja<\/td>\n<\/tr>\n<tr class=\"kmt-attrgrp-item\">\n<td class=\"kmt-attrgrp-itemtitle\">Scheinwerfer<\/td>\n<td class=\"kmt-attrgrp-value\" data-title=\"Scheinwerfer\">Supernova integrated M99 mini Pure-25\/600 Lumen<\/td>\n<\/tr>\n<tr class=\"kmt-attrgrp-item\">\n<td class=\"kmt-attrgrp-itemtitle\">R\u00fccklicht<\/td>\n<td class=\"kmt-attrgrp-value\" data-title=\"R\u00fccklicht\">Supernova Taillight<\/td>\n<\/tr>\n<tr class=\"kmt-attrgrp-item\">\n<td class=\"kmt-attrgrp-itemtitle\">St\u00e4nder<\/td>\n<td class=\"kmt-attrgrp-value\" data-title=\"St\u00e4nder\">Ursus<\/td>\n<\/tr>\n<tr class=\"kmt-attrgrp-item\">\n<td class=\"kmt-attrgrp-itemtitle\">Gep\u00e4cktr\u00e4ger<\/td>\n<td class=\"kmt-attrgrp-value\" data-title=\"Gep\u00e4cktr\u00e4ger\">Axis EVO by Racktime SnapIt 2.0 15KG<\/td>\n<\/tr>\n<tr class=\"kmt-attrgrp-item\">\n<td class=\"kmt-attrgrp-itemtitle\">Schutzbleche<\/td>\n<td class=\"kmt-attrgrp-value\" data-title=\"Schutzbleche\">Wingee alloy profile Fender<\/td>\n<\/tr>\n<\/tbody>\n<\/table><\/div>\n<div class=\"kmt-attrgrp\">\n<h4 class=\"kmt-attrgrp-title\">SONSTIGE INFORMATIONEN<\/h4>\n<table class=\"attributes table table-striped\">\n<tbody>\n<tr class=\"kmt-attrgrp-item\">\n<td class=\"kmt-attrgrp-itemtitle\">Modelljahr<\/td>\n<td class=\"kmt-attrgrp-value\" data-title=\"Modelljahr\">2022<\/td>\n<\/tr>\n<tr class=\"kmt-attrgrp-item\">\n<td class=\"kmt-attrgrp-itemtitle\">Typ<\/td>\n<td class=\"kmt-attrgrp-value\" data-title=\"Typ\">unisex<\/td>\n<\/tr>\n<tr class=\"kmt-attrgrp-item\">\n<td class=\"kmt-attrgrp-itemtitle\">Gewicht<\/td>\n<td class=\"kmt-attrgrp-value\" data-title=\"Gewicht\">26,6<\/td>\n<\/tr>\n<\/tbody>\n<\/table><\/div>\n<h4 class=\"kmt-attrgrp-title\">MARKE<\/h4>\n<div class=\"kmt-tablist-content-inner\">\n<div id=\"brand_details\" class=\"kmt-branddetail\">\n<div class=\"kmt-branddetail-text\">\n<p>Scott Sports ist in der Schweiz (Givisiez) ans\u00e4ssig und produziert Lauf- und Radsport Artikel. 1978 wurde das europ\u00e4ische Headquarter in Givisiez in der N\u00e4he von Freiburg er\u00f6ffnet.<\/p>\n<\/p><\/div>\n<\/p><\/div>\n<\/p><\/div>\n<\/p><\/div>\n<\/p><\/div>\n<\/p><\/div>\n<\/p><\/div>\n<\/p><\/div>\n","protected":false},"excerpt":{"rendered":"<p>Scott Axis eRIDE FS 2022 Die Geometrie und den Antrieb eines vollgefederten E-Mountainbikes, kombiniert mit der Alltags- und Tourentauglichkeit eines Trekkingpedelecs: Das Scott Axis eRide FS bringt im Alltag jede Menge Offroad-Qualit\u00e4ten auf die Stra\u00dfe. F\u00fcr die elektrische Fahrunterst\u00fctzung hat Scott sein Axis eRide FS mit einen Bosch-Antrieb aus dem leistungsstarken Performance Line CX Motor, einem gro\u00dfen 625 Wh Akku\u2026<\/p>\n","protected":false},"featured_media":4034,"comment_status":"closed","ping_status":"closed","template":"","meta":[],"product_brand":[],"product_cat":[93,101,97,102],"product_tag":[],"class_list":{"0":"post-3999","1":"product","2":"type-product","3":"status-publish","4":"has-post-thumbnail","6":"product_cat-e-bike","7":"product_cat-e-bike-city-urban","8":"product_cat-e-bike-trekking","9":"product_cat-e-bikes-2022","11":"first","12":"instock","13":"sale","14":"shipping-taxable","15":"purchasable","16":"product-type-variable"},"_links":{"self":[{"href":"https:\/\/fatbike-de.com\/index.php\/wp-json\/wp\/v2\/product\/3999","targetHints":{"allow":["GET"]}}],"collection":[{"href":"https:\/\/fatbike-de.com\/index.php\/wp-json\/wp\/v2\/product"}],"about":[{"href":"https:\/\/fatbike-de.com\/index.php\/wp-json\/wp\/v2\/types\/product"}],"replies":[{"embeddable":true,"href":"https:\/\/fatbike-de.com\/index.php\/wp-json\/wp\/v2\/comments?post=3999"}],"wp:featuredmedia":[{"embeddable":true,"href":"https:\/\/fatbike-de.com\/index.php\/wp-json\/wp\/v2\/media\/4034"}],"wp:attachment":[{"href":"https:\/\/fatbike-de.com\/index.php\/wp-json\/wp\/v2\/media?parent=3999"}],"wp:term":[{"taxonomy":"product_brand","embeddable":true,"href":"https:\/\/fatbike-de.com\/index.php\/wp-json\/wp\/v2\/product_brand?post=3999"},{"taxonomy":"product_cat","embeddable":true,"href":"https:\/\/fatbike-de.com\/index.php\/wp-json\/wp\/v2\/product_cat?post=3999"},{"taxonomy":"product_tag","embeddable":true,"href":"https:\/\/fatbike-de.com\/index.php\/wp-json\/wp\/v2\/product_tag?post=3999"}],"curies":[{"name":"wp","href":"https:\/\/api.w.org\/{rel}","templated":true}]}}