{"id":4175,"date":"2024-02-27T11:28:55","date_gmt":"2024-02-27T10:28:55","guid":{"rendered":"https:\/\/fatbike-de.com\/?post_type=product&#038;p=4175"},"modified":"2024-02-27T11:29:22","modified_gmt":"2024-02-27T10:29:22","slug":"cube-cargo-dual-hybrid","status":"publish","type":"product","link":"https:\/\/fatbike-de.com\/index.php\/product\/cube-cargo-dual-hybrid\/","title":{"rendered":"Cube Cargo Dual Hybrid"},"content":{"rendered":"<div class=\"product--headername\">\n<h2 class=\"product--title\"><strong>Cube<\/strong>\u00a0Cargo Dual Hybrid<\/h2>\n<p>Jede Menge Staus in der City und jede Menge Zeug von A nach B zu transportieren? Kein Problem f\u00fcr das Cargo Hybrid Dual, denn: Sein leistungsstarkes und geschmeidig arbeitendes Bosch Cargo Line Antriebssystem der vierten Generation liefert in Zusammenarbeit mit zwei 500 Wh starken Akkus und der stufenlos variierbaren Nabenschaltung zuverl\u00e4ssigen, leichtg\u00e4ngigen Vortrieb mit maximaler Reichweite.<\/p>\n<hr \/>\n<p>In der gro\u00dfen Transportbox reisen verschiedenste Lasten sicher und zuverl\u00e4ssig gesch\u00fctzt an ihr Ziel. Optional gibt\u2019s sogar einen Sitz sowie ein Regenverdeck f\u00fcr Kinder. Und weil man sich gerade beim Lastentransport auch in Sachen Kontrolle und Bremskraft voll auf sein Bike verlassen k\u00f6nnen muss, haben wir leistungsstarke Hydraulik Scheibenbremsen verbaut. Erwartungsgem\u00e4\u00df gibt\u2019s ein Komplettset an Zubeh\u00f6r obendrauf: Schutzbleche und LED Lichter vorne und hinten. Damit ist man f\u00fcr jede Eventualit\u00e4t bestens ger\u00fcstet.<\/p>\n<hr \/>\n<h3>RAHMEN Cube Cargo Dual Hybrid<\/h3>\n<p>Die meisten Bikes sind darauf ausgelegt, einen Fahrer und vielleicht ein bisschen Gep\u00e4ck von A nach B zu bringen. Das robuste Design des Cargo Hybrid aber erm\u00f6glicht den sicheren Transport von weitaus mehr &#8211; und schwererer &#8211; Last, und zwar dank eines steifen Aluminium Rahmens, der sogar bis zu zwei Kinder als Passagiere zuverl\u00e4ssig und sicher mitnimmt. Zugleich legt das Chassis ein stabiles, unkompliziertes Handling an den Tag, das seine Qualit\u00e4ten im Stadtverkehr voll ausspielt. Der kraftvolle Bosch Motor wurde unauff\u00e4llig unten am Sattelrohr platziert und es gibt Platz f\u00fcr bis zu zwei Akkus, die sich in der N\u00e4he des Rahmenschwerpunkts befinden. Das Ergebnis: einwandfreies, angenehmes Radeln in der City sowie einfaches Auf- und Absitzen.<\/p>\n<h2>Ausstattung<\/h2>\n<div class=\"product--properties panel has--border\">\n<table class=\"product--properties-table\">\n<tbody>\n<tr class=\"product--properties-row row1\">\n<td class=\"product--properties-label is--bold\">Rahmen:<\/td>\n<td class=\"product--properties-value\">Cube Cargo<\/td>\n<\/tr>\n<tr class=\"product--properties-row row2\">\n<td class=\"product--properties-label is--bold\">Rahmenmaterial:<\/td>\n<td class=\"product--properties-value\">Aluminium<\/td>\n<\/tr>\n<tr class=\"product--properties-row row3\">\n<td class=\"product--properties-label is--bold\">Laufradgr\u00f6\u00dfe:<\/td>\n<td class=\"product--properties-value\">20&#8243;\/27,5&#8243; M<\/td>\n<\/tr>\n<tr class=\"product--properties-row row4\">\n<td class=\"product--properties-label is--bold\">Farbe:<\/td>\n<td class=\"product--properties-value\">iridium\u00b4n\u00b4black<\/td>\n<\/tr>\n<tr class=\"product--properties-row row5\">\n<td class=\"product--properties-label is--bold\">Gabel:<\/td>\n<td class=\"product--properties-value\">SR Suntour MOBIE CARGO, 80mm<\/td>\n<\/tr>\n<tr class=\"product--properties-row row6\">\n<td class=\"product--properties-label is--bold\">Federweg:<\/td>\n<td class=\"product--properties-value\">80mm<\/td>\n<\/tr>\n<tr class=\"product--properties-row row7\">\n<td class=\"product--properties-label is--bold\">Bremsen:<\/td>\n<td class=\"product--properties-value\">Magura CMe, Hydr. Disc Brake (180\/203)<\/td>\n<\/tr>\n<tr class=\"product--properties-row row8\">\n<td class=\"product--properties-label is--bold\">Steuersatz:<\/td>\n<td class=\"product--properties-value\">Cube H835D3, semi-integrated with sealed bearings and Cane Creek Viscoset<\/td>\n<\/tr>\n<tr class=\"product--properties-row row9\">\n<td class=\"product--properties-label is--bold\">Vorbau:<\/td>\n<td class=\"product--properties-value\">BySchulz Speedlifter Classic<\/td>\n<\/tr>\n<tr class=\"product--properties-row row10\">\n<td class=\"product--properties-label is--bold\">Lenker:<\/td>\n<td class=\"product--properties-value\">CUBE Comfort Trail Bar, 720mm<\/td>\n<\/tr>\n<tr class=\"product--properties-row row11\">\n<td class=\"product--properties-label is--bold\">Griffe:<\/td>\n<td class=\"product--properties-value\">RFR Comfort, Revoshift<\/td>\n<\/tr>\n<tr class=\"product--properties-row row12\">\n<td class=\"product--properties-label is--bold\">Sattel:<\/td>\n<td class=\"product--properties-value\">Natural Fit Sequence+ Comfort<\/td>\n<\/tr>\n<tr class=\"product--properties-row row13\">\n<td class=\"product--properties-label is--bold\">Kurbel:<\/td>\n<td class=\"product--properties-value\">ACID E-Crank, 38T, 170mm<\/td>\n<\/tr>\n<tr class=\"product--properties-row row14\">\n<td class=\"product--properties-label is--bold\">Schalthebel:<\/td>\n<td class=\"product--properties-value\">Enviolo Cargo manual<\/td>\n<\/tr>\n<tr class=\"product--properties-row row15\">\n<td class=\"product--properties-label is--bold\">Kassette:<\/td>\n<td class=\"product--properties-value\">Enviolo 20T<\/td>\n<\/tr>\n<\/tbody>\n<\/table>\n<table class=\"product--properties-table\">\n<tbody>\n<tr class=\"product--properties-row row16\">\n<td class=\"product--properties-label is--bold\">Kette:<\/td>\n<td class=\"product--properties-value\">KMC Z610<\/td>\n<\/tr>\n<tr class=\"product--properties-row row17\">\n<td class=\"product--properties-label is--bold\">Reifen vorne:<\/td>\n<td class=\"product--properties-value\">Schwalbe Big Ben Plus, 55-406, GreenGuard<\/td>\n<\/tr>\n<tr class=\"product--properties-row row18\">\n<td class=\"product--properties-label is--bold\">Reifen hinten:<\/td>\n<td class=\"product--properties-value\">Schwalbe Super-Moto-X, 62-584, DD, Performance<\/td>\n<\/tr>\n<tr class=\"product--properties-row row19\">\n<td class=\"product--properties-label is--bold\">Nabe Vorderrad:<\/td>\n<td class=\"product--properties-value\">Shimano HB-MT400, 15x100mm , Centerlock<\/td>\n<\/tr>\n<tr class=\"product--properties-row row20\">\n<td class=\"product--properties-label is--bold\">Nabe Hinterrad:<\/td>\n<td class=\"product--properties-value\">Enviolo Cargo,380%, 10x135mm<\/td>\n<\/tr>\n<tr class=\"product--properties-row row21\">\n<td class=\"product--properties-label is--bold\">Felgen:<\/td>\n<td class=\"product--properties-value\">CUBE EX30, 32H, Disc, Tubeless Ready<\/td>\n<\/tr>\n<tr class=\"product--properties-row row22\">\n<td class=\"product--properties-label is--bold\">Display:<\/td>\n<td class=\"product--properties-value\">Bosch Intuvia<\/td>\n<\/tr>\n<tr class=\"product--properties-row row23\">\n<td class=\"product--properties-label is--bold\">Akku:<\/td>\n<td class=\"product--properties-value\">2 x Bosch PowerPack 500 &#8211; Dual Battery<\/td>\n<\/tr>\n<tr class=\"product--properties-row row24\">\n<td class=\"product--properties-label is--bold\">Ladeger\u00e4t:<\/td>\n<td class=\"product--properties-value\">Bosch 4A<\/td>\n<\/tr>\n<tr class=\"product--properties-row row25\">\n<td class=\"product--properties-label is--bold\">Motor:<\/td>\n<td class=\"product--properties-value\">Bosch Drive Unit Cargo Line Generation 4 (85Nm) Cruise (250Watt)<\/td>\n<\/tr>\n<tr class=\"product--properties-row row26\">\n<td class=\"product--properties-label is--bold\">Scheinwerfer:<\/td>\n<td class=\"product--properties-value\">Herrmans H-Black MR8, 6-12V, DC<\/td>\n<\/tr>\n<tr class=\"product--properties-row row27\">\n<td class=\"product--properties-label is--bold\">Pedale:<\/td>\n<td class=\"product--properties-value\">CUBE PP MTB<\/td>\n<\/tr>\n<tr class=\"product--properties-row row28\">\n<td class=\"product--properties-label is--bold\">Sonstiges:<\/td>\n<td class=\"product--properties-value\">Schutzblech, St\u00e4nder, Glocke<\/td>\n<\/tr>\n<tr class=\"product--properties-row row29\">\n<td class=\"product--properties-label is--bold\">Zul\u00e4ssiges Gesamtgewicht:<\/td>\n<td class=\"product--properties-value\">215 kg -&gt; 155 kg (K\u00f6rpergewicht + Fahrrad + Ausr\u00fcstung) + 60 kg Zuladung (Cargo Box)<\/td>\n<\/tr>\n<tr class=\"product--properties-row row30\">\n<td class=\"product--properties-label is--bold\">Gewicht Komplettrad:<\/td>\n<td class=\"product--properties-value\">ab 49,0 kg<\/td>\n<\/tr>\n<\/tbody>\n<\/table><\/div>\n<\/p><\/div>\n","protected":false},"excerpt":{"rendered":"<p>Cube\u00a0Cargo Dual Hybrid Jede Menge Staus in der City und jede Menge Zeug von A nach B zu transportieren? Kein Problem f\u00fcr das Cargo Hybrid Dual, denn: Sein leistungsstarkes und geschmeidig arbeitendes Bosch Cargo Line Antriebssystem der vierten Generation liefert in Zusammenarbeit mit zwei 500 Wh starken Akkus und der stufenlos variierbaren Nabenschaltung zuverl\u00e4ssigen, leichtg\u00e4ngigen Vortrieb mit maximaler Reichweite. In\u2026<\/p>\n","protected":false},"featured_media":4198,"comment_status":"closed","ping_status":"closed","template":"","meta":[],"product_brand":[],"product_cat":[93,101,109,107],"product_tag":[],"class_list":{"0":"post-4175","1":"product","2":"type-product","3":"status-publish","4":"has-post-thumbnail","6":"product_cat-e-bike","7":"product_cat-e-bike-city-urban","8":"product_cat-e-bikes-2021","9":"product_cat-e-lastenrader","11":"first","12":"instock","13":"sale","14":"shipping-taxable","15":"purchasable","16":"product-type-variable"},"_links":{"self":[{"href":"https:\/\/fatbike-de.com\/index.php\/wp-json\/wp\/v2\/product\/4175","targetHints":{"allow":["GET"]}}],"collection":[{"href":"https:\/\/fatbike-de.com\/index.php\/wp-json\/wp\/v2\/product"}],"about":[{"href":"https:\/\/fatbike-de.com\/index.php\/wp-json\/wp\/v2\/types\/product"}],"replies":[{"embeddable":true,"href":"https:\/\/fatbike-de.com\/index.php\/wp-json\/wp\/v2\/comments?post=4175"}],"wp:featuredmedia":[{"embeddable":true,"href":"https:\/\/fatbike-de.com\/index.php\/wp-json\/wp\/v2\/media\/4198"}],"wp:attachment":[{"href":"https:\/\/fatbike-de.com\/index.php\/wp-json\/wp\/v2\/media?parent=4175"}],"wp:term":[{"taxonomy":"product_brand","embeddable":true,"href":"https:\/\/fatbike-de.com\/index.php\/wp-json\/wp\/v2\/product_brand?post=4175"},{"taxonomy":"product_cat","embeddable":true,"href":"https:\/\/fatbike-de.com\/index.php\/wp-json\/wp\/v2\/product_cat?post=4175"},{"taxonomy":"product_tag","embeddable":true,"href":"https:\/\/fatbike-de.com\/index.php\/wp-json\/wp\/v2\/product_tag?post=4175"}],"curies":[{"name":"wp","href":"https:\/\/api.w.org\/{rel}","templated":true}]}}